{"id":382,"date":"2019-09-03T14:30:55","date_gmt":"2019-09-03T17:30:55","guid":{"rendered":"https:\/\/www.ufsm.br\/editoras\/pecom\/?page_id=382"},"modified":"2019-09-03T14:30:57","modified_gmt":"2019-09-03T17:30:57","slug":"fotos-evento","status":"publish","type":"page","link":"https:\/\/www.ufsm.br\/editoras\/pecom\/fotos-evento","title":{"rendered":"Fotos evento"},"content":{"rendered":"\n<h2>Feira do livro 2017: Lan\u00e7amento do livro Estudos Editoriais<\/h2>\n<p>Lan\u00e7amento do livro\u00a0Estudos Editoriais- Volume I da s\u00e9rie Caleidosc\u00f3pio<\/p>\n<p>No dia 08\/05\/17 ocorreu o lan\u00e7amento oficial da obra Estudos Editorial, Volume I, na Feira do Livro de Santa Maria. O livro abre a S\u00e9rie Caleidosc\u00f3pio, que re\u00fane artigos provenientes dos melhores TCCs em Comunica\u00e7\u00e3o Social \u2013 Produ\u00e7\u00e3o Editorial.<\/p>\n<p>A atividade contou com a presen\u00e7a dos autores egressos, organizadores, aluno do curso de Produ\u00e7\u00e3o Editorial (UFSM) e bolsista. Ap\u00f3s o lan\u00e7amento sucedeu a noite da Produ\u00e7\u00e3o Editorial, que contou com um bate papo com os autores e organizadores da obra.<\/p>\n<p>\u00a0<\/p>\n\n\n\n<ul class=\"wp-block-gallery columns-3 is-cropped wp-block-gallery-1 is-layout-flex wp-block-gallery-is-layout-flex\"><li class=\"blocks-gallery-item\"><figure><img fetchpriority=\"high\" decoding=\"async\" width=\"1024\" height=\"576\" src=\"https:\/\/www.ufsm.br\/editoras\/pecom\/wp-content\/uploads\/sites\/747\/2019\/09\/foto08-1-1024x576.jpg\" alt=\"\" data-id=\"383\" data-link=\"https:\/\/www.ufsm.br\/editoras\/pecom\/?attachment_id=383\" class=\"wp-image-383\" srcset=\"https:\/\/www.ufsm.br\/app\/uploads\/sites\/747\/2019\/09\/foto08-1-1024x576.jpg 1024w, https:\/\/www.ufsm.br\/app\/uploads\/sites\/747\/2019\/09\/foto08-1-300x169.jpg 300w, https:\/\/www.ufsm.br\/app\/uploads\/sites\/747\/2019\/09\/foto08-1-768x432.jpg 768w\" sizes=\"(max-width: 1024px) 100vw, 1024px\" \/><\/figure><\/li><li class=\"blocks-gallery-item\"><figure><img decoding=\"async\" width=\"768\" height=\"1024\" src=\"https:\/\/www.ufsm.br\/editoras\/pecom\/wp-content\/uploads\/sites\/747\/2019\/09\/foto12-1-768x1024.jpg\" alt=\"\" data-id=\"385\" data-link=\"https:\/\/www.ufsm.br\/editoras\/pecom\/?attachment_id=385\" class=\"wp-image-385\" srcset=\"https:\/\/www.ufsm.br\/app\/uploads\/sites\/747\/2019\/09\/foto12-1-768x1024.jpg 768w, https:\/\/www.ufsm.br\/app\/uploads\/sites\/747\/2019\/09\/foto12-1-225x300.jpg 225w, https:\/\/www.ufsm.br\/app\/uploads\/sites\/747\/2019\/09\/foto12-1.jpg 1932w\" sizes=\"(max-width: 768px) 100vw, 768px\" \/><\/figure><\/li><li class=\"blocks-gallery-item\"><figure><img decoding=\"async\" width=\"576\" height=\"1024\" src=\"https:\/\/www.ufsm.br\/editoras\/pecom\/wp-content\/uploads\/sites\/747\/2019\/09\/foto05-1-576x1024.jpg\" alt=\"\" data-id=\"386\" data-link=\"https:\/\/www.ufsm.br\/editoras\/pecom\/?attachment_id=386\" class=\"wp-image-386\" srcset=\"https:\/\/www.ufsm.br\/app\/uploads\/sites\/747\/2019\/09\/foto05-1-576x1024.jpg 576w, https:\/\/www.ufsm.br\/app\/uploads\/sites\/747\/2019\/09\/foto05-1-169x300.jpg 169w, https:\/\/www.ufsm.br\/app\/uploads\/sites\/747\/2019\/09\/foto05-1-768x1365.jpg 768w\" sizes=\"(max-width: 576px) 100vw, 576px\" \/><\/figure><\/li><li class=\"blocks-gallery-item\"><figure><img loading=\"lazy\" decoding=\"async\" width=\"1024\" height=\"576\" src=\"https:\/\/www.ufsm.br\/editoras\/pecom\/wp-content\/uploads\/sites\/747\/2019\/09\/foto10-2-1024x576.jpg\" alt=\"\" data-id=\"387\" data-link=\"https:\/\/www.ufsm.br\/editoras\/pecom\/?attachment_id=387\" class=\"wp-image-387\" srcset=\"https:\/\/www.ufsm.br\/app\/uploads\/sites\/747\/2019\/09\/foto10-2-1024x576.jpg 1024w, https:\/\/www.ufsm.br\/app\/uploads\/sites\/747\/2019\/09\/foto10-2-300x169.jpg 300w, https:\/\/www.ufsm.br\/app\/uploads\/sites\/747\/2019\/09\/foto10-2-768x432.jpg 768w\" sizes=\"(max-width: 1024px) 100vw, 1024px\" \/><\/figure><\/li><\/ul>\n","protected":false},"excerpt":{"rendered":"<p>Feira do livro 2017: Lan\u00e7amento do livro Estudos Editoriais Lan\u00e7amento do livro\u00a0Estudos Editoriais- Volume I da s\u00e9rie Caleidosc\u00f3pio No dia 08\/05\/17 ocorreu o lan\u00e7amento oficial da obra Estudos Editorial, Volume I, na Feira do Livro de Santa Maria. O livro abre a S\u00e9rie Caleidosc\u00f3pio, que re\u00fane artigos provenientes dos melhores TCCs em Comunica\u00e7\u00e3o Social \u2013 [&hellip;]<\/p>\n","protected":false},"author":115,"featured_media":0,"parent":0,"menu_order":0,"comment_status":"closed","ping_status":"closed","template":"","meta":{"footnotes":""},"categories":[],"tags":[],"class_list":["post-382","page","type-page","status-publish","hentry"],"acf":[],"_links":{"self":[{"href":"https:\/\/www.ufsm.br\/editoras\/pecom\/wp-json\/wp\/v2\/pages\/382","targetHints":{"allow":["GET"]}}],"collection":[{"href":"https:\/\/www.ufsm.br\/editoras\/pecom\/wp-json\/wp\/v2\/pages"}],"about":[{"href":"https:\/\/www.ufsm.br\/editoras\/pecom\/wp-json\/wp\/v2\/types\/page"}],"author":[{"embeddable":true,"href":"https:\/\/www.ufsm.br\/editoras\/pecom\/wp-json\/wp\/v2\/users\/115"}],"replies":[{"embeddable":true,"href":"https:\/\/www.ufsm.br\/editoras\/pecom\/wp-json\/wp\/v2\/comments?post=382"}],"version-history":[{"count":0,"href":"https:\/\/www.ufsm.br\/editoras\/pecom\/wp-json\/wp\/v2\/pages\/382\/revisions"}],"wp:attachment":[{"href":"https:\/\/www.ufsm.br\/editoras\/pecom\/wp-json\/wp\/v2\/media?parent=382"}],"wp:term":[{"taxonomy":"category","embeddable":true,"href":"https:\/\/www.ufsm.br\/editoras\/pecom\/wp-json\/wp\/v2\/categories?post=382"},{"taxonomy":"post_tag","embeddable":true,"href":"https:\/\/www.ufsm.br\/editoras\/pecom\/wp-json\/wp\/v2\/tags?post=382"}],"curies":[{"name":"wp","href":"https:\/\/api.w.org\/{rel}","templated":true}]}}