{"id":43,"date":"2019-09-02T11:10:32","date_gmt":"2019-09-02T14:10:32","guid":{"rendered":"https:\/\/www.ufsm.br\/editoras\/pecom\/?page_id=43"},"modified":"2024-09-26T09:29:14","modified_gmt":"2024-09-26T12:29:14","slug":"editores-e-conselho-editorial","status":"publish","type":"page","link":"https:\/\/www.ufsm.br\/editoras\/pecom\/editores-e-conselho-editorial","title":{"rendered":"Editores e Conselho Editorial"},"content":{"rendered":"\n<p>Editora e Coordenadora do Projeto:<\/p>\n<p><strong>Mar\u00edlia de Araujo Barcellos<\/strong><\/p>\n<p>\u00a0<\/p>\n<p>\u00a0<\/p>\n<p><strong>Corpo Editorial:<\/strong><\/p>\n<p><span style=\"font-weight: 400\">Cristina Gomes\u00a0<\/span><\/p>\n<p><span style=\"font-weight: 400\">Danielle Neugebauer Wille\u00a0<\/span><\/p>\n<p><span style=\"font-weight: 400\">Mar\u00edlia de Araujo Barcellos\u00a0<\/span><\/p>\n<p><span style=\"font-weight: 400\">Sandra Depexe<\/span><\/p>\n<p>\u00a0<\/p>\n<p><strong>Conselho Cient\u00edfico Editorial:<\/strong><\/p>\n<p><span style=\"font-weight: 400\">Aline Frederico \u2013 Universidade de S\u00e3o Paulo<\/span><\/p>\n<p><span style=\"font-weight: 400\">Ana Cl\u00e1udia Munari \u2013 Universidade de Santa Cruz do Sul<\/span><\/p>\n<p><span style=\"font-weight: 400\">Ana Elisa Ribeiro \u2013 Centro Federal de Educa\u00e7\u00e3o Tecnol\u00f3gica-MG\u00a0<\/span><\/p>\n<p><span style=\"font-weight: 400\">Bruno Guimar\u00e3es Martins \u2013 Universidade Federal de Minas Gerais\u00a0<\/span><\/p>\n<p><span style=\"font-weight: 400\">Eduardo Giordanino \u2013 Universidade de Buenos Aires\u00a0<\/span><\/p>\n<p><span style=\"font-weight: 400\">Eliane Hatherly Paz <\/span><span style=\"font-weight: 400\">\u2013<\/span><span style=\"font-weight: 400\"> Universidade Federal do Rio de Janeiro\u00a0<\/span><\/p>\n<p><span style=\"font-weight: 400\">Gustavo Sor\u00e1 <\/span><span style=\"font-weight: 400\">\u2013<\/span><span style=\"font-weight: 400\"> Universidade de C\u00f3rdoba<\/span><\/p>\n<p><span style=\"font-weight: 400\">Jos\u00e9 de Souza Muniz Jr. <\/span><span style=\"font-weight: 400\">\u2013 <\/span><span style=\"font-weight: 400\">\u00a0<\/span><span style=\"font-weight: 400\">Centro Federal de Educa\u00e7\u00e3o Tecnol\u00f3gica-MG\u00a0<\/span><\/p>\n<p><span style=\"font-weight: 400\">M\u00e1rcio Gon\u00e7alves \u2013 Universidade Estadual do Rio de Janeiro\u00a0<\/span><\/p>\n<p><span style=\"font-weight: 400\">Phellipe Marcel Esteves <\/span><span style=\"font-weight: 400\">\u2013 <\/span><span style=\"font-weight: 400\">\u00a0Universidade Federal Fluminense<\/span><\/p>\n<p><span style=\"font-weight: 400\">Renata Moreira <\/span><span style=\"font-weight: 400\">\u2013<\/span> <span style=\"font-weight: 400\">Centro Federal de Educa\u00e7\u00e3o Tecnol\u00f3gica-MG\u00a0<\/span><\/p>\n<p><span style=\"font-weight: 400\">Sandra Reim\u00e3o \u2013 Universidade de S\u00e3o Paulo<\/span><\/p>\n<p><span style=\"font-weight: 400\">Maria Teresa Bastos \u2013 <\/span><span style=\"font-weight: 400\">Universidade Federal do Rio de Janeiro<\/span><\/p>\n<p>\u00a0<\/p>\n<p><strong>Coordena\u00e7\u00e3o Gr\u00e1fica:<\/strong><\/p>\n<p><span style=\"font-weight: 400\">Danielle Neugebauer Wille\u00a0<\/span><\/p>\n","protected":false},"excerpt":{"rendered":"<p>Editora e Coordenadora do Projeto: Mar\u00edlia de Araujo Barcellos \u00a0 \u00a0 Corpo Editorial: Cristina Gomes\u00a0 Danielle Neugebauer Wille\u00a0 Mar\u00edlia de Araujo Barcellos\u00a0 Sandra Depexe \u00a0 Conselho Cient\u00edfico Editorial: Aline Frederico \u2013 Universidade de S\u00e3o Paulo Ana Cl\u00e1udia Munari \u2013 Universidade de Santa Cruz do Sul Ana Elisa Ribeiro \u2013 Centro Federal de Educa\u00e7\u00e3o Tecnol\u00f3gica-MG\u00a0 Bruno [&hellip;]<\/p>\n","protected":false},"author":115,"featured_media":0,"parent":0,"menu_order":0,"comment_status":"closed","ping_status":"closed","template":"","meta":{"footnotes":""},"categories":[],"tags":[],"class_list":["post-43","page","type-page","status-publish","hentry"],"acf":[],"_links":{"self":[{"href":"https:\/\/www.ufsm.br\/editoras\/pecom\/wp-json\/wp\/v2\/pages\/43","targetHints":{"allow":["GET"]}}],"collection":[{"href":"https:\/\/www.ufsm.br\/editoras\/pecom\/wp-json\/wp\/v2\/pages"}],"about":[{"href":"https:\/\/www.ufsm.br\/editoras\/pecom\/wp-json\/wp\/v2\/types\/page"}],"author":[{"embeddable":true,"href":"https:\/\/www.ufsm.br\/editoras\/pecom\/wp-json\/wp\/v2\/users\/115"}],"replies":[{"embeddable":true,"href":"https:\/\/www.ufsm.br\/editoras\/pecom\/wp-json\/wp\/v2\/comments?post=43"}],"version-history":[{"count":0,"href":"https:\/\/www.ufsm.br\/editoras\/pecom\/wp-json\/wp\/v2\/pages\/43\/revisions"}],"wp:attachment":[{"href":"https:\/\/www.ufsm.br\/editoras\/pecom\/wp-json\/wp\/v2\/media?parent=43"}],"wp:term":[{"taxonomy":"category","embeddable":true,"href":"https:\/\/www.ufsm.br\/editoras\/pecom\/wp-json\/wp\/v2\/categories?post=43"},{"taxonomy":"post_tag","embeddable":true,"href":"https:\/\/www.ufsm.br\/editoras\/pecom\/wp-json\/wp\/v2\/tags?post=43"}],"curies":[{"name":"wp","href":"https:\/\/api.w.org\/{rel}","templated":true}]}}