{"id":54,"date":"2019-09-02T11:37:00","date_gmt":"2019-09-02T14:37:00","guid":{"rendered":"https:\/\/www.ufsm.br\/editoras\/pecom\/?page_id=54"},"modified":"2019-09-02T11:37:02","modified_gmt":"2019-09-02T14:37:02","slug":"duvidas-frequentes","status":"publish","type":"page","link":"https:\/\/www.ufsm.br\/editoras\/pecom\/duvidas-frequentes","title":{"rendered":"D\u00favidas Frequentes"},"content":{"rendered":"\n<h6 id=\"ui-id-1\" class=\"ui-accordion-header ui-state-default ui-accordion-header-active ui-state-active ui-corner-top ui-accordion-icons ui-state-hover ui-state-focus\" role=\"tab\">Quero publicar como submeter o trabalho?<\/h6>\n<p class=\"ui-accordion-header ui-state-default ui-accordion-header-active ui-state-active ui-corner-top ui-accordion-icons ui-state-hover ui-state-focus\" role=\"tab\">Agradecemos seu interesse. Primeiramente conhe\u00e7a o perfil da Editora Experimental e certifique-se que o seu original atende \u00e0 linha editorial. Em caso positivo, envie um e-mail para\u00a0<span id=\"cloak93266\"><a href=\"mailto:pecom@ufsm.br\">pecom@ufsm.br<\/a><\/span>, com os seguintes dados: Nome do contato: Nome do autor, organizador: t\u00edtulo sugerido da obra: Projeto de extens\u00e3o registrado no SIE (caso de servido da UFSM); institui\u00e7\u00e3o parceira (no caso de coedi\u00e7\u00e3o ou parceria em eventos previamente estabelecidos com docente do Curso de CS-Produ\u00e7\u00e3o editorial).<\/p>\n<h6 id=\"ui-id-3\" class=\"ui-accordion-header ui-state-default ui-accordion-icons ui-state-focus ui-accordion-header-active ui-state-active ui-corner-top ui-state-hover\" role=\"tab\">Em qual formato eu posso enviar meu original?<\/h6>\n<p>Caso seu original atenda \u00e0 linha editorial, ou seja, um projeto desenvolvido por ou em parceria com docentes ou discentes do Curso de Comunica\u00e7\u00e3o Social &#8211; Produ\u00e7\u00e3o Editorial UFSM. Obra sem fins lucrativos e que seja desenvolvida ou orientada na pE.com por bolsistas contratados em car\u00e1ter de parceria. Envie em formato DOC, em Word o texto. As imagens em separado em JPG, em 300 DPIs. As imagens, gr\u00e1ficos, quadros devem ser enviadas em Word, n\u00e3o enviar em PDF.<\/p>\n<h6 id=\"ui-id-5\" class=\"ui-accordion-header ui-state-default ui-accordion-icons ui-state-focus ui-accordion-header-active ui-state-active ui-corner-top ui-state-hover\" role=\"tab\">Quais s\u00e3o os servi\u00e7os da editora atualmente?<\/h6>\n<p>Crit\u00e9rio de parceria para publica\u00e7\u00e3o: Os projetos em parcerias com a pE.com devem contar com investimento de recursos humano, recursos financeiros e custeio. A saber: bolsistas, impress\u00e3o e material de consumo.<\/p>\n<p>Servi\u00e7os: a editora experimental PE.com UFSM oferece servi\u00e7os de prepara\u00e7\u00e3o de originais, projeto gr\u00e1fico, diagrama\u00e7\u00e3o e, assessoria durante o processo de edi\u00e7\u00e3o e de divulga\u00e7\u00e3o e sugest\u00e3o de network, e processos na cadeia produtiva, produ\u00e7\u00e3o, circula\u00e7\u00e3o e consumo.<\/p>\n<p>Como a editora tem car\u00e1ter pedag\u00f3gico, todas as publica\u00e7\u00f5es devem ser produzidas internamente, a fim de atender a proposta editorial de ensino.<\/p>\n<h6>A Editora conta com funcion\u00e1rios? Quem executa os servi\u00e7os editoriais?<\/h6>\n<p>Os Recursos humanos da editora s\u00e3o compostos por bolsistas e o t\u00e9cnico em artes gr\u00e1ficas, que atende a todo o Curso de Comunica\u00e7\u00e3o Social &#8211; Produ\u00e7\u00e3o Editorial. Nesse sentido os hor\u00e1rios obedecem \u00e0 disponibilidade dos estudantes. Os bolsistas, previamente selecionados a partir de Editais, atuam por um per\u00edodo determinado, em maioria anual. As tarefas s\u00e3o distribu\u00eddas conforme a demanda e compet\u00eancias de cada um, isto \u00e9, designer e diagrama\u00e7\u00e3o, prepara\u00e7\u00e3o e revis\u00e3o de texto, contato e agenciamento editorial (retirada de ISBN, dentre outros detalhes da edi\u00e7\u00e3o). Outra modalidade para trabalhar com produtos da Editora \u00e9 participar da disciplina Editora Experimental, quando os alunos atuam com a\u00e7\u00f5es relacionadas ao incentivo \u00e0 leitura e participa\u00e7\u00e3o em eventos como Feiras de Livro, atividades de desdobramento e reverbera\u00e7\u00e3o dos produtos publicados e do Curso de Comunica\u00e7\u00e3o Social \u2013 Produ\u00e7\u00e3o Editorial. Na pE.com, em se tratando de laborat\u00f3rio, as etapas de produ\u00e7\u00e3o buscam um contato com o autor, de maneira que atividades como revis\u00e3o, por exemplo, s\u00e3o encaminhadas ao autor, para que possam retornar com as considera\u00e7\u00f5es pertinentes. Na Editora, s\u00e3o realizadas as emendas, a partir do que foi revisado.<\/p>\n<p>\u00a0<\/p>\n<h6 id=\"ui-id-9\" class=\"ui-accordion-header ui-state-default ui-accordion-icons ui-state-focus ui-accordion-header-active ui-state-active ui-corner-top ui-state-hover\" role=\"tab\">Quais s\u00e3o as ferramentas de trabalho utilizadas nos servi\u00e7os prestados?<\/h6>\n<p>O processo editorial conta com softwares atualizados, adquiridos por meio de Edital. Em 2013 fomos beneficiados com Proext e contamos, desde ent\u00e3o, com o sistema Versa de edi\u00e7\u00e3o. Este sistema permite o acompanhamento do fluxo de produ\u00e7\u00e3o. Os trabalhos produzidos na Editora tamb\u00e9m podem ser desenvolvidos em nosso laborat\u00f3rio de ensino, pesquisa e extens\u00e3o do Curso de Produ\u00e7\u00e3o Editorial &#8211; LAPPE.<\/p>\n<p>\u00a0<\/p>\n","protected":false},"excerpt":{"rendered":"<p>Quero publicar como submeter o trabalho? Agradecemos seu interesse. Primeiramente conhe\u00e7a o perfil da Editora Experimental e certifique-se que o seu original atende \u00e0 linha editorial. Em caso positivo, envie um e-mail para\u00a0pecom@ufsm.br, com os seguintes dados: Nome do contato: Nome do autor, organizador: t\u00edtulo sugerido da obra: Projeto de extens\u00e3o registrado no SIE (caso [&hellip;]<\/p>\n","protected":false},"author":115,"featured_media":0,"parent":0,"menu_order":0,"comment_status":"closed","ping_status":"closed","template":"","meta":{"footnotes":""},"categories":[],"tags":[],"class_list":["post-54","page","type-page","status-publish","hentry"],"acf":[],"_links":{"self":[{"href":"https:\/\/www.ufsm.br\/editoras\/pecom\/wp-json\/wp\/v2\/pages\/54","targetHints":{"allow":["GET"]}}],"collection":[{"href":"https:\/\/www.ufsm.br\/editoras\/pecom\/wp-json\/wp\/v2\/pages"}],"about":[{"href":"https:\/\/www.ufsm.br\/editoras\/pecom\/wp-json\/wp\/v2\/types\/page"}],"author":[{"embeddable":true,"href":"https:\/\/www.ufsm.br\/editoras\/pecom\/wp-json\/wp\/v2\/users\/115"}],"replies":[{"embeddable":true,"href":"https:\/\/www.ufsm.br\/editoras\/pecom\/wp-json\/wp\/v2\/comments?post=54"}],"version-history":[{"count":0,"href":"https:\/\/www.ufsm.br\/editoras\/pecom\/wp-json\/wp\/v2\/pages\/54\/revisions"}],"wp:attachment":[{"href":"https:\/\/www.ufsm.br\/editoras\/pecom\/wp-json\/wp\/v2\/media?parent=54"}],"wp:term":[{"taxonomy":"category","embeddable":true,"href":"https:\/\/www.ufsm.br\/editoras\/pecom\/wp-json\/wp\/v2\/categories?post=54"},{"taxonomy":"post_tag","embeddable":true,"href":"https:\/\/www.ufsm.br\/editoras\/pecom\/wp-json\/wp\/v2\/tags?post=54"}],"curies":[{"name":"wp","href":"https:\/\/api.w.org\/{rel}","templated":true}]}}