{"id":57,"date":"2019-09-02T11:43:35","date_gmt":"2019-09-02T14:43:35","guid":{"rendered":"https:\/\/www.ufsm.br\/editoras\/pecom\/?page_id=57"},"modified":"2019-09-02T12:36:39","modified_gmt":"2019-09-02T15:36:39","slug":"livros-acessibilidade","status":"publish","type":"page","link":"https:\/\/www.ufsm.br\/editoras\/pecom\/livros-acessibilidade","title":{"rendered":"Livros acessibilidade"},"content":{"rendered":"\t\t<div data-elementor-type=\"wp-post\" data-elementor-id=\"57\" class=\"elementor elementor-57\">\n\t\t\t\t\t\t<section class=\"elementor-section elementor-top-section elementor-element elementor-element-7f121028 elementor-section-boxed elementor-section-height-default elementor-section-height-default\" data-id=\"7f121028\" data-element_type=\"section\">\n\t\t\t\t\t\t<div class=\"elementor-container elementor-column-gap-default\">\n\t\t\t\t\t<div class=\"elementor-column elementor-col-100 elementor-top-column elementor-element elementor-element-1cc77eae\" data-id=\"1cc77eae\" data-element_type=\"column\">\n\t\t\t<div class=\"elementor-widget-wrap elementor-element-populated\">\n\t\t\t\t\t\t<div class=\"elementor-element elementor-element-1393fa4 elementor-widget elementor-widget-heading\" data-id=\"1393fa4\" data-element_type=\"widget\" data-widget_type=\"heading.default\">\n\t\t\t\t<div class=\"elementor-widget-container\">\n\t\t\t<h5 class=\"elementor-heading-title elementor-size-default\">Os tr\u00eas porquinhos em Braile<\/h5>\t\t<\/div>\n\t\t\t\t<\/div>\n\t\t\t\t<div class=\"elementor-element elementor-element-37f9037 elementor-widget elementor-widget-text-editor\" data-id=\"37f9037\" data-element_type=\"widget\" data-widget_type=\"text-editor.default\">\n\t\t\t\t<div class=\"elementor-widget-container\">\n\t\t\t\t\t\t\t<p class=\"title mb2-portfolio-title\">\u00a0<\/p>\n<p><img fetchpriority=\"high\" decoding=\"async\" class=\"wp-image-60 alignleft\" src=\"https:\/\/www.ufsm.br\/editoras\/pecom\/wp-content\/uploads\/sites\/747\/2019\/09\/digitalizar0001-783x1024.jpg\" alt=\"\" width=\"600\" height=\"785\" srcset=\"https:\/\/www.ufsm.br\/app\/uploads\/sites\/747\/2019\/09\/digitalizar0001-783x1024.jpg 783w, https:\/\/www.ufsm.br\/app\/uploads\/sites\/747\/2019\/09\/digitalizar0001-229x300.jpg 229w, https:\/\/www.ufsm.br\/app\/uploads\/sites\/747\/2019\/09\/digitalizar0001-768x1004.jpg 768w, https:\/\/www.ufsm.br\/app\/uploads\/sites\/747\/2019\/09\/digitalizar0001.jpg 1491w\" sizes=\"(max-width: 600px) 100vw, 600px\" \/>O livro foi desenvolvido na disciplina Projeto Experimental Em Edi\u00e7\u00e3o de Livros, ministrado em 2016 \u00a0pela professora Mar\u00edlia Barcellos, para o quinto semestre do curso de Comunica\u00e7\u00e3o Social &#8211; Produ\u00e7\u00e3o Editorial. \u00a0A obra \u00e9 adaptada em Braile, e possui a Audiodescri\u00e7\u00e3o.\u00a0<\/p>\n<p><a href=\"https:\/\/drive.google.com\/file\/d\/0ByfrcWwwjC7WZWpjOGJGbXNNLUU\/view?usp=sharing\">Audiodescri\u00e7\u00e3o &#8211; 3 porquinhos.<\/a><\/p>\t\t\t\t\t\t<\/div>\n\t\t\t\t<\/div>\n\t\t\t\t<div class=\"elementor-element elementor-element-5db14702 elementor-widget elementor-widget-text-editor\" data-id=\"5db14702\" data-element_type=\"widget\" data-widget_type=\"text-editor.default\">\n\t\t\t\t<div class=\"elementor-widget-container\">\n\t\t\t\t\t\t\t<!-- wp:tadv\/classic-paragraph \/-->\t\t\t\t\t\t<\/div>\n\t\t\t\t<\/div>\n\t\t\t\t\t<\/div>\n\t\t<\/div>\n\t\t\t\t\t<\/div>\n\t\t<\/section>\n\t\t\t\t<section class=\"elementor-section elementor-top-section elementor-element elementor-element-094d958 elementor-section-boxed elementor-section-height-default elementor-section-height-default\" data-id=\"094d958\" data-element_type=\"section\">\n\t\t\t\t\t\t<div class=\"elementor-container elementor-column-gap-default\">\n\t\t\t\t\t<div class=\"elementor-column elementor-col-100 elementor-top-column elementor-element elementor-element-dedf9c6\" data-id=\"dedf9c6\" data-element_type=\"column\">\n\t\t\t<div class=\"elementor-widget-wrap elementor-element-populated\">\n\t\t\t\t\t\t<div class=\"elementor-element elementor-element-4a69733 elementor-widget elementor-widget-heading\" data-id=\"4a69733\" data-element_type=\"widget\" data-widget_type=\"heading.default\">\n\t\t\t\t<div class=\"elementor-widget-container\">\n\t\t\t<h5 class=\"elementor-heading-title elementor-size-default\">A\u00e7\u00f5es de Aten\u00e7\u00e3o \u00e0 Aprendizagem no Ensino Superior<\/h5>\t\t<\/div>\n\t\t\t\t<\/div>\n\t\t\t\t<div class=\"elementor-element elementor-element-9e40a1b elementor-widget elementor-widget-text-editor\" data-id=\"9e40a1b\" data-element_type=\"widget\" data-widget_type=\"text-editor.default\">\n\t\t\t\t<div class=\"elementor-widget-container\">\n\t\t\t\t\t\t\t<p><img decoding=\"async\" class=\"wp-image-62 alignleft\" src=\"https:\/\/www.ufsm.br\/editoras\/pecom\/wp-content\/uploads\/sites\/747\/2019\/09\/ACESSIBILIDADE.jpg\" alt=\"\" width=\"350\" height=\"553\" srcset=\"https:\/\/www.ufsm.br\/app\/uploads\/sites\/747\/2019\/09\/ACESSIBILIDADE.jpg 369w, https:\/\/www.ufsm.br\/app\/uploads\/sites\/747\/2019\/09\/ACESSIBILIDADE-190x300.jpg 190w\" sizes=\"(max-width: 350px) 100vw, 350px\" \/><\/p>\n<p>T\u00edtulo:\u00a0A\u00e7\u00f5es de Aten\u00e7\u00e3o \u00e0 Aprendizagem no Ensino Superior<\/p>\n<p>Autora: S\u00edlvia Maria de Oliveira Pav\u00e3o<\/p>\n<p>Ano: 2015<\/p>\n<p>Resumo: Promover a aprendizagem na Educa\u00e7\u00e3o Superior tem sido um dos principais desafios que as institui\u00e7\u00f5es educacionais enfrentam, tendo em vista as atuais legisla\u00e7\u00f5es e pol\u00edticas que garantem o acesso e a perman\u00eancia de todas as pessoas.\u00a0 Os processos de aprendizagem s\u00e3o constitu\u00eddos por variantes funcionais altamente complexas e de dif\u00edcil identifica\u00e7\u00e3o e padroniza\u00e7\u00e3o, o que tornam o aprender um processo individual.\u00a0 Este livro \u00e9 direcionado aos educadores, estudantes e pessoas interessadas em compreender como a aprendizagem pode ocorrer por meio de diferentes a\u00e7\u00f5es e estrat\u00e9gias que potencializam e aceitam os modos que cada ser humano encontra para alcan\u00e7ar seus objetivos de desenvolvimento, crescimento e aprendizagem, contribui para que formas inovadoras de compreender o ser humano em processo de aprendizagem na Educa\u00e7\u00e3o Superior possam ser colocados em pr\u00e1tica, justamente no momento em que as portas das universidades abrem e se adequam \u00e0s diferentes dimens\u00f5es de acessibilidade. Os temas abordados neste livro que visam sensibilizar e orientar as pr\u00e1ticas pedag\u00f3gicas na Educa\u00e7\u00e3o Superior incluem aspectos das pol\u00edticas educacionais, procedimentos e recursos did\u00e1ticos direcionados \u00e0s pessoas com defici\u00eancia, planejamento e no\u00e7\u00f5es relacionadas ao comportamento no ato de aprender. \u00c9 uma leitura que visa o enriquecimento e compreens\u00e3o de pr\u00e1ticas pedag\u00f3gicas inclusivas.<\/p>\n<p><a href=\"https:\/\/www.ufsm.br\/editoras\/pecom\/wp-content\/uploads\/sites\/747\/2019\/09\/Aes-de-Ateno-Aprendizagem-no-Ensino-Superior.pdf\">Link para download do livro<\/a><\/p>\t\t\t\t\t\t<\/div>\n\t\t\t\t<\/div>\n\t\t\t\t\t<\/div>\n\t\t<\/div>\n\t\t\t\t\t<\/div>\n\t\t<\/section>\n\t\t\t\t<\/div>\n\t\t","protected":false},"excerpt":{"rendered":"<p>Os tr\u00eas porquinhos em Braile O livro foi desenvolvido na disciplina Projeto Experimental Em Edi\u00e7\u00e3o de Livros, ministrado em 2016 &nbsp;pela professora Mar\u00edlia Barcellos, para o quinto semestre do curso de Comunica\u00e7\u00e3o Social &#8211; Produ\u00e7\u00e3o Editorial. &nbsp;A obra \u00e9 adaptada em Braile, e possui a Audiodescri\u00e7\u00e3o.&nbsp; Audiodescri\u00e7\u00e3o &#8211; 3 porquinhos. A\u00e7\u00f5es de Aten\u00e7\u00e3o \u00e0 Aprendizagem [&hellip;]<\/p>\n","protected":false},"author":115,"featured_media":0,"parent":0,"menu_order":0,"comment_status":"closed","ping_status":"closed","template":"","meta":{"footnotes":""},"categories":[],"tags":[],"class_list":["post-57","page","type-page","status-publish","hentry"],"acf":[],"_links":{"self":[{"href":"https:\/\/www.ufsm.br\/editoras\/pecom\/wp-json\/wp\/v2\/pages\/57","targetHints":{"allow":["GET"]}}],"collection":[{"href":"https:\/\/www.ufsm.br\/editoras\/pecom\/wp-json\/wp\/v2\/pages"}],"about":[{"href":"https:\/\/www.ufsm.br\/editoras\/pecom\/wp-json\/wp\/v2\/types\/page"}],"author":[{"embeddable":true,"href":"https:\/\/www.ufsm.br\/editoras\/pecom\/wp-json\/wp\/v2\/users\/115"}],"replies":[{"embeddable":true,"href":"https:\/\/www.ufsm.br\/editoras\/pecom\/wp-json\/wp\/v2\/comments?post=57"}],"version-history":[{"count":0,"href":"https:\/\/www.ufsm.br\/editoras\/pecom\/wp-json\/wp\/v2\/pages\/57\/revisions"}],"wp:attachment":[{"href":"https:\/\/www.ufsm.br\/editoras\/pecom\/wp-json\/wp\/v2\/media?parent=57"}],"wp:term":[{"taxonomy":"category","embeddable":true,"href":"https:\/\/www.ufsm.br\/editoras\/pecom\/wp-json\/wp\/v2\/categories?post=57"},{"taxonomy":"post_tag","embeddable":true,"href":"https:\/\/www.ufsm.br\/editoras\/pecom\/wp-json\/wp\/v2\/tags?post=57"}],"curies":[{"name":"wp","href":"https:\/\/api.w.org\/{rel}","templated":true}]}}