{"id":64,"date":"2019-09-02T14:29:13","date_gmt":"2019-09-02T17:29:13","guid":{"rendered":"https:\/\/www.ufsm.br\/editoras\/pecom\/?page_id=64"},"modified":"2024-09-26T09:47:49","modified_gmt":"2024-09-26T12:47:49","slug":"catalogo","status":"publish","type":"page","link":"https:\/\/www.ufsm.br\/editoras\/pecom\/catalogo","title":{"rendered":"Cat\u00e1logo"},"content":{"rendered":"\n<p><a href=\"https:\/\/www.ufsm.br\/editoras\/pecom\/livros-acessibilidade\/\">Livros acessibilidade<\/a><\/p>\n<p><a href=\"https:\/\/www.ufsm.br\/editoras\/pecom\/livros-literatura\/\">Livros Literatura<\/a><\/p>\n<p><a href=\"https:\/\/www.ufsm.br\/editoras\/pecom\/livros-educacao\/\">Livros Educa\u00e7\u00e3o<\/a><\/p>\n<p><a href=\"https:\/\/www.ufsm.br\/editoras\/pecom\/livros-comunicacao-social\/\">Livros Comunica\u00e7\u00e3o Social\u00a0<\/a><\/p>\n<p><a href=\"https:\/\/www.ufsm.br\/editoras\/pecom\/livros-projeto-de-extensao\/\">Livros Projeto de extens\u00e3o<\/a><\/p>\n<p>Acervo Editora Experimental<\/p>\n","protected":false},"excerpt":{"rendered":"<p>Livros acessibilidade Livros Literatura Livros Educa\u00e7\u00e3o Livros Comunica\u00e7\u00e3o Social\u00a0 Livros Projeto de extens\u00e3o Acervo Editora Experimental<\/p>\n","protected":false},"author":115,"featured_media":0,"parent":0,"menu_order":0,"comment_status":"closed","ping_status":"closed","template":"","meta":{"footnotes":""},"categories":[],"tags":[],"class_list":["post-64","page","type-page","status-publish","hentry"],"acf":[],"_links":{"self":[{"href":"https:\/\/www.ufsm.br\/editoras\/pecom\/wp-json\/wp\/v2\/pages\/64","targetHints":{"allow":["GET"]}}],"collection":[{"href":"https:\/\/www.ufsm.br\/editoras\/pecom\/wp-json\/wp\/v2\/pages"}],"about":[{"href":"https:\/\/www.ufsm.br\/editoras\/pecom\/wp-json\/wp\/v2\/types\/page"}],"author":[{"embeddable":true,"href":"https:\/\/www.ufsm.br\/editoras\/pecom\/wp-json\/wp\/v2\/users\/115"}],"replies":[{"embeddable":true,"href":"https:\/\/www.ufsm.br\/editoras\/pecom\/wp-json\/wp\/v2\/comments?post=64"}],"version-history":[{"count":0,"href":"https:\/\/www.ufsm.br\/editoras\/pecom\/wp-json\/wp\/v2\/pages\/64\/revisions"}],"wp:attachment":[{"href":"https:\/\/www.ufsm.br\/editoras\/pecom\/wp-json\/wp\/v2\/media?parent=64"}],"wp:term":[{"taxonomy":"category","embeddable":true,"href":"https:\/\/www.ufsm.br\/editoras\/pecom\/wp-json\/wp\/v2\/categories?post=64"},{"taxonomy":"post_tag","embeddable":true,"href":"https:\/\/www.ufsm.br\/editoras\/pecom\/wp-json\/wp\/v2\/tags?post=64"}],"curies":[{"name":"wp","href":"https:\/\/api.w.org\/{rel}","templated":true}]}}