{"id":75,"date":"2019-09-02T13:40:09","date_gmt":"2019-09-02T16:40:09","guid":{"rendered":"https:\/\/www.ufsm.br\/editoras\/pecom\/?page_id=75"},"modified":"2019-09-02T13:57:39","modified_gmt":"2019-09-02T16:57:39","slug":"livros-educacao","status":"publish","type":"page","link":"https:\/\/www.ufsm.br\/editoras\/pecom\/livros-educacao","title":{"rendered":"Livros Educa\u00e7\u00e3o"},"content":{"rendered":"\t\t<div data-elementor-type=\"wp-post\" data-elementor-id=\"75\" class=\"elementor elementor-75\">\n\t\t\t\t\t\t<section class=\"elementor-section elementor-top-section elementor-element elementor-element-e6be369 elementor-section-boxed elementor-section-height-default elementor-section-height-default\" data-id=\"e6be369\" data-element_type=\"section\">\n\t\t\t\t\t\t<div class=\"elementor-container elementor-column-gap-default\">\n\t\t\t\t\t<div class=\"elementor-column elementor-col-100 elementor-top-column elementor-element elementor-element-900ebc1\" data-id=\"900ebc1\" data-element_type=\"column\">\n\t\t\t<div class=\"elementor-widget-wrap elementor-element-populated\">\n\t\t\t\t\t\t<div class=\"elementor-element elementor-element-09e5cef elementor-widget elementor-widget-heading\" data-id=\"09e5cef\" data-element_type=\"widget\" data-widget_type=\"heading.default\">\n\t\t\t\t<div class=\"elementor-widget-container\">\n\t\t\t<h5 class=\"elementor-heading-title elementor-size-default\">Estudos Editoriais | S\u00e9rie Caleidosc\u00f3pio | Volume 02<\/h5>\t\t<\/div>\n\t\t\t\t<\/div>\n\t\t\t\t<div class=\"elementor-element elementor-element-72b05d3 elementor-widget elementor-widget-text-editor\" data-id=\"72b05d3\" data-element_type=\"widget\" data-widget_type=\"text-editor.default\">\n\t\t\t\t<div class=\"elementor-widget-container\">\n\t\t\t\t\t\t\t<p><img fetchpriority=\"high\" decoding=\"async\" class=\"wp-image-78 alignleft\" src=\"https:\/\/www.ufsm.br\/editoras\/pecom\/wp-content\/uploads\/sites\/747\/2019\/09\/frontspicio-709x1024.jpg\" alt=\"\" width=\"400\" height=\"578\" srcset=\"https:\/\/www.ufsm.br\/app\/uploads\/sites\/747\/2019\/09\/frontspicio-709x1024.jpg 709w, https:\/\/www.ufsm.br\/app\/uploads\/sites\/747\/2019\/09\/frontspicio-208x300.jpg 208w, https:\/\/www.ufsm.br\/app\/uploads\/sites\/747\/2019\/09\/frontspicio-768x1110.jpg 768w, https:\/\/www.ufsm.br\/app\/uploads\/sites\/747\/2019\/09\/frontspicio.jpg 1671w\" sizes=\"(max-width: 400px) 100vw, 400px\" \/><\/p>\n<p style=\"font-weight: 400\">Estudos Editoriais, Volume II &#8211; eBook, re\u00fane 12 cap\u00edtulos, provenientes de trabalhos de conclus\u00e3o do Curso de Comunica\u00e7\u00e3o &#8211; Produ\u00e7\u00e3o Editorial da Universidade Federal de Santa Maria.<\/p>\n<p style=\"font-weight: 400\">Provenientes de Trabalhos de Conclus\u00e3o de Curso dos acad\u00eamicos de Comunica\u00e7\u00e3o Social \u2500 Produ\u00e7\u00e3o Editorial, da Universidade Federal de Santa Maria e seus respectivos orientadores membros do Departamento de Ci\u00eancias da Comunica\u00e7\u00e3o da UFSM, os cap\u00edtulos reunidos trazem a tem\u00e1tica editorial sob o olhar caleidosc\u00f3pico dos estudantes do Curso de Comunica\u00e7\u00e3o Social \u2013 Produ\u00e7\u00e3o Editorial, em momento de profunda reflex\u00e3o. O cabedal te\u00f3rico expande-se e permeia as m\u00eddias digitais, o audiovisual, a produ\u00e7\u00e3o cient\u00edfica, dentre outros \u00e2ngulos do conhecimento. Percebe-se, a cada \u201cfolheada\u201d, um prisma com cores, efeitos e luzes pr\u00f3prias, em todos os textos e formas de expressar a multim\u00eddia nestes tempos de converg\u00eancia.<\/p>\n<p style=\"font-weight: 400\">Baixe o Livro:\u00a0<a href=\"https:\/\/drive.google.com\/file\/d\/1asxsNjv8aGkotKNUslKPJwj8UiDJkomZ\/view?usp=sharing\">Estudos Editoriais\u00a0Volume II<\/a><\/p>\t\t\t\t\t\t<\/div>\n\t\t\t\t<\/div>\n\t\t\t\t\t<\/div>\n\t\t<\/div>\n\t\t\t\t\t<\/div>\n\t\t<\/section>\n\t\t\t\t<section class=\"elementor-section elementor-top-section elementor-element elementor-element-bcbf3ef elementor-section-boxed elementor-section-height-default elementor-section-height-default\" data-id=\"bcbf3ef\" data-element_type=\"section\">\n\t\t\t\t\t\t<div class=\"elementor-container elementor-column-gap-default\">\n\t\t\t\t\t<div class=\"elementor-column elementor-col-100 elementor-top-column elementor-element elementor-element-a8e1e51\" data-id=\"a8e1e51\" data-element_type=\"column\">\n\t\t\t<div class=\"elementor-widget-wrap elementor-element-populated\">\n\t\t\t\t\t\t<div class=\"elementor-element elementor-element-b643474 elementor-widget elementor-widget-heading\" data-id=\"b643474\" data-element_type=\"widget\" data-widget_type=\"heading.default\">\n\t\t\t\t<div class=\"elementor-widget-container\">\n\t\t\t<h5 class=\"elementor-heading-title elementor-size-default\">Desafios - editora\u00e7\u00e3o em tempos de converg\u00eancia<\/h5>\t\t<\/div>\n\t\t\t\t<\/div>\n\t\t\t\t<div class=\"elementor-element elementor-element-1db8302 elementor-widget elementor-widget-text-editor\" data-id=\"1db8302\" data-element_type=\"widget\" data-widget_type=\"text-editor.default\">\n\t\t\t\t<div class=\"elementor-widget-container\">\n\t\t\t\t\t\t\t<p><img decoding=\"async\" class=\"wp-image-79 alignleft\" src=\"https:\/\/www.ufsm.br\/editoras\/pecom\/wp-content\/uploads\/sites\/747\/2019\/09\/CapaDesafios-682x1024.jpg\" alt=\"\" width=\"400\" height=\"600\" srcset=\"https:\/\/www.ufsm.br\/app\/uploads\/sites\/747\/2019\/09\/CapaDesafios-682x1024.jpg 682w, https:\/\/www.ufsm.br\/app\/uploads\/sites\/747\/2019\/09\/CapaDesafios-200x300.jpg 200w, https:\/\/www.ufsm.br\/app\/uploads\/sites\/747\/2019\/09\/CapaDesafios-768x1152.jpg 768w, https:\/\/www.ufsm.br\/app\/uploads\/sites\/747\/2019\/09\/CapaDesafios.jpg 1920w\" sizes=\"(max-width: 400px) 100vw, 400px\" \/><\/p>\n<p>2017<\/p>\n<p>Organiza\u00e7\u00e3o: Cl\u00e1udio Regina Ziliotto Bomf\u00e1<\/p>\n<p>O livro aborda temas fundamentais \u00e0 discuss\u00e3o sobre o mercado editorial em tempos de converg\u00eancia, com \u00eanfase para a repercurss\u00e3o das novas formas de editar, publicar, ler e distribuir livros. \u00a0Estudos provenientes de pesquisas de abrang\u00eancia nacional e internacional\u00a0 tecem os fios da editora\u00e7\u00e3o com o intuito de explorar os desafios ao processo editorial.<\/p>\n<p><a href=\"https:\/\/drive.google.com\/open?id=1ZRb1OMrhGCRy35BD6qGaxMUx-stOJ9bo\">Ebook: Desafios<\/a><\/p>\t\t\t\t\t\t<\/div>\n\t\t\t\t<\/div>\n\t\t\t\t\t<\/div>\n\t\t<\/div>\n\t\t\t\t\t<\/div>\n\t\t<\/section>\n\t\t\t\t<section class=\"elementor-section elementor-top-section elementor-element elementor-element-fe32290 elementor-section-boxed elementor-section-height-default elementor-section-height-default\" data-id=\"fe32290\" data-element_type=\"section\">\n\t\t\t\t\t\t<div class=\"elementor-container elementor-column-gap-default\">\n\t\t\t\t\t<div class=\"elementor-column elementor-col-100 elementor-top-column elementor-element elementor-element-db209a0\" data-id=\"db209a0\" data-element_type=\"column\">\n\t\t\t<div class=\"elementor-widget-wrap elementor-element-populated\">\n\t\t\t\t\t\t<div class=\"elementor-element elementor-element-e5f63f8 elementor-widget elementor-widget-heading\" data-id=\"e5f63f8\" data-element_type=\"widget\" data-widget_type=\"heading.default\">\n\t\t\t\t<div class=\"elementor-widget-container\">\n\t\t\t<h5 class=\"elementor-heading-title elementor-size-default\">E-book Mosaico Socioantropol\u00f3gico<\/h5>\t\t<\/div>\n\t\t\t\t<\/div>\n\t\t\t\t<div class=\"elementor-element elementor-element-a4fee97 elementor-widget elementor-widget-text-editor\" data-id=\"a4fee97\" data-element_type=\"widget\" data-widget_type=\"text-editor.default\">\n\t\t\t\t<div class=\"elementor-widget-container\">\n\t\t\t\t\t\t\t<p><img decoding=\"async\" class=\"wp-image-80 alignleft\" src=\"https:\/\/www.ufsm.br\/editoras\/pecom\/wp-content\/uploads\/sites\/747\/2019\/09\/mosaico_gepacs-680x1024.jpg\" alt=\"\" width=\"400\" height=\"602\" srcset=\"https:\/\/www.ufsm.br\/app\/uploads\/sites\/747\/2019\/09\/mosaico_gepacs-680x1024.jpg 680w, https:\/\/www.ufsm.br\/app\/uploads\/sites\/747\/2019\/09\/mosaico_gepacs-199x300.jpg 199w, https:\/\/www.ufsm.br\/app\/uploads\/sites\/747\/2019\/09\/mosaico_gepacs-768x1156.jpg 768w, https:\/\/www.ufsm.br\/app\/uploads\/sites\/747\/2019\/09\/mosaico_gepacs.jpg 1920w\" sizes=\"(max-width: 400px) 100vw, 400px\" \/><\/p>\n<p>2017<\/p>\n<p>Organizadores:\u00a0Zulmira Newlands Borges e\u00a0Laura Senna Ferreira<\/p>\n<p>Em comemora\u00e7\u00e3o aos 15 anos de funda\u00e7\u00e3o do Grupo de Estudos e Pesquisas em\u00a0Cultura, G\u00eanero e Sa\u00fade (GEPACS), esta colet\u00e2nea vem a p\u00fablico apresentar parte da produ\u00e7\u00e3o de seus colaboradores ao longo desse tempo.\u00a0\u00a0Os cap\u00edtulos versam sobretudo sobre g\u00eanero, envelhecimento, sa\u00fade,\u00a0trabalho, educa\u00e7\u00e3o, produ\u00e7\u00e3o cultural e sofrimento.\u00a0<\/p>\n<p>E-book:\u00a0<a href=\"https:\/\/drive.google.com\/file\/d\/1ekScTEIiXB1cG_dnwX9UVLz1JqhlBHgQ\/view?usp=sharing\">Mosaico Socioantrolopol\u00f3gico<\/a><\/p>\t\t\t\t\t\t<\/div>\n\t\t\t\t<\/div>\n\t\t\t\t\t<\/div>\n\t\t<\/div>\n\t\t\t\t\t<\/div>\n\t\t<\/section>\n\t\t\t\t<section class=\"elementor-section elementor-top-section elementor-element elementor-element-e191a7b elementor-section-boxed elementor-section-height-default elementor-section-height-default\" data-id=\"e191a7b\" data-element_type=\"section\">\n\t\t\t\t\t\t<div class=\"elementor-container elementor-column-gap-default\">\n\t\t\t\t\t<div class=\"elementor-column elementor-col-100 elementor-top-column elementor-element elementor-element-f51c184\" data-id=\"f51c184\" data-element_type=\"column\">\n\t\t\t<div class=\"elementor-widget-wrap elementor-element-populated\">\n\t\t\t\t\t\t<div class=\"elementor-element elementor-element-e81fc5f elementor-widget elementor-widget-heading\" data-id=\"e81fc5f\" data-element_type=\"widget\" data-widget_type=\"heading.default\">\n\t\t\t\t<div class=\"elementor-widget-container\">\n\t\t\t<h5 class=\"elementor-heading-title elementor-size-default\">Ebook Celsul<\/h5>\t\t<\/div>\n\t\t\t\t<\/div>\n\t\t\t\t<div class=\"elementor-element elementor-element-5ab358a elementor-widget elementor-widget-text-editor\" data-id=\"5ab358a\" data-element_type=\"widget\" data-widget_type=\"text-editor.default\">\n\t\t\t\t<div class=\"elementor-widget-container\">\n\t\t\t\t\t\t\t<p><img loading=\"lazy\" decoding=\"async\" class=\"wp-image-81 alignleft\" src=\"https:\/\/www.ufsm.br\/editoras\/pecom\/wp-content\/uploads\/sites\/747\/2019\/09\/celsul.jpg\" alt=\"\" width=\"450\" height=\"638\" srcset=\"https:\/\/www.ufsm.br\/app\/uploads\/sites\/747\/2019\/09\/celsul.jpg 522w, https:\/\/www.ufsm.br\/app\/uploads\/sites\/747\/2019\/09\/celsul-212x300.jpg 212w\" sizes=\"(max-width: 450px) 100vw, 450px\" \/><\/p>\n<p>Este Ebook contempla todos os resumos dos trabalhos apresentados, nas modalidades Simp\u00f3sios, Pain\u00e9is e P\u00f4steres, inscritos no XII Encontro do CELSUL. Os trabalhos est\u00e3o organizados em ordem alfab\u00e9tica por nome do autor ou do autor principal de cada trabalho.<\/p>\n<p>A presente publica\u00e7\u00e3o re\u00fane trabalhos com temas variados apresentados durante o evento, inseridos em dez eixos tem\u00e1ticos pensados exclusivamente para nosso encontro em 2016. Os eixos s\u00e3o: 1) Enuncia\u00e7\u00e3o, texto, discurso: desdobramentos e perspectivas; 2) Ensino e aprendizagem de L\u00edngua Materna: desdobramentos e perspectivas; 3) Ensino e aprendizagem de L\u00edngua Estrangeira\/L\u00ednguas Adicionais: desdobramentos e perspectivas; 4) Processamento da linguagem: desdobramentos e perspectivas; 5) Descri\u00e7\u00e3o lingu\u00edstica e gramatical: desdobramentos e perspectivas; 6) Varia\u00e7\u00e3o e mudan\u00e7a lingu\u00edstica: desdobramentos e perspectivas; 7) Estudos da tradu\u00e7\u00e3o e do l\u00e9xico: desdobramentos e perspectivas; 8) Hist\u00f3ria das l\u00ednguas: desdobramentos e perspectivas; 9) A constitui\u00e7\u00e3o da L\u00edngua Brasileira de Sinais: desdobramentos e perspectivas; 10) Pol\u00edticas p\u00fablicas de l\u00ednguas: desdobramentos e perspectivas.<\/p>\n<p>\u00a0Link do E-book: <a href=\"https:\/\/www.ufsm.br\/editoras\/pecom\/wp-content\/uploads\/sites\/747\/2019\/09\/ebook_celsul_270916.pdf\">Ebook Celsul<\/a><\/p>\t\t\t\t\t\t<\/div>\n\t\t\t\t<\/div>\n\t\t\t\t\t<\/div>\n\t\t<\/div>\n\t\t\t\t\t<\/div>\n\t\t<\/section>\n\t\t\t\t<section class=\"elementor-section elementor-top-section elementor-element elementor-element-da372cc elementor-section-boxed elementor-section-height-default elementor-section-height-default\" data-id=\"da372cc\" data-element_type=\"section\">\n\t\t\t\t\t\t<div class=\"elementor-container elementor-column-gap-default\">\n\t\t\t\t\t<div class=\"elementor-column elementor-col-100 elementor-top-column elementor-element elementor-element-5fa53e8\" data-id=\"5fa53e8\" data-element_type=\"column\">\n\t\t\t<div class=\"elementor-widget-wrap elementor-element-populated\">\n\t\t\t\t\t\t<div class=\"elementor-element elementor-element-3f705f7 elementor-widget elementor-widget-heading\" data-id=\"3f705f7\" data-element_type=\"widget\" data-widget_type=\"heading.default\">\n\t\t\t\t<div class=\"elementor-widget-container\">\n\t\t\t<h5 class=\"elementor-heading-title elementor-size-default\">Estudos Editoriais | S\u00e9rie Caleidosc\u00f3pio | Volume 01<\/h5>\t\t<\/div>\n\t\t\t\t<\/div>\n\t\t\t\t<div class=\"elementor-element elementor-element-1b800ff elementor-widget elementor-widget-text-editor\" data-id=\"1b800ff\" data-element_type=\"widget\" data-widget_type=\"text-editor.default\">\n\t\t\t\t<div class=\"elementor-widget-container\">\n\t\t\t\t\t\t\t<p><img loading=\"lazy\" decoding=\"async\" class=\"wp-image-83 alignleft\" src=\"https:\/\/www.ufsm.br\/editoras\/pecom\/wp-content\/uploads\/sites\/747\/2019\/09\/capa_estudos_editoriais-1-183x300.jpg\" alt=\"\" width=\"350\" height=\"575\" srcset=\"https:\/\/www.ufsm.br\/app\/uploads\/sites\/747\/2019\/09\/capa_estudos_editoriais-1-183x300.jpg 183w, https:\/\/www.ufsm.br\/app\/uploads\/sites\/747\/2019\/09\/capa_estudos_editoriais-1-768x1262.jpg 768w, https:\/\/www.ufsm.br\/app\/uploads\/sites\/747\/2019\/09\/capa_estudos_editoriais-1-623x1024.jpg 623w, https:\/\/www.ufsm.br\/app\/uploads\/sites\/747\/2019\/09\/capa_estudos_editoriais-1.jpg 1654w\" sizes=\"(max-width: 350px) 100vw, 350px\" \/><\/p>\n<p style=\"font-weight: 400\">Estudos Editoriais, Volume I, inaugura a S\u00e9rie Caleidosc\u00f3pio, que consiste na publica\u00e7\u00e3o bienal de obras dedicadas \u00e0s pesquisas sobre o campo da edi\u00e7\u00e3o. O livro re\u00fane uma entrevista e onze artigos. Para abrir a obra, o leitor conta com a entrevista de nosso convidado, o pesquisador An\u00edbal Bragan\u00e7a.<\/p>\n<p style=\"font-weight: 400\">Os artigos s\u00e3o provenientes de Trabalhos de Conclus\u00e3o de Curso (TCC|2014\/2015), dos acad\u00eamicos de Comunica\u00e7\u00e3o Social \u2500 Produ\u00e7\u00e3o Editorial, da Universidade Federal de Santa Maria e seus respectivos orientadores membros do Departamento de Ci\u00eancias da Comunica\u00e7\u00e3o da UFSM. A S\u00e9rie Caleidosc\u00f3pio contempla m\u00faltiplos olhares a respeito da editora\u00e7\u00e3o atendendo crit\u00e9rios interdisciplinares: audiovisual, produ\u00e7\u00e3o em impresso e digital, estudos de peri\u00f3dicos, marketing e m\u00eddias sociais, educomunica\u00e7\u00e3o, dentre outros eixos instigantes sobre o tema.<\/p>\n<p style=\"font-weight: 400\">Baixe o Livro: <a href=\"https:\/\/www.ufsm.br\/editoras\/pecom\/wp-content\/uploads\/sites\/747\/2019\/09\/Estudo-editoriais-Ebook.pdf\">Estudos Editoriais<\/a><\/p>\t\t\t\t\t\t<\/div>\n\t\t\t\t<\/div>\n\t\t\t\t\t<\/div>\n\t\t<\/div>\n\t\t\t\t\t<\/div>\n\t\t<\/section>\n\t\t\t\t<section class=\"elementor-section elementor-top-section elementor-element elementor-element-e1cc274 elementor-section-boxed elementor-section-height-default elementor-section-height-default\" data-id=\"e1cc274\" data-element_type=\"section\">\n\t\t\t\t\t\t<div class=\"elementor-container elementor-column-gap-default\">\n\t\t\t\t\t<div class=\"elementor-column elementor-col-100 elementor-top-column elementor-element elementor-element-1a9b63f\" data-id=\"1a9b63f\" data-element_type=\"column\">\n\t\t\t<div class=\"elementor-widget-wrap elementor-element-populated\">\n\t\t\t\t\t\t<div class=\"elementor-element elementor-element-638f8b3 elementor-widget elementor-widget-heading\" data-id=\"638f8b3\" data-element_type=\"widget\" data-widget_type=\"heading.default\">\n\t\t\t\t<div class=\"elementor-widget-container\">\n\t\t\t<h5 class=\"elementor-heading-title elementor-size-default\">E-book A Lagoa Encantada<\/h5>\t\t<\/div>\n\t\t\t\t<\/div>\n\t\t\t\t<div class=\"elementor-element elementor-element-e3e368c elementor-widget elementor-widget-text-editor\" data-id=\"e3e368c\" data-element_type=\"widget\" data-widget_type=\"text-editor.default\">\n\t\t\t\t<div class=\"elementor-widget-container\">\n\t\t\t\t\t\t\t<p><img loading=\"lazy\" decoding=\"async\" class=\"wp-image-71 alignleft\" src=\"https:\/\/www.ufsm.br\/editoras\/pecom\/wp-content\/uploads\/sites\/747\/2019\/09\/Capa-300x262.jpg\" alt=\"\" width=\"400\" height=\"350\" srcset=\"https:\/\/www.ufsm.br\/app\/uploads\/sites\/747\/2019\/09\/Capa-300x262.jpg 300w, https:\/\/www.ufsm.br\/app\/uploads\/sites\/747\/2019\/09\/Capa-768x672.jpg 768w, https:\/\/www.ufsm.br\/app\/uploads\/sites\/747\/2019\/09\/Capa.jpg 869w\" sizes=\"(max-width: 400px) 100vw, 400px\" \/><\/p>\n<p>T\u00edtulo: E-book A Lagoa Encantada: Contos para o Exerc\u00edcio do Meio Ambiente, Tecnologia e Minorias<\/p>\n<p>Resumo: O livro consiste em contos adaptados para o quarto ano do Ensino Fundamental, da obra hom\u00f4nima de Auri Sudati, autor local reconhecido por sua obra em literatura infantil. Trata tem\u00e1ticas transversais como o meio ambiente, a tecnologia e a quest\u00e3o das minorias, de maneira criativa e l\u00fadica. O volume inclui atividades para o professor utiliar em sala de aula. A obra \u00e9 resultado da parceria do Projeto de Extens\u00e3o Produ\u00e7\u00e3o Editorial em A\u00e7\u00e3o e da disciplina laboratorial do livro did\u00e1tico e paradid\u00e1tico, coordenada pela Prof. Mar\u00edlia Barcellos, com o projeto de incentivo \u00e0 leitura da Secretaria Municipal da Educa\u00e7\u00e3o de Santa Maria, intitulado \u201cLeitura no Cora\u00e7\u00e3o\u201d, coordenado pela equipe da SMED, por Gisele Bauer.<\/p>\n<p><a href=\"https:\/\/drive.google.com\/file\/d\/0B7--7GqAU50BREZXWE9oUW14cG8\/view?pli=1\" target=\"_blank\" rel=\"noopener\">Fa\u00e7a o download da obra na \u00edntegra<\/a><\/p>\t\t\t\t\t\t<\/div>\n\t\t\t\t<\/div>\n\t\t\t\t\t<\/div>\n\t\t<\/div>\n\t\t\t\t\t<\/div>\n\t\t<\/section>\n\t\t\t\t<section class=\"elementor-section elementor-top-section elementor-element elementor-element-fb958bc elementor-section-boxed elementor-section-height-default elementor-section-height-default\" data-id=\"fb958bc\" data-element_type=\"section\">\n\t\t\t\t\t\t<div class=\"elementor-container elementor-column-gap-default\">\n\t\t\t\t\t<div class=\"elementor-column elementor-col-100 elementor-top-column elementor-element elementor-element-8c29582\" data-id=\"8c29582\" data-element_type=\"column\">\n\t\t\t<div class=\"elementor-widget-wrap elementor-element-populated\">\n\t\t\t\t\t\t<div class=\"elementor-element elementor-element-8f2b29f elementor-widget elementor-widget-heading\" data-id=\"8f2b29f\" data-element_type=\"widget\" data-widget_type=\"heading.default\">\n\t\t\t\t<div class=\"elementor-widget-container\">\n\t\t\t<h5 class=\"elementor-heading-title elementor-size-default\">At\u00e9 onde vai a imagina\u00e7\u00e3o?<\/h5>\t\t<\/div>\n\t\t\t\t<\/div>\n\t\t\t\t<div class=\"elementor-element elementor-element-1eb856d elementor-widget elementor-widget-text-editor\" data-id=\"1eb856d\" data-element_type=\"widget\" data-widget_type=\"text-editor.default\">\n\t\t\t\t<div class=\"elementor-widget-container\">\n\t\t\t\t\t\t\t<p><img loading=\"lazy\" decoding=\"async\" class=\"wp-image-73 alignleft\" src=\"https:\/\/www.ufsm.br\/editoras\/pecom\/wp-content\/uploads\/sites\/747\/2019\/09\/capa_livro_ateondevaiaimaginacao-300x277.jpg\" alt=\"\" width=\"350\" height=\"323\" srcset=\"https:\/\/www.ufsm.br\/app\/uploads\/sites\/747\/2019\/09\/capa_livro_ateondevaiaimaginacao-300x277.jpg 300w, https:\/\/www.ufsm.br\/app\/uploads\/sites\/747\/2019\/09\/capa_livro_ateondevaiaimaginacao-768x709.jpg 768w, https:\/\/www.ufsm.br\/app\/uploads\/sites\/747\/2019\/09\/capa_livro_ateondevaiaimaginacao-1024x946.jpg 1024w, https:\/\/www.ufsm.br\/app\/uploads\/sites\/747\/2019\/09\/capa_livro_ateondevaiaimaginacao.jpg 1920w\" sizes=\"(max-width: 350px) 100vw, 350px\" \/><\/p>\n<p>T\u00edtulo: At\u00e9 onde vai a imagina\u00e7\u00e3o?<\/p>\n<p>Autor(es): Maura da Costa, Raquel Scremin, Flavio Teixeira<\/p>\n<p>Ano: 2013<\/p>\n<p>Resumo: Esta obra re\u00fane desenhos infantis realizados por alunos do 5 ano da Escola estadual de Educa\u00e7\u00e3o B\u00e1sica Augusto Ruschi em 2012. A ideia do livro surgiu na disciplinas de Reda\u00e7\u00e3o para Editores do Curso de Comunica\u00e7\u00e3o Social \u2013 Produ\u00e7\u00e3o Editorial , para dar conta de um aprendizado. Ricamente ilustrado com tra\u00e7os infantis, a obra remete \u00e0 vida, identidade e fantasia.<\/p>\n<p>Baixe o Livro:\u00a0<a href=\"https:\/\/www.ufsm.br\/editoras\/pecom\/wp-content\/uploads\/sites\/747\/2019\/09\/ate_onde_vai_imaginacao.pdf\">At\u00e9 onde vai a imagina\u00e7\u00e3o?<\/a><\/p>\t\t\t\t\t\t<\/div>\n\t\t\t\t<\/div>\n\t\t\t\t\t<\/div>\n\t\t<\/div>\n\t\t\t\t\t<\/div>\n\t\t<\/section>\n\t\t\t\t<\/div>\n\t\t","protected":false},"excerpt":{"rendered":"<p>Estudos Editoriais | S\u00e9rie Caleidosc\u00f3pio | Volume 02 Estudos Editoriais, Volume II &#8211; eBook, re\u00fane 12 cap\u00edtulos, provenientes de trabalhos de conclus\u00e3o do Curso de Comunica\u00e7\u00e3o &#8211; Produ\u00e7\u00e3o Editorial da Universidade Federal de Santa Maria. Provenientes de Trabalhos de Conclus\u00e3o de Curso dos acad\u00eamicos de Comunica\u00e7\u00e3o Social \u2500 Produ\u00e7\u00e3o Editorial, da Universidade Federal de Santa [&hellip;]<\/p>\n","protected":false},"author":115,"featured_media":0,"parent":0,"menu_order":0,"comment_status":"closed","ping_status":"closed","template":"","meta":{"footnotes":""},"categories":[],"tags":[],"class_list":["post-75","page","type-page","status-publish","hentry"],"acf":[],"_links":{"self":[{"href":"https:\/\/www.ufsm.br\/editoras\/pecom\/wp-json\/wp\/v2\/pages\/75","targetHints":{"allow":["GET"]}}],"collection":[{"href":"https:\/\/www.ufsm.br\/editoras\/pecom\/wp-json\/wp\/v2\/pages"}],"about":[{"href":"https:\/\/www.ufsm.br\/editoras\/pecom\/wp-json\/wp\/v2\/types\/page"}],"author":[{"embeddable":true,"href":"https:\/\/www.ufsm.br\/editoras\/pecom\/wp-json\/wp\/v2\/users\/115"}],"replies":[{"embeddable":true,"href":"https:\/\/www.ufsm.br\/editoras\/pecom\/wp-json\/wp\/v2\/comments?post=75"}],"version-history":[{"count":0,"href":"https:\/\/www.ufsm.br\/editoras\/pecom\/wp-json\/wp\/v2\/pages\/75\/revisions"}],"wp:attachment":[{"href":"https:\/\/www.ufsm.br\/editoras\/pecom\/wp-json\/wp\/v2\/media?parent=75"}],"wp:term":[{"taxonomy":"category","embeddable":true,"href":"https:\/\/www.ufsm.br\/editoras\/pecom\/wp-json\/wp\/v2\/categories?post=75"},{"taxonomy":"post_tag","embeddable":true,"href":"https:\/\/www.ufsm.br\/editoras\/pecom\/wp-json\/wp\/v2\/tags?post=75"}],"curies":[{"name":"wp","href":"https:\/\/api.w.org\/{rel}","templated":true}]}}