{"id":45,"date":"2024-07-25T16:40:47","date_gmt":"2024-07-25T19:40:47","guid":{"rendered":"https:\/\/www.ufsm.br\/editoras\/ppgl\/?page_id=45"},"modified":"2024-10-08T17:05:46","modified_gmt":"2024-10-08T20:05:46","slug":"letras","status":"publish","type":"page","link":"https:\/\/www.ufsm.br\/editoras\/ppgl\/letras","title":{"rendered":"Letras"},"content":{"rendered":"\t\t<div data-elementor-type=\"wp-page\" data-elementor-id=\"45\" class=\"elementor elementor-45\">\n\t\t\t\t\t\t<section class=\"elementor-section elementor-top-section elementor-element elementor-element-b0ba1ab elementor-section-boxed elementor-section-height-default elementor-section-height-default\" data-id=\"b0ba1ab\" data-element_type=\"section\">\n\t\t\t\t\t\t<div class=\"elementor-container elementor-column-gap-default\">\n\t\t\t\t\t<div class=\"elementor-column elementor-col-100 elementor-top-column elementor-element elementor-element-b412b34\" data-id=\"b412b34\" data-element_type=\"column\">\n\t\t\t<div class=\"elementor-widget-wrap elementor-element-populated\">\n\t\t\t\t\t\t<div class=\"elementor-element elementor-element-a194a57 elementor-widget elementor-widget-image\" data-id=\"a194a57\" data-element_type=\"widget\" data-widget_type=\"image.default\">\n\t\t\t\t<div class=\"elementor-widget-container\">\n\t\t\t\t\t\t\t\t\t\t\t\t\t<img fetchpriority=\"high\" decoding=\"async\" width=\"700\" height=\"123\" src=\"https:\/\/www.ufsm.br\/app\/uploads\/sites\/751\/2024\/08\/unnamed-1.jpg\" class=\"attachment-large size-large wp-image-56\" alt=\"\" srcset=\"https:\/\/www.ufsm.br\/app\/uploads\/sites\/751\/2024\/08\/unnamed-1.jpg 700w, https:\/\/www.ufsm.br\/app\/uploads\/sites\/751\/2024\/08\/unnamed-1-300x53.jpg 300w\" sizes=\"(max-width: 700px) 100vw, 700px\" \/>\t\t\t\t\t\t\t\t\t\t\t\t\t<\/div>\n\t\t\t\t<\/div>\n\t\t\t\t\t<\/div>\n\t\t<\/div>\n\t\t\t\t\t<\/div>\n\t\t<\/section>\n\t\t\t\t<section class=\"elementor-section elementor-top-section elementor-element elementor-element-5191c897 elementor-section-boxed elementor-section-height-default elementor-section-height-default\" data-id=\"5191c897\" data-element_type=\"section\">\n\t\t\t\t\t\t<div class=\"elementor-container elementor-column-gap-default\">\n\t\t\t\t\t<div class=\"elementor-column elementor-col-100 elementor-top-column elementor-element elementor-element-23d3698b\" data-id=\"23d3698b\" data-element_type=\"column\">\n\t\t\t<div class=\"elementor-widget-wrap elementor-element-populated\">\n\t\t\t\t\t\t<div class=\"elementor-element elementor-element-7275276a elementor-widget elementor-widget-text-editor\" data-id=\"7275276a\" data-element_type=\"widget\" data-widget_type=\"text-editor.default\">\n\t\t\t\t<div class=\"elementor-widget-container\">\n\t\t\t\t\t\t\t<p><!-- wp:tadv\/classic-paragraph --><\/p>\n<p>Letras \u00e9 um peri\u00f3dico cient\u00edfico e semestral que tem como miss\u00e3o reunir e divulgar<br \/>artigos resultantes de pesquisa cient\u00edfica original de car\u00e1ter significativo para as \u00e1reas<br \/>dos Estudos Lingu\u00edsticos e Liter\u00e1rios. A publica\u00e7\u00e3o est\u00e1 vinculada ao Programa de P\u00f3s-<br \/>Gradua\u00e7\u00e3o em Letras (PPGLetras), da Universidade Federal de Santa Maria (UFSM), e<br \/>volta-se a pesquisadores e estudantes em n\u00edvel de p\u00f3s-gradua\u00e7\u00e3o. Considerando as<br \/>especificidades das linhas de pesquisa que integram o PPGLetras e a periodicidade<br \/>semestral que \u00e9 mantida desde 1991, a cada ano \u00e9 publicado, ordinariamente, um<br \/>n\u00famero tem\u00e1tico dedicado aos Estudos Lingu\u00edsticos e outro dedicado aos Estudos<br \/>Liter\u00e1rios. Al\u00e9m disso, h\u00e1 a possiblidade de organiza\u00e7\u00e3o de n\u00fameros especiais, de forma<br \/>extraordin\u00e1ria. Cada publica\u00e7\u00e3o fica sob a responsabilidade de dois ou tr\u00eas<br \/>pesquisadores que assumem a fun\u00e7\u00e3o de organizadores, sendo um vinculado ao<br \/>PPGLetras e o(s) outro (s) externo (s) \u00e0 UFSM, preferencialmente participante (s) de<br \/>programa credenciado pela CAPES e classificado com, no m\u00ednimo, conceito 4. Os<br \/>textos submetidos ao peri\u00f3dico ser\u00e3o, preferencialmente, de pesquisadores doutores ou<br \/>com reconhecimento na \u00e1rea, podendo ter coautoria com p\u00f3s-graduandos e graduandos<br \/>e escritos em portugu\u00eas, franc\u00eas, espanhol ou ingl\u00eas. Os originais apresentados n\u00e3o<br \/>devem ter sido publicados ou submetidos simultaneamente a outro peri\u00f3dico.<\/p>\n<p><br \/><strong>L<\/strong><b>ink do peri\u00f3dico:<\/b>\u00a0<a style=\"font-size: 1rem;font-weight: var( --e-global-typography-text-font-weight );text-align: var(--bs-body-text-align)\" href=\"https:\/\/periodicos.ufsm.br\/letras\/index\" target=\"_blank\" rel=\"noopener\">https:\/\/periodicos.ufsm.br\/letras\/index<\/a><\/p>\n<p><!-- \/wp:tadv\/classic-paragraph --><\/p>\t\t\t\t\t\t<\/div>\n\t\t\t\t<\/div>\n\t\t\t\t\t<\/div>\n\t\t<\/div>\n\t\t\t\t\t<\/div>\n\t\t<\/section>\n\t\t\t\t<\/div>\n\t\t","protected":false},"excerpt":{"rendered":"<p>Letras \u00e9 um peri\u00f3dico cient\u00edfico e semestral que tem como miss\u00e3o reunir e divulgarartigos resultantes de pesquisa cient\u00edfica original de car\u00e1ter significativo para as \u00e1reasdos Estudos Lingu\u00edsticos e Liter\u00e1rios. A publica\u00e7\u00e3o est\u00e1 vinculada ao Programa de P\u00f3s-Gradua\u00e7\u00e3o em Letras (PPGLetras), da Universidade Federal de Santa Maria (UFSM), evolta-se a pesquisadores e estudantes em n\u00edvel de [&hellip;]<\/p>\n","protected":false},"author":3513,"featured_media":0,"parent":0,"menu_order":0,"comment_status":"closed","ping_status":"closed","template":"","meta":{"footnotes":""},"categories":[],"tags":[],"class_list":["post-45","page","type-page","status-publish","hentry"],"acf":[],"_links":{"self":[{"href":"https:\/\/www.ufsm.br\/editoras\/ppgl\/wp-json\/wp\/v2\/pages\/45","targetHints":{"allow":["GET"]}}],"collection":[{"href":"https:\/\/www.ufsm.br\/editoras\/ppgl\/wp-json\/wp\/v2\/pages"}],"about":[{"href":"https:\/\/www.ufsm.br\/editoras\/ppgl\/wp-json\/wp\/v2\/types\/page"}],"author":[{"embeddable":true,"href":"https:\/\/www.ufsm.br\/editoras\/ppgl\/wp-json\/wp\/v2\/users\/3513"}],"replies":[{"embeddable":true,"href":"https:\/\/www.ufsm.br\/editoras\/ppgl\/wp-json\/wp\/v2\/comments?post=45"}],"version-history":[{"count":0,"href":"https:\/\/www.ufsm.br\/editoras\/ppgl\/wp-json\/wp\/v2\/pages\/45\/revisions"}],"wp:attachment":[{"href":"https:\/\/www.ufsm.br\/editoras\/ppgl\/wp-json\/wp\/v2\/media?parent=45"}],"wp:term":[{"taxonomy":"category","embeddable":true,"href":"https:\/\/www.ufsm.br\/editoras\/ppgl\/wp-json\/wp\/v2\/categories?post=45"},{"taxonomy":"post_tag","embeddable":true,"href":"https:\/\/www.ufsm.br\/editoras\/ppgl\/wp-json\/wp\/v2\/tags?post=45"}],"curies":[{"name":"wp","href":"https:\/\/api.w.org\/{rel}","templated":true}]}}