{"id":46,"date":"2024-07-25T16:45:35","date_gmt":"2024-07-25T19:45:35","guid":{"rendered":"https:\/\/www.ufsm.br\/editoras\/ppgl\/?page_id=46"},"modified":"2024-10-08T17:06:34","modified_gmt":"2024-10-08T20:06:34","slug":"fragmentum","status":"publish","type":"page","link":"https:\/\/www.ufsm.br\/editoras\/ppgl\/fragmentum","title":{"rendered":"Fragmentum"},"content":{"rendered":"\t\t<div data-elementor-type=\"wp-page\" data-elementor-id=\"46\" class=\"elementor elementor-46\">\n\t\t\t\t\t\t<section class=\"elementor-section elementor-top-section elementor-element elementor-element-19df822 elementor-section-boxed elementor-section-height-default elementor-section-height-default\" data-id=\"19df822\" data-element_type=\"section\">\n\t\t\t\t\t\t<div class=\"elementor-container elementor-column-gap-default\">\n\t\t\t\t\t<div class=\"elementor-column elementor-col-50 elementor-top-column elementor-element elementor-element-f21d8e9\" data-id=\"f21d8e9\" data-element_type=\"column\">\n\t\t\t<div class=\"elementor-widget-wrap elementor-element-populated\">\n\t\t\t\t\t\t<div class=\"elementor-element elementor-element-446630d elementor-widget elementor-widget-text-editor\" data-id=\"446630d\" data-element_type=\"widget\" data-widget_type=\"text-editor.default\">\n\t\t\t\t<div class=\"elementor-widget-container\">\n\t\t\t\t\t\t\t<p><span style=\"color: #000000;font-size: 16px\">Fragmentum\u00a0\u00e9 um peri\u00f3dico cient\u00edfico publicado semestralmente nas vers\u00f5es impressa\u00a0<\/span><span style=\"color: #000000;font-size: 16px\">(ISSN 1519-9894) e on-line (ISSN 2179-2194) e destinado a pesquisadores e estudantes\u00a0<\/span><span style=\"color: #000000;font-size: 16px\">em n\u00edvel de p\u00f3s-gradua\u00e7\u00e3o. O peri\u00f3dico divulga textos produzidos por pesquisadores\u00a0<\/span><span style=\"color: #000000;font-size: 16px\">que desenvolvem, como escopo e\/ou resultado de pesquisas, as seguintes problem\u00e1ticas:\u00a0<\/span><span style=\"color: #000000;font-size: 16px\">a) Na Lingu\u00edstica, quest\u00f5es enunciativas e\/ou discursivas, tendo por eixo direto o campo<\/span><br style=\"color: #000000;font-size: 16px\" \/><span style=\"color: #000000;font-size: 16px\">do saber sobre a hist\u00f3ria da produ\u00e7\u00e3o do conhecimento lingu\u00edstico, a partir da an\u00e1lise de\u00a0<\/span><span style=\"color: #000000;font-size: 16px\">instrumentos lingu\u00edsticos bem como de outras textualidades alicer\u00e7adas pela Hist\u00f3ria\u00a0<\/span><span style=\"color: #000000;font-size: 16px\">das Ideias Lingu\u00edstica em sua rela\u00e7\u00e3o com a An\u00e1lise de Discurso de linha francesa;\u00a0<\/span><span style=\"color: #000000;font-size: 16px\">b) Na Literatura, estudos comparados que t\u00eam evidenciado a rela\u00e7\u00e3o do texto liter\u00e1rio\u00a0<\/span><span style=\"color: #000000;font-size: 16px\">n\u00e3o apenas com seu contexto de produ\u00e7\u00e3o como tamb\u00e9m com outras artes, m\u00eddias,\u00a0<\/span><span style=\"color: #000000;font-size: 16px\">saberes e formas, aproxima\u00e7\u00e3o esta que articula artes e conhecimentos em\u00a0<\/span><span style=\"font-size: 16px;font-weight: var( --e-global-typography-text-font-weight );text-align: var(--bs-body-text-align)\">suas\u00a0<\/span><span style=\"font-size: 16px;font-weight: var( --e-global-typography-text-font-weight );text-align: var(--bs-body-text-align)\">especificidades, demonstrando processos de leitura, compreens\u00e3o, interpreta\u00e7\u00e3o e\u00a0<\/span><span style=\"font-size: 16px;font-weight: var( --e-global-typography-text-font-weight );text-align: var(--bs-body-text-align)\">an\u00e1lise envolvidos no acesso a obras de arte e \u00e0 recep\u00e7\u00e3o de um p\u00fablico especializado.\u00a0<\/span><span style=\"font-size: 16px;font-weight: var( --e-global-typography-text-font-weight );text-align: var(--bs-body-text-align)\">Admitem-se textos em portugu\u00eas, franc\u00eas, ingl\u00eas ou espanhol. N\u00e3o s\u00e3o aceitos textos de\u00a0<\/span><span style=\"font-size: 16px;font-weight: var( --e-global-typography-text-font-weight );text-align: var(--bs-body-text-align)\">pesquisadores que n\u00e3o tenham a forma\u00e7\u00e3o m\u00ednima de doutor. Acad\u00eamicos de doutorado\u00a0<\/span><span style=\"font-size: 16px;font-weight: var( --e-global-typography-text-font-weight );text-align: var(--bs-body-text-align)\">podem submeter textos \u00e0 avalia\u00e7\u00e3o, desde que em coautoria com o professor orientador.<\/span><\/p><p>\u00a0<\/p><p><span style=\"color: #000000;font-size: 16px\"><strong>Link do peri\u00f3dico:<\/strong>\u00a0<\/span><a style=\"color: #204c90;font-size: 16px\" href=\"https:\/\/periodicos.ufsm.br\/fragmentum\">https:\/\/periodicos.ufsm.br\/fragmentu<\/a><a style=\"font-size: 16px;font-weight: var( --e-global-typography-text-font-weight );text-align: var(--bs-body-text-align)\" href=\"https:\/\/periodicos.ufsm.br\/fragmentum\">m<\/a><\/p>\t\t\t\t\t\t<\/div>\n\t\t\t\t<\/div>\n\t\t\t\t\t<\/div>\n\t\t<\/div>\n\t\t\t\t<div class=\"elementor-column elementor-col-50 elementor-top-column elementor-element elementor-element-15b89ff\" data-id=\"15b89ff\" data-element_type=\"column\">\n\t\t\t<div class=\"elementor-widget-wrap elementor-element-populated\">\n\t\t\t\t\t\t<div class=\"elementor-element elementor-element-d7dba95 elementor-widget elementor-widget-image\" data-id=\"d7dba95\" data-element_type=\"widget\" data-widget_type=\"image.default\">\n\t\t\t\t<div class=\"elementor-widget-container\">\n\t\t\t\t\t\t\t\t\t\t\t\t\t<img fetchpriority=\"high\" decoding=\"async\" width=\"499\" height=\"435\" src=\"https:\/\/www.ufsm.br\/app\/uploads\/sites\/751\/2024\/08\/unnamed-3.jpg\" class=\"attachment-large size-large wp-image-57\" alt=\"\" srcset=\"https:\/\/www.ufsm.br\/app\/uploads\/sites\/751\/2024\/08\/unnamed-3.jpg 499w, https:\/\/www.ufsm.br\/app\/uploads\/sites\/751\/2024\/08\/unnamed-3-300x262.jpg 300w\" sizes=\"(max-width: 499px) 100vw, 499px\" \/>\t\t\t\t\t\t\t\t\t\t\t\t\t<\/div>\n\t\t\t\t<\/div>\n\t\t\t\t\t<\/div>\n\t\t<\/div>\n\t\t\t\t\t<\/div>\n\t\t<\/section>\n\t\t\t\t<\/div>\n\t\t","protected":false},"excerpt":{"rendered":"<p>Fragmentum\u00a0\u00e9 um peri\u00f3dico cient\u00edfico publicado semestralmente nas vers\u00f5es impressa\u00a0(ISSN 1519-9894) e on-line (ISSN 2179-2194) e destinado a pesquisadores e estudantes\u00a0em n\u00edvel de p\u00f3s-gradua\u00e7\u00e3o. O peri\u00f3dico divulga textos produzidos por pesquisadores\u00a0que desenvolvem, como escopo e\/ou resultado de pesquisas, as seguintes problem\u00e1ticas:\u00a0a) Na Lingu\u00edstica, quest\u00f5es enunciativas e\/ou discursivas, tendo por eixo direto o campodo saber sobre a [&hellip;]<\/p>\n","protected":false},"author":3513,"featured_media":0,"parent":0,"menu_order":0,"comment_status":"closed","ping_status":"closed","template":"","meta":{"footnotes":""},"categories":[],"tags":[],"class_list":["post-46","page","type-page","status-publish","hentry"],"acf":[],"_links":{"self":[{"href":"https:\/\/www.ufsm.br\/editoras\/ppgl\/wp-json\/wp\/v2\/pages\/46","targetHints":{"allow":["GET"]}}],"collection":[{"href":"https:\/\/www.ufsm.br\/editoras\/ppgl\/wp-json\/wp\/v2\/pages"}],"about":[{"href":"https:\/\/www.ufsm.br\/editoras\/ppgl\/wp-json\/wp\/v2\/types\/page"}],"author":[{"embeddable":true,"href":"https:\/\/www.ufsm.br\/editoras\/ppgl\/wp-json\/wp\/v2\/users\/3513"}],"replies":[{"embeddable":true,"href":"https:\/\/www.ufsm.br\/editoras\/ppgl\/wp-json\/wp\/v2\/comments?post=46"}],"version-history":[{"count":0,"href":"https:\/\/www.ufsm.br\/editoras\/ppgl\/wp-json\/wp\/v2\/pages\/46\/revisions"}],"wp:attachment":[{"href":"https:\/\/www.ufsm.br\/editoras\/ppgl\/wp-json\/wp\/v2\/media?parent=46"}],"wp:term":[{"taxonomy":"category","embeddable":true,"href":"https:\/\/www.ufsm.br\/editoras\/ppgl\/wp-json\/wp\/v2\/categories?post=46"},{"taxonomy":"post_tag","embeddable":true,"href":"https:\/\/www.ufsm.br\/editoras\/ppgl\/wp-json\/wp\/v2\/tags?post=46"}],"curies":[{"name":"wp","href":"https:\/\/api.w.org\/{rel}","templated":true}]}}