{"id":51,"date":"2024-07-25T16:52:19","date_gmt":"2024-07-25T19:52:19","guid":{"rendered":"https:\/\/www.ufsm.br\/editoras\/ppgl\/?page_id=51"},"modified":"2024-08-16T14:42:27","modified_gmt":"2024-08-16T17:42:27","slug":"hipersberes","status":"publish","type":"page","link":"https:\/\/www.ufsm.br\/editoras\/ppgl\/hipersberes","title":{"rendered":"HiperS@beres"},"content":{"rendered":"\t\t<div data-elementor-type=\"wp-page\" data-elementor-id=\"51\" class=\"elementor elementor-51\">\n\t\t\t\t\t\t<section class=\"elementor-section elementor-top-section elementor-element elementor-element-da239db elementor-section-boxed elementor-section-height-default elementor-section-height-default\" data-id=\"da239db\" data-element_type=\"section\">\n\t\t\t\t\t\t<div class=\"elementor-container elementor-column-gap-default\">\n\t\t\t\t\t<div class=\"elementor-column elementor-col-100 elementor-top-column elementor-element elementor-element-4fe9834\" data-id=\"4fe9834\" data-element_type=\"column\">\n\t\t\t<div class=\"elementor-widget-wrap elementor-element-populated\">\n\t\t\t\t\t\t<div class=\"elementor-element elementor-element-d42eb15 elementor-widget elementor-widget-image\" data-id=\"d42eb15\" data-element_type=\"widget\" data-widget_type=\"image.default\">\n\t\t\t\t<div class=\"elementor-widget-container\">\n\t\t\t\t\t\t\t\t\t\t\t\t\t<img fetchpriority=\"high\" decoding=\"async\" width=\"640\" height=\"400\" src=\"https:\/\/www.ufsm.br\/app\/uploads\/sites\/751\/2024\/08\/hiper2.jpg\" class=\"attachment-large size-large wp-image-62\" alt=\"\" srcset=\"https:\/\/www.ufsm.br\/app\/uploads\/sites\/751\/2024\/08\/hiper2.jpg 640w, https:\/\/www.ufsm.br\/app\/uploads\/sites\/751\/2024\/08\/hiper2-300x188.jpg 300w\" sizes=\"(max-width: 640px) 100vw, 640px\" \/>\t\t\t\t\t\t\t\t\t\t\t\t\t<\/div>\n\t\t\t\t<\/div>\n\t\t\t\t\t<\/div>\n\t\t<\/div>\n\t\t\t\t\t<\/div>\n\t\t<\/section>\n\t\t\t\t<section class=\"elementor-section elementor-top-section elementor-element elementor-element-7d2efd6 elementor-section-boxed elementor-section-height-default elementor-section-height-default\" data-id=\"7d2efd6\" data-element_type=\"section\">\n\t\t\t\t\t\t<div class=\"elementor-container elementor-column-gap-default\">\n\t\t\t\t\t<div class=\"elementor-column elementor-col-100 elementor-top-column elementor-element elementor-element-aa54e01\" data-id=\"aa54e01\" data-element_type=\"column\">\n\t\t\t<div class=\"elementor-widget-wrap elementor-element-populated\">\n\t\t\t\t\t\t<div class=\"elementor-element elementor-element-7097328e elementor-widget elementor-widget-text-editor\" data-id=\"7097328e\" data-element_type=\"widget\" data-widget_type=\"text-editor.default\">\n\t\t\t\t<div class=\"elementor-widget-container\">\n\t\t\t\t\t\t\t<p><!-- wp:tadv\/classic-paragraph --><\/p>\n<p>HiperS@beres constitui-se em uma Cole\u00e7\u00e3o Seriada de Livros Digitais e vem a atender<br>uma demanda pr\u00f3pria do&nbsp; ciberespa\u00e7o e das novas Tecnologias da Informa\u00e7\u00e3o e da<br>Comunica\u00e7\u00e3o, no tocante \u00e0 produ\u00e7\u00e3o do conhecimento. Vinculada ao Programa de P\u00f3s-<br>Gradua\u00e7\u00e3o em Letras, da Universidade Federal de Santa Maria, a s\u00e9rie digital visa a<br>reunir artigos nas L\u00ednguas Portuguesa, Espanhola, Francesa ou Inglesa; resenhas e<br>tradu\u00e7\u00f5es atreladas a pesquisas em andamento na \u00c1rea de Letras \u2013 Estudos Liter\u00e1rios e<br>Estudos Lingu\u00edsticos, no \u00e2mbito das Linhas de Pesquisa do PPGL e mediante acordos<br>de coopera\u00e7\u00e3o acad\u00eamica.<br>S\u00e3o incentivadas as contribui\u00e7\u00f5es \u2018em processo\u2019, pr\u00f3prias de saberes em constitui\u00e7\u00e3o no<br>cen\u00e1rio da p\u00f3s-gradua\u00e7\u00e3o, pleno em movimentos, retomadas e retifica\u00e7\u00f5es.<br>Buscando contemplar esse processo vol\u00e1til, a cole\u00e7\u00e3o&nbsp;HiperS@beres objetiva&nbsp;trazer<br>para o espa\u00e7o digital contribui\u00e7\u00f5es com tais caracter\u00edsticas, colocando no centro das<br>discuss\u00f5es as linguagens em seus multimeios, configurando assim sua \u2018linha editorial\u2019,<br>ou seja, uma publica\u00e7\u00e3o digital interativa, mediante linkagens que estabelecem di\u00e1logos<br>entre diferentes m\u00eddias, saberes, sujeitos, lugares do mundo.<br>Link da cole\u00e7\u00e3o:&nbsp;<a href=\"https:\/\/www.ufsm.br\/cursos\/pos-graduacao\/santa-maria\/ppgletras\/colecao-hipersaberes\">https:\/\/www.ufsm.br\/cursos\/pos-graduacao\/santa-<br>maria\/ppgletras\/colecao-hipersaberes<\/a><\/p>\n<p><!-- \/wp:tadv\/classic-paragraph --><\/p>\t\t\t\t\t\t<\/div>\n\t\t\t\t<\/div>\n\t\t\t\t\t<\/div>\n\t\t<\/div>\n\t\t\t\t\t<\/div>\n\t\t<\/section>\n\t\t\t\t<\/div>\n\t\t","protected":false},"excerpt":{"rendered":"<p>HiperS@beres constitui-se em uma Cole\u00e7\u00e3o Seriada de Livros Digitais e vem a atenderuma demanda pr\u00f3pria do&nbsp; ciberespa\u00e7o e das novas Tecnologias da Informa\u00e7\u00e3o e daComunica\u00e7\u00e3o, no tocante \u00e0 produ\u00e7\u00e3o do conhecimento. Vinculada ao Programa de P\u00f3s-Gradua\u00e7\u00e3o em Letras, da Universidade Federal de Santa Maria, a s\u00e9rie digital visa areunir artigos nas L\u00ednguas Portuguesa, Espanhola, Francesa [&hellip;]<\/p>\n","protected":false},"author":3513,"featured_media":0,"parent":0,"menu_order":0,"comment_status":"closed","ping_status":"closed","template":"","meta":{"footnotes":""},"categories":[],"tags":[],"class_list":["post-51","page","type-page","status-publish","hentry"],"acf":[],"_links":{"self":[{"href":"https:\/\/www.ufsm.br\/editoras\/ppgl\/wp-json\/wp\/v2\/pages\/51","targetHints":{"allow":["GET"]}}],"collection":[{"href":"https:\/\/www.ufsm.br\/editoras\/ppgl\/wp-json\/wp\/v2\/pages"}],"about":[{"href":"https:\/\/www.ufsm.br\/editoras\/ppgl\/wp-json\/wp\/v2\/types\/page"}],"author":[{"embeddable":true,"href":"https:\/\/www.ufsm.br\/editoras\/ppgl\/wp-json\/wp\/v2\/users\/3513"}],"replies":[{"embeddable":true,"href":"https:\/\/www.ufsm.br\/editoras\/ppgl\/wp-json\/wp\/v2\/comments?post=51"}],"version-history":[{"count":0,"href":"https:\/\/www.ufsm.br\/editoras\/ppgl\/wp-json\/wp\/v2\/pages\/51\/revisions"}],"wp:attachment":[{"href":"https:\/\/www.ufsm.br\/editoras\/ppgl\/wp-json\/wp\/v2\/media?parent=51"}],"wp:term":[{"taxonomy":"category","embeddable":true,"href":"https:\/\/www.ufsm.br\/editoras\/ppgl\/wp-json\/wp\/v2\/categories?post=51"},{"taxonomy":"post_tag","embeddable":true,"href":"https:\/\/www.ufsm.br\/editoras\/ppgl\/wp-json\/wp\/v2\/tags?post=51"}],"curies":[{"name":"wp","href":"https:\/\/api.w.org\/{rel}","templated":true}]}}