{"id":52,"date":"2024-07-25T16:54:34","date_gmt":"2024-07-25T19:54:34","guid":{"rendered":"https:\/\/www.ufsm.br\/editoras\/ppgl\/?page_id=52"},"modified":"2024-10-08T17:07:42","modified_gmt":"2024-10-08T20:07:42","slug":"memorias-infinitas","status":"publish","type":"page","link":"https:\/\/www.ufsm.br\/editoras\/ppgl\/memorias-infinitas","title":{"rendered":"Mem\u00f3rias Infinitas"},"content":{"rendered":"\t\t<div data-elementor-type=\"wp-page\" data-elementor-id=\"52\" class=\"elementor elementor-52\">\n\t\t\t\t\t\t<section class=\"elementor-section elementor-top-section elementor-element elementor-element-fc83143 elementor-section-boxed elementor-section-height-default elementor-section-height-default\" data-id=\"fc83143\" data-element_type=\"section\">\n\t\t\t\t\t\t<div class=\"elementor-container elementor-column-gap-default\">\n\t\t\t\t\t<div class=\"elementor-column elementor-col-100 elementor-top-column elementor-element elementor-element-3ce53a0\" data-id=\"3ce53a0\" data-element_type=\"column\">\n\t\t\t<div class=\"elementor-widget-wrap elementor-element-populated\">\n\t\t\t\t\t\t<div class=\"elementor-element elementor-element-b4e2e39 elementor-widget elementor-widget-image\" data-id=\"b4e2e39\" data-element_type=\"widget\" data-widget_type=\"image.default\">\n\t\t\t\t<div class=\"elementor-widget-container\">\n\t\t\t\t\t\t\t\t\t\t\t\t\t<img fetchpriority=\"high\" decoding=\"async\" width=\"1024\" height=\"344\" src=\"https:\/\/www.ufsm.br\/app\/uploads\/sites\/751\/2024\/08\/Screenshot_1-1024x344.jpg\" class=\"attachment-large size-large wp-image-61\" alt=\"\" srcset=\"https:\/\/www.ufsm.br\/app\/uploads\/sites\/751\/2024\/08\/Screenshot_1-1024x344.jpg 1024w, https:\/\/www.ufsm.br\/app\/uploads\/sites\/751\/2024\/08\/Screenshot_1-300x101.jpg 300w, https:\/\/www.ufsm.br\/app\/uploads\/sites\/751\/2024\/08\/Screenshot_1-768x258.jpg 768w, https:\/\/www.ufsm.br\/app\/uploads\/sites\/751\/2024\/08\/Screenshot_1-1536x516.jpg 1536w, https:\/\/www.ufsm.br\/app\/uploads\/sites\/751\/2024\/08\/Screenshot_1.jpg 1578w\" sizes=\"(max-width: 1024px) 100vw, 1024px\" \/>\t\t\t\t\t\t\t\t\t\t\t\t\t<\/div>\n\t\t\t\t<\/div>\n\t\t\t\t\t<\/div>\n\t\t<\/div>\n\t\t\t\t\t<\/div>\n\t\t<\/section>\n\t\t\t\t<section class=\"elementor-section elementor-top-section elementor-element elementor-element-6621aeb5 elementor-section-boxed elementor-section-height-default elementor-section-height-default\" data-id=\"6621aeb5\" data-element_type=\"section\">\n\t\t\t\t\t\t<div class=\"elementor-container elementor-column-gap-default\">\n\t\t\t\t\t<div class=\"elementor-column elementor-col-100 elementor-top-column elementor-element elementor-element-128ffbe5\" data-id=\"128ffbe5\" data-element_type=\"column\">\n\t\t\t<div class=\"elementor-widget-wrap elementor-element-populated\">\n\t\t\t\t\t\t<div class=\"elementor-element elementor-element-62c3bd49 elementor-widget elementor-widget-text-editor\" data-id=\"62c3bd49\" data-element_type=\"widget\" data-widget_type=\"text-editor.default\">\n\t\t\t\t<div class=\"elementor-widget-container\">\n\t\t\t\t\t\t\t<p><!-- wp:tadv\/classic-paragraph --><\/p>\n<p>A Cole\u00e7\u00e3o Mem\u00f3rias Infinitas tem por objetivo corroborar com uma pol\u00edtica regional de<br \/>guarda sobre a hist\u00f3ria e a mem\u00f3ria escolar na regi\u00e3o da Quarta Col\u00f4nia (RS) e que<br \/>estejam relacionadas aos geoss\u00edtios dentro do Projeto Geoparques. Os registros podem<br \/>ser feitos de diferentes formas de express\u00e3o cultural, lingu\u00edstica, arquitet\u00f4nica, liter\u00e1ria,<br \/>hist\u00f3rica, art\u00edstica, etc. Sua meta principal \u00e9 criar uma cultura de Educa\u00e7\u00e3o Patrimonial<br \/>a partir de objetos, instrumentos lingu\u00edsticos, materialidades as mais diversas, sobre a<br \/>hist\u00f3ria da escola para que possamos implantar uma pol\u00edtica de preserva\u00e7\u00e3o e guarda de<br \/>acervos sobre o ensino e a aprendizagem na regi\u00e3o: dois pontos de sustenta\u00e7\u00e3o e<br \/>constitutivos do que somos no tempo presente.<\/p>\n<p>\u00a0<\/p>\n<p><strong>Link da cole\u00e7\u00e3o:<\/strong> <a href=\"https:\/\/www.ufsm.br\/cursos\/pos-graduacao\/santa-maria\/ppgletras?page_id=2933\">https:\/\/www.ufsm.br\/cursos\/pos-graduacao\/santa-<br \/>maria\/ppgletras?page_id=2933<\/a><\/p>\n<p><!-- \/wp:tadv\/classic-paragraph --><\/p>\t\t\t\t\t\t<\/div>\n\t\t\t\t<\/div>\n\t\t\t\t\t<\/div>\n\t\t<\/div>\n\t\t\t\t\t<\/div>\n\t\t<\/section>\n\t\t\t\t<\/div>\n\t\t","protected":false},"excerpt":{"rendered":"<p>A Cole\u00e7\u00e3o Mem\u00f3rias Infinitas tem por objetivo corroborar com uma pol\u00edtica regional deguarda sobre a hist\u00f3ria e a mem\u00f3ria escolar na regi\u00e3o da Quarta Col\u00f4nia (RS) e queestejam relacionadas aos geoss\u00edtios dentro do Projeto Geoparques. Os registros podemser feitos de diferentes formas de express\u00e3o cultural, lingu\u00edstica, arquitet\u00f4nica, liter\u00e1ria,hist\u00f3rica, art\u00edstica, etc. Sua meta principal \u00e9 criar [&hellip;]<\/p>\n","protected":false},"author":3513,"featured_media":0,"parent":0,"menu_order":0,"comment_status":"closed","ping_status":"closed","template":"","meta":{"footnotes":""},"categories":[],"tags":[],"class_list":["post-52","page","type-page","status-publish","hentry"],"acf":[],"_links":{"self":[{"href":"https:\/\/www.ufsm.br\/editoras\/ppgl\/wp-json\/wp\/v2\/pages\/52","targetHints":{"allow":["GET"]}}],"collection":[{"href":"https:\/\/www.ufsm.br\/editoras\/ppgl\/wp-json\/wp\/v2\/pages"}],"about":[{"href":"https:\/\/www.ufsm.br\/editoras\/ppgl\/wp-json\/wp\/v2\/types\/page"}],"author":[{"embeddable":true,"href":"https:\/\/www.ufsm.br\/editoras\/ppgl\/wp-json\/wp\/v2\/users\/3513"}],"replies":[{"embeddable":true,"href":"https:\/\/www.ufsm.br\/editoras\/ppgl\/wp-json\/wp\/v2\/comments?post=52"}],"version-history":[{"count":0,"href":"https:\/\/www.ufsm.br\/editoras\/ppgl\/wp-json\/wp\/v2\/pages\/52\/revisions"}],"wp:attachment":[{"href":"https:\/\/www.ufsm.br\/editoras\/ppgl\/wp-json\/wp\/v2\/media?parent=52"}],"wp:term":[{"taxonomy":"category","embeddable":true,"href":"https:\/\/www.ufsm.br\/editoras\/ppgl\/wp-json\/wp\/v2\/categories?post=52"},{"taxonomy":"post_tag","embeddable":true,"href":"https:\/\/www.ufsm.br\/editoras\/ppgl\/wp-json\/wp\/v2\/tags?post=52"}],"curies":[{"name":"wp","href":"https:\/\/api.w.org\/{rel}","templated":true}]}}