{"id":54,"date":"2024-07-25T16:56:16","date_gmt":"2024-07-25T19:56:16","guid":{"rendered":"https:\/\/www.ufsm.br\/editoras\/ppgl\/?page_id=54"},"modified":"2024-10-08T17:15:11","modified_gmt":"2024-10-08T20:15:11","slug":"cogitare","status":"publish","type":"page","link":"https:\/\/www.ufsm.br\/editoras\/ppgl\/cogitare","title":{"rendered":"Cogitare"},"content":{"rendered":"\t\t<div data-elementor-type=\"wp-page\" data-elementor-id=\"54\" class=\"elementor elementor-54\">\n\t\t\t\t\t\t<section class=\"elementor-section elementor-top-section elementor-element elementor-element-14049de2 elementor-section-boxed elementor-section-height-default elementor-section-height-default\" data-id=\"14049de2\" data-element_type=\"section\">\n\t\t\t\t\t\t<div class=\"elementor-container elementor-column-gap-default\">\n\t\t\t\t\t<div class=\"elementor-column elementor-col-100 elementor-top-column elementor-element elementor-element-1d047cf3\" data-id=\"1d047cf3\" data-element_type=\"column\">\n\t\t\t<div class=\"elementor-widget-wrap elementor-element-populated\">\n\t\t\t\t\t\t<div class=\"elementor-element elementor-element-76078239 elementor-widget elementor-widget-text-editor\" data-id=\"76078239\" data-element_type=\"widget\" data-widget_type=\"text-editor.default\">\n\t\t\t\t<div class=\"elementor-widget-container\">\n\t\t\t\t\t\t\t<p><!-- wp:tadv\/classic-paragraph --><\/p>\n<p>A s\u00e9rie Cogitare (ISSN 1981-6987) \u00e9 uma publica\u00e7\u00e3o do segmento e-books do PPGL<br \/>Editores. Foi criada com o objetivo de divulgar a contribui\u00e7\u00e3o de pesquisadores que<br \/>tenham participado de atividades junto aos cursos de Mestrado e Doutorado em Letras<br \/>da UFSM, na forma de palestras, confer\u00eancias e outros trabalhos de pequena extens\u00e3o.<br \/>Tamb\u00e9m visa a produ\u00e7\u00e3o de textos te\u00f3ricos ou cr\u00edticos produzidos por professores<br \/>vinculados \u00e0s linhas de pesquisa do PPGL \u2013 UFSM.<br \/>Esses trabalhos devem ser resultado de projetos vinculados \u00e0s linhas de pesquisa do<br \/>Programa de P\u00f3s-Gradua\u00e7\u00e3o em Letras, permitindo, assim, a divulga\u00e7\u00e3o de alguns<br \/>resultados produzidos pela investiga\u00e7\u00e3o nas \u00e1reas de Estudos Ling\u00fc\u00edsticos e Liter\u00e1rios<br \/>da UFSM.<br \/>A publica\u00e7\u00e3o de tradu\u00e7\u00f5es dever\u00e1 complementar os textos j\u00e1 pertencentes ao dom\u00ednio<br \/>p\u00fablico, relacionados \u00e0 pesquisa desenvolvida pelo Programa, e que contribuam para<br \/>fomentar novas perspectivas. Devem apresentar pref\u00e1cio que justifique a import\u00e2ncia do<br \/>texto e sua vincula\u00e7\u00e3o com o trabalho de pesquisa desenvolvido pelo tradutor.<\/p>\n<p>\u00a0<\/p>\n<p><strong>Link da cole\u00e7\u00e3o: <\/strong><a href=\"https:\/\/www.ufsm.br\/cursos\/pos-graduacao\/santa-maria\/ppgletras\/serie-cogitare\">https:\/\/www.ufsm.br\/cursos\/pos-graduacao\/santa-maria\/ppgletras\/serie-<br \/>cogitare<\/a><\/p>\n<p><!-- \/wp:tadv\/classic-paragraph --><\/p>\t\t\t\t\t\t<\/div>\n\t\t\t\t<\/div>\n\t\t\t\t\t<\/div>\n\t\t<\/div>\n\t\t\t\t\t<\/div>\n\t\t<\/section>\n\t\t\t\t<\/div>\n\t\t","protected":false},"excerpt":{"rendered":"<p>A s\u00e9rie Cogitare (ISSN 1981-6987) \u00e9 uma publica\u00e7\u00e3o do segmento e-books do PPGLEditores. Foi criada com o objetivo de divulgar a contribui\u00e7\u00e3o de pesquisadores quetenham participado de atividades junto aos cursos de Mestrado e Doutorado em Letrasda UFSM, na forma de palestras, confer\u00eancias e outros trabalhos de pequena extens\u00e3o.Tamb\u00e9m visa a produ\u00e7\u00e3o de textos te\u00f3ricos [&hellip;]<\/p>\n","protected":false},"author":3513,"featured_media":0,"parent":0,"menu_order":0,"comment_status":"closed","ping_status":"closed","template":"","meta":{"footnotes":""},"categories":[],"tags":[],"class_list":["post-54","page","type-page","status-publish","hentry"],"acf":[],"_links":{"self":[{"href":"https:\/\/www.ufsm.br\/editoras\/ppgl\/wp-json\/wp\/v2\/pages\/54","targetHints":{"allow":["GET"]}}],"collection":[{"href":"https:\/\/www.ufsm.br\/editoras\/ppgl\/wp-json\/wp\/v2\/pages"}],"about":[{"href":"https:\/\/www.ufsm.br\/editoras\/ppgl\/wp-json\/wp\/v2\/types\/page"}],"author":[{"embeddable":true,"href":"https:\/\/www.ufsm.br\/editoras\/ppgl\/wp-json\/wp\/v2\/users\/3513"}],"replies":[{"embeddable":true,"href":"https:\/\/www.ufsm.br\/editoras\/ppgl\/wp-json\/wp\/v2\/comments?post=54"}],"version-history":[{"count":0,"href":"https:\/\/www.ufsm.br\/editoras\/ppgl\/wp-json\/wp\/v2\/pages\/54\/revisions"}],"wp:attachment":[{"href":"https:\/\/www.ufsm.br\/editoras\/ppgl\/wp-json\/wp\/v2\/media?parent=54"}],"wp:term":[{"taxonomy":"category","embeddable":true,"href":"https:\/\/www.ufsm.br\/editoras\/ppgl\/wp-json\/wp\/v2\/categories?post=54"},{"taxonomy":"post_tag","embeddable":true,"href":"https:\/\/www.ufsm.br\/editoras\/ppgl\/wp-json\/wp\/v2\/tags?post=54"}],"curies":[{"name":"wp","href":"https:\/\/api.w.org\/{rel}","templated":true}]}}