{"id":55,"date":"2024-07-25T16:57:31","date_gmt":"2024-07-25T19:57:31","guid":{"rendered":"https:\/\/www.ufsm.br\/editoras\/ppgl\/?page_id=55"},"modified":"2024-07-25T16:58:57","modified_gmt":"2024-07-25T19:58:57","slug":"e-books","status":"publish","type":"page","link":"https:\/\/www.ufsm.br\/editoras\/ppgl\/e-books","title":{"rendered":"E-books"},"content":{"rendered":"\t\t<div data-elementor-type=\"wp-page\" data-elementor-id=\"55\" class=\"elementor elementor-55\">\n\t\t\t\t\t\t<section class=\"elementor-section elementor-top-section elementor-element elementor-element-3f1938cc elementor-section-boxed elementor-section-height-default elementor-section-height-default\" data-id=\"3f1938cc\" data-element_type=\"section\">\n\t\t\t\t\t\t<div class=\"elementor-container elementor-column-gap-default\">\n\t\t\t\t\t<div class=\"elementor-column elementor-col-100 elementor-top-column elementor-element elementor-element-34e80bfd\" data-id=\"34e80bfd\" data-element_type=\"column\">\n\t\t\t<div class=\"elementor-widget-wrap elementor-element-populated\">\n\t\t\t\t\t\t<div class=\"elementor-element elementor-element-62e1ae22 elementor-widget elementor-widget-text-editor\" data-id=\"62e1ae22\" data-element_type=\"widget\" data-widget_type=\"text-editor.default\">\n\t\t\t\t<div class=\"elementor-widget-container\">\n\t\t\t\t\t\t\t<p><!-- wp:tadv\/classic-paragraph --><\/p>\n<p>O segmento e-books destina-se \u00e0 publica\u00e7\u00e3o de obras que visem \u00e0 difus\u00e3o do<br>conhecimento a partir de textos representativos das \u00e1reas de Letras e Lingu\u00edstica, tais<br>como colet\u00e2nea da obra de um autor, textos inovadores e tradu\u00e7\u00f5es de obras cl\u00e1ssicas<br>para o portugu\u00eas, al\u00e9m de publica\u00e7\u00f5es destinadas a revelar e valorizar o patrim\u00f4nio<br>cultural e hist\u00f3rico, obras relevantes para as discuss\u00f5es sobre a organiza\u00e7\u00e3o e<br>funcionamento da hist\u00f3ria disciplinar moderna e seus reflexos sobre a reprodu\u00e7\u00e3o e a<br>democratiza\u00e7\u00e3o do saber. Tamb\u00e9m s\u00e3o aceitas obras sobre temas contempor\u00e2neos, a<br>exemplo das novas formas de organiza\u00e7\u00e3o da sociedade pela linguagem, entre outros.<br>Link do segmento: <a href=\"https:\/\/www.ufsm.br\/cursos\/pos-graduacao\/santa-maria\/ppgletras\/livro-e-books\">https:\/\/www.ufsm.br\/cursos\/pos-graduacao\/santa-<br>maria\/ppgletras\/livro-e-books<\/a>&nbsp;<\/p>\n<p><!-- \/wp:tadv\/classic-paragraph --><\/p>\t\t\t\t\t\t<\/div>\n\t\t\t\t<\/div>\n\t\t\t\t\t<\/div>\n\t\t<\/div>\n\t\t\t\t\t<\/div>\n\t\t<\/section>\n\t\t\t\t<\/div>\n\t\t","protected":false},"excerpt":{"rendered":"<p>O segmento e-books destina-se \u00e0 publica\u00e7\u00e3o de obras que visem \u00e0 difus\u00e3o doconhecimento a partir de textos representativos das \u00e1reas de Letras e Lingu\u00edstica, taiscomo colet\u00e2nea da obra de um autor, textos inovadores e tradu\u00e7\u00f5es de obras cl\u00e1ssicaspara o portugu\u00eas, al\u00e9m de publica\u00e7\u00f5es destinadas a revelar e valorizar o patrim\u00f4niocultural e hist\u00f3rico, obras relevantes para [&hellip;]<\/p>\n","protected":false},"author":3513,"featured_media":0,"parent":0,"menu_order":0,"comment_status":"closed","ping_status":"closed","template":"","meta":{"footnotes":""},"categories":[],"tags":[],"class_list":["post-55","page","type-page","status-publish","hentry"],"acf":[],"_links":{"self":[{"href":"https:\/\/www.ufsm.br\/editoras\/ppgl\/wp-json\/wp\/v2\/pages\/55","targetHints":{"allow":["GET"]}}],"collection":[{"href":"https:\/\/www.ufsm.br\/editoras\/ppgl\/wp-json\/wp\/v2\/pages"}],"about":[{"href":"https:\/\/www.ufsm.br\/editoras\/ppgl\/wp-json\/wp\/v2\/types\/page"}],"author":[{"embeddable":true,"href":"https:\/\/www.ufsm.br\/editoras\/ppgl\/wp-json\/wp\/v2\/users\/3513"}],"replies":[{"embeddable":true,"href":"https:\/\/www.ufsm.br\/editoras\/ppgl\/wp-json\/wp\/v2\/comments?post=55"}],"version-history":[{"count":0,"href":"https:\/\/www.ufsm.br\/editoras\/ppgl\/wp-json\/wp\/v2\/pages\/55\/revisions"}],"wp:attachment":[{"href":"https:\/\/www.ufsm.br\/editoras\/ppgl\/wp-json\/wp\/v2\/media?parent=55"}],"wp:term":[{"taxonomy":"category","embeddable":true,"href":"https:\/\/www.ufsm.br\/editoras\/ppgl\/wp-json\/wp\/v2\/categories?post=55"},{"taxonomy":"post_tag","embeddable":true,"href":"https:\/\/www.ufsm.br\/editoras\/ppgl\/wp-json\/wp\/v2\/tags?post=55"}],"curies":[{"name":"wp","href":"https:\/\/api.w.org\/{rel}","templated":true}]}}