{"id":65,"date":"2024-08-22T14:16:04","date_gmt":"2024-08-22T17:16:04","guid":{"rendered":"https:\/\/www.ufsm.br\/editoras\/ppgl\/?page_id=65"},"modified":"2024-08-22T14:16:06","modified_gmt":"2024-08-22T17:16:06","slug":"e-books-2","status":"publish","type":"page","link":"https:\/\/www.ufsm.br\/editoras\/ppgl\/e-books-2","title":{"rendered":"E-books"},"content":{"rendered":"\n<p>O segmento e-books destina-se \u00e0 publica\u00e7\u00e3o de obras que visem \u00e0 difus\u00e3o do<br>conhecimento a partir de textos representativos das \u00e1reas de Letras e Lingu\u00edstica, tais<br>como colet\u00e2nea da obra de um autor, textos inovadores e tradu\u00e7\u00f5es de obras cl\u00e1ssicas<br>para o portugu\u00eas, al\u00e9m de publica\u00e7\u00f5es destinadas a revelar e valorizar o patrim\u00f4nio<br>cultural e hist\u00f3rico, obras relevantes para as discuss\u00f5es sobre a organiza\u00e7\u00e3o e<br>funcionamento da hist\u00f3ria disciplinar moderna e seus reflexos sobre a reprodu\u00e7\u00e3o e a<br>democratiza\u00e7\u00e3o do saber. Tamb\u00e9m s\u00e3o aceitas obras sobre temas contempor\u00e2neos, a<br>exemplo das novas formas de organiza\u00e7\u00e3o da sociedade pela linguagem, entre outros.<br>Link do segmento: <a href=\"https:\/\/www.ufsm.br\/cursos\/pos-graduacao\/santa-maria\/ppgletras\/livro-e-books\">https:\/\/www.ufsm.br\/cursos\/pos-graduacao\/santa-<br>maria\/ppgletras\/livro-e-books<\/a><\/p>\n","protected":false},"excerpt":{"rendered":"<p>O segmento e-books destina-se \u00e0 publica\u00e7\u00e3o de obras que visem \u00e0 difus\u00e3o doconhecimento a partir de textos representativos das \u00e1reas de Letras e Lingu\u00edstica, taiscomo colet\u00e2nea da obra de um autor, textos inovadores e tradu\u00e7\u00f5es de obras cl\u00e1ssicaspara o portugu\u00eas, al\u00e9m de publica\u00e7\u00f5es destinadas a revelar e valorizar o patrim\u00f4niocultural e hist\u00f3rico, obras relevantes para [&hellip;]<\/p>\n","protected":false},"author":3513,"featured_media":0,"parent":0,"menu_order":0,"comment_status":"closed","ping_status":"closed","template":"","meta":{"footnotes":""},"categories":[],"tags":[],"class_list":["post-65","page","type-page","status-publish","hentry"],"acf":[],"_links":{"self":[{"href":"https:\/\/www.ufsm.br\/editoras\/ppgl\/wp-json\/wp\/v2\/pages\/65","targetHints":{"allow":["GET"]}}],"collection":[{"href":"https:\/\/www.ufsm.br\/editoras\/ppgl\/wp-json\/wp\/v2\/pages"}],"about":[{"href":"https:\/\/www.ufsm.br\/editoras\/ppgl\/wp-json\/wp\/v2\/types\/page"}],"author":[{"embeddable":true,"href":"https:\/\/www.ufsm.br\/editoras\/ppgl\/wp-json\/wp\/v2\/users\/3513"}],"replies":[{"embeddable":true,"href":"https:\/\/www.ufsm.br\/editoras\/ppgl\/wp-json\/wp\/v2\/comments?post=65"}],"version-history":[{"count":0,"href":"https:\/\/www.ufsm.br\/editoras\/ppgl\/wp-json\/wp\/v2\/pages\/65\/revisions"}],"wp:attachment":[{"href":"https:\/\/www.ufsm.br\/editoras\/ppgl\/wp-json\/wp\/v2\/media?parent=65"}],"wp:term":[{"taxonomy":"category","embeddable":true,"href":"https:\/\/www.ufsm.br\/editoras\/ppgl\/wp-json\/wp\/v2\/categories?post=65"},{"taxonomy":"post_tag","embeddable":true,"href":"https:\/\/www.ufsm.br\/editoras\/ppgl\/wp-json\/wp\/v2\/tags?post=65"}],"curies":[{"name":"wp","href":"https:\/\/api.w.org\/{rel}","templated":true}]}}