{"id":70,"date":"2024-10-08T16:38:39","date_gmt":"2024-10-08T19:38:39","guid":{"rendered":"https:\/\/www.ufsm.br\/editoras\/ppgl\/?page_id=70"},"modified":"2026-02-11T13:36:16","modified_gmt":"2026-02-11T16:36:16","slug":"comite-editorial","status":"publish","type":"page","link":"https:\/\/www.ufsm.br\/editoras\/ppgl\/comite-editorial","title":{"rendered":"Comit\u00ea Editorial"},"content":{"rendered":"\t\t<div data-elementor-type=\"wp-page\" data-elementor-id=\"70\" class=\"elementor elementor-70\">\n\t\t\t\t\t\t<section class=\"elementor-section elementor-top-section elementor-element elementor-element-7c8c9ec8 elementor-section-boxed elementor-section-height-default elementor-section-height-default\" data-id=\"7c8c9ec8\" data-element_type=\"section\">\n\t\t\t\t\t\t<div class=\"elementor-container elementor-column-gap-default\">\n\t\t\t\t\t<div class=\"elementor-column elementor-col-100 elementor-top-column elementor-element elementor-element-264e97d3\" data-id=\"264e97d3\" data-element_type=\"column\">\n\t\t\t<div class=\"elementor-widget-wrap elementor-element-populated\">\n\t\t\t\t\t\t<div class=\"elementor-element elementor-element-17fdc143 elementor-widget elementor-widget-text-editor\" data-id=\"17fdc143\" data-element_type=\"widget\" data-widget_type=\"text-editor.default\">\n\t\t\t\t<div class=\"elementor-widget-container\">\n\t\t\t\t\t\t\t<!-- wp:tadv\/classic-paragraph -->\n<p><strong>Amanda Eloina Scherer<\/strong><\/p>\n<p><strong>Evellyne Patricia Figueiredo de Sousa Costa<\/strong><\/p>\n<p><strong>Luciane Kirchhoff Ticks<\/strong><\/p>\n<p><strong>R\u00e9gis Augustus Bars Closel<\/strong><\/p>\n<p><strong>Sara Regina Scotta Cabral<\/strong><\/p>\n<p><strong>R\u00e9gis Augustus Bars Closel<\/strong><\/p>\n<p><strong>Rosani \u00darsula Ketzer Umbach<\/strong><\/p>\n<p><strong>Sara Regina Scotta Cabral<\/strong><\/p>\n<p><strong>Tatiana Keller<\/strong><\/p>\n<!-- \/wp:tadv\/classic-paragraph -->\t\t\t\t\t\t<\/div>\n\t\t\t\t<\/div>\n\t\t\t\t\t<\/div>\n\t\t<\/div>\n\t\t\t\t\t<\/div>\n\t\t<\/section>\n\t\t\t\t<section class=\"elementor-section elementor-top-section elementor-element elementor-element-d8c0759 elementor-section-boxed elementor-section-height-default elementor-section-height-default\" data-id=\"d8c0759\" data-element_type=\"section\">\n\t\t\t\t\t\t<div class=\"elementor-container elementor-column-gap-default\">\n\t\t\t\t\t<div class=\"elementor-column elementor-col-100 elementor-top-column elementor-element elementor-element-31f42df\" data-id=\"31f42df\" data-element_type=\"column\">\n\t\t\t<div class=\"elementor-widget-wrap elementor-element-populated\">\n\t\t\t\t\t\t<div class=\"elementor-element elementor-element-98257fa elementor-widget elementor-widget-heading\" data-id=\"98257fa\" data-element_type=\"widget\" data-widget_type=\"heading.default\">\n\t\t\t\t<div class=\"elementor-widget-container\">\n\t\t\t<h2 class=\"elementor-heading-title elementor-size-default\">Editora-Chefe<\/h2>\t\t<\/div>\n\t\t\t\t<\/div>\n\t\t\t\t\t<\/div>\n\t\t<\/div>\n\t\t\t\t\t<\/div>\n\t\t<\/section>\n\t\t\t\t<section class=\"elementor-section elementor-top-section elementor-element elementor-element-29c4799 elementor-section-boxed elementor-section-height-default elementor-section-height-default\" data-id=\"29c4799\" data-element_type=\"section\">\n\t\t\t\t\t\t<div class=\"elementor-container elementor-column-gap-default\">\n\t\t\t\t\t<div class=\"elementor-column elementor-col-100 elementor-top-column elementor-element elementor-element-403623e\" data-id=\"403623e\" data-element_type=\"column\">\n\t\t\t<div class=\"elementor-widget-wrap elementor-element-populated\">\n\t\t\t\t\t\t<div class=\"elementor-element elementor-element-c6c71d6 elementor-widget elementor-widget-text-editor\" data-id=\"c6c71d6\" data-element_type=\"widget\" data-widget_type=\"text-editor.default\">\n\t\t\t\t<div class=\"elementor-widget-container\">\n\t\t\t\t\t\t\t<p><strong>Sara Regina Scotta Cabral, Universidade Federal de Santa Maria, Santa Maria, RS, Brasil<\/strong><\/p>\t\t\t\t\t\t<\/div>\n\t\t\t\t<\/div>\n\t\t\t\t\t<\/div>\n\t\t<\/div>\n\t\t\t\t\t<\/div>\n\t\t<\/section>\n\t\t\t\t<\/div>\n\t\t","protected":false},"excerpt":{"rendered":"<p>Amanda Eloina Scherer Evellyne Patricia Figueiredo de Sousa Costa Luciane Kirchhoff Ticks R\u00e9gis Augustus Bars Closel Sara Regina Scotta Cabral R\u00e9gis Augustus Bars Closel Rosani \u00darsula Ketzer Umbach Sara Regina Scotta Cabral Tatiana Keller Editora-Chefe Sara Regina Scotta Cabral, Universidade Federal de Santa Maria, Santa Maria, RS, Brasil<\/p>\n","protected":false},"author":3513,"featured_media":0,"parent":0,"menu_order":0,"comment_status":"closed","ping_status":"closed","template":"","meta":{"footnotes":""},"categories":[],"tags":[],"class_list":["post-70","page","type-page","status-publish","hentry"],"acf":[],"_links":{"self":[{"href":"https:\/\/www.ufsm.br\/editoras\/ppgl\/wp-json\/wp\/v2\/pages\/70","targetHints":{"allow":["GET"]}}],"collection":[{"href":"https:\/\/www.ufsm.br\/editoras\/ppgl\/wp-json\/wp\/v2\/pages"}],"about":[{"href":"https:\/\/www.ufsm.br\/editoras\/ppgl\/wp-json\/wp\/v2\/types\/page"}],"author":[{"embeddable":true,"href":"https:\/\/www.ufsm.br\/editoras\/ppgl\/wp-json\/wp\/v2\/users\/3513"}],"replies":[{"embeddable":true,"href":"https:\/\/www.ufsm.br\/editoras\/ppgl\/wp-json\/wp\/v2\/comments?post=70"}],"version-history":[{"count":0,"href":"https:\/\/www.ufsm.br\/editoras\/ppgl\/wp-json\/wp\/v2\/pages\/70\/revisions"}],"wp:attachment":[{"href":"https:\/\/www.ufsm.br\/editoras\/ppgl\/wp-json\/wp\/v2\/media?parent=70"}],"wp:term":[{"taxonomy":"category","embeddable":true,"href":"https:\/\/www.ufsm.br\/editoras\/ppgl\/wp-json\/wp\/v2\/categories?post=70"},{"taxonomy":"post_tag","embeddable":true,"href":"https:\/\/www.ufsm.br\/editoras\/ppgl\/wp-json\/wp\/v2\/tags?post=70"}],"curies":[{"name":"wp","href":"https:\/\/api.w.org\/{rel}","templated":true}]}}