{"id":73,"date":"2024-10-08T16:39:44","date_gmt":"2024-10-08T19:39:44","guid":{"rendered":"https:\/\/www.ufsm.br\/editoras\/ppgl\/?page_id=73"},"modified":"2024-10-08T16:39:45","modified_gmt":"2024-10-08T19:39:45","slug":"conselho-editorial","status":"publish","type":"page","link":"https:\/\/www.ufsm.br\/editoras\/ppgl\/conselho-editorial","title":{"rendered":"Conselho Editorial"},"content":{"rendered":"\n<p><b>Jos\u00e9 Antonio Sabio Pinilla<\/b>, Universidad de Granada, Granada, Espanha<\/p>\n<p><b>Amanda Eloina Scherer<\/b>, Universidade Federal de Santa Maria, Santa Maria, RS, Brasil<\/p>\n<p><b>Ana Mar\u00eda D\u00edaz Ferrero<\/b>, Universidad de Granada, Espanha<\/p>\n<p><b>Aracy Ernst Pereira<\/b>, Universidade Cat\u00f3lica de Pelotas, Pelotas, Brasil<\/p>\n<p><b>Beatriz Maria Eckert-Hoff<\/b>, Universidade do Distrito Federal, Bras\u00edlia, DF, Brasil<\/p>\n<p><b>Brian Street<\/b>, King\u2019s College London, England<\/p>\n<p><b>Carmen Rosa Caldas-Coulthard<\/b>, University of Birmingham, England<\/p>\n<p><b>Charles Bazerman<\/b>, University of California, Santa Barbara, USA<\/p>\n<p><b>Christian M.I.M. Matthiessen<\/b>, Hong Kong Polytechnic University, Hong Kong<\/p>\n<p><b>Claudete Moreno Ghiraldelo<\/b>, Instituto Tecnol\u00f3gico de Aeron\u00e1utica, Brasil<\/p>\n<p><b>Cristiane Pereira Dias<\/b>, Universidade Estadual de Campinas, Brasil<\/p>\n<p><b>D\u00e9sir\u00e9e Motta-Roth<\/b>, Universidade Federal de Santa Maria, Santa Maria, Rio Grande do Sul, Brasil<\/p>\n<p><b>Diana Luz Pessoa de Barros<\/b>, Universidade de S\u00e3o Paulo, Brasil<\/p>\n<p><b>Euridice Figueiredo<\/b>, Universidade Federal Fluminense, Brasil<\/p>\n<p><b>FredaIndursky<\/b>, Universidade Federal do Rio Grande do Sul, Brasil<\/p>\n<p><b>Gesualda Rasia<\/b>, Universidade Federal do Paran\u00e1, Curitiba, PR, Brasil<\/p>\n<p><b>Gla\u00eds Sales Cordeiro<\/b>, Universit\u00e9 de Gen\u00e8ve, Fran\u00e7a<\/p>\n<p><b>Joaqu\u00edn Listerri<\/b>, Universidad de la Catalu\u00f1a, Espanha<\/p>\n<p><b>Jos\u00e9 Lu\u00eds Jobim de Salles Fonseca<\/b>, Universidade do Estado do Rio de Janeiro, Rio de Janeiro, RJ, Brasil<\/p>\n<p><b>L\u00facia Helena Martins Gouv\u00eaa<\/b>, Universidade Federal do Rio de Janeiro, Brasil<\/p>\n<p><b>Luiz Francisco Dias<\/b>, UFMG, Brasil<\/p>\n<p><b>Luiz Paulo da Moita Lopes<\/b>, Universidade Federal do Rio de Janeiro, Brasil<\/p>\n<p><b>Manoel Luiz Gon\u00e7alves Corr\u00eaa<\/b>, Universidade de S\u00e3o Paulo, Brasil, Brasil<\/p>\n<p><b>Malcolm Coulthard<\/b>, University of Birmingham, England<\/p>\n<p><b>Marcia Azevedo de Abreu<\/b>, Universidade Estadual de Campinas, Brasil<\/p>\n<p><b>Maria Cleci Venturini<\/b>, Universidade Estadual do Centro-Oeste, Guarapuava, PR, Brasil<\/p>\n<p><b>Max Hidalgo N\u00e1cher<\/b>, Universidad de Barcelona, Espanha<\/p>\n<p><b>Maria da Gl\u00f3ria Corr\u00eaa Di Fanti<\/b>, Pontif\u00edcia Universidade Cat\u00f3lica do Rio Grande do Sul, Brasil<\/p>\n<p><b>Maria Jos\u00e9 R. Faria Coracini<\/b>, Universidade Estadual de Campinas, Campinas, SP, Brasil<\/p>\n<p><b>Moises Perales Escudero<\/b>, Universidad de Quintana Roo, M\u00e9xico<\/p>\n<p><b>Rafael Alarc\u00f3n<\/b>, Universidad de Ja\u00e9n, Espanha<\/p>\n<p><b>Raquel Salek Fiad<\/b>, Universidade Estadual de Campinas, Brasil<\/p>\n<p><b>Regina Ritter Lamprecht<\/b>, Pontif\u00edcia Universidade Cat\u00f3lica do Rio Grande do Sul, Brasil<\/p>\n<p><b>Regina Zilberman<\/b>, Universidade Federal do Rio Grande do Sul, Porto Alegre, RS, Brasil<\/p>\n<p><b>Rita Terezinha Schmidt<\/b>, Universidade Federal do Rio Grande do Sul, Brasil<\/p>\n<p><b>Roberto Ac\u00edzelo de Souza<\/b>, Universidade do Estado do Rio de Janeiro, Rio de Janeiro, RJ, Brasil<\/p>\n<p><b>Sheila Elias de Oliveira<\/b>, Universidade Estadual de Campinas, Brasil, Brasil<\/p>\n<p><b>Ursula Wingate<\/b>, King\u2019s College, London, England<\/p>\n<p><b>Valdir Prigol<\/b>, Universidade Federal da Fronteira Sul, Brasil<\/p>\n","protected":false},"excerpt":{"rendered":"<p>Jos\u00e9 Antonio Sabio Pinilla, Universidad de Granada, Granada, Espanha Amanda Eloina Scherer, Universidade Federal de Santa Maria, Santa Maria, RS, Brasil Ana Mar\u00eda D\u00edaz Ferrero, Universidad de Granada, Espanha Aracy Ernst Pereira, Universidade Cat\u00f3lica de Pelotas, Pelotas, Brasil Beatriz Maria Eckert-Hoff, Universidade do Distrito Federal, Bras\u00edlia, DF, Brasil Brian Street, King\u2019s College London, England Carmen [&hellip;]<\/p>\n","protected":false},"author":3513,"featured_media":0,"parent":0,"menu_order":0,"comment_status":"closed","ping_status":"closed","template":"","meta":{"footnotes":""},"categories":[],"tags":[],"class_list":["post-73","page","type-page","status-publish","hentry"],"acf":[],"_links":{"self":[{"href":"https:\/\/www.ufsm.br\/editoras\/ppgl\/wp-json\/wp\/v2\/pages\/73","targetHints":{"allow":["GET"]}}],"collection":[{"href":"https:\/\/www.ufsm.br\/editoras\/ppgl\/wp-json\/wp\/v2\/pages"}],"about":[{"href":"https:\/\/www.ufsm.br\/editoras\/ppgl\/wp-json\/wp\/v2\/types\/page"}],"author":[{"embeddable":true,"href":"https:\/\/www.ufsm.br\/editoras\/ppgl\/wp-json\/wp\/v2\/users\/3513"}],"replies":[{"embeddable":true,"href":"https:\/\/www.ufsm.br\/editoras\/ppgl\/wp-json\/wp\/v2\/comments?post=73"}],"version-history":[{"count":0,"href":"https:\/\/www.ufsm.br\/editoras\/ppgl\/wp-json\/wp\/v2\/pages\/73\/revisions"}],"wp:attachment":[{"href":"https:\/\/www.ufsm.br\/editoras\/ppgl\/wp-json\/wp\/v2\/media?parent=73"}],"wp:term":[{"taxonomy":"category","embeddable":true,"href":"https:\/\/www.ufsm.br\/editoras\/ppgl\/wp-json\/wp\/v2\/categories?post=73"},{"taxonomy":"post_tag","embeddable":true,"href":"https:\/\/www.ufsm.br\/editoras\/ppgl\/wp-json\/wp\/v2\/tags?post=73"}],"curies":[{"name":"wp","href":"https:\/\/api.w.org\/{rel}","templated":true}]}}