{"id":76,"date":"2024-10-08T17:11:22","date_gmt":"2024-10-08T20:11:22","guid":{"rendered":"https:\/\/www.ufsm.br\/editoras\/ppgl\/?page_id=76"},"modified":"2024-10-08T17:12:26","modified_gmt":"2024-10-08T20:12:26","slug":"literatura-e-autoritarismo-2","status":"publish","type":"page","link":"https:\/\/www.ufsm.br\/editoras\/ppgl\/literatura-e-autoritarismo-2","title":{"rendered":"Literatura e Autoritarismo"},"content":{"rendered":"\t\t<div data-elementor-type=\"wp-page\" data-elementor-id=\"76\" class=\"elementor elementor-76\">\n\t\t\t\t\t\t<section class=\"elementor-section elementor-top-section elementor-element elementor-element-7d6e6532 elementor-section-boxed elementor-section-height-default elementor-section-height-default\" data-id=\"7d6e6532\" data-element_type=\"section\">\n\t\t\t\t\t\t<div class=\"elementor-container elementor-column-gap-default\">\n\t\t\t\t\t<div class=\"elementor-column elementor-col-100 elementor-top-column elementor-element elementor-element-3b0dbe0c\" data-id=\"3b0dbe0c\" data-element_type=\"column\">\n\t\t\t<div class=\"elementor-widget-wrap elementor-element-populated\">\n\t\t\t\t\t\t<div class=\"elementor-element elementor-element-51804417 elementor-widget elementor-widget-text-editor\" data-id=\"51804417\" data-element_type=\"widget\" data-widget_type=\"text-editor.default\">\n\t\t\t\t<div class=\"elementor-widget-container\">\n\t\t\t\t\t\t\t<p><!-- wp:paragraph --><\/p>\n<p>A Revista&nbsp;Literatura&nbsp;e&nbsp;Autoritarismo&nbsp;(ISSN: 1679-849X) vem sendo publicada desde<br>2003 e est\u00e1 vinculada ao Programa de P\u00f3s-Gradua\u00e7\u00e3o em Letras e \u00e0s atividades do<br>Grupo de Pesquisa CNPq&nbsp;Literatura&nbsp;e&nbsp;Autoritarismo. Publica artigos e ensaios<br>envolvendo discuss\u00f5es de t\u00f3picos acerca de quest\u00f5es como viol\u00eancia,&nbsp;autoritarismo,<br>viola\u00e7\u00e3o de direitos humanos, exclus\u00e3o e preconceito racial e sexual. A revista aceita<br>textos para publica\u00e7\u00e3o em que tais assuntos apare\u00e7am em obras liter\u00e1rias e em outras<br>produ\u00e7\u00f5es culturais, tais como letras de m\u00fasicas, filmes, fotografias ou pinturas. Textos<br>te\u00f3ricos s\u00e3o igualmente admitidos.<\/p><p><strong style=\"font-size: 1rem;text-align: var(--bs-body-text-align)\"><br><\/strong><\/p><p><strong style=\"font-size: 1rem;text-align: var(--bs-body-text-align)\">Link do peri\u00f3dico:<\/strong><span style=\"font-size: 1rem;font-weight: var( --e-global-typography-text-font-weight );text-align: var(--bs-body-text-align)\"> https:\/\/periodicos.ufsm.br\/LA\/index<\/span><\/p>\n<p><!-- \/wp:paragraph --><\/p>\t\t\t\t\t\t<\/div>\n\t\t\t\t<\/div>\n\t\t\t\t\t<\/div>\n\t\t<\/div>\n\t\t\t\t\t<\/div>\n\t\t<\/section>\n\t\t\t\t<\/div>\n\t\t","protected":false},"excerpt":{"rendered":"<p>A Revista&nbsp;Literatura&nbsp;e&nbsp;Autoritarismo&nbsp;(ISSN: 1679-849X) vem sendo publicada desde2003 e est\u00e1 vinculada ao Programa de P\u00f3s-Gradua\u00e7\u00e3o em Letras e \u00e0s atividades doGrupo de Pesquisa CNPq&nbsp;Literatura&nbsp;e&nbsp;Autoritarismo. Publica artigos e ensaiosenvolvendo discuss\u00f5es de t\u00f3picos acerca de quest\u00f5es como viol\u00eancia,&nbsp;autoritarismo,viola\u00e7\u00e3o de direitos humanos, exclus\u00e3o e preconceito racial e sexual. A revista aceitatextos para publica\u00e7\u00e3o em que tais assuntos apare\u00e7am em [&hellip;]<\/p>\n","protected":false},"author":3513,"featured_media":0,"parent":0,"menu_order":0,"comment_status":"closed","ping_status":"closed","template":"","meta":{"footnotes":""},"categories":[],"tags":[],"class_list":["post-76","page","type-page","status-publish","hentry"],"acf":[],"_links":{"self":[{"href":"https:\/\/www.ufsm.br\/editoras\/ppgl\/wp-json\/wp\/v2\/pages\/76","targetHints":{"allow":["GET"]}}],"collection":[{"href":"https:\/\/www.ufsm.br\/editoras\/ppgl\/wp-json\/wp\/v2\/pages"}],"about":[{"href":"https:\/\/www.ufsm.br\/editoras\/ppgl\/wp-json\/wp\/v2\/types\/page"}],"author":[{"embeddable":true,"href":"https:\/\/www.ufsm.br\/editoras\/ppgl\/wp-json\/wp\/v2\/users\/3513"}],"replies":[{"embeddable":true,"href":"https:\/\/www.ufsm.br\/editoras\/ppgl\/wp-json\/wp\/v2\/comments?post=76"}],"version-history":[{"count":0,"href":"https:\/\/www.ufsm.br\/editoras\/ppgl\/wp-json\/wp\/v2\/pages\/76\/revisions"}],"wp:attachment":[{"href":"https:\/\/www.ufsm.br\/editoras\/ppgl\/wp-json\/wp\/v2\/media?parent=76"}],"wp:term":[{"taxonomy":"category","embeddable":true,"href":"https:\/\/www.ufsm.br\/editoras\/ppgl\/wp-json\/wp\/v2\/categories?post=76"},{"taxonomy":"post_tag","embeddable":true,"href":"https:\/\/www.ufsm.br\/editoras\/ppgl\/wp-json\/wp\/v2\/tags?post=76"}],"curies":[{"name":"wp","href":"https:\/\/api.w.org\/{rel}","templated":true}]}}