{"id":77,"date":"2024-10-11T16:00:24","date_gmt":"2024-10-11T19:00:24","guid":{"rendered":"https:\/\/www.ufsm.br\/editoras\/ppgl\/?page_id=77"},"modified":"2024-10-11T16:00:25","modified_gmt":"2024-10-11T19:00:25","slug":"normas-mdt","status":"publish","type":"page","link":"https:\/\/www.ufsm.br\/editoras\/ppgl\/normas-mdt","title":{"rendered":"Normas MDT"},"content":{"rendered":"\n<h4><a href=\"http:\/\/repositorio.ufsm.br\/handle\/1\/24203\">MANUAL DE DISSERTA\u00c7\u00d5ES E TESES DA UFSM: Estrutura e Apresenta\u00e7\u00e3o Documental para Trabalhos Acad\u00eamicos \u2013 2021<\/a><\/h4>\n<p>O Manual de Disserta\u00e7\u00f5es e Teses da UFSM tem como objetivo orientar e definir a forma de apresenta\u00e7\u00e3o de trabalhos cient\u00edficos da Universidade Federal de Santa Maria (UFSM), abrangendo os elementos gr\u00e1ficos de organiza\u00e7\u00e3o e reda\u00e7\u00e3o de disserta\u00e7\u00f5es e teses. Esse documento engloba tamb\u00e9m a orienta\u00e7\u00e3o de outros trabalhos acad\u00eamicos, tais como: trabalhos de conclus\u00e3o de curso de gradua\u00e7\u00e3o, de p\u00f3s-gradua\u00e7\u00e3o e de inicia\u00e7\u00e3o cient\u00edfica. A Comiss\u00e3o respons\u00e1vel pela edi\u00e7\u00e3o do Manual de Disserta\u00e7\u00f5es e Teses da UFSM preocupou-se em oferecer ao leitor um guia pr\u00e1tico e objetivo quanto \u00e0 forma de tratar os conte\u00fados e regras metodol\u00f3gicas, pautado tanto pelas necessidades cotidianas e eventuais do ato de produzir conhecimento e de sua orienta\u00e7\u00e3o.<\/p>\n<p><a href=\"https:\/\/repositorio.ufsm.br\/handle\/1\/24203\">Manual de Disserta\u00e7\u00f5es e Teses \u2013 2021<\/a><\/p>\n","protected":false},"excerpt":{"rendered":"<p>MANUAL DE DISSERTA\u00c7\u00d5ES E TESES DA UFSM: Estrutura e Apresenta\u00e7\u00e3o Documental para Trabalhos Acad\u00eamicos \u2013 2021 O Manual de Disserta\u00e7\u00f5es e Teses da UFSM tem como objetivo orientar e definir a forma de apresenta\u00e7\u00e3o de trabalhos cient\u00edficos da Universidade Federal de Santa Maria (UFSM), abrangendo os elementos gr\u00e1ficos de organiza\u00e7\u00e3o e reda\u00e7\u00e3o de disserta\u00e7\u00f5es e [&hellip;]<\/p>\n","protected":false},"author":3513,"featured_media":0,"parent":0,"menu_order":0,"comment_status":"closed","ping_status":"closed","template":"","meta":{"footnotes":""},"categories":[],"tags":[],"class_list":["post-77","page","type-page","status-publish","hentry"],"acf":[],"_links":{"self":[{"href":"https:\/\/www.ufsm.br\/editoras\/ppgl\/wp-json\/wp\/v2\/pages\/77","targetHints":{"allow":["GET"]}}],"collection":[{"href":"https:\/\/www.ufsm.br\/editoras\/ppgl\/wp-json\/wp\/v2\/pages"}],"about":[{"href":"https:\/\/www.ufsm.br\/editoras\/ppgl\/wp-json\/wp\/v2\/types\/page"}],"author":[{"embeddable":true,"href":"https:\/\/www.ufsm.br\/editoras\/ppgl\/wp-json\/wp\/v2\/users\/3513"}],"replies":[{"embeddable":true,"href":"https:\/\/www.ufsm.br\/editoras\/ppgl\/wp-json\/wp\/v2\/comments?post=77"}],"version-history":[{"count":0,"href":"https:\/\/www.ufsm.br\/editoras\/ppgl\/wp-json\/wp\/v2\/pages\/77\/revisions"}],"wp:attachment":[{"href":"https:\/\/www.ufsm.br\/editoras\/ppgl\/wp-json\/wp\/v2\/media?parent=77"}],"wp:term":[{"taxonomy":"category","embeddable":true,"href":"https:\/\/www.ufsm.br\/editoras\/ppgl\/wp-json\/wp\/v2\/categories?post=77"},{"taxonomy":"post_tag","embeddable":true,"href":"https:\/\/www.ufsm.br\/editoras\/ppgl\/wp-json\/wp\/v2\/tags?post=77"}],"curies":[{"name":"wp","href":"https:\/\/api.w.org\/{rel}","templated":true}]}}