{"id":53,"date":"2023-10-31T10:02:31","date_gmt":"2023-10-31T13:02:31","guid":{"rendered":"https:\/\/www.ufsm.br\/global\/?page_id=53"},"modified":"2025-10-08T10:23:21","modified_gmt":"2025-10-08T13:23:21","slug":"canada","status":"publish","type":"page","link":"https:\/\/www.ufsm.br\/global\/canada","title":{"rendered":"Canada"},"content":{"rendered":"\t\t<div data-elementor-type=\"wp-page\" data-elementor-id=\"53\" class=\"elementor elementor-53\">\n\t\t\t\t\t\t<section class=\"elementor-section elementor-top-section elementor-element elementor-element-b8ee53b elementor-section-boxed elementor-section-height-default elementor-section-height-default\" data-id=\"b8ee53b\" data-element_type=\"section\">\n\t\t\t\t\t\t<div class=\"elementor-container elementor-column-gap-default\">\n\t\t\t\t\t<div class=\"elementor-column elementor-col-100 elementor-top-column elementor-element elementor-element-e67ecb1\" data-id=\"e67ecb1\" data-element_type=\"column\">\n\t\t\t<div class=\"elementor-widget-wrap elementor-element-populated\">\n\t\t\t\t\t\t<div class=\"elementor-element elementor-element-44cd400 elementor-tabs-view-horizontal elementor-widget elementor-widget-tabs\" data-id=\"44cd400\" data-element_type=\"widget\" data-widget_type=\"tabs.default\">\n\t\t\t\t<div class=\"elementor-widget-container\">\n\t\t\t\t\t<div class=\"elementor-tabs\">\n\t\t\t<div class=\"elementor-tabs-wrapper\" role=\"tablist\" >\n\t\t\t\t\t\t\t\t\t<div id=\"elementor-tab-title-7211\" class=\"elementor-tab-title elementor-tab-desktop-title\" aria-selected=\"true\" data-tab=\"1\" role=\"tab\" tabindex=\"0\" aria-controls=\"elementor-tab-content-7211\" aria-expanded=\"false\">The University of British Columbia <\/div>\n\t\t\t\t\t\t\t\t\t<div id=\"elementor-tab-title-7212\" class=\"elementor-tab-title elementor-tab-desktop-title\" aria-selected=\"false\" data-tab=\"2\" role=\"tab\" tabindex=\"-1\" aria-controls=\"elementor-tab-content-7212\" aria-expanded=\"false\">University of Montreal <\/div>\n\t\t\t\t\t\t\t\t\t<div id=\"elementor-tab-title-7213\" class=\"elementor-tab-title elementor-tab-desktop-title\" aria-selected=\"false\" data-tab=\"3\" role=\"tab\" tabindex=\"-1\" aria-controls=\"elementor-tab-content-7213\" aria-expanded=\"false\">Bureau de Coop\u00e9ration Interuniversitaire (BCI) <\/div>\n\t\t\t\t\t\t\t\t\t<div id=\"elementor-tab-title-7214\" class=\"elementor-tab-title elementor-tab-desktop-title\" aria-selected=\"false\" data-tab=\"4\" role=\"tab\" tabindex=\"-1\" aria-controls=\"elementor-tab-content-7214\" aria-expanded=\"false\">University of Saskatchewan <\/div>\n\t\t\t\t\t\t\t<\/div>\n\t\t\t<div class=\"elementor-tabs-content-wrapper\" role=\"tablist\" aria-orientation=\"vertical\">\n\t\t\t\t\t\t\t\t\t<div class=\"elementor-tab-title elementor-tab-mobile-title\" aria-selected=\"true\" data-tab=\"1\" role=\"tab\" tabindex=\"0\" aria-controls=\"elementor-tab-content-7211\" aria-expanded=\"false\">The University of British Columbia <\/div>\n\t\t\t\t\t<div id=\"elementor-tab-content-7211\" class=\"elementor-tab-content elementor-clearfix\" data-tab=\"1\" role=\"tabpanel\" aria-labelledby=\"elementor-tab-title-7211\" tabindex=\"0\" hidden=\"false\"><p><a href=\"https:\/\/www.ubc.ca\/\"><span data-contrast=\"none\">https:\/\/www.ubc.ca\/<\/span><\/a><span data-ccp-props=\"{&quot;134233117&quot;:false,&quot;201341983&quot;:0,&quot;335559738&quot;:0,&quot;335559739&quot;:160,&quot;335559740&quot;:259}\">&nbsp;<\/span><\/p>\n<p><b><span data-contrast=\"none\">Original Name: <\/span><\/b><span data-contrast=\"none\">The University&nbsp;of&nbsp;British Columbia<\/span><span data-ccp-props=\"{&quot;201341983&quot;:0,&quot;335559739&quot;:160,&quot;335559740&quot;:259}\">&nbsp;<\/span><\/p>\n<p><b><span data-contrast=\"none\">Location:<\/span><\/b><span data-contrast=\"none\"> Vancouver Campus (Vancouver, British Columbia); Okanagan Campus (Kelowna, British Columbia)<\/span><span data-ccp-props=\"{&quot;134233117&quot;:false,&quot;201341983&quot;:0,&quot;335559738&quot;:0,&quot;335559739&quot;:160,&quot;335559740&quot;:259}\">&nbsp;<\/span><\/p>\n<p><b><span data-contrast=\"none\">Agreement type<\/span><\/b><span data-contrast=\"none\">: <\/span><a href=\"https:\/\/www.ufsm.br\/app\/uploads\/sites\/402\/2018\/12\/Universidade-de-British-Columbia-Canad-Acordo-Geral-de-Cooperao.pdf\"><span data-contrast=\"none\">International Cooperation Agreement<\/span><\/a><span data-contrast=\"none\"> &#8211; Exchange program not available<\/span><span data-ccp-props=\"{&quot;134233117&quot;:false,&quot;201341983&quot;:0,&quot;335559738&quot;:0,&quot;335559739&quot;:160,&quot;335559740&quot;:259}\">&nbsp;<\/span><\/p>\n<p><b><span data-contrast=\"none\">Objective:<\/span><\/b><span data-contrast=\"none\"> Academic and research exchanges<\/span><span data-ccp-props=\"{&quot;134233117&quot;:false,&quot;134233118&quot;:false,&quot;201341983&quot;:0,&quot;335551550&quot;:1,&quot;335551620&quot;:1,&quot;335559685&quot;:0,&quot;335559737&quot;:0,&quot;335559738&quot;:0,&quot;335559739&quot;:160,&quot;335559740&quot;:259}\">&nbsp;<\/span><\/p>\n<p><b><span data-contrast=\"none\">Validity period:<\/span><\/b><span data-contrast=\"none\"> 11\/02\/2009 \u2013 Undetermined<\/span><span data-ccp-props=\"{&quot;134233117&quot;:false,&quot;201341983&quot;:0,&quot;335559738&quot;:0,&quot;335559739&quot;:160,&quot;335559740&quot;:259}\">&nbsp;<\/span><\/p>\n<p><b><span data-contrast=\"none\">Work Plan Director:<\/span><\/b><span data-contrast=\"none\"> Paulo Afonso Burmann<\/span><span data-ccp-props=\"{&quot;134233117&quot;:false,&quot;201341983&quot;:0,&quot;335559738&quot;:0,&quot;335559739&quot;:160,&quot;335559740&quot;:259}\">&nbsp;<\/span><\/p><\/div>\n\t\t\t\t\t\t\t\t\t<div class=\"elementor-tab-title elementor-tab-mobile-title\" aria-selected=\"false\" data-tab=\"2\" role=\"tab\" tabindex=\"-1\" aria-controls=\"elementor-tab-content-7212\" aria-expanded=\"false\">University of Montreal <\/div>\n\t\t\t\t\t<div id=\"elementor-tab-content-7212\" class=\"elementor-tab-content elementor-clearfix\" data-tab=\"2\" role=\"tabpanel\" aria-labelledby=\"elementor-tab-title-7212\" tabindex=\"0\" hidden=\"hidden\"><p><a href=\"https:\/\/www.umontreal.ca\/\"><span data-contrast=\"none\">https:\/\/www.umontreal.ca\/<\/span><\/a><span data-ccp-props=\"{&quot;134233117&quot;:false,&quot;201341983&quot;:0,&quot;335559738&quot;:0,&quot;335559739&quot;:160,&quot;335559740&quot;:259}\">\u00a0<\/span><\/p><p><b><span data-contrast=\"none\">Original Name: <\/span><\/b><span data-contrast=\"none\">Universit\u00e9 de Montr\u00e9al<\/span><span data-ccp-props=\"{&quot;201341983&quot;:0,&quot;335559739&quot;:160,&quot;335559740&quot;:259}\">\u00a0<\/span><\/p><p><b><span data-contrast=\"none\">Location:<\/span><\/b><span data-contrast=\"none\"> Montreal, Canada<\/span><span data-ccp-props=\"{&quot;134233117&quot;:false,&quot;201341983&quot;:0,&quot;335559738&quot;:0,&quot;335559739&quot;:160,&quot;335559740&quot;:259}\">\u00a0<\/span><\/p><p><b><span data-contrast=\"none\">Agreement type<\/span><\/b><span data-contrast=\"none\">: <\/span><a href=\"https:\/\/www.ufsm.br\/app\/uploads\/sites\/402\/2019\/10\/Acordo-Coop-Internacional-Univ.-Montreal-Canad%C3%A1.pdf\"><span data-contrast=\"none\">International Cooperation Agreement<\/span><\/a><span data-contrast=\"none\"> &#8211; Exchange program available<\/span><span data-ccp-props=\"{&quot;134233117&quot;:false,&quot;201341983&quot;:0,&quot;335559738&quot;:0,&quot;335559739&quot;:160,&quot;335559740&quot;:259}\">\u00a0<\/span><\/p><p><b><span data-contrast=\"none\">Objective:<\/span><\/b><span data-contrast=\"none\"> Both institutions will try to stimulate and implement technical-scientific and cultural cooperation programs, according to the current legislation in their countries and the International Law Guidelines.\u00a0\u00a0<\/span><span data-contrast=\"auto\">\u00a0<\/span><span data-ccp-props=\"{&quot;134233117&quot;:false,&quot;201341983&quot;:0,&quot;335559738&quot;:0,&quot;335559739&quot;:160,&quot;335559740&quot;:259}\">\u00a0<\/span><\/p><p><b><span data-contrast=\"none\">Validity period:<\/span><\/b> <span data-ccp-props=\"{&quot;134233117&quot;:false,&quot;201341983&quot;:0,&quot;335559738&quot;:0,&quot;335559739&quot;:160,&quot;335559740&quot;:259}\"> 17\/01\/2025 \u2013 17\/01\/2030<\/span><\/p><p><b><span data-contrast=\"none\">Work Plan Director: <\/span><\/b><span class=\"Y2IQFc\" lang=\"en\">International Relations Department (DRI)<\/span><\/p><\/div>\n\t\t\t\t\t\t\t\t\t<div class=\"elementor-tab-title elementor-tab-mobile-title\" aria-selected=\"false\" data-tab=\"3\" role=\"tab\" tabindex=\"-1\" aria-controls=\"elementor-tab-content-7213\" aria-expanded=\"false\">Bureau de Coop\u00e9ration Interuniversitaire (BCI) <\/div>\n\t\t\t\t\t<div id=\"elementor-tab-content-7213\" class=\"elementor-tab-content elementor-clearfix\" data-tab=\"3\" role=\"tabpanel\" aria-labelledby=\"elementor-tab-title-7213\" tabindex=\"0\" hidden=\"hidden\"><p>www.bci-qc.ca<\/p><p><span data-contrast=\"none\">Universities that compose the BCI group:\u00a0 \u00a0 \u00a0 \u00a0 \u00a0 \u00a0 \u00a0 \u00a0 \u00a0 \u00a0 \u00a0 \u00a0 \u00a0 \u00a0 \u00a0 \u00a0<\/span><span data-ccp-props=\"{&quot;134233117&quot;:false,&quot;201341983&quot;:0,&quot;335551550&quot;:1,&quot;335551620&quot;:1,&quot;335559738&quot;:0,&quot;335559739&quot;:160,&quot;335559740&quot;:259}\">\u00a0<\/span><\/p><ol><li><span data-contrast=\"none\"> Universit\u00e9 Laval (<\/span><a href=\"https:\/\/www2.ulaval.ca\/en.html\"><span data-contrast=\"none\">https:\/\/www2.ulaval.ca\/en.html<\/span><\/a><span data-contrast=\"none\">)<\/span><\/li><li><span data-contrast=\"none\"> Universit\u00e9 de Sherbrooke (<\/span><a href=\"https:\/\/www.usherbrooke.ca\/accueil\/en\/overview\/\"><span data-contrast=\"none\">https:\/\/www.usherbrooke.ca\/accueil\/en\/overview\/<\/span><\/a><span data-contrast=\"none\">)<\/span><\/li><li><span data-contrast=\"none\"> Universit\u00e9 du Qu\u00e9bec \u00e0 Trois-Rivi\u00e9res (<\/span><a href=\"http:\/\/www.uqtr.ca\/informationgenerale\/english.shtml\"><span data-contrast=\"none\">http:\/\/www.uqtr.ca\/informationgenerale\/english.shtml<\/span><\/a><span data-contrast=\"none\">)<\/span><\/li><li><span data-contrast=\"none\"> Universit\u00e9 du Qu\u00e9bec \u00e0 Rimouski (<\/span><a href=\"http:\/\/www.uqar.ca\/english\/\"><span data-contrast=\"none\">http:\/\/www.uqar.ca\/english\/<\/span><\/a><span data-contrast=\"none\">)<\/span><\/li><li><span data-contrast=\"none\"> Universit\u00e9 du Qu\u00e9bec en Outaouais (<\/span><a href=\"http:\/\/uqo.ca\/english\"><span data-contrast=\"none\">http:\/\/uqo.ca\/english<\/span><\/a><span data-contrast=\"none\">)<\/span><\/li><li><span data-contrast=\"none\"> Universit\u00e9 du Qu\u00e9bec en Abitibi-T\u00e9miscamingue (<\/span><a href=\"http:\/\/www.uqat.ca\/en\/\"><span data-contrast=\"none\">http:\/\/www.uqat.ca\/en\/<\/span><\/a><span data-contrast=\"none\">)<\/span><\/li><li><span data-contrast=\"none\"> \u00c9cole de technologie sup\u00e9rieure (<\/span><a href=\"http:\/\/en.etsmtl.ca\/en\/home?lang=en-ca\"><span data-contrast=\"none\">http:\/\/en.etsmtl.ca\/en\/home?lang=en-ca<\/span><\/a><span data-contrast=\"none\">)<\/span><\/li><\/ol><p><b><span data-contrast=\"none\">Original Name: <\/span><\/b><span data-contrast=\"none\">Bureau de Coop\u00e9ration Interuniversitaire (BCI)<\/span><span data-ccp-props=\"{&quot;201341983&quot;:0,&quot;335559739&quot;:160,&quot;335559740&quot;:259}\">\u00a0<\/span><\/p><p><b><span data-contrast=\"none\">Location:<\/span><\/b><span data-contrast=\"none\"> Montr\u00e9al, Qu\u00e9bec\u00a0<\/span> <span data-ccp-props=\"{&quot;134233117&quot;:false,&quot;201341983&quot;:0,&quot;335559738&quot;:0,&quot;335559739&quot;:160,&quot;335559740&quot;:259}\">\u00a0<\/span><\/p><p><b><span data-contrast=\"none\">Agreement type<\/span><\/b><span data-contrast=\"none\">: General Agreement on Cooperation (not sent by BCI yet)<\/span><span data-ccp-props=\"{&quot;134233117&quot;:false,&quot;201341983&quot;:0,&quot;335559738&quot;:0,&quot;335559739&quot;:160,&quot;335559740&quot;:259}\">\u00a0<\/span><\/p><p><b><span data-contrast=\"none\">Objective:<\/span><\/b><span data-contrast=\"none\"> The objective of the Students Exchange Program (PIE) by BCI is to favor the international mobility for students, making it possible for the student, regularly enrolled at a full-time university program, to continue their studies at another university to accomplish part of the requirements to graduate in their area of study in their original institution.<\/span><span data-ccp-props=\"{&quot;134233117&quot;:false,&quot;134233118&quot;:false,&quot;201341983&quot;:0,&quot;335551550&quot;:1,&quot;335551620&quot;:1,&quot;335559685&quot;:0,&quot;335559737&quot;:0,&quot;335559738&quot;:0,&quot;335559739&quot;:160,&quot;335559740&quot;:259}\">\u00a0<\/span><\/p><p><b><span data-contrast=\"none\">Validity period:<\/span><\/b><span data-contrast=\"none\"> 2023-2028<\/span><span data-ccp-props=\"{&quot;134233117&quot;:false,&quot;201341983&quot;:0,&quot;335559738&quot;:0,&quot;335559739&quot;:160,&quot;335559740&quot;:259}\">\u00a0<\/span><\/p><p><b><span data-contrast=\"none\">Work Plan Director: <\/span><\/b><span class=\"Y2IQFc\" lang=\"en\">International Relations Department (DRI)<\/span><\/p><\/div>\n\t\t\t\t\t\t\t\t\t<div class=\"elementor-tab-title elementor-tab-mobile-title\" aria-selected=\"false\" data-tab=\"4\" role=\"tab\" tabindex=\"-1\" aria-controls=\"elementor-tab-content-7214\" aria-expanded=\"false\">University of Saskatchewan <\/div>\n\t\t\t\t\t<div id=\"elementor-tab-content-7214\" class=\"elementor-tab-content elementor-clearfix\" data-tab=\"4\" role=\"tabpanel\" aria-labelledby=\"elementor-tab-title-7214\" tabindex=\"0\" hidden=\"hidden\"><p><a href=\"https:\/\/www.usask.ca\/\"><span data-contrast=\"none\">https:\/\/www.usask.ca\/<\/span><\/a><span data-ccp-props=\"{&quot;134233117&quot;:false,&quot;201341983&quot;:0,&quot;335559738&quot;:0,&quot;335559739&quot;:160,&quot;335559740&quot;:259}\">\u00a0<\/span><\/p><p><b><span data-contrast=\"none\">Original Name: <\/span><\/b><span data-contrast=\"none\">University of Saskatchewan<\/span><span data-ccp-props=\"{&quot;201341983&quot;:0,&quot;335559739&quot;:160,&quot;335559740&quot;:259}\">\u00a0<\/span><\/p><p><b><span data-contrast=\"none\">Location:<\/span><\/b><span data-contrast=\"none\"> Saskatchewan, Canada<\/span><span data-ccp-props=\"{&quot;134233117&quot;:false,&quot;201341983&quot;:0,&quot;335559738&quot;:0,&quot;335559739&quot;:160,&quot;335559740&quot;:259}\">\u00a0<\/span><\/p><p><b><span data-contrast=\"none\">Agreement type<\/span><\/b><span data-contrast=\"none\">: <\/span><span class=\"Y2IQFc\" lang=\"en\"><a href=\"https:\/\/www.ufsm.br\/app\/uploads\/sites\/402\/2023\/04\/ACORDO-UFSM-E-USASK-portugues.pdf\">Memorandum of Understanding<\/a> \u2013 Does not provide for exchange<\/span><\/p><p><b><span data-contrast=\"none\">Objective:<\/span><\/b><span data-contrast=\"none\"> Both institutions will try to stimulate and implement technical-scientific and cultural cooperation programs, according to the current legislation in their countries and the International Law Guidelines.<\/span><span data-ccp-props=\"{&quot;134233117&quot;:false,&quot;201341983&quot;:0,&quot;335559738&quot;:0,&quot;335559739&quot;:160,&quot;335559740&quot;:259}\">\u00a0<\/span><\/p><p><b><span data-contrast=\"none\">Validity period:<\/span><\/b><span data-contrast=\"none\"> 04\/03\/2023 &#8211; 04\/03\/2028<\/span><span data-ccp-props=\"{&quot;134233117&quot;:false,&quot;201341983&quot;:0,&quot;335559738&quot;:0,&quot;335559739&quot;:160,&quot;335559740&quot;:259}\">\u00a0<\/span><\/p><p><b><span data-contrast=\"none\">Work Plan Director:<\/span><\/b><span data-contrast=\"none\"> Carlos Leonardi<\/span><span data-ccp-props=\"{&quot;134233117&quot;:false,&quot;201341983&quot;:0,&quot;335559738&quot;:0,&quot;335559739&quot;:160,&quot;335559740&quot;:259}\">\u00a0<\/span><\/p><\/div>\n\t\t\t\t\t\t\t<\/div>\n\t\t<\/div>\n\t\t\t\t<\/div>\n\t\t\t\t<\/div>\n\t\t\t\t\t<\/div>\n\t\t<\/div>\n\t\t\t\t\t<\/div>\n\t\t<\/section>\n\t\t\t\t<\/div>\n\t\t","protected":false},"excerpt":{"rendered":"<p>The University of British Columbia University of Montreal Bureau de Coop\u00e9ration Interuniversitaire (BCI) University of Saskatchewan The University of British Columbia https:\/\/www.ubc.ca\/&nbsp; Original Name: The University&nbsp;of&nbsp;British Columbia&nbsp; Location: Vancouver Campus (Vancouver, British Columbia); Okanagan Campus (Kelowna, British Columbia)&nbsp; Agreement type: International Cooperation Agreement &#8211; Exchange program not available&nbsp; Objective: Academic and research exchanges&nbsp; Validity period: [&hellip;]<\/p>\n","protected":false},"author":4442,"featured_media":0,"parent":0,"menu_order":0,"comment_status":"closed","ping_status":"closed","template":"","meta":{"footnotes":""},"categories":[],"tags":[],"class_list":["post-53","page","type-page","status-publish","hentry"],"acf":[],"_links":{"self":[{"href":"https:\/\/www.ufsm.br\/global\/wp-json\/wp\/v2\/pages\/53","targetHints":{"allow":["GET"]}}],"collection":[{"href":"https:\/\/www.ufsm.br\/global\/wp-json\/wp\/v2\/pages"}],"about":[{"href":"https:\/\/www.ufsm.br\/global\/wp-json\/wp\/v2\/types\/page"}],"author":[{"embeddable":true,"href":"https:\/\/www.ufsm.br\/global\/wp-json\/wp\/v2\/users\/4442"}],"replies":[{"embeddable":true,"href":"https:\/\/www.ufsm.br\/global\/wp-json\/wp\/v2\/comments?post=53"}],"version-history":[{"count":0,"href":"https:\/\/www.ufsm.br\/global\/wp-json\/wp\/v2\/pages\/53\/revisions"}],"wp:attachment":[{"href":"https:\/\/www.ufsm.br\/global\/wp-json\/wp\/v2\/media?parent=53"}],"wp:term":[{"taxonomy":"category","embeddable":true,"href":"https:\/\/www.ufsm.br\/global\/wp-json\/wp\/v2\/categories?post=53"},{"taxonomy":"post_tag","embeddable":true,"href":"https:\/\/www.ufsm.br\/global\/wp-json\/wp\/v2\/tags?post=53"}],"curies":[{"name":"wp","href":"https:\/\/api.w.org\/{rel}","templated":true}]}}