{"id":57,"date":"2023-10-31T10:07:59","date_gmt":"2023-10-31T13:07:59","guid":{"rendered":"https:\/\/www.ufsm.br\/global\/?page_id=57"},"modified":"2025-10-08T10:52:30","modified_gmt":"2025-10-08T13:52:30","slug":"chile","status":"publish","type":"page","link":"https:\/\/www.ufsm.br\/global\/chile","title":{"rendered":"Chile"},"content":{"rendered":"\t\t<div data-elementor-type=\"wp-page\" data-elementor-id=\"57\" class=\"elementor elementor-57\">\n\t\t\t\t\t\t<section class=\"elementor-section elementor-top-section elementor-element elementor-element-58f46ef elementor-section-boxed elementor-section-height-default elementor-section-height-default\" data-id=\"58f46ef\" data-element_type=\"section\">\n\t\t\t\t\t\t<div class=\"elementor-container elementor-column-gap-default\">\n\t\t\t\t\t<div class=\"elementor-column elementor-col-100 elementor-top-column elementor-element elementor-element-c7f283b\" data-id=\"c7f283b\" data-element_type=\"column\">\n\t\t\t<div class=\"elementor-widget-wrap elementor-element-populated\">\n\t\t\t\t\t\t<div class=\"elementor-element elementor-element-b2d63d5 elementor-tabs-view-vertical elementor-widget elementor-widget-tabs\" data-id=\"b2d63d5\" data-element_type=\"widget\" data-widget_type=\"tabs.default\">\n\t\t\t\t<div class=\"elementor-widget-container\">\n\t\t\t\t\t<div class=\"elementor-tabs\">\n\t\t\t<div class=\"elementor-tabs-wrapper\" role=\"tablist\" >\n\t\t\t\t\t\t\t\t\t<div id=\"elementor-tab-title-1871\" class=\"elementor-tab-title elementor-tab-desktop-title\" aria-selected=\"true\" data-tab=\"1\" role=\"tab\" tabindex=\"0\" aria-controls=\"elementor-tab-content-1871\" aria-expanded=\"false\">University of the B\u00edo-B\u00edo and National University of Misiones<\/div>\n\t\t\t\t\t\t\t\t\t<div id=\"elementor-tab-title-1872\" class=\"elementor-tab-title elementor-tab-desktop-title\" aria-selected=\"false\" data-tab=\"2\" role=\"tab\" tabindex=\"-1\" aria-controls=\"elementor-tab-content-1872\" aria-expanded=\"false\"> Metropolitan University of Educational Sciences<\/div>\n\t\t\t\t\t\t\t\t\t<div id=\"elementor-tab-title-1873\" class=\"elementor-tab-title elementor-tab-desktop-title\" aria-selected=\"false\" data-tab=\"3\" role=\"tab\" tabindex=\"-1\" aria-controls=\"elementor-tab-content-1873\" aria-expanded=\"false\">Technological University of Chile<\/div>\n\t\t\t\t\t\t\t\t\t<div id=\"elementor-tab-title-1874\" class=\"elementor-tab-title elementor-tab-desktop-title\" aria-selected=\"false\" data-tab=\"4\" role=\"tab\" tabindex=\"-1\" aria-controls=\"elementor-tab-content-1874\" aria-expanded=\"false\">University of Talca<\/div>\n\t\t\t\t\t\t\t\t\t<div id=\"elementor-tab-title-1875\" class=\"elementor-tab-title elementor-tab-desktop-title\" aria-selected=\"false\" data-tab=\"5\" role=\"tab\" tabindex=\"-1\" aria-controls=\"elementor-tab-content-1875\" aria-expanded=\"false\">Catholic University of Temuco<\/div>\n\t\t\t\t\t\t\t\t\t<div id=\"elementor-tab-title-1876\" class=\"elementor-tab-title elementor-tab-desktop-title\" aria-selected=\"false\" data-tab=\"6\" role=\"tab\" tabindex=\"-1\" aria-controls=\"elementor-tab-content-1876\" aria-expanded=\"false\">University of Santiago de Chile<\/div>\n\t\t\t\t\t\t\t\t\t<div id=\"elementor-tab-title-1877\" class=\"elementor-tab-title elementor-tab-desktop-title\" aria-selected=\"false\" data-tab=\"7\" role=\"tab\" tabindex=\"-1\" aria-controls=\"elementor-tab-content-1877\" aria-expanded=\"false\">University of Valpara\u00edso<\/div>\n\t\t\t\t\t\t\t<\/div>\n\t\t\t<div class=\"elementor-tabs-content-wrapper\" role=\"tablist\" aria-orientation=\"vertical\">\n\t\t\t\t\t\t\t\t\t<div class=\"elementor-tab-title elementor-tab-mobile-title\" aria-selected=\"true\" data-tab=\"1\" role=\"tab\" tabindex=\"0\" aria-controls=\"elementor-tab-content-1871\" aria-expanded=\"false\">University of the B\u00edo-B\u00edo and National University of Misiones<\/div>\n\t\t\t\t\t<div id=\"elementor-tab-content-1871\" class=\"elementor-tab-content elementor-clearfix\" data-tab=\"1\" role=\"tabpanel\" aria-labelledby=\"elementor-tab-title-1871\" tabindex=\"0\" hidden=\"false\"><p><a href=\"http:\/\/www.ubiobio.cl\/w\/\"><span data-contrast=\"none\">http:\/\/www.ubiobio.cl\/w\/<\/span><\/a><span data-contrast=\"none\">\u00a0\u00a0<\/span><span data-ccp-props=\"{&quot;134233117&quot;:false,&quot;201341983&quot;:0,&quot;335551550&quot;:1,&quot;335551620&quot;:1,&quot;335559738&quot;:0,&quot;335559739&quot;:160,&quot;335559740&quot;:259}\">\u00a0<\/span><\/p><p><a href=\"https:\/\/www.unam.edu.ar\/\"><span data-contrast=\"none\">https:\/\/www.unam.edu.ar\/<\/span><\/a><span data-contrast=\"none\">\u00a0\u00a0\u00a0\u00a0\u00a0\u00a0<\/span><span data-ccp-props=\"{&quot;134233117&quot;:false,&quot;201341983&quot;:0,&quot;335551550&quot;:1,&quot;335551620&quot;:1,&quot;335559738&quot;:0,&quot;335559739&quot;:160,&quot;335559740&quot;:259}\">\u00a0<\/span><\/p><p><b><span data-contrast=\"none\">Original Name: <\/span><\/b><span data-contrast=\"none\">Universidad del B\u00edo-B\u00edo and Universidad Nacional de Misiones<\/span><span data-ccp-props=\"{&quot;134233117&quot;:false,&quot;201341983&quot;:0,&quot;335551550&quot;:1,&quot;335551620&quot;:1,&quot;335559738&quot;:0,&quot;335559739&quot;:160,&quot;335559740&quot;:259}\">\u00a0<\/span><\/p><p><b><span data-contrast=\"none\">Location: <\/span><\/b><span data-contrast=\"none\">B\u00edo-B\u00edo (Chile), Misiones (Argentina)<\/span><span data-ccp-props=\"{&quot;134233117&quot;:false,&quot;201341983&quot;:0,&quot;335551550&quot;:1,&quot;335551620&quot;:1,&quot;335559738&quot;:0,&quot;335559739&quot;:160,&quot;335559740&quot;:259}\">\u00a0<\/span><\/p><p><b><span data-contrast=\"none\">Agreement type<\/span><\/b><span data-contrast=\"none\">: <\/span><a href=\"https:\/\/www.ufsm.br\/orgaos-de-apoio\/sai\/wp-content\/uploads\/sites\/402\/2018\/12\/Univesidade-Nacional-de-Misiones-e-Bio-Bio.pdf\"><span data-contrast=\"none\">Academic, Scientific, and Cultural Cooperation Agreement\u00a0<\/span><\/a><span data-ccp-props=\"{&quot;134233117&quot;:false,&quot;201341983&quot;:0,&quot;335551550&quot;:1,&quot;335551620&quot;:1,&quot;335559738&quot;:0,&quot;335559739&quot;:160,&quot;335559740&quot;:259}\">\u00a0<\/span><\/p><p><b><span data-contrast=\"none\">Objective:<\/span><\/b><span data-contrast=\"none\"> The institutions will exchange experience and staff in the fields of teaching research, inside the areas of interest\u00a0\u00a0<\/span><span data-ccp-props=\"{&quot;134233117&quot;:false,&quot;201341983&quot;:0,&quot;335551550&quot;:1,&quot;335551620&quot;:1,&quot;335559738&quot;:0,&quot;335559739&quot;:160,&quot;335559740&quot;:259}\">\u00a0<\/span><\/p><p><b><span data-contrast=\"none\">Validity period:<\/span><\/b><span data-contrast=\"none\"> 08\/03\/2005 \u2013 undetermined\u00a0<\/span><span data-ccp-props=\"{&quot;134233117&quot;:false,&quot;201341983&quot;:0,&quot;335551550&quot;:1,&quot;335551620&quot;:1,&quot;335559738&quot;:0,&quot;335559739&quot;:160,&quot;335559740&quot;:259}\">\u00a0<\/span><\/p><p><b><span data-contrast=\"none\">Work Plan Director:<\/span><\/b><span data-contrast=\"none\"> Jo\u00e3o Helvio Righi de Oliveira<\/span><span data-ccp-props=\"{&quot;134233117&quot;:false,&quot;201341983&quot;:0,&quot;335551550&quot;:1,&quot;335551620&quot;:1,&quot;335559738&quot;:0,&quot;335559739&quot;:160,&quot;335559740&quot;:259}\">\u00a0<\/span><\/p><\/div>\n\t\t\t\t\t\t\t\t\t<div class=\"elementor-tab-title elementor-tab-mobile-title\" aria-selected=\"false\" data-tab=\"2\" role=\"tab\" tabindex=\"-1\" aria-controls=\"elementor-tab-content-1872\" aria-expanded=\"false\"> Metropolitan University of Educational Sciences<\/div>\n\t\t\t\t\t<div id=\"elementor-tab-content-1872\" class=\"elementor-tab-content elementor-clearfix\" data-tab=\"2\" role=\"tabpanel\" aria-labelledby=\"elementor-tab-title-1872\" tabindex=\"0\" hidden=\"hidden\"><p><a href=\"http:\/\/www.umce.cl\/\"><span data-contrast=\"none\">http:\/\/www.umce.cl\/<\/span><\/a><span data-ccp-props=\"{&quot;134233117&quot;:false,&quot;201341983&quot;:0,&quot;335559738&quot;:0,&quot;335559739&quot;:160,&quot;335559740&quot;:259}\">\u00a0<\/span><\/p><p><b><span data-contrast=\"none\">Original Name: <\/span><\/b><span data-contrast=\"none\">Universidad Metropolitana de Ciencias de La Educaci\u00f3n<\/span><span data-ccp-props=\"{&quot;134233117&quot;:false,&quot;201341983&quot;:0,&quot;335551550&quot;:1,&quot;335551620&quot;:1,&quot;335559738&quot;:0,&quot;335559739&quot;:160,&quot;335559740&quot;:259}\">\u00a0<\/span><\/p><p><b><span data-contrast=\"none\">Location: <\/span><\/b><span data-contrast=\"none\">\u00d1u\u00f1oa, <\/span><span class=\"Y2IQFc\" lang=\"en\">province of <\/span><span data-contrast=\"none\">Santiago<\/span><span data-ccp-props=\"{&quot;134233117&quot;:false,&quot;201341983&quot;:0,&quot;335551550&quot;:1,&quot;335551620&quot;:1,&quot;335559738&quot;:0,&quot;335559739&quot;:160,&quot;335559740&quot;:259}\">\u00a0<\/span><\/p><p><b><span data-contrast=\"none\">Agreement type<\/span><\/b><span data-contrast=\"none\">: <\/span><a href=\"https:\/\/www.ufsm.br\/orgaos-de-apoio\/sai\/wp-content\/uploads\/sites\/402\/2018\/12\/Universidad-Metropolitana-de-Cincias-de-La-Educacion-Chile-Intercmbio-de-Cooperao-Tcnico-Cientfico.pdf\"><span data-contrast=\"none\">Technical-Scientific<\/span><\/a><span data-contrast=\"none\"> Cooperation Exchange\u00a0<\/span><span data-contrast=\"auto\">\u00a0<\/span><span data-ccp-props=\"{&quot;134233117&quot;:false,&quot;201341983&quot;:0,&quot;335551550&quot;:1,&quot;335551620&quot;:1,&quot;335559738&quot;:0,&quot;335559739&quot;:160,&quot;335559740&quot;:259}\">\u00a0<\/span><\/p><p><b><span data-contrast=\"none\">Objective:<\/span><\/b><span data-contrast=\"none\"> To exchange knowledge and experience or any other activity of common interest, in the fields of teaching, research, extension, and administration, and staff training.<\/span><span data-ccp-props=\"{&quot;134233117&quot;:false,&quot;134233118&quot;:false,&quot;201341983&quot;:0,&quot;335551550&quot;:1,&quot;335551620&quot;:1,&quot;335559685&quot;:0,&quot;335559737&quot;:0,&quot;335559738&quot;:0,&quot;335559739&quot;:160,&quot;335559740&quot;:259}\">\u00a0<\/span><\/p><p><b><span data-contrast=\"none\">Validity period:<\/span><\/b><span data-contrast=\"none\"> 07\/07\/1992 \u2013 undetermined\u00a0<\/span><span data-ccp-props=\"{&quot;134233117&quot;:false,&quot;201341983&quot;:0,&quot;335551550&quot;:1,&quot;335551620&quot;:1,&quot;335559738&quot;:0,&quot;335559739&quot;:160,&quot;335559740&quot;:259}\">\u00a0<\/span><\/p><p><b><span data-contrast=\"none\">Work Plan Director:<\/span><\/b><span data-contrast=\"none\"> Valeska Maria Fortes de Oliveira<\/span><span data-ccp-props=\"{&quot;134233117&quot;:false,&quot;201341983&quot;:0,&quot;335551550&quot;:1,&quot;335551620&quot;:1,&quot;335559738&quot;:0,&quot;335559739&quot;:160,&quot;335559740&quot;:259}\">\u00a0<\/span><\/p><\/div>\n\t\t\t\t\t\t\t\t\t<div class=\"elementor-tab-title elementor-tab-mobile-title\" aria-selected=\"false\" data-tab=\"3\" role=\"tab\" tabindex=\"-1\" aria-controls=\"elementor-tab-content-1873\" aria-expanded=\"false\">Technological University of Chile<\/div>\n\t\t\t\t\t<div id=\"elementor-tab-content-1873\" class=\"elementor-tab-content elementor-clearfix\" data-tab=\"3\" role=\"tabpanel\" aria-labelledby=\"elementor-tab-title-1873\" tabindex=\"0\" hidden=\"hidden\"><p><a href=\"http:\/\/portales.inacap.cl\/admision\/\"><span data-contrast=\"none\">http:\/\/portales.inacap.cl\/admision\/<\/span><\/a><span data-ccp-props=\"{&quot;134233117&quot;:false,&quot;201341983&quot;:0,&quot;335559738&quot;:0,&quot;335559739&quot;:160,&quot;335559740&quot;:259}\">\u00a0<\/span><\/p><p><b><span data-contrast=\"none\">Original Name: <\/span><\/b><span data-contrast=\"none\">Universidad Tecnol\u00f3gica de Chile<\/span><span data-ccp-props=\"{&quot;134233117&quot;:false,&quot;201341983&quot;:0,&quot;335551550&quot;:1,&quot;335551620&quot;:1,&quot;335559738&quot;:0,&quot;335559739&quot;:160,&quot;335559740&quot;:259}\">\u00a0<\/span><\/p><p><b><span data-contrast=\"none\">Location: <\/span><\/b><span data-contrast=\"none\">Santiago, Chile<\/span><span data-ccp-props=\"{&quot;134233117&quot;:false,&quot;201341983&quot;:0,&quot;335551550&quot;:1,&quot;335551620&quot;:1,&quot;335559738&quot;:0,&quot;335559739&quot;:160,&quot;335559740&quot;:259}\">\u00a0<\/span><\/p><p><b><span data-contrast=\"none\">Agreement type<\/span><\/b><span data-contrast=\"none\">: <\/span><a href=\"https:\/\/www.ufsm.br\/orgaos-de-apoio\/sai\/wp-content\/uploads\/sites\/402\/2019\/01\/Universidade-Tecn.-INACAP.-Chile.pdf\"><span data-contrast=\"none\">International Cooperation Agreement<\/span><\/a><span data-ccp-props=\"{&quot;134233117&quot;:false,&quot;201341983&quot;:0,&quot;335551550&quot;:1,&quot;335551620&quot;:1,&quot;335559738&quot;:0,&quot;335559739&quot;:160,&quot;335559740&quot;:259}\">\u00a0<\/span><\/p><p><b><span data-contrast=\"none\">Objective:<\/span><\/b><span data-contrast=\"none\"> Both institutions will try to stimulate and implement technical-scientific and cultural cooperation programs, according to the current legislation in their countries and the International Law Guidelines.<\/span><span data-ccp-props=\"{&quot;134233117&quot;:false,&quot;201341983&quot;:0,&quot;335559738&quot;:0,&quot;335559739&quot;:160,&quot;335559740&quot;:259}\">\u00a0<\/span><\/p><p><b><span data-contrast=\"none\">Validity period:<\/span><\/b><span data-contrast=\"none\"> 13\/03\/2025 \u2013 13\/03\/2030<\/span><\/p><p><b><span data-contrast=\"none\">Work Plan Director:<\/span><\/b><span data-contrast=\"none\"> Miguel Antonello<\/span><span data-ccp-props=\"{&quot;134233117&quot;:false,&quot;201341983&quot;:0,&quot;335551550&quot;:1,&quot;335551620&quot;:1,&quot;335559738&quot;:0,&quot;335559739&quot;:160,&quot;335559740&quot;:259}\">\u00a0<\/span><\/p><\/div>\n\t\t\t\t\t\t\t\t\t<div class=\"elementor-tab-title elementor-tab-mobile-title\" aria-selected=\"false\" data-tab=\"4\" role=\"tab\" tabindex=\"-1\" aria-controls=\"elementor-tab-content-1874\" aria-expanded=\"false\">University of Talca<\/div>\n\t\t\t\t\t<div id=\"elementor-tab-content-1874\" class=\"elementor-tab-content elementor-clearfix\" data-tab=\"4\" role=\"tabpanel\" aria-labelledby=\"elementor-tab-title-1874\" tabindex=\"0\" hidden=\"hidden\"><p><a href=\"https:\/\/www.utalca.cl\/\"><span data-contrast=\"none\">www.utalca.cl<\/span><\/a><span data-ccp-props=\"{&quot;134233117&quot;:false,&quot;201341983&quot;:0,&quot;335559738&quot;:0,&quot;335559739&quot;:160,&quot;335559740&quot;:259}\">\u00a0<\/span><\/p><p><b><span data-contrast=\"none\">Original Name: <\/span><\/b><span data-contrast=\"none\">Universidad\u00a0de Talca<\/span><span data-ccp-props=\"{&quot;134233117&quot;:false,&quot;201341983&quot;:0,&quot;335551550&quot;:1,&quot;335551620&quot;:1,&quot;335559738&quot;:0,&quot;335559739&quot;:160,&quot;335559740&quot;:259}\">\u00a0<\/span><\/p><p><b><span data-contrast=\"none\">Location: <\/span><\/b><span data-contrast=\"none\">Talca, Chile<\/span><span data-ccp-props=\"{&quot;134233117&quot;:false,&quot;201341983&quot;:0,&quot;335551550&quot;:1,&quot;335551620&quot;:1,&quot;335559738&quot;:0,&quot;335559739&quot;:160,&quot;335559740&quot;:259}\">\u00a0<\/span><\/p><p><b><span data-contrast=\"none\">Agreement type<\/span><\/b><span data-contrast=\"none\">: <\/span><a href=\"https:\/\/www.ufsm.br\/app\/uploads\/sites\/402\/2021\/05\/Convenio-Esp.-TALCA-1_compressed.pdf\"><span data-contrast=\"none\">Technical Cooperation Agreement<\/span><\/a><span data-contrast=\"none\"> &#8211; Exchange program available only for the area of Phonoaudiology <\/span><span data-ccp-props=\"{&quot;134233117&quot;:false,&quot;201341983&quot;:0,&quot;335551550&quot;:1,&quot;335551620&quot;:1,&quot;335559738&quot;:0,&quot;335559739&quot;:160,&quot;335559740&quot;:259}\">\u00a0<\/span><\/p><p><b><span data-contrast=\"none\">Objective:<\/span><\/b><span data-contrast=\"none\"> To establish the guidelines that will regulate the exchange program for students enrolled at\u00a0UFSM and Universidad de Talca <\/span><span data-ccp-props=\"{&quot;134233117&quot;:false,&quot;134233118&quot;:false,&quot;201341983&quot;:0,&quot;335551550&quot;:1,&quot;335551620&quot;:1,&quot;335559685&quot;:0,&quot;335559737&quot;:0,&quot;335559738&quot;:0,&quot;335559739&quot;:160,&quot;335559740&quot;:259}\">\u00a0<\/span><\/p><p><b><span data-contrast=\"none\">Validity period:<\/span><\/b><span data-contrast=\"none\"> 01\/22\/2020 \u2013 01\/22\/2024 <\/span><span class=\"Y2IQFc\" lang=\"en\">(in the process of renewal)<\/span><\/p><p><b><span data-contrast=\"none\">President at UFSM:<\/span><\/b><span data-contrast=\"none\"> Karina Carlesso Pagliarin<\/span><span data-ccp-props=\"{&quot;134233117&quot;:false,&quot;201341983&quot;:0,&quot;335551550&quot;:1,&quot;335551620&quot;:1,&quot;335559738&quot;:0,&quot;335559739&quot;:160,&quot;335559740&quot;:259}\">\u00a0<\/span><\/p><p><b><span data-contrast=\"none\">Agreement type<\/span><\/b><span data-contrast=\"none\">: <\/span><a href=\"https:\/\/www.ufsm.br\/app\/uploads\/sites\/402\/2021\/05\/Acord-Coop-Talca_compressed.pdf\"><span data-contrast=\"none\">Technical Cooperation Agreement &#8211; exchange program available for all the areas of knowlede<\/span><\/a><span data-ccp-props=\"{&quot;134233117&quot;:false,&quot;201341983&quot;:0,&quot;335551550&quot;:1,&quot;335551620&quot;:1,&quot;335559738&quot;:0,&quot;335559739&quot;:160,&quot;335559740&quot;:259}\">\u00a0<\/span><\/p><p><b><span data-contrast=\"none\">Objective:<\/span><\/b><span data-contrast=\"none\"> Both institutions will try to stimulate and implement technical-scientific and cultural cooperation programs, according to the current legislation in their countries and the International Law Guidelines.<\/span> <span data-ccp-props=\"{&quot;134233117&quot;:false,&quot;201341983&quot;:0,&quot;335559738&quot;:0,&quot;335559739&quot;:160,&quot;335559740&quot;:259}\">\u00a0<\/span><\/p><p><b><span data-contrast=\"none\">Validity period:<\/span><\/b><span data-contrast=\"none\"> 12\/09\/2019 \u2013 12\/09\/2024<\/span><span data-ccp-props=\"{&quot;134233117&quot;:false,&quot;134233118&quot;:false,&quot;201341983&quot;:0,&quot;335551550&quot;:1,&quot;335551620&quot;:1,&quot;335559685&quot;:0,&quot;335559737&quot;:0,&quot;335559738&quot;:0,&quot;335559739&quot;:160,&quot;335559740&quot;:259}\">\u00a0<\/span><\/p><p><b><span data-contrast=\"none\">Work Plan Director:<\/span><\/b><span data-contrast=\"none\"> Karina Carlesso Pagliarin<\/span><span data-ccp-props=\"{&quot;134233117&quot;:false,&quot;201341983&quot;:0,&quot;335551550&quot;:1,&quot;335551620&quot;:1,&quot;335559738&quot;:0,&quot;335559739&quot;:160,&quot;335559740&quot;:259}\">\u00a0<\/span><\/p><\/div>\n\t\t\t\t\t\t\t\t\t<div class=\"elementor-tab-title elementor-tab-mobile-title\" aria-selected=\"false\" data-tab=\"5\" role=\"tab\" tabindex=\"-1\" aria-controls=\"elementor-tab-content-1875\" aria-expanded=\"false\">Catholic University of Temuco<\/div>\n\t\t\t\t\t<div id=\"elementor-tab-content-1875\" class=\"elementor-tab-content elementor-clearfix\" data-tab=\"5\" role=\"tabpanel\" aria-labelledby=\"elementor-tab-title-1875\" tabindex=\"0\" hidden=\"hidden\"><p><a href=\"https:\/\/www.uct.cl\/\">www.uct.cl<\/a><\/p><p><b><span data-contrast=\"none\">Original Name: <\/span><\/b><span data-ccp-props=\"{&quot;134233117&quot;:false,&quot;201341983&quot;:0,&quot;335551550&quot;:1,&quot;335551620&quot;:1,&quot;335559738&quot;:0,&quot;335559739&quot;:160,&quot;335559740&quot;:259}\"> Universidad Cat\u00f3lica de Temuco<\/span><\/p><p><b><span data-contrast=\"none\">Location: <\/span><\/b>Araucan\u00eda, Chile<\/p><p><b><span data-contrast=\"none\">Agreement type<\/span><\/b><span data-contrast=\"none\">: <\/span><span data-contrast=\"auto\">\u00a0<\/span><a href=\"https:\/\/www.ufsm.br\/app\/uploads\/sites\/402\/2024\/12\/Universidade-de-Temuco.pdf\"><span class=\"Y2IQFc\" lang=\"en\">Specific Student Mobility Agreement<\/span><\/a><\/p><p><b><span data-contrast=\"none\">Objective: <\/span><\/b><span class=\"Y2IQFc\" lang=\"en\">Both signatory institutions will seek to stimulate and implement technical-scientific and cultural cooperation programs, in accordance with the legislation in force in their respective countries and with the Norms of International Law.<\/span><\/p><p><b><span data-contrast=\"none\">Validity period:<\/span><\/b> <span data-ccp-props=\"{&quot;134233117&quot;:false,&quot;201341983&quot;:0,&quot;335551550&quot;:1,&quot;335551620&quot;:1,&quot;335559738&quot;:0,&quot;335559739&quot;:160,&quot;335559740&quot;:259}\"> 27\/11\/2024 \u2013 renova-se automaticamente<\/span><\/p><p><b><span data-contrast=\"none\">Work Plan Director: <\/span><\/b><span class=\"Y2IQFc\" lang=\"en\">PM Animal Science Course<\/span><\/p><p><span data-ccp-props=\"{&quot;134233117&quot;:false,&quot;201341983&quot;:0,&quot;335551550&quot;:1,&quot;335551620&quot;:1,&quot;335559738&quot;:0,&quot;335559739&quot;:160,&quot;335559740&quot;:259}\">\u00a0<\/span><\/p><\/div>\n\t\t\t\t\t\t\t\t\t<div class=\"elementor-tab-title elementor-tab-mobile-title\" aria-selected=\"false\" data-tab=\"6\" role=\"tab\" tabindex=\"-1\" aria-controls=\"elementor-tab-content-1876\" aria-expanded=\"false\">University of Santiago de Chile<\/div>\n\t\t\t\t\t<div id=\"elementor-tab-content-1876\" class=\"elementor-tab-content elementor-clearfix\" data-tab=\"6\" role=\"tabpanel\" aria-labelledby=\"elementor-tab-title-1876\" tabindex=\"0\" hidden=\"hidden\"><p><a href=\"https:\/\/www.usach.cl\/\">https:\/\/www.usach.cl\/<\/a><\/p><p><b><span data-contrast=\"none\">Original Name: <\/span><\/b>Universidad de Santiago de Chile<\/p><p><b><span data-contrast=\"none\">Location: <\/span><\/b>Santiago, Chile<\/p><p><b><span data-contrast=\"none\">Agreement type<\/span><\/b><span data-contrast=\"none\">: <\/span><a href=\"https:\/\/www.ufsm.br\/app\/uploads\/sites\/402\/2024\/12\/11122024-CONVENIO_UFSM___USACHPORTUGU_S__1_.pdf\"><span class=\"Y2IQFc\" lang=\"en\">Framework Agreement for Cooperation in Postgraduate Studies<\/span><\/a><\/p><p><b><span data-contrast=\"none\">Objective: <\/span><\/b><span class=\"Y2IQFc\" lang=\"en\">Both signatory institutions will seek to stimulate and implement technical-scientific and cultural cooperation programs, in accordance with the legislation in force in their respective countries and with the Norms of International Law.<\/span><\/p><p><b><span data-contrast=\"none\">Validity period:<\/span><\/b> 11\/12\/2024 \u2013 11\/12\/2029<\/p><p><b><span data-contrast=\"none\">Work Plan Director: <\/span><\/b>Rosana Campos<\/p><p><span data-ccp-props=\"{&quot;134233117&quot;:false,&quot;201341983&quot;:0,&quot;335551550&quot;:1,&quot;335551620&quot;:1,&quot;335559738&quot;:0,&quot;335559739&quot;:160,&quot;335559740&quot;:259}\">\u00a0<\/span><\/p><\/div>\n\t\t\t\t\t\t\t\t\t<div class=\"elementor-tab-title elementor-tab-mobile-title\" aria-selected=\"false\" data-tab=\"7\" role=\"tab\" tabindex=\"-1\" aria-controls=\"elementor-tab-content-1877\" aria-expanded=\"false\">University of Valpara\u00edso<\/div>\n\t\t\t\t\t<div id=\"elementor-tab-content-1877\" class=\"elementor-tab-content elementor-clearfix\" data-tab=\"7\" role=\"tabpanel\" aria-labelledby=\"elementor-tab-title-1877\" tabindex=\"0\" hidden=\"hidden\"><p><a href=\"https:\/\/uv.cl\/\">https:\/\/uv.cl\/<\/a><\/p><p><b><span data-contrast=\"none\">Original Name: <\/span><\/b>Universidad de Valpara\u00edso<\/p><p><b><span data-contrast=\"none\">Location: <\/span><\/b>Valpara\u00edso, Chile<\/p><p><b><span data-contrast=\"none\">Agreement type<\/span><\/b><span data-contrast=\"none\">: <\/span><a href=\"https:\/\/www.ufsm.br\/app\/uploads\/sites\/402\/2025\/03\/Acordo-Universidad-de-Valparaiso.pdf\"><span class=\"Y2IQFc\" lang=\"en\">International Cooperation Agreement<\/span><\/a><\/p><p><b><span data-contrast=\"none\">Objective: <\/span><\/b><span class=\"Y2IQFc\" lang=\"en\">Both signatory institutions will seek to stimulate and implement technical-scientific and cultural cooperation programs, in accordance with the legislation in force in their respective countries and with the Norms of International Law.<\/span><\/p><p><b><span data-contrast=\"none\">Validity period:<\/span><\/b> 10\/02\/2025 \u2013 10\/02\/2030<\/p><p><b><span data-contrast=\"none\">Work Plan Director: <\/span><\/b>Carmen Brum Rosa<\/p><p><span data-ccp-props=\"{&quot;134233117&quot;:false,&quot;201341983&quot;:0,&quot;335551550&quot;:1,&quot;335551620&quot;:1,&quot;335559738&quot;:0,&quot;335559739&quot;:160,&quot;335559740&quot;:259}\">\u00a0<\/span><\/p><\/div>\n\t\t\t\t\t\t\t<\/div>\n\t\t<\/div>\n\t\t\t\t<\/div>\n\t\t\t\t<\/div>\n\t\t\t\t\t<\/div>\n\t\t<\/div>\n\t\t\t\t\t<\/div>\n\t\t<\/section>\n\t\t\t\t<\/div>\n\t\t","protected":false},"excerpt":{"rendered":"<p>University of the B\u00edo-B\u00edo and National University of Misiones Metropolitan University of Educational Sciences Technological University of Chile University of Talca Catholic University of Temuco University of Santiago de Chile University of Valpara\u00edso University of the B\u00edo-B\u00edo and National University of Misiones http:\/\/www.ubiobio.cl\/w\/\u00a0\u00a0\u00a0 https:\/\/www.unam.edu.ar\/\u00a0\u00a0\u00a0\u00a0\u00a0\u00a0\u00a0 Original Name: Universidad del B\u00edo-B\u00edo and Universidad Nacional de Misiones\u00a0 Location: [&hellip;]<\/p>\n","protected":false},"author":4442,"featured_media":0,"parent":0,"menu_order":0,"comment_status":"closed","ping_status":"closed","template":"","meta":{"footnotes":""},"categories":[],"tags":[],"class_list":["post-57","page","type-page","status-publish","hentry"],"acf":[],"_links":{"self":[{"href":"https:\/\/www.ufsm.br\/global\/wp-json\/wp\/v2\/pages\/57","targetHints":{"allow":["GET"]}}],"collection":[{"href":"https:\/\/www.ufsm.br\/global\/wp-json\/wp\/v2\/pages"}],"about":[{"href":"https:\/\/www.ufsm.br\/global\/wp-json\/wp\/v2\/types\/page"}],"author":[{"embeddable":true,"href":"https:\/\/www.ufsm.br\/global\/wp-json\/wp\/v2\/users\/4442"}],"replies":[{"embeddable":true,"href":"https:\/\/www.ufsm.br\/global\/wp-json\/wp\/v2\/comments?post=57"}],"version-history":[{"count":0,"href":"https:\/\/www.ufsm.br\/global\/wp-json\/wp\/v2\/pages\/57\/revisions"}],"wp:attachment":[{"href":"https:\/\/www.ufsm.br\/global\/wp-json\/wp\/v2\/media?parent=57"}],"wp:term":[{"taxonomy":"category","embeddable":true,"href":"https:\/\/www.ufsm.br\/global\/wp-json\/wp\/v2\/categories?post=57"},{"taxonomy":"post_tag","embeddable":true,"href":"https:\/\/www.ufsm.br\/global\/wp-json\/wp\/v2\/tags?post=57"}],"curies":[{"name":"wp","href":"https:\/\/api.w.org\/{rel}","templated":true}]}}