{"id":59,"date":"2023-10-31T10:25:22","date_gmt":"2023-10-31T13:25:22","guid":{"rendered":"https:\/\/www.ufsm.br\/global\/?page_id=59"},"modified":"2025-10-08T11:21:23","modified_gmt":"2025-10-08T14:21:23","slug":"colombia","status":"publish","type":"page","link":"https:\/\/www.ufsm.br\/global\/colombia","title":{"rendered":"Colombia"},"content":{"rendered":"\t\t<div data-elementor-type=\"wp-page\" data-elementor-id=\"59\" class=\"elementor elementor-59\">\n\t\t\t\t\t\t<section class=\"elementor-section elementor-top-section elementor-element elementor-element-88d8cf5 elementor-section-boxed elementor-section-height-default elementor-section-height-default\" data-id=\"88d8cf5\" data-element_type=\"section\">\n\t\t\t\t\t\t<div class=\"elementor-container elementor-column-gap-default\">\n\t\t\t\t\t<div class=\"elementor-column elementor-col-100 elementor-top-column elementor-element elementor-element-55f365a\" data-id=\"55f365a\" data-element_type=\"column\">\n\t\t\t<div class=\"elementor-widget-wrap elementor-element-populated\">\n\t\t\t\t\t\t<div class=\"elementor-element elementor-element-af0a4e3 elementor-tabs-view-vertical elementor-widget elementor-widget-tabs\" data-id=\"af0a4e3\" data-element_type=\"widget\" data-widget_type=\"tabs.default\">\n\t\t\t\t<div class=\"elementor-widget-container\">\n\t\t\t\t\t<div class=\"elementor-tabs\">\n\t\t\t<div class=\"elementor-tabs-wrapper\" role=\"tablist\" >\n\t\t\t\t\t\t\t\t\t<div id=\"elementor-tab-title-1831\" class=\"elementor-tab-title elementor-tab-desktop-title\" aria-selected=\"true\" data-tab=\"1\" role=\"tab\" tabindex=\"0\" aria-controls=\"elementor-tab-content-1831\" aria-expanded=\"false\">National University of Colombia<\/div>\n\t\t\t\t\t\t\t\t\t<div id=\"elementor-tab-title-1832\" class=\"elementor-tab-title elementor-tab-desktop-title\" aria-selected=\"false\" data-tab=\"2\" role=\"tab\" tabindex=\"-1\" aria-controls=\"elementor-tab-content-1832\" aria-expanded=\"false\">Del Sin\u00fa University - Elias Bechara Zain\u00fam <\/div>\n\t\t\t\t\t\t\t\t\t<div id=\"elementor-tab-title-1833\" class=\"elementor-tab-title elementor-tab-desktop-title\" aria-selected=\"false\" data-tab=\"3\" role=\"tab\" tabindex=\"-1\" aria-controls=\"elementor-tab-content-1833\" aria-expanded=\"false\">University of Pamplona<\/div>\n\t\t\t\t\t\t\t\t\t<div id=\"elementor-tab-title-1834\" class=\"elementor-tab-title elementor-tab-desktop-title\" aria-selected=\"false\" data-tab=\"4\" role=\"tab\" tabindex=\"-1\" aria-controls=\"elementor-tab-content-1834\" aria-expanded=\"false\">University of the Rosary<\/div>\n\t\t\t\t\t\t\t\t\t<div id=\"elementor-tab-title-1835\" class=\"elementor-tab-title elementor-tab-desktop-title\" aria-selected=\"false\" data-tab=\"5\" role=\"tab\" tabindex=\"-1\" aria-controls=\"elementor-tab-content-1835\" aria-expanded=\"false\">University of Quind\u00edo<\/div>\n\t\t\t\t\t\t\t\t\t<div id=\"elementor-tab-title-1836\" class=\"elementor-tab-title elementor-tab-desktop-title\" aria-selected=\"false\" data-tab=\"6\" role=\"tab\" tabindex=\"-1\" aria-controls=\"elementor-tab-content-1836\" aria-expanded=\"false\">Cooperative University of Colombia<\/div>\n\t\t\t\t\t\t\t\t\t<div id=\"elementor-tab-title-1837\" class=\"elementor-tab-title elementor-tab-desktop-title\" aria-selected=\"false\" data-tab=\"7\" role=\"tab\" tabindex=\"-1\" aria-controls=\"elementor-tab-content-1837\" aria-expanded=\"false\">University of Los Llanos<\/div>\n\t\t\t\t\t\t\t<\/div>\n\t\t\t<div class=\"elementor-tabs-content-wrapper\" role=\"tablist\" aria-orientation=\"vertical\">\n\t\t\t\t\t\t\t\t\t<div class=\"elementor-tab-title elementor-tab-mobile-title\" aria-selected=\"true\" data-tab=\"1\" role=\"tab\" tabindex=\"0\" aria-controls=\"elementor-tab-content-1831\" aria-expanded=\"false\">National University of Colombia<\/div>\n\t\t\t\t\t<div id=\"elementor-tab-content-1831\" class=\"elementor-tab-content elementor-clearfix\" data-tab=\"1\" role=\"tabpanel\" aria-labelledby=\"elementor-tab-title-1831\" tabindex=\"0\" hidden=\"false\"><p><a href=\"http:\/\/unal.edu.co\/\"><span data-contrast=\"none\">http:\/\/unal.edu.co\/<\/span><\/a><span data-ccp-props=\"{&quot;134233117&quot;:false,&quot;201341983&quot;:0,&quot;335559738&quot;:0,&quot;335559739&quot;:160,&quot;335559740&quot;:259}\">\u00a0<\/span><\/p><p><b><span data-contrast=\"none\">Original Name: <\/span><\/b><span data-contrast=\"none\">Universidad\u00a0Nacional de Colombia<\/span><span data-ccp-props=\"{&quot;201341983&quot;:0,&quot;335559739&quot;:160,&quot;335559740&quot;:259}\">\u00a0<\/span><\/p><p><b><span data-contrast=\"none\">Location:<\/span><\/b><span data-contrast=\"none\"> Bogot\u00e1, Colombia<\/span><span data-ccp-props=\"{&quot;134233117&quot;:false,&quot;201341983&quot;:0,&quot;335559738&quot;:0,&quot;335559739&quot;:160,&quot;335559740&quot;:259}\">\u00a0<\/span><\/p><p><b><span data-contrast=\"none\">Agreement type<\/span><\/b><span data-contrast=\"none\">: <\/span><a href=\"https:\/\/www.ufsm.br\/app\/uploads\/sites\/402\/2023\/04\/A.C.I-UFSM-E-UNAL.pdf\"><span data-contrast=\"none\">International Cooperation Agreement <\/span><\/a><span data-ccp-props=\"{&quot;134233117&quot;:false,&quot;201341983&quot;:0,&quot;335559738&quot;:0,&quot;335559739&quot;:160,&quot;335559740&quot;:259}\">\u00a0<\/span><\/p><p><b><span data-contrast=\"none\">Validity period:<\/span><\/b><span data-contrast=\"none\"> 04\/11\/<\/span><span data-contrast=\"auto\">2023 \u2013 04\/11\/2028<\/span><span data-ccp-props=\"{&quot;134233117&quot;:false,&quot;201341983&quot;:0,&quot;335559738&quot;:0,&quot;335559739&quot;:160,&quot;335559740&quot;:259}\">\u00a0<\/span><\/p><p><b><span data-contrast=\"none\">Work Plan Director:<\/span><\/b><span data-contrast=\"none\"> Marcelo Battesini<\/span><span data-ccp-props=\"{&quot;134233117&quot;:false,&quot;201341983&quot;:0,&quot;335559738&quot;:0,&quot;335559739&quot;:160,&quot;335559740&quot;:259}\">\u00a0<\/span><\/p><\/div>\n\t\t\t\t\t\t\t\t\t<div class=\"elementor-tab-title elementor-tab-mobile-title\" aria-selected=\"false\" data-tab=\"2\" role=\"tab\" tabindex=\"-1\" aria-controls=\"elementor-tab-content-1832\" aria-expanded=\"false\">Del Sin\u00fa University - Elias Bechara Zain\u00fam <\/div>\n\t\t\t\t\t<div id=\"elementor-tab-content-1832\" class=\"elementor-tab-content elementor-clearfix\" data-tab=\"2\" role=\"tabpanel\" aria-labelledby=\"elementor-tab-title-1832\" tabindex=\"0\" hidden=\"hidden\"><p><a href=\"http:\/\/www.unisinucartagena.edu.co\/\"><span data-contrast=\"none\">www.unisinucartagena.edu.co\/<\/span><\/a><span data-ccp-props=\"{&quot;134233117&quot;:false,&quot;201341983&quot;:0,&quot;335559738&quot;:0,&quot;335559739&quot;:160,&quot;335559740&quot;:259}\">\u00a0<\/span><\/p><p><b><span data-contrast=\"none\">Original Name: <\/span><\/b><span data-contrast=\"none\">Universidad Del Sin\u00fa \u2013 Elias Bechara Zain\u00fam<\/span><span data-ccp-props=\"{&quot;201341983&quot;:0,&quot;335559739&quot;:160,&quot;335559740&quot;:259}\">\u00a0<\/span><\/p><p><b><span data-contrast=\"none\">Location:<\/span><\/b><span data-contrast=\"none\"> Colombia<\/span><span data-ccp-props=\"{&quot;134233117&quot;:false,&quot;201341983&quot;:0,&quot;335559738&quot;:0,&quot;335559739&quot;:160,&quot;335559740&quot;:259}\">\u00a0<\/span><\/p><p><b><span data-contrast=\"none\">Agreement type<\/span><\/b><span data-contrast=\"none\">: <\/span><a href=\"https:\/\/www.ufsm.br\/app\/uploads\/sites\/402\/2023\/08\/Acordo-de-Cooperacao_2023_2028.pdf\"><span data-contrast=\"none\">Cooperation Agreement<\/span><\/a><span data-contrast=\"none\">\u00a0<\/span><span data-contrast=\"none\">\u2013 Exchange program available<\/span><span data-ccp-props=\"{&quot;134233117&quot;:false,&quot;201341983&quot;:0,&quot;335559738&quot;:0,&quot;335559739&quot;:160,&quot;335559740&quot;:259}\">\u00a0<\/span><\/p><p><b><span data-contrast=\"auto\">Objective: <\/span><\/b><span data-contrast=\"none\">Both institutions will try to stimulate and implement technical-scientific and cultural cooperation programs, according to the current legislation in their countries and the International Law Guidelines.\u00a0\u00a0<\/span><span data-contrast=\"auto\">\u00a0<\/span><span data-ccp-props=\"{&quot;134233117&quot;:false,&quot;201341983&quot;:0,&quot;335559738&quot;:0,&quot;335559739&quot;:160,&quot;335559740&quot;:259}\">\u00a0<\/span><\/p><p><b><span data-contrast=\"none\">Validity period:<\/span><\/b> <span data-contrast=\"auto\">2023\u20132028<\/span><span data-ccp-props=\"{&quot;134233117&quot;:false,&quot;201341983&quot;:0,&quot;335559738&quot;:0,&quot;335559739&quot;:160,&quot;335559740&quot;:259}\">\u00a0<\/span><\/p><p><b><span data-contrast=\"none\">Work Plan Director:<\/span><\/b><span data-contrast=\"none\"> Ghendy Cardoso Junior<\/span><span data-ccp-props=\"{&quot;134233117&quot;:false,&quot;201341983&quot;:0,&quot;335559738&quot;:0,&quot;335559739&quot;:160,&quot;335559740&quot;:259}\">\u00a0<\/span><\/p><\/div>\n\t\t\t\t\t\t\t\t\t<div class=\"elementor-tab-title elementor-tab-mobile-title\" aria-selected=\"false\" data-tab=\"3\" role=\"tab\" tabindex=\"-1\" aria-controls=\"elementor-tab-content-1833\" aria-expanded=\"false\">University of Pamplona<\/div>\n\t\t\t\t\t<div id=\"elementor-tab-content-1833\" class=\"elementor-tab-content elementor-clearfix\" data-tab=\"3\" role=\"tabpanel\" aria-labelledby=\"elementor-tab-title-1833\" tabindex=\"0\" hidden=\"hidden\"><p><a href=\"https:\/\/www.unipamplona.edu.com\/\"><span data-contrast=\"none\">https:\/\/www.unipamplona.edu.com<\/span><\/a><span data-ccp-props=\"{&quot;134233117&quot;:false,&quot;201341983&quot;:0,&quot;335559738&quot;:0,&quot;335559739&quot;:160,&quot;335559740&quot;:259}\">\u00a0<\/span><\/p><p><b><span data-contrast=\"none\">Original Name: <\/span><\/b><span data-contrast=\"none\">La Universidad de Pamplona<\/span><span data-ccp-props=\"{&quot;201341983&quot;:0,&quot;335559739&quot;:160,&quot;335559740&quot;:259}\">\u00a0<\/span><\/p><p><b><span data-contrast=\"none\">Location:<\/span><\/b><span data-contrast=\"none\"> Colombia<\/span><span data-ccp-props=\"{&quot;134233117&quot;:false,&quot;201341983&quot;:0,&quot;335559738&quot;:0,&quot;335559739&quot;:160,&quot;335559740&quot;:259}\">\u00a0<\/span><\/p><p><b><span data-contrast=\"none\">Agreement type<\/span><\/b><span data-contrast=\"none\">: <\/span><a href=\"https:\/\/www.ufsm.br\/app\/uploads\/sites\/402\/2023\/08\/COOPERACION-ENTRE-LA-UNIVERSIDAD-DE-PAMPLONA-Y-UNIVERSIDAD-FEDERAL-SANTA-MARIA.pdf\"><span data-contrast=\"none\">International Cooperation Agreement<\/span><\/a><span data-ccp-props=\"{&quot;134233117&quot;:false,&quot;201341983&quot;:0,&quot;335559738&quot;:0,&quot;335559739&quot;:160,&quot;335559740&quot;:259}\">\u00a0<\/span><\/p><p><b><span data-contrast=\"auto\">Objective: <\/span><\/b><span data-contrast=\"none\">Both institutions will try to stimulate and implement technical-scientific and cultural cooperation programs, according to the current legislation in their countries and the International Law Guidelines.\u00a0\u00a0<\/span><span data-contrast=\"auto\">\u00a0<\/span><span data-ccp-props=\"{&quot;134233117&quot;:false,&quot;201341983&quot;:0,&quot;335559738&quot;:0,&quot;335559739&quot;:160,&quot;335559740&quot;:259}\">\u00a0<\/span><\/p><p><b><span data-contrast=\"none\">Validity period:<\/span><\/b> <span data-contrast=\"auto\">2023\u20132028<\/span><span data-ccp-props=\"{&quot;134233117&quot;:false,&quot;201341983&quot;:0,&quot;335559738&quot;:0,&quot;335559739&quot;:160,&quot;335559740&quot;:259}\">\u00a0<\/span><\/p><p><b><span data-contrast=\"none\">Work Plan Director: <\/span><\/b><span class=\"Y2IQFc\" lang=\"en\">International Relations Department (DRI)<\/span><\/p><p><span data-ccp-props=\"{&quot;134233117&quot;:false,&quot;201341983&quot;:0,&quot;335559738&quot;:0,&quot;335559739&quot;:160,&quot;335559740&quot;:259}\">\u00a0<\/span><\/p><\/div>\n\t\t\t\t\t\t\t\t\t<div class=\"elementor-tab-title elementor-tab-mobile-title\" aria-selected=\"false\" data-tab=\"4\" role=\"tab\" tabindex=\"-1\" aria-controls=\"elementor-tab-content-1834\" aria-expanded=\"false\">University of the Rosary<\/div>\n\t\t\t\t\t<div id=\"elementor-tab-content-1834\" class=\"elementor-tab-content elementor-clearfix\" data-tab=\"4\" role=\"tabpanel\" aria-labelledby=\"elementor-tab-title-1834\" tabindex=\"0\" hidden=\"hidden\"><p>https:\/\/urosario.edu.co\/<\/p><p><strong>Original Name:<\/strong> Colegio Mayor de Nuestra Se\u00f1ora des Rosario (Universidad del Rosario)\u00a0<\/p><p><strong>Location:<\/strong> Bogot\u00e1, Colombia<\/p><p><strong>Agreement type:<\/strong> <a href=\"https:\/\/www.ufsm.br\/app\/uploads\/sites\/402\/2023\/11\/Universidad-del-Rosario_Colombia.pdf\">International Cooperation Agreement<\/a><\/p><p><strong>Objective:<\/strong> <span class=\"TextRun SCXW103905034 BCX0\" lang=\"EN-US\" xml:lang=\"EN-US\" data-contrast=\"none\"><span class=\"NormalTextRun SCXW103905034 BCX0\">To <\/span><span class=\"NormalTextRun SCXW103905034 BCX0\">establish<\/span><span class=\"NormalTextRun SCXW103905034 BCX0\"> cooperation in\u00a0teaching, research, and extension in the field of Health to generate contributions at national and international levels, with a special emphasis on the effects of physical exercises and physical activities on\u00a0mental <\/span><span class=\"NormalTextRun SCXW103905034 BCX0\">health<\/span><\/span><span class=\"EOP SCXW103905034 BCX0\" data-ccp-props=\"{&quot;201341983&quot;:0,&quot;335559739&quot;:160,&quot;335559740&quot;:259}\">\u00a0<\/span><\/p><p><strong>Validity period:<\/strong> 2023-2028<\/p><p><strong>Director at UFSM:<\/strong> Felipe Barreto Schuch\u00a0<\/p><\/div>\n\t\t\t\t\t\t\t\t\t<div class=\"elementor-tab-title elementor-tab-mobile-title\" aria-selected=\"false\" data-tab=\"5\" role=\"tab\" tabindex=\"-1\" aria-controls=\"elementor-tab-content-1835\" aria-expanded=\"false\">University of Quind\u00edo<\/div>\n\t\t\t\t\t<div id=\"elementor-tab-content-1835\" class=\"elementor-tab-content elementor-clearfix\" data-tab=\"5\" role=\"tabpanel\" aria-labelledby=\"elementor-tab-title-1835\" tabindex=\"0\" hidden=\"hidden\"><p><a href=\"https:\/\/www.uniquindio.edu.co\/\">\/\/www.uniquindio.edu.co\/<\/a><\/p><p><strong>Original Name:<\/strong> Universidad del Quind\u00edo<\/p><p><strong>Location:<\/strong> Quind\u00edo, Col\u00f4mbia<\/p><p><strong>Agreement type:<\/strong> <a href=\"https:\/\/www.ufsm.br\/app\/uploads\/sites\/402\/2025\/09\/Convenio-Universidad-de-Quindio_-UFSM-1.pdf\">International Cooperation Agreement<\/a><\/p><p><strong>Objective: <\/strong><span class=\"Y2IQFc\" lang=\"en\">Promote and encourage teaching and scientific-pedagogical advances, improve teaching productivity by offering opportunities for staff development, and strengthen institutional scientific research and development programs.<\/span><\/p><p><strong>Validity period:<\/strong> 2025 \u2013 2030<\/p><p><strong>Director at UFSM: <\/strong><span class=\"Y2IQFc\" lang=\"en\">International Relations Department (DRI)<\/span><\/p><\/div>\n\t\t\t\t\t\t\t\t\t<div class=\"elementor-tab-title elementor-tab-mobile-title\" aria-selected=\"false\" data-tab=\"6\" role=\"tab\" tabindex=\"-1\" aria-controls=\"elementor-tab-content-1836\" aria-expanded=\"false\">Cooperative University of Colombia<\/div>\n\t\t\t\t\t<div id=\"elementor-tab-content-1836\" class=\"elementor-tab-content elementor-clearfix\" data-tab=\"6\" role=\"tabpanel\" aria-labelledby=\"elementor-tab-title-1836\" tabindex=\"0\" hidden=\"hidden\"><p><a href=\"https:\/\/ucc.edu.co\/\">https:\/\/ucc.edu.co\/<\/a><\/p><p><strong>Original Name: <\/strong>Universidad Cooperativa de Colombia<\/p><p><strong>Location: <\/strong><span class=\"Y2IQFc\" lang=\"en\">City of Medell\u00edn, Colombia<\/span><\/p><p><strong>Agreement type:<\/strong> <a href=\"https:\/\/www.ufsm.br\/app\/uploads\/sites\/402\/2025\/07\/Universidad-Cooperativa-de-Colombia.pdf\">International Cooperation Agreement<\/a><\/p><p><strong>Objective: <\/strong><span class=\"Y2IQFc\" lang=\"en\">Stimulate technical-cultural cooperation programs, with the transfer of knowledge of common interest related to teaching, research, university administration and human resource training.<\/span><\/p><p><strong>Validity period:<\/strong> 2025 \u2013 2030<\/p><p><strong>Director at UFSM: <\/strong>Leandra Boer Possa<\/p><\/div>\n\t\t\t\t\t\t\t\t\t<div class=\"elementor-tab-title elementor-tab-mobile-title\" aria-selected=\"false\" data-tab=\"7\" role=\"tab\" tabindex=\"-1\" aria-controls=\"elementor-tab-content-1837\" aria-expanded=\"false\">University of Los Llanos<\/div>\n\t\t\t\t\t<div id=\"elementor-tab-content-1837\" class=\"elementor-tab-content elementor-clearfix\" data-tab=\"7\" role=\"tabpanel\" aria-labelledby=\"elementor-tab-title-1837\" tabindex=\"0\" hidden=\"hidden\"><p><a href=\"http:\/\/www.unillanos.edu.co\/\">www.unillanos.edu.co<\/a><\/p><p><strong>Original Name: <\/strong>Universidad de Los Llanos<\/p><p><strong>Location: <\/strong><span class=\"Y2IQFc\" lang=\"en\">Colombia<\/span><\/p><p><strong>Agreement type:<\/strong> <a href=\"https:\/\/www.ufsm.br\/app\/uploads\/sites\/402\/2024\/12\/Acordo-UFSM-e-UNILLANOS-assinado.pdf\">International Cooperation Agreement<\/a><\/p><p><strong>Objective: <\/strong><span class=\"Y2IQFc\" lang=\"en\">Exchange of activities, aiming at the improvement of teaching, research and extension in both Institutions, as well as the improvement of their teaching staff, higher education technicians and undergraduate and graduate students.<\/span><\/p><p><strong>Validity period:<\/strong> 2024 \u2013 2029<\/p><p><strong>Director at UFSM: <\/strong>Bernardo Baldisserotto<\/p><\/div>\n\t\t\t\t\t\t\t<\/div>\n\t\t<\/div>\n\t\t\t\t<\/div>\n\t\t\t\t<\/div>\n\t\t\t\t\t<\/div>\n\t\t<\/div>\n\t\t\t\t\t<\/div>\n\t\t<\/section>\n\t\t\t\t<\/div>\n\t\t","protected":false},"excerpt":{"rendered":"<p>National University of Colombia Del Sin\u00fa University &#8211; Elias Bechara Zain\u00fam University of Pamplona University of the Rosary University of Quind\u00edo Cooperative University of Colombia University of Los Llanos National University of Colombia http:\/\/unal.edu.co\/\u00a0 Original Name: Universidad\u00a0Nacional de Colombia\u00a0 Location: Bogot\u00e1, Colombia\u00a0 Agreement type: International Cooperation Agreement \u00a0 Validity period: 04\/11\/2023 \u2013 04\/11\/2028\u00a0 Work Plan [&hellip;]<\/p>\n","protected":false},"author":4442,"featured_media":0,"parent":0,"menu_order":0,"comment_status":"closed","ping_status":"closed","template":"","meta":{"footnotes":""},"categories":[],"tags":[],"class_list":["post-59","page","type-page","status-publish","hentry"],"acf":[],"_links":{"self":[{"href":"https:\/\/www.ufsm.br\/global\/wp-json\/wp\/v2\/pages\/59","targetHints":{"allow":["GET"]}}],"collection":[{"href":"https:\/\/www.ufsm.br\/global\/wp-json\/wp\/v2\/pages"}],"about":[{"href":"https:\/\/www.ufsm.br\/global\/wp-json\/wp\/v2\/types\/page"}],"author":[{"embeddable":true,"href":"https:\/\/www.ufsm.br\/global\/wp-json\/wp\/v2\/users\/4442"}],"replies":[{"embeddable":true,"href":"https:\/\/www.ufsm.br\/global\/wp-json\/wp\/v2\/comments?post=59"}],"version-history":[{"count":0,"href":"https:\/\/www.ufsm.br\/global\/wp-json\/wp\/v2\/pages\/59\/revisions"}],"wp:attachment":[{"href":"https:\/\/www.ufsm.br\/global\/wp-json\/wp\/v2\/media?parent=59"}],"wp:term":[{"taxonomy":"category","embeddable":true,"href":"https:\/\/www.ufsm.br\/global\/wp-json\/wp\/v2\/categories?post=59"},{"taxonomy":"post_tag","embeddable":true,"href":"https:\/\/www.ufsm.br\/global\/wp-json\/wp\/v2\/tags?post=59"}],"curies":[{"name":"wp","href":"https:\/\/api.w.org\/{rel}","templated":true}]}}