{"id":86,"date":"2023-10-31T13:08:51","date_gmt":"2023-10-31T16:08:51","guid":{"rendered":"https:\/\/www.ufsm.br\/global\/?page_id=86"},"modified":"2024-03-05T13:28:49","modified_gmt":"2024-03-05T16:28:49","slug":"mexico","status":"publish","type":"page","link":"https:\/\/www.ufsm.br\/global\/mexico","title":{"rendered":"Mexico"},"content":{"rendered":"\t\t<div data-elementor-type=\"wp-page\" data-elementor-id=\"86\" class=\"elementor elementor-86\">\n\t\t\t\t\t\t<section class=\"elementor-section elementor-top-section elementor-element elementor-element-0045d8d elementor-section-boxed elementor-section-height-default elementor-section-height-default\" data-id=\"0045d8d\" data-element_type=\"section\">\n\t\t\t\t\t\t<div class=\"elementor-container elementor-column-gap-default\">\n\t\t\t\t\t<div class=\"elementor-column elementor-col-100 elementor-top-column elementor-element elementor-element-76a2956\" data-id=\"76a2956\" data-element_type=\"column\">\n\t\t\t<div class=\"elementor-widget-wrap elementor-element-populated\">\n\t\t\t\t\t\t<div class=\"elementor-element elementor-element-486c884 elementor-tabs-view-vertical elementor-widget elementor-widget-tabs\" data-id=\"486c884\" data-element_type=\"widget\" data-widget_type=\"tabs.default\">\n\t\t\t\t<div class=\"elementor-widget-container\">\n\t\t\t\t\t<div class=\"elementor-tabs\">\n\t\t\t<div class=\"elementor-tabs-wrapper\" role=\"tablist\" >\n\t\t\t\t\t\t\t\t\t<div id=\"elementor-tab-title-7591\" class=\"elementor-tab-title elementor-tab-desktop-title\" aria-selected=\"true\" data-tab=\"1\" role=\"tab\" tabindex=\"0\" aria-controls=\"elementor-tab-content-7591\" aria-expanded=\"false\">Regional Center for Space Science and Technology Education at Latin America and Caribbean (Mexico) - Brazil Campus\/CRECTEALC<\/div>\n\t\t\t\t\t\t\t\t\t<div id=\"elementor-tab-title-7592\" class=\"elementor-tab-title elementor-tab-desktop-title\" aria-selected=\"false\" data-tab=\"2\" role=\"tab\" tabindex=\"-1\" aria-controls=\"elementor-tab-content-7592\" aria-expanded=\"false\">Pedagogical University of Durango<\/div>\n\t\t\t\t\t\t\t\t\t<div id=\"elementor-tab-title-7593\" class=\"elementor-tab-title elementor-tab-desktop-title\" aria-selected=\"false\" data-tab=\"3\" role=\"tab\" tabindex=\"-1\" aria-controls=\"elementor-tab-content-7593\" aria-expanded=\"false\">Autonomous University of Baja California<\/div>\n\t\t\t\t\t\t\t\t\t<div id=\"elementor-tab-title-7594\" class=\"elementor-tab-title elementor-tab-desktop-title\" aria-selected=\"false\" data-tab=\"4\" role=\"tab\" tabindex=\"-1\" aria-controls=\"elementor-tab-content-7594\" aria-expanded=\"false\">Autonomous University of Ciudad Juarez<\/div>\n\t\t\t\t\t\t\t\t\t<div id=\"elementor-tab-title-7595\" class=\"elementor-tab-title elementor-tab-desktop-title\" aria-selected=\"false\" data-tab=\"5\" role=\"tab\" tabindex=\"-1\" aria-controls=\"elementor-tab-content-7595\" aria-expanded=\"false\">Autonomous University of Tlaxcala<\/div>\n\t\t\t\t\t\t\t\t\t<div id=\"elementor-tab-title-7596\" class=\"elementor-tab-title elementor-tab-desktop-title\" aria-selected=\"false\" data-tab=\"6\" role=\"tab\" tabindex=\"-1\" aria-controls=\"elementor-tab-content-7596\" aria-expanded=\"false\">Metropolitan Autonomous University<\/div>\n\t\t\t\t\t\t\t<\/div>\n\t\t\t<div class=\"elementor-tabs-content-wrapper\" role=\"tablist\" aria-orientation=\"vertical\">\n\t\t\t\t\t\t\t\t\t<div class=\"elementor-tab-title elementor-tab-mobile-title\" aria-selected=\"true\" data-tab=\"1\" role=\"tab\" tabindex=\"0\" aria-controls=\"elementor-tab-content-7591\" aria-expanded=\"false\">Regional Center for Space Science and Technology Education at Latin America and Caribbean (Mexico) - Brazil Campus\/CRECTEALC<\/div>\n\t\t\t\t\t<div id=\"elementor-tab-content-7591\" class=\"elementor-tab-content elementor-clearfix\" data-tab=\"1\" role=\"tabpanel\" aria-labelledby=\"elementor-tab-title-7591\" tabindex=\"0\" hidden=\"false\"><p><a href=\"http:\/\/www.crectealc.org\/\"><span data-contrast=\"none\">www.crectealc.org<\/span><\/a><span data-ccp-props=\"{&quot;201341983&quot;:0,&quot;335559739&quot;:160,&quot;335559740&quot;:259}\">\u00a0<\/span><\/p><p><b><span data-contrast=\"none\">Original Name:\u00a0<\/span><\/b><span data-contrast=\"none\">Centro Regional de Educa\u00e7\u00e3o em Ci\u00eancia e Tecnologia Espacial para a Am\u00e9rica Latina e o Caribe (M\u00e9xico) \u2013 Campus Brasil\/CRECTEALC<\/span><span data-ccp-props=\"{&quot;201341983&quot;:0,&quot;335559739&quot;:160,&quot;335559740&quot;:259}\">\u00a0<\/span><\/p><p><b><span data-contrast=\"none\">Location:<\/span><\/b><span data-contrast=\"none\">\u00a0Mexico<\/span><span data-ccp-props=\"{&quot;201341983&quot;:0,&quot;335559739&quot;:160,&quot;335559740&quot;:259}\">\u00a0<\/span><\/p><p><b><span data-contrast=\"none\">Agreement type<\/span><\/b><span data-contrast=\"none\">:\u00a0<\/span><a href=\"https:\/\/www.ufsm.br\/orgaos-de-apoio\/sai\/wp-content\/uploads\/sites\/402\/2018\/12\/CENTRO1.pdf\"><span data-contrast=\"none\">Memorandum of Understanding<\/span><\/a><span data-ccp-props=\"{&quot;201341983&quot;:0,&quot;335559739&quot;:160,&quot;335559740&quot;:259}\">\u00a0<\/span><\/p><p><b><span data-contrast=\"none\">Objective:\u00a0<\/span><\/b><span data-contrast=\"none\">To celebrate an agreement to identify the collaboration areas, to develop cooperation activities and projects and exchange services to develop expertise on applying space science and technology in issues related to the environment and natural resources, meteorology, natural disasters, space law, basic and atmospheric sciences.<\/span><span data-ccp-props=\"{&quot;201341983&quot;:0,&quot;335559739&quot;:160,&quot;335559740&quot;:259}\">\u00a0<\/span><\/p><p><b><span data-contrast=\"none\">Validity period:<\/span><\/b><span data-contrast=\"none\">\u00a006\/09\/2010 \u2013 undetermined<\/span><span data-ccp-props=\"{&quot;134233117&quot;:false,&quot;134233118&quot;:false,&quot;201341983&quot;:0,&quot;335551550&quot;:1,&quot;335551620&quot;:1,&quot;335559685&quot;:0,&quot;335559737&quot;:0,&quot;335559738&quot;:0,&quot;335559739&quot;:160,&quot;335559740&quot;:259}\">\u00a0<\/span><\/p><p><b><span data-contrast=\"none\">Work Plan Director:<\/span><\/b><span data-contrast=\"none\">\u00a0Waterloo Pereira Filho<\/span><span data-ccp-props=\"{&quot;201341983&quot;:0,&quot;335559739&quot;:160,&quot;335559740&quot;:259}\">\u00a0<\/span><\/p><\/div>\n\t\t\t\t\t\t\t\t\t<div class=\"elementor-tab-title elementor-tab-mobile-title\" aria-selected=\"false\" data-tab=\"2\" role=\"tab\" tabindex=\"-1\" aria-controls=\"elementor-tab-content-7592\" aria-expanded=\"false\">Pedagogical University of Durango<\/div>\n\t\t\t\t\t<div id=\"elementor-tab-content-7592\" class=\"elementor-tab-content elementor-clearfix\" data-tab=\"2\" role=\"tabpanel\" aria-labelledby=\"elementor-tab-title-7592\" tabindex=\"0\" hidden=\"hidden\"><p><a href=\"http:\/\/www.upd.edu.mx\/\"><span data-contrast=\"none\">www.upd.edu.mx\/<\/span><\/a><a href=\"http:\/\/www.upd.edu.mx\/\"><span data-contrast=\"none\">\u00a0<\/span><\/a><span data-contrast=\"auto\">\u00a0<\/span><span data-ccp-props=\"{&quot;201341983&quot;:0,&quot;335559739&quot;:160,&quot;335559740&quot;:259}\">\u00a0<\/span><\/p><p><b><span data-contrast=\"none\">Original Name:\u00a0<\/span><\/b><span data-contrast=\"none\">Universidad Pedag\u00f3gica de Durango<\/span><span data-ccp-props=\"{&quot;201341983&quot;:0,&quot;335559739&quot;:160,&quot;335559740&quot;:259}\">\u00a0<\/span><\/p><p><b><span data-contrast=\"none\">Location:<\/span><\/b>\u00a0<span data-contrast=\"none\">Durango<\/span><span data-contrast=\"none\">, Mexico<\/span><span data-ccp-props=\"{&quot;201341983&quot;:0,&quot;335559739&quot;:160,&quot;335559740&quot;:259}\">\u00a0<\/span><\/p><p><b><span data-contrast=\"none\">Agreement type<\/span><\/b><span data-contrast=\"none\">:\u00a0<\/span><a href=\"https:\/\/www.ufsm.br\/orgaos-de-apoio\/sai\/images\/Universidade_Pedag%C3%B3gica_de_Durango.pdf\"><span data-contrast=\"none\">Collaboration Agreement for Graduate Programs<\/span><\/a><span data-ccp-props=\"{&quot;201341983&quot;:0,&quot;335559739&quot;:160,&quot;335559740&quot;:259}\">\u00a0<\/span><\/p><p><b><span data-contrast=\"none\">Objective:\u00a0<\/span><\/b><span data-contrast=\"none\">To promote the exchange of experiences and staff in the areas of teaching, research, culture, and development of the cooperation in the areas that both are interested; to implement joint projects, research programs, and development; to facilitate exchange programs for students, faculty, and researchers, especially the mobility of doctors and doctoral students; to assist one another in issues related to academic activities; to graduate students in undergraduate and graduate levels.<\/span><span data-ccp-props=\"{&quot;201341983&quot;:0,&quot;335559739&quot;:160,&quot;335559740&quot;:259}\">\u00a0<\/span><\/p><p><span data-contrast=\"none\">To develop, together, on-line programs supported by both institutions; to use teaching materials in virtual programs for teacher training; to provide initial assistance for implementing virtual programs with students; to share editorial experience in general, and, in particular, in the textbooks production for the virtual programs; to share the programs and courses offered by distance learning, besides the books, publications, and other teaching and research digital materials, as long as there are no previous commitments that prevent it.\u00a0\u00a0\u00a0<\/span><span data-ccp-props=\"{&quot;201341983&quot;:0,&quot;335559739&quot;:160,&quot;335559740&quot;:259}\">\u00a0<\/span><\/p><p><b><span data-contrast=\"none\">Validity period:<\/span><\/b><span data-contrast=\"none\">\u00a001\/14\/2024 \u2013 it is automatically renewed<\/span><span data-ccp-props=\"{&quot;134233117&quot;:false,&quot;134233118&quot;:false,&quot;201341983&quot;:0,&quot;335551550&quot;:1,&quot;335551620&quot;:1,&quot;335559685&quot;:0,&quot;335559737&quot;:0,&quot;335559738&quot;:0,&quot;335559739&quot;:160,&quot;335559740&quot;:259}\">\u00a0<\/span><\/p><p><b><span data-contrast=\"none\">Work Plan Director:<\/span><\/b><span data-contrast=\"none\">\u00a0<\/span><span data-contrast=\"none\">Valeska Maria Fortes De Oliveira<\/span><span data-ccp-props=\"{&quot;201341983&quot;:0,&quot;335559739&quot;:160,&quot;335559740&quot;:259}\">\u00a0<\/span><\/p><\/div>\n\t\t\t\t\t\t\t\t\t<div class=\"elementor-tab-title elementor-tab-mobile-title\" aria-selected=\"false\" data-tab=\"3\" role=\"tab\" tabindex=\"-1\" aria-controls=\"elementor-tab-content-7593\" aria-expanded=\"false\">Autonomous University of Baja California<\/div>\n\t\t\t\t\t<div id=\"elementor-tab-content-7593\" class=\"elementor-tab-content elementor-clearfix\" data-tab=\"3\" role=\"tabpanel\" aria-labelledby=\"elementor-tab-title-7593\" tabindex=\"0\" hidden=\"hidden\"><p><a href=\"http:\/\/www.uabc.mx\/\"><span data-contrast=\"none\">http:\/\/www.uabc.mx\/\u00a0<\/span><\/a>\u00a0<span data-ccp-props=\"{&quot;201341983&quot;:0,&quot;335559739&quot;:160,&quot;335559740&quot;:259}\">\u00a0<\/span><\/p><p><b><span data-contrast=\"none\">Original Name:\u00a0<\/span><\/b><span data-contrast=\"none\">Universidad Aut\u00f3noma de Baja Calif\u00f3rnia<\/span><span data-ccp-props=\"{&quot;201341983&quot;:0,&quot;335559739&quot;:160,&quot;335559740&quot;:259}\">\u00a0<\/span><\/p><p><b><span data-contrast=\"none\">Location:<\/span><\/b><span data-contrast=\"none\">\u00a0Baja California, Mexico<\/span><span data-ccp-props=\"{&quot;201341983&quot;:0,&quot;335559739&quot;:160,&quot;335559740&quot;:259}\">\u00a0<\/span><\/p><p><b><span data-contrast=\"none\">Agreement type<\/span><\/b><span data-contrast=\"none\">:\u00a0<\/span><a href=\"https:\/\/www.ufsm.br\/orgaos-de-apoio\/sai\/wp-content\/uploads\/sites\/402\/2019\/06\/Universidade-Aut%C3%B4noma-de-Baja-Calif%C3%B3rnia-M%C3%A9xico-Conv%C3%AAnio-de-Colabora%C3%A7%C3%A3o.pdf\"><span data-contrast=\"none\">Colaboration Agreement<\/span><\/a><span data-ccp-props=\"{&quot;201341983&quot;:0,&quot;335559739&quot;:160,&quot;335559740&quot;:259}\">\u00a0<\/span><\/p><p><b><span data-contrast=\"none\">Objective:\u00a0<\/span><\/b><span data-contrast=\"none\">To establish the general guidelines and arrangements for using the infrastructure and experience of both institutions to collaborate on actions related to research, teaching, training, mobility programs for faculty and students, linking activities, networks strengthen, and culture spreading.\u00a0<\/span><span data-ccp-props=\"{&quot;201341983&quot;:0,&quot;335559739&quot;:160,&quot;335559740&quot;:259}\">\u00a0<\/span><\/p><p><b><span data-contrast=\"none\">Validity period:<\/span><\/b><span data-contrast=\"none\">\u00a002\/20\/2013 \u2013 it is automatically renewed<\/span><span data-ccp-props=\"{&quot;201341983&quot;:0,&quot;335559739&quot;:160,&quot;335559740&quot;:259}\">\u00a0<\/span><\/p><p><b><span data-contrast=\"none\">Work Plan Director:<\/span><\/b><span data-contrast=\"none\">\u00a0Vicente Celestino Pires Silveira<\/span><span data-ccp-props=\"{&quot;201341983&quot;:0,&quot;335559739&quot;:160,&quot;335559740&quot;:259}\">\u00a0<\/span><\/p><\/div>\n\t\t\t\t\t\t\t\t\t<div class=\"elementor-tab-title elementor-tab-mobile-title\" aria-selected=\"false\" data-tab=\"4\" role=\"tab\" tabindex=\"-1\" aria-controls=\"elementor-tab-content-7594\" aria-expanded=\"false\">Autonomous University of Ciudad Juarez<\/div>\n\t\t\t\t\t<div id=\"elementor-tab-content-7594\" class=\"elementor-tab-content elementor-clearfix\" data-tab=\"4\" role=\"tabpanel\" aria-labelledby=\"elementor-tab-title-7594\" tabindex=\"0\" hidden=\"hidden\"><p><a href=\"http:\/\/www.uacj.mx\/Paginas\/Default.aspx\"><span data-contrast=\"none\">http:\/\/www.uacj.mx\/Paginas\/Default.aspx<\/span><\/a><span data-ccp-props=\"{&quot;134233117&quot;:false,&quot;134233118&quot;:false,&quot;201341983&quot;:0,&quot;335551550&quot;:1,&quot;335551620&quot;:1,&quot;335559738&quot;:0,&quot;335559739&quot;:0,&quot;335559740&quot;:259}\">\u00a0<\/span><\/p><p><b><span data-contrast=\"none\">Original Name:\u00a0<\/span><\/b><span data-contrast=\"none\">Universidad Autonoma de Ciudad Juarez<\/span><span data-ccp-props=\"{&quot;201341983&quot;:0,&quot;335559739&quot;:160,&quot;335559740&quot;:259}\">\u00a0<\/span><\/p><p><b><span data-contrast=\"none\">Location:<\/span><\/b><span data-contrast=\"none\">\u00a0Ciudad Juarez, Chihuahua,<\/span>\u00a0<span data-contrast=\"none\">Mexico<\/span><span data-ccp-props=\"{&quot;201341983&quot;:0,&quot;335559739&quot;:160,&quot;335559740&quot;:259}\">\u00a0<\/span><\/p><p><b><span data-contrast=\"none\">Agreement type<\/span><\/b><span data-contrast=\"none\">:\u00a0<\/span><a href=\"https:\/\/www.ufsm.br\/orgaos-de-apoio\/sai\/wp-content\/uploads\/sites\/402\/2019\/07\/Acordo-Coop-Int-UACJ-M%C3%A9xico.pdf\"><span data-contrast=\"none\">International Cooperation Agreement<\/span><\/a><span data-ccp-props=\"{&quot;201341983&quot;:0,&quot;335559739&quot;:160,&quot;335559740&quot;:259}\">\u00a0<\/span><\/p><p><b><span data-contrast=\"none\">Objective:\u00a0<\/span><\/b><span data-contrast=\"none\">Both institutions will try to stimulate and implement technical-scientific and cultural cooperation programs, according to the current legislation in their countries and the International Law Guidelines.<\/span><span data-ccp-props=\"{&quot;201341983&quot;:0,&quot;335559739&quot;:160,&quot;335559740&quot;:259}\">\u00a0<\/span><\/p><p><b><span data-contrast=\"none\">Validity period:<\/span><\/b><span data-contrast=\"none\">\u00a006\/06\/2019 \u2013 06\/06\/2024<\/span><span data-ccp-props=\"{&quot;201341983&quot;:0,&quot;335559739&quot;:160,&quot;335559740&quot;:259}\">\u00a0<\/span><\/p><p><b><span data-contrast=\"none\">Work Plan Director:<\/span><\/b><span data-contrast=\"none\">\u00a0M\u00f4nica Elisa Dias Pons<\/span><span data-ccp-props=\"{&quot;201341983&quot;:0,&quot;335559739&quot;:160,&quot;335559740&quot;:259}\">\u00a0<\/span><\/p><\/div>\n\t\t\t\t\t\t\t\t\t<div class=\"elementor-tab-title elementor-tab-mobile-title\" aria-selected=\"false\" data-tab=\"5\" role=\"tab\" tabindex=\"-1\" aria-controls=\"elementor-tab-content-7595\" aria-expanded=\"false\">Autonomous University of Tlaxcala<\/div>\n\t\t\t\t\t<div id=\"elementor-tab-content-7595\" class=\"elementor-tab-content elementor-clearfix\" data-tab=\"5\" role=\"tabpanel\" aria-labelledby=\"elementor-tab-title-7595\" tabindex=\"0\" hidden=\"hidden\"><p><a href=\"http:\/\/www.uatx.mx\/\"><span data-contrast=\"none\">http:\/\/www.uatx.mx\/<\/span><\/a>\u00a0<\/p><p><b><span data-contrast=\"none\">Original Name: <\/span><\/b><span data-contrast=\"none\">Universidad Aut\u00f3noma de Tlaxcala<\/span><span data-ccp-props=\"{&quot;201341983&quot;:0,&quot;335559739&quot;:160,&quot;335559740&quot;:259}\">\u00a0<\/span><\/p><p><b><span data-contrast=\"none\">Location:<\/span><\/b><span data-contrast=\"none\">\u00a0Tlaxcala,<\/span>\u00a0<span data-contrast=\"none\">Mexico<\/span><span data-ccp-props=\"{&quot;201341983&quot;:0,&quot;335559739&quot;:160,&quot;335559740&quot;:259}\">\u00a0<\/span><\/p><p><b><span data-contrast=\"none\">Agreement type<\/span><\/b><span data-contrast=\"none\">:\u00a0<\/span><a href=\"https:\/\/www.ufsm.br\/app\/uploads\/sites\/402\/2023\/02\/Universidad-Autonoma-de-Tlaxcala_2022.pdf\"><span data-contrast=\"none\">International Cooperation Agreement<\/span><\/a><span data-ccp-props=\"{&quot;201341983&quot;:0,&quot;335559739&quot;:160,&quot;335559740&quot;:259}\">\u00a0<\/span><\/p><p><b><span data-contrast=\"none\">Objective:\u00a0<\/span><\/b><span data-contrast=\"none\">Both institutions will try to stimulate and implement technical-scientific and cultural cooperation programs, according to the current legislation in their countries and the International Law Guidelines.<\/span><span data-ccp-props=\"{&quot;201341983&quot;:0,&quot;335559739&quot;:160,&quot;335559740&quot;:259}\">\u00a0<\/span><\/p><p><b><span data-contrast=\"none\">Validity period:<\/span><\/b><span data-contrast=\"none\">\u00a008\/10\/2022 \u2013 08\/10\/2027<\/span><span data-ccp-props=\"{&quot;201341983&quot;:0,&quot;335559739&quot;:160,&quot;335559740&quot;:259}\">\u00a0<\/span><\/p><p><b><span data-contrast=\"none\">Accomplished activities:\u00a0<\/span><\/b><span data-contrast=\"none\">Visit by Professor Ada Cristina Machado Silveira, from the Department of Communication at UFSM, for the Catedra Brazil-Mexico \u2013 5<\/span><span data-contrast=\"none\">th<\/span><span data-contrast=\"none\">\u00a0UATx-UFSM and 4<\/span><span data-contrast=\"none\">th<\/span><span data-contrast=\"none\">\u00a0BUAP-UFSM.<\/span><span data-ccp-props=\"{&quot;201341983&quot;:0,&quot;335559739&quot;:160,&quot;335559740&quot;:259}\">\u00a0<\/span><\/p><p><b><span data-contrast=\"none\">Work Plan Director:\u00a0<\/span><\/b><span data-contrast=\"none\">International Affairs Office (SAI)<\/span><span data-ccp-props=\"{&quot;201341983&quot;:0,&quot;335559739&quot;:160,&quot;335559740&quot;:259}\">\u00a0<\/span><\/p><\/div>\n\t\t\t\t\t\t\t\t\t<div class=\"elementor-tab-title elementor-tab-mobile-title\" aria-selected=\"false\" data-tab=\"6\" role=\"tab\" tabindex=\"-1\" aria-controls=\"elementor-tab-content-7596\" aria-expanded=\"false\">Metropolitan Autonomous University<\/div>\n\t\t\t\t\t<div id=\"elementor-tab-content-7596\" class=\"elementor-tab-content elementor-clearfix\" data-tab=\"6\" role=\"tabpanel\" aria-labelledby=\"elementor-tab-title-7596\" tabindex=\"0\" hidden=\"hidden\"><p><a href=\"https:\/\/www.uam.mx\/\"><span data-contrast=\"none\">https:\/\/www.uam.mx\/<\/span><\/a><span data-ccp-props=\"{&quot;134233117&quot;:false,&quot;134233118&quot;:false,&quot;201341983&quot;:0,&quot;335551550&quot;:1,&quot;335551620&quot;:1,&quot;335559738&quot;:0,&quot;335559739&quot;:0,&quot;335559740&quot;:259}\">\u00a0<\/span><\/p><p><b><span data-contrast=\"none\">Original Name:\u00a0<\/span><\/b><span data-contrast=\"none\">Universidad Aut\u00f3noma Metropolitana<\/span><span data-ccp-props=\"{&quot;201341983&quot;:0,&quot;335559739&quot;:160,&quot;335559740&quot;:259}\">\u00a0<\/span><\/p><p><b><span data-contrast=\"none\">Location:<\/span><\/b><span data-contrast=\"none\">\u00a0Mexico City,<\/span>\u00a0<span data-contrast=\"none\">Mexico<\/span><span data-ccp-props=\"{&quot;201341983&quot;:0,&quot;335559739&quot;:160,&quot;335559740&quot;:259}\">\u00a0<\/span><\/p><p><b><span data-contrast=\"none\">Agreement type<\/span><\/b><span data-contrast=\"none\">:\u00a0<\/span><a href=\"https:\/\/www.ufsm.br\/app\/uploads\/sites\/402\/2023\/04\/Universidad-Autonoma-Metropolitana.pdf\"><span data-contrast=\"none\">International Cooperation Agreement<\/span><\/a>\u00a0<span data-ccp-props=\"{&quot;201341983&quot;:0,&quot;335559739&quot;:160,&quot;335559740&quot;:259}\">\u00a0<\/span><\/p><p><b><span data-contrast=\"none\">Objective:\u00a0<\/span><\/b><span data-contrast=\"none\">Both institutions will try to stimulate and implement technical-scientific and cultural cooperation programs, according to the current legislation in their countries and the International Law Guidelines.<\/span><span data-ccp-props=\"{&quot;201341983&quot;:0,&quot;335559739&quot;:160,&quot;335559740&quot;:259}\">\u00a0<\/span><\/p><p><b><span data-contrast=\"none\">Validity period:<\/span><\/b><span data-contrast=\"none\">\u00a012\/07\/2022 \u2013 12\/07\/2028<\/span><span data-ccp-props=\"{&quot;201341983&quot;:0,&quot;335559739&quot;:160,&quot;335559740&quot;:259}\">\u00a0<\/span><\/p><p><b><span data-contrast=\"none\">Work Plan Director:\u00a0<\/span><\/b><span data-contrast=\"none\">Fabio Andrei Duarte<\/span><span data-ccp-props=\"{&quot;201341983&quot;:0,&quot;335559739&quot;:160,&quot;335559740&quot;:259}\">\u00a0<\/span><\/p><\/div>\n\t\t\t\t\t\t\t<\/div>\n\t\t<\/div>\n\t\t\t\t<\/div>\n\t\t\t\t<\/div>\n\t\t\t\t\t<\/div>\n\t\t<\/div>\n\t\t\t\t\t<\/div>\n\t\t<\/section>\n\t\t\t\t<\/div>\n\t\t","protected":false},"excerpt":{"rendered":"<p>\/*! elementor &#8211; v3.19.0 &#8211; 07-02-2024 *\/ .elementor-widget-tabs.elementor-tabs-view-vertical .elementor-tabs-wrapper{width:25%;flex-shrink:0}.elementor-widget-tabs.elementor-tabs-view-vertical .elementor-tab-desktop-title.elementor-active{border-right-style:none}.elementor-widget-tabs.elementor-tabs-view-vertical .elementor-tab-desktop-title.elementor-active:after,.elementor-widget-tabs.elementor-tabs-view-vertical .elementor-tab-desktop-title.elementor-active:before{height:999em;width:0;right:0;border-right-style:solid}.elementor-widget-tabs.elementor-tabs-view-vertical .elementor-tab-desktop-title.elementor-active:before{top:0;transform:translateY(-100%)}.elementor-widget-tabs.elementor-tabs-view-vertical .elementor-tab-desktop-title.elementor-active:after{top:100%}.elementor-widget-tabs.elementor-tabs-view-horizontal .elementor-tab-desktop-title{display:table-cell}.elementor-widget-tabs.elementor-tabs-view-horizontal .elementor-tab-desktop-title.elementor-active{border-bottom-style:none}.elementor-widget-tabs.elementor-tabs-view-horizontal .elementor-tab-desktop-title.elementor-active:after,.elementor-widget-tabs.elementor-tabs-view-horizontal .elementor-tab-desktop-title.elementor-active:before{bottom:0;height:0;width:999em;border-bottom-style:solid}.elementor-widget-tabs.elementor-tabs-view-horizontal .elementor-tab-desktop-title.elementor-active:before{right:100%}.elementor-widget-tabs.elementor-tabs-view-horizontal .elementor-tab-desktop-title.elementor-active:after{left:100%}.elementor-widget-tabs .elementor-tab-content,.elementor-widget-tabs .elementor-tab-title,.elementor-widget-tabs .elementor-tab-title:after,.elementor-widget-tabs .elementor-tab-title:before,.elementor-widget-tabs .elementor-tabs-content-wrapper{border:1px #d5d8dc}.elementor-widget-tabs .elementor-tabs{text-align:left}.elementor-widget-tabs .elementor-tabs-wrapper{overflow:hidden}.elementor-widget-tabs .elementor-tab-title{cursor:pointer;outline:var(&#8211;focus-outline,none)}.elementor-widget-tabs .elementor-tab-desktop-title{position:relative;padding:20px 25px;font-weight:700;line-height:1;border:solid transparent}.elementor-widget-tabs .elementor-tab-desktop-title.elementor-active{border-color:#d5d8dc}.elementor-widget-tabs .elementor-tab-desktop-title.elementor-active:after,.elementor-widget-tabs .elementor-tab-desktop-title.elementor-active:before{display:block;content:&#8221;&#8221;;position:absolute}.elementor-widget-tabs .elementor-tab-desktop-title:focus-visible{border:1px solid #000}.elementor-widget-tabs .elementor-tab-mobile-title{padding:10px;cursor:pointer}.elementor-widget-tabs .elementor-tab-content{padding:20px;display:none}@media (max-width:767px){.elementor-tabs .elementor-tab-content,.elementor-tabs .elementor-tab-title{border-style:solid solid none}.elementor-tabs .elementor-tabs-wrapper{display:none}.elementor-tabs .elementor-tabs-content-wrapper{border-bottom-style:solid}.elementor-tabs .elementor-tab-content{padding:10px}}@media (min-width:768px){.elementor-widget-tabs.elementor-tabs-view-vertical .elementor-tabs{display:flex}.elementor-widget-tabs.elementor-tabs-view-vertical .elementor-tabs-wrapper{flex-direction:column}.elementor-widget-tabs.elementor-tabs-view-vertical .elementor-tabs-content-wrapper{flex-grow:1;border-style:solid solid solid none}.elementor-widget-tabs.elementor-tabs-view-horizontal [&hellip;]<\/p>\n","protected":false},"author":4442,"featured_media":0,"parent":0,"menu_order":0,"comment_status":"closed","ping_status":"closed","template":"","meta":{"footnotes":""},"categories":[],"tags":[],"class_list":["post-86","page","type-page","status-publish","hentry"],"acf":[],"_links":{"self":[{"href":"https:\/\/www.ufsm.br\/global\/wp-json\/wp\/v2\/pages\/86","targetHints":{"allow":["GET"]}}],"collection":[{"href":"https:\/\/www.ufsm.br\/global\/wp-json\/wp\/v2\/pages"}],"about":[{"href":"https:\/\/www.ufsm.br\/global\/wp-json\/wp\/v2\/types\/page"}],"author":[{"embeddable":true,"href":"https:\/\/www.ufsm.br\/global\/wp-json\/wp\/v2\/users\/4442"}],"replies":[{"embeddable":true,"href":"https:\/\/www.ufsm.br\/global\/wp-json\/wp\/v2\/comments?post=86"}],"version-history":[{"count":0,"href":"https:\/\/www.ufsm.br\/global\/wp-json\/wp\/v2\/pages\/86\/revisions"}],"wp:attachment":[{"href":"https:\/\/www.ufsm.br\/global\/wp-json\/wp\/v2\/media?parent=86"}],"wp:term":[{"taxonomy":"category","embeddable":true,"href":"https:\/\/www.ufsm.br\/global\/wp-json\/wp\/v2\/categories?post=86"},{"taxonomy":"post_tag","embeddable":true,"href":"https:\/\/www.ufsm.br\/global\/wp-json\/wp\/v2\/tags?post=86"}],"curies":[{"name":"wp","href":"https:\/\/api.w.org\/{rel}","templated":true}]}}