{"id":927,"date":"2026-03-18T09:45:54","date_gmt":"2026-03-18T12:45:54","guid":{"rendered":"https:\/\/www.ufsm.br\/global\/?page_id=927"},"modified":"2026-03-24T11:56:07","modified_gmt":"2026-03-24T14:56:07","slug":"turkiye","status":"publish","type":"page","link":"https:\/\/www.ufsm.br\/global\/turkiye","title":{"rendered":"T\u00fcrkiye"},"content":{"rendered":"\t\t<div data-elementor-type=\"wp-page\" data-elementor-id=\"927\" class=\"elementor elementor-927\">\n\t\t\t\t\t\t<section class=\"elementor-section elementor-top-section elementor-element elementor-element-e4ba8ad elementor-section-boxed elementor-section-height-default elementor-section-height-default\" data-id=\"e4ba8ad\" data-element_type=\"section\">\n\t\t\t\t\t\t<div class=\"elementor-container elementor-column-gap-default\">\n\t\t\t\t\t<div class=\"elementor-column elementor-col-100 elementor-top-column elementor-element elementor-element-ecb36a6\" data-id=\"ecb36a6\" data-element_type=\"column\">\n\t\t\t<div class=\"elementor-widget-wrap elementor-element-populated\">\n\t\t\t\t\t\t<div class=\"elementor-element elementor-element-779ea4f elementor-tabs-view-horizontal elementor-widget elementor-widget-tabs\" data-id=\"779ea4f\" data-element_type=\"widget\" data-widget_type=\"tabs.default\">\n\t\t\t\t<div class=\"elementor-widget-container\">\n\t\t\t\t\t<div class=\"elementor-tabs\">\n\t\t\t<div class=\"elementor-tabs-wrapper\" role=\"tablist\" >\n\t\t\t\t\t\t\t\t\t<div id=\"elementor-tab-title-1251\" class=\"elementor-tab-title elementor-tab-desktop-title\" aria-selected=\"true\" data-tab=\"1\" role=\"tab\" tabindex=\"0\" aria-controls=\"elementor-tab-content-1251\" aria-expanded=\"false\">Tekirda\u011f Nam\u0131k Kemal University<\/div>\n\t\t\t\t\t\t\t\t\t<div id=\"elementor-tab-title-1252\" class=\"elementor-tab-title elementor-tab-desktop-title\" aria-selected=\"false\" data-tab=\"2\" role=\"tab\" tabindex=\"-1\" aria-controls=\"elementor-tab-content-1252\" aria-expanded=\"false\">Pamukkale University<\/div>\n\t\t\t\t\t\t\t<\/div>\n\t\t\t<div class=\"elementor-tabs-content-wrapper\" role=\"tablist\" aria-orientation=\"vertical\">\n\t\t\t\t\t\t\t\t\t<div class=\"elementor-tab-title elementor-tab-mobile-title\" aria-selected=\"true\" data-tab=\"1\" role=\"tab\" tabindex=\"0\" aria-controls=\"elementor-tab-content-1251\" aria-expanded=\"false\">Tekirda\u011f Nam\u0131k Kemal University<\/div>\n\t\t\t\t\t<div id=\"elementor-tab-content-1251\" class=\"elementor-tab-content elementor-clearfix\" data-tab=\"1\" role=\"tabpanel\" aria-labelledby=\"elementor-tab-title-1251\" tabindex=\"0\" hidden=\"false\"><p><a href=\"https:\/\/www.pau.edu.tr\/pau\/en\">https:\/\/www.pau.edu.tr\/pau\/en\u00a0<\/a><\/p><p><b><span data-contrast=\"none\">Original Name: <\/span><\/b>Tekirda\u011f Nam\u0131k Kemal \u00dcniversitesi\u00a0<\/p><p><b><span data-contrast=\"none\">Location:<\/span><\/b><span data-contrast=\"none\"> T\u00fcrkiye<\/span><\/p><p><b><span data-contrast=\"none\">Agreement type<\/span><\/b><span data-contrast=\"none\">:\u00a0<\/span><span data-contrast=\"none\"><a href=\"https:\/\/www.ufsm.br\/app\/uploads\/sites\/906\/2026\/03\/FEDERAL-UNI.-OF-SANTA-MARIA-TNKU-AGREEMENT.pdf\" target=\"_blank\" rel=\"noopener\">International Cooperation Agreement<\/a>\u00a0<\/span><\/p><p><b><span data-contrast=\"none\">Objective:<\/span><\/b><span data-contrast=\"none\"> Cooperation will include the transfer of knowledge and experience and\/or any other activities of mutual interest related to teaching, research, university administration, and human resource development, including the exchange of faculty, students, and administrative staff.<\/span><\/p><p><b><span data-contrast=\"none\">Validity period: <\/span><\/b>05<span data-contrast=\"auto\">\/28\/2025 \u2013 05\/28\/2035<\/span><span data-ccp-props=\"{&quot;134233117&quot;:false,&quot;201341983&quot;:0,&quot;335559738&quot;:0,&quot;335559739&quot;:160,&quot;335559740&quot;:259}\">\u00a0<\/span><\/p><p><b><span data-contrast=\"none\">Work Plan Director: <\/span><\/b>Gustavo Brunetto<\/p><\/div>\n\t\t\t\t\t\t\t\t\t<div class=\"elementor-tab-title elementor-tab-mobile-title\" aria-selected=\"false\" data-tab=\"2\" role=\"tab\" tabindex=\"-1\" aria-controls=\"elementor-tab-content-1252\" aria-expanded=\"false\">Pamukkale University<\/div>\n\t\t\t\t\t<div id=\"elementor-tab-content-1252\" class=\"elementor-tab-content elementor-clearfix\" data-tab=\"2\" role=\"tabpanel\" aria-labelledby=\"elementor-tab-title-1252\" tabindex=\"0\" hidden=\"hidden\"><p><a href=\"https:\/\/www.pau.edu.tr\/pau\/en\">https:\/\/www.pau.edu.tr\/pau\/en\u00a0<\/a><\/p><p><b><span data-contrast=\"none\">Original Name: <\/span><\/b>Pamukkale University<\/p><p><b><span data-contrast=\"none\">Location:<\/span><\/b><span data-contrast=\"none\"> T\u00fcrkiye<\/span><\/p><p><b><span data-contrast=\"none\">Agreement type<\/span><\/b><span data-contrast=\"none\">:\u00a0<\/span><span data-contrast=\"none\"><a href=\"https:\/\/www.ufsm.br\/app\/uploads\/sites\/906\/2026\/03\/Agreement_20UFSM_Pamukkale-1-1.pdf\" target=\"_blank\" rel=\"noopener\">International Cooperation Agreement<\/a>\u00a0<\/span><\/p><p><b><span data-contrast=\"none\">Objective:<\/span><\/b><span data-contrast=\"none\"> Both signatory institutions shall seek to promote and implement programs of technical-scientific and cultural cooperation, in accordance with the legislation in force in their respective countries and with the norms of International Law.<\/span><\/p><p><b><span data-contrast=\"none\">Validity period: <\/span><\/b>02<span data-contrast=\"auto\">\/12\/2026 \u2013 02\/12\/2030<\/span><span data-ccp-props=\"{&quot;134233117&quot;:false,&quot;201341983&quot;:0,&quot;335559738&quot;:0,&quot;335559739&quot;:160,&quot;335559740&quot;:259}\">\u00a0<\/span><\/p><p><b><span data-contrast=\"none\">Work Plan Director:<\/span><\/b><span data-contrast=\"none\"> International Affairs Office (DRI)<\/span><\/p><\/div>\n\t\t\t\t\t\t\t<\/div>\n\t\t<\/div>\n\t\t\t\t<\/div>\n\t\t\t\t<\/div>\n\t\t\t\t\t<\/div>\n\t\t<\/div>\n\t\t\t\t\t<\/div>\n\t\t<\/section>\n\t\t\t\t<\/div>\n\t\t","protected":false},"excerpt":{"rendered":"<p>Tekirda\u011f Nam\u0131k Kemal University Pamukkale University Tekirda\u011f Nam\u0131k Kemal University https:\/\/www.pau.edu.tr\/pau\/en\u00a0 Original Name: Tekirda\u011f Nam\u0131k Kemal \u00dcniversitesi\u00a0 Location: T\u00fcrkiye Agreement type:\u00a0International Cooperation Agreement\u00a0 Objective: Cooperation will include the transfer of knowledge and experience and\/or any other activities of mutual interest related to teaching, research, university administration, and human resource development, including the exchange of faculty, [&hellip;]<\/p>\n","protected":false},"author":8237,"featured_media":0,"parent":0,"menu_order":0,"comment_status":"closed","ping_status":"closed","template":"","meta":{"footnotes":""},"categories":[],"tags":[],"class_list":["post-927","page","type-page","status-publish","hentry"],"acf":[],"_links":{"self":[{"href":"https:\/\/www.ufsm.br\/global\/wp-json\/wp\/v2\/pages\/927","targetHints":{"allow":["GET"]}}],"collection":[{"href":"https:\/\/www.ufsm.br\/global\/wp-json\/wp\/v2\/pages"}],"about":[{"href":"https:\/\/www.ufsm.br\/global\/wp-json\/wp\/v2\/types\/page"}],"author":[{"embeddable":true,"href":"https:\/\/www.ufsm.br\/global\/wp-json\/wp\/v2\/users\/8237"}],"replies":[{"embeddable":true,"href":"https:\/\/www.ufsm.br\/global\/wp-json\/wp\/v2\/comments?post=927"}],"version-history":[{"count":0,"href":"https:\/\/www.ufsm.br\/global\/wp-json\/wp\/v2\/pages\/927\/revisions"}],"wp:attachment":[{"href":"https:\/\/www.ufsm.br\/global\/wp-json\/wp\/v2\/media?parent=927"}],"wp:term":[{"taxonomy":"category","embeddable":true,"href":"https:\/\/www.ufsm.br\/global\/wp-json\/wp\/v2\/categories?post=927"},{"taxonomy":"post_tag","embeddable":true,"href":"https:\/\/www.ufsm.br\/global\/wp-json\/wp\/v2\/tags?post=927"}],"curies":[{"name":"wp","href":"https:\/\/api.w.org\/{rel}","templated":true}]}}