{"id":933,"date":"2026-03-18T10:19:48","date_gmt":"2026-03-18T13:19:48","guid":{"rendered":"https:\/\/www.ufsm.br\/global\/?page_id=933"},"modified":"2026-03-18T10:27:14","modified_gmt":"2026-03-18T13:27:14","slug":"guinea-bissau","status":"publish","type":"page","link":"https:\/\/www.ufsm.br\/global\/guinea-bissau","title":{"rendered":"Guinea-Bissau"},"content":{"rendered":"\t\t<div data-elementor-type=\"wp-page\" data-elementor-id=\"933\" class=\"elementor elementor-933\">\n\t\t\t\t\t\t<section class=\"elementor-section elementor-top-section elementor-element elementor-element-00eeaf2 elementor-section-boxed elementor-section-height-default elementor-section-height-default\" data-id=\"00eeaf2\" data-element_type=\"section\">\n\t\t\t\t\t\t<div class=\"elementor-container elementor-column-gap-default\">\n\t\t\t\t\t<div class=\"elementor-column elementor-col-100 elementor-top-column elementor-element elementor-element-996d502\" data-id=\"996d502\" data-element_type=\"column\">\n\t\t\t<div class=\"elementor-widget-wrap elementor-element-populated\">\n\t\t\t\t\t\t<div class=\"elementor-element elementor-element-56dd8f6 elementor-tabs-view-horizontal elementor-widget elementor-widget-tabs\" data-id=\"56dd8f6\" data-element_type=\"widget\" data-widget_type=\"tabs.default\">\n\t\t\t\t<div class=\"elementor-widget-container\">\n\t\t\t\t\t<div class=\"elementor-tabs\">\n\t\t\t<div class=\"elementor-tabs-wrapper\" role=\"tablist\" >\n\t\t\t\t\t\t\t\t\t<div id=\"elementor-tab-title-9101\" class=\"elementor-tab-title elementor-tab-desktop-title\" aria-selected=\"true\" data-tab=\"1\" role=\"tab\" tabindex=\"0\" aria-controls=\"elementor-tab-content-9101\" aria-expanded=\"false\">Instituto Superior Polit\u00e9cnico S\u00e3o Jo\u00e3o Bosco<\/div>\n\t\t\t\t\t\t\t<\/div>\n\t\t\t<div class=\"elementor-tabs-content-wrapper\" role=\"tablist\" aria-orientation=\"vertical\">\n\t\t\t\t\t\t\t\t\t<div class=\"elementor-tab-title elementor-tab-mobile-title\" aria-selected=\"true\" data-tab=\"1\" role=\"tab\" tabindex=\"0\" aria-controls=\"elementor-tab-content-9101\" aria-expanded=\"false\">Instituto Superior Polit\u00e9cnico S\u00e3o Jo\u00e3o Bosco<\/div>\n\t\t\t\t\t<div id=\"elementor-tab-content-9101\" class=\"elementor-tab-content elementor-clearfix\" data-tab=\"1\" role=\"tabpanel\" aria-labelledby=\"elementor-tab-title-9101\" tabindex=\"0\" hidden=\"false\"><p><a href=\"https:\/\/agefp.com\/instituto-superior-politecnico-sao-joao-bosco\/\">https:\/\/agefp.com\/instituto-superior-politecnico-sao-joao-bosco\/<\/a><\/p><p><b><span data-contrast=\"none\">Original Name: <\/span><\/b>Instituto Superior Polit\u00e9cnico S\u00e3o Jo\u00e3o Bosco<\/p><p><b><span data-contrast=\"none\">Location:<\/span><\/b><span data-contrast=\"none\"> Guinea-Bissau<\/span><\/p><p><b><span data-contrast=\"none\">Agreement type<\/span><\/b><span data-contrast=\"none\">:\u00a0<\/span><span data-contrast=\"none\"><a href=\"https:\/\/www.ufsm.br\/app\/uploads\/sites\/906\/2026\/03\/Instituto-Superior-Politecnico-Sao-Joao-Bosco-da-Guine-bissau-1.pdf\" target=\"_blank\" rel=\"noopener\">International Cooperation Agreement<\/a>\u00a0<\/span><\/p><p><b><span data-contrast=\"none\">Objective:<\/span><\/b><span data-contrast=\"none\"> Both signatory institutions will seek to strengthen technical-scientific and cultural relations, enhance the productivity of teaching, and expand exchange and cooperation with the aim of strengthening institutional scientific research and development programs between the two countries.<\/span><\/p><p><b><span data-contrast=\"none\">Validity period: <\/span><\/b>02<span data-contrast=\"auto\">\/12\/2026 \u2013 02\/12\/2030<\/span><span data-ccp-props=\"{&quot;134233117&quot;:false,&quot;201341983&quot;:0,&quot;335559738&quot;:0,&quot;335559739&quot;:160,&quot;335559740&quot;:259}\">\u00a0<\/span><\/p><p><b><span data-contrast=\"none\">Work Plan Director:<\/span><\/b><span data-contrast=\"none\"> International Affairs Office (DRI)<\/span><\/p><\/div>\n\t\t\t\t\t\t\t<\/div>\n\t\t<\/div>\n\t\t\t\t<\/div>\n\t\t\t\t<\/div>\n\t\t\t\t\t<\/div>\n\t\t<\/div>\n\t\t\t\t\t<\/div>\n\t\t<\/section>\n\t\t\t\t<\/div>\n\t\t","protected":false},"excerpt":{"rendered":"<p>Instituto Superior Polit\u00e9cnico S\u00e3o Jo\u00e3o Bosco Instituto Superior Polit\u00e9cnico S\u00e3o Jo\u00e3o Bosco https:\/\/agefp.com\/instituto-superior-politecnico-sao-joao-bosco\/ Original Name: Instituto Superior Polit\u00e9cnico S\u00e3o Jo\u00e3o Bosco Location: Guinea-Bissau Agreement type:\u00a0International Cooperation Agreement\u00a0 Objective: Both signatory institutions will seek to strengthen technical-scientific and cultural relations, enhance the productivity of teaching, and expand exchange and cooperation with the aim of strengthening institutional [&hellip;]<\/p>\n","protected":false},"author":8237,"featured_media":0,"parent":0,"menu_order":0,"comment_status":"closed","ping_status":"closed","template":"","meta":{"footnotes":""},"categories":[],"tags":[],"class_list":["post-933","page","type-page","status-publish","hentry"],"acf":[],"_links":{"self":[{"href":"https:\/\/www.ufsm.br\/global\/wp-json\/wp\/v2\/pages\/933","targetHints":{"allow":["GET"]}}],"collection":[{"href":"https:\/\/www.ufsm.br\/global\/wp-json\/wp\/v2\/pages"}],"about":[{"href":"https:\/\/www.ufsm.br\/global\/wp-json\/wp\/v2\/types\/page"}],"author":[{"embeddable":true,"href":"https:\/\/www.ufsm.br\/global\/wp-json\/wp\/v2\/users\/8237"}],"replies":[{"embeddable":true,"href":"https:\/\/www.ufsm.br\/global\/wp-json\/wp\/v2\/comments?post=933"}],"version-history":[{"count":0,"href":"https:\/\/www.ufsm.br\/global\/wp-json\/wp\/v2\/pages\/933\/revisions"}],"wp:attachment":[{"href":"https:\/\/www.ufsm.br\/global\/wp-json\/wp\/v2\/media?parent=933"}],"wp:term":[{"taxonomy":"category","embeddable":true,"href":"https:\/\/www.ufsm.br\/global\/wp-json\/wp\/v2\/categories?post=933"},{"taxonomy":"post_tag","embeddable":true,"href":"https:\/\/www.ufsm.br\/global\/wp-json\/wp\/v2\/tags?post=933"}],"curies":[{"name":"wp","href":"https:\/\/api.w.org\/{rel}","templated":true}]}}