{"id":25,"date":"2018-04-26T08:46:19","date_gmt":"2018-04-26T11:46:19","guid":{"rendered":"https:\/\/www.ufsm.br\/grupos-de-pesquisa\/nexuspampa\/?page_id=25"},"modified":"2018-05-02T22:41:28","modified_gmt":"2018-05-03T01:41:28","slug":"projeto","status":"publish","type":"page","link":"https:\/\/www.ufsm.br\/grupos-de-pesquisa\/nexuspampa\/projeto","title":{"rendered":"PROJETO"},"content":{"rendered":"<p style=\"text-align: justify\">O projeto adota uma abordagem transdisciplinar e participativa e delimita-se a bacia do Rio Ibirapuit\u00e3 como \u00e1rea do estudo e a compreens\u00e3o da sua realidade como principal foco resultante das intera\u00e7\u00f5es entre o homem e a natureza. Ao partimos destas premissas podemos explorar fatores ligados \u00e0 import\u00e2ncia da \u00e1gua, da energia e do alimento e suas interrela\u00e7\u00f5es, conforme a abordagem multidisciplinar do &#8220;Nexus \u00c1gua-Energia-Alimento&#8221; que ressalta que para uma avalia\u00e7\u00e3o ter algum impacto a longo prazo, deve ser realizada como parte de um processo mais amplo de envolvimento e discutido com principais interessados e especialistas (FAO,2014).<\/p>\n<p style=\"text-align: justify\">Os objetivos do desenvolvimento Sustent\u00e1vel (ODS) ser\u00e3o contemplados de forma individual ou conjuntamente por a\u00e7\u00f5es de mais de um eixo. O ODS 1\u00a0 \u201cAcabar com a pobreza em todas as suas formas, em todos os lugares\u201d \u00e9 resultado de a\u00e7\u00f5es decorrentes dos quatro eixos; O ODS 2 \u201cAcabar com a fome, alcan\u00e7ar a seguran\u00e7a alimentar e melhoria da nutri\u00e7\u00e3o e promover a agricultura sustent\u00e1vel\u201d da mesma forma, apesar da preponder\u00e2ncia do eixo 3 de alimentos; O ODS 6 \u201cAssegurar a disponibilidade e gest\u00e3o sustent\u00e1vel de \u00e1gua e saneamento para todos\u201d basicamente pelo eixo 2;\u00a0 O ODS 7 \u201cAssegurar a todos o acesso confi\u00e1vel, sustent\u00e1vel, moderno e a pre\u00e7o acess\u00edvel \u00e0 energia\u201d basicamente pelo eixo 1;\u00a0 O ODS 8 \u201cPromover o crescimento econ\u00f4mico sustentado, inclusivo e sustent\u00e1vel, emprego pleno e produtivo e trabalho decente para todos\u201d e o ODS 15 \u201cProteger, recuperar e promover o uso sustent\u00e1vel dos ecossistemas terrestres, gerir de forma sustent\u00e1vel as florestas, combater a desertifica\u00e7\u00e3o, deter e reverter a degrada\u00e7\u00e3o da terra e deter a perda de biodiversidade\u201d s\u00e3o resultados esperados das a\u00e7\u00f5es decorrentes dos tr\u00eas eixos; Finalmente, o ODS 17 \u201cParcerias em prol das metas\u201d \u00e9 que torna poss\u00edvel esta proposta, a sua elabora\u00e7\u00e3o somente ocorre por contar com uma rede de atores dos setores p\u00fablicos e privados citados como institui\u00e7\u00f5es colaboradoras do projeto. Portanto, os objetivos e metas descritos no projeto para cada eixo s\u00e3o as conex\u00f5es visando auxiliar o alcance dos objetivos do desenvolvimento Sustent\u00e1vel.<\/p>\n","protected":false},"excerpt":{"rendered":"<p>O projeto adota uma abordagem transdisciplinar e participativa e delimita-se a bacia do Rio Ibirapuit\u00e3 como \u00e1rea do estudo e a compreens\u00e3o da sua realidade como principal foco resultante das intera\u00e7\u00f5es entre o homem e a natureza. Ao partimos destas premissas podemos explorar fatores ligados \u00e0 import\u00e2ncia da \u00e1gua, da energia e do alimento e [&hellip;]<\/p>\n","protected":false},"author":110,"featured_media":0,"parent":0,"menu_order":0,"comment_status":"closed","ping_status":"closed","template":"","meta":{"footnotes":""},"categories":[],"tags":[],"class_list":["post-25","page","type-page","status-publish","hentry"],"acf":[],"_links":{"self":[{"href":"https:\/\/www.ufsm.br\/grupos-de-pesquisa\/nexuspampa\/wp-json\/wp\/v2\/pages\/25","targetHints":{"allow":["GET"]}}],"collection":[{"href":"https:\/\/www.ufsm.br\/grupos-de-pesquisa\/nexuspampa\/wp-json\/wp\/v2\/pages"}],"about":[{"href":"https:\/\/www.ufsm.br\/grupos-de-pesquisa\/nexuspampa\/wp-json\/wp\/v2\/types\/page"}],"author":[{"embeddable":true,"href":"https:\/\/www.ufsm.br\/grupos-de-pesquisa\/nexuspampa\/wp-json\/wp\/v2\/users\/110"}],"replies":[{"embeddable":true,"href":"https:\/\/www.ufsm.br\/grupos-de-pesquisa\/nexuspampa\/wp-json\/wp\/v2\/comments?post=25"}],"version-history":[{"count":0,"href":"https:\/\/www.ufsm.br\/grupos-de-pesquisa\/nexuspampa\/wp-json\/wp\/v2\/pages\/25\/revisions"}],"wp:attachment":[{"href":"https:\/\/www.ufsm.br\/grupos-de-pesquisa\/nexuspampa\/wp-json\/wp\/v2\/media?parent=25"}],"wp:term":[{"taxonomy":"category","embeddable":true,"href":"https:\/\/www.ufsm.br\/grupos-de-pesquisa\/nexuspampa\/wp-json\/wp\/v2\/categories?post=25"},{"taxonomy":"post_tag","embeddable":true,"href":"https:\/\/www.ufsm.br\/grupos-de-pesquisa\/nexuspampa\/wp-json\/wp\/v2\/tags?post=25"}],"curies":[{"name":"wp","href":"https:\/\/api.w.org\/{rel}","templated":true}]}}