{"id":284,"date":"2019-06-13T08:41:28","date_gmt":"2019-06-13T11:41:28","guid":{"rendered":"https:\/\/www.ufsm.br\/grupos-de-pesquisa\/nexuspampa\/?page_id=284"},"modified":"2019-06-13T08:47:06","modified_gmt":"2019-06-13T11:47:06","slug":"apoio-a-eventos","status":"publish","type":"page","link":"https:\/\/www.ufsm.br\/grupos-de-pesquisa\/nexuspampa\/apoio-a-eventos","title":{"rendered":"APOIO A EVENTOS"},"content":{"rendered":"\n<ul>\n<li><a href=\"https:\/\/www.ufsm.br\/unidades-universitarias\/ccr\/eventos\/xxv-reunion-del-grupo-tecnico-regional-del-cono-sur-en-mejoramiento-y-utilizacion-de-los-recursos-forrajeros-del-area-tropical-y-subtropical-grupo-campos\/\" target=\"_blank\" rel=\"noopener noreferrer\">XXV Reuni\u00f3n del Grupo T\u00e9cnico Regional del Cono Sur en Mejoramiento y Utilizaci\u00f3n de los Recursos Forrajeros del \u00c1rea Tropical y Subtropical &#8211; Grupo Campos<\/a><\/li>\n<\/ul>\n<p>\u00a0<\/p>\n<ul>\n<li><a href=\"https:\/\/www.ufsm.br\/grupos-de-pesquisa\/nexuspampa\/2019\/03\/15\/3er-seminario-internacional-de-ganaderia-familiar-y-desarrollo-rural\/\" target=\"_blank\" rel=\"noopener noreferrer\">3er Seminario Internacional de Ganader\u00eda Familiar y Desarrollo Rural<\/a><\/li>\n<\/ul>\n","protected":false},"excerpt":{"rendered":"<p>XXV Reuni\u00f3n del Grupo T\u00e9cnico Regional del Cono Sur en Mejoramiento y Utilizaci\u00f3n de los Recursos Forrajeros del \u00c1rea Tropical y Subtropical &#8211; Grupo Campos \u00a0 3er Seminario Internacional de Ganader\u00eda Familiar y Desarrollo Rural<\/p>\n","protected":false},"author":110,"featured_media":0,"parent":0,"menu_order":0,"comment_status":"closed","ping_status":"closed","template":"","meta":{"footnotes":""},"categories":[],"tags":[],"class_list":["post-284","page","type-page","status-publish","hentry"],"acf":[],"_links":{"self":[{"href":"https:\/\/www.ufsm.br\/grupos-de-pesquisa\/nexuspampa\/wp-json\/wp\/v2\/pages\/284","targetHints":{"allow":["GET"]}}],"collection":[{"href":"https:\/\/www.ufsm.br\/grupos-de-pesquisa\/nexuspampa\/wp-json\/wp\/v2\/pages"}],"about":[{"href":"https:\/\/www.ufsm.br\/grupos-de-pesquisa\/nexuspampa\/wp-json\/wp\/v2\/types\/page"}],"author":[{"embeddable":true,"href":"https:\/\/www.ufsm.br\/grupos-de-pesquisa\/nexuspampa\/wp-json\/wp\/v2\/users\/110"}],"replies":[{"embeddable":true,"href":"https:\/\/www.ufsm.br\/grupos-de-pesquisa\/nexuspampa\/wp-json\/wp\/v2\/comments?post=284"}],"version-history":[{"count":0,"href":"https:\/\/www.ufsm.br\/grupos-de-pesquisa\/nexuspampa\/wp-json\/wp\/v2\/pages\/284\/revisions"}],"wp:attachment":[{"href":"https:\/\/www.ufsm.br\/grupos-de-pesquisa\/nexuspampa\/wp-json\/wp\/v2\/media?parent=284"}],"wp:term":[{"taxonomy":"category","embeddable":true,"href":"https:\/\/www.ufsm.br\/grupos-de-pesquisa\/nexuspampa\/wp-json\/wp\/v2\/categories?post=284"},{"taxonomy":"post_tag","embeddable":true,"href":"https:\/\/www.ufsm.br\/grupos-de-pesquisa\/nexuspampa\/wp-json\/wp\/v2\/tags?post=284"}],"curies":[{"name":"wp","href":"https:\/\/api.w.org\/{rel}","templated":true}]}}