{"id":30,"date":"2018-04-26T08:50:30","date_gmt":"2018-04-26T11:50:30","guid":{"rendered":"https:\/\/www.ufsm.br\/grupos-de-pesquisa\/nexuspampa\/?page_id=30"},"modified":"2018-05-16T21:34:40","modified_gmt":"2018-05-17T00:34:40","slug":"abrangencia","status":"publish","type":"page","link":"https:\/\/www.ufsm.br\/grupos-de-pesquisa\/nexuspampa\/projeto\/abrangencia","title":{"rendered":"Abrang\u00eancia"},"content":{"rendered":"\t\t<div data-elementor-type=\"wp-post\" data-elementor-id=\"30\" class=\"elementor elementor-30 elementor-bc-flex-widget\">\n\t\t\t\t\t\t<section class=\"elementor-section elementor-top-section elementor-element elementor-element-77bcf1db elementor-section-boxed elementor-section-height-default elementor-section-height-default\" data-id=\"77bcf1db\" data-element_type=\"section\">\n\t\t\t\t\t\t<div class=\"elementor-container elementor-column-gap-default\">\n\t\t\t\t\t<div class=\"elementor-column elementor-col-100 elementor-top-column elementor-element elementor-element-2f6b915a\" data-id=\"2f6b915a\" data-element_type=\"column\">\n\t\t\t<div class=\"elementor-widget-wrap elementor-element-populated\">\n\t\t\t\t\t\t<div class=\"elementor-element elementor-element-6d5565b3 elementor-widget elementor-widget-text-editor\" data-id=\"6d5565b3\" data-element_type=\"widget\" data-widget_type=\"text-editor.default\">\n\t\t\t\t<div class=\"elementor-widget-container\">\n\t\t\t\t\t\t\t<p style=\"text-align: justify\">Na bacia do Ibirapuit\u00e3 temos contemplados tr\u00eas situa\u00e7\u00f5es, na parte inicial da bacia permanece os sistemas pecu\u00e1rios, ao centro temos um grande aglomerado urbano e na parte final o cen\u00e1rio do uso intensivo do solo associando a produ\u00e7\u00e3o pecu\u00e1ria, mas tendo os cultivos como agentes principais deste uso. O projeto adota como metodologia uma abordagem transdisciplinar e participativa, portanto, refere-se a investigar o que \u00e9 aut\u00eantico e relevante para o mundo real. Assim, as a\u00e7\u00f5es n\u00e3o ser\u00e3o limitadas por assuntos tradicionais, mas ser\u00e3o suportadas e enriquecidas por eles. Assim, delimita-se a bacia do Rio Ibirapuit\u00e3 como \u00e1rea do estudo e a compreens\u00e3o da sua realidade como principal foco resultante das intera\u00e7\u00f5es entre o homem e a natureza. Ao partimos destas premissas podemos explorar fatores ligados a import\u00e2ncia da \u00e1gua, da energia e do alimento e suas interrela\u00e7\u00f5es, conforme a abordagem multidisciplinar do &#8220;Nexus \u00c1gua-Energia-Alimento&#8221; que ressalta que para uma avalia\u00e7\u00e3o tenha algum impacto a longo prazo, deve ser realizada como parte de um processo mais amplo de envolvimento e discutido com principais interessados e especialistas.<\/p>\t\t\t\t\t\t<\/div>\n\t\t\t\t<\/div>\n\t\t\t\t\t<\/div>\n\t\t<\/div>\n\t\t\t\t\t<\/div>\n\t\t<\/section>\n\t\t\t\t<section class=\"elementor-section elementor-top-section elementor-element elementor-element-fad1270 elementor-section-boxed elementor-section-height-default elementor-section-height-default\" data-id=\"fad1270\" data-element_type=\"section\">\n\t\t\t\t\t\t<div class=\"elementor-container elementor-column-gap-default\">\n\t\t\t\t\t<div class=\"elementor-column elementor-col-100 elementor-top-column elementor-element elementor-element-c1275cc\" data-id=\"c1275cc\" data-element_type=\"column\">\n\t\t\t<div class=\"elementor-widget-wrap elementor-element-populated\">\n\t\t\t\t\t\t<div class=\"elementor-element elementor-element-96b4b61 elementor-widget elementor-widget-image\" data-id=\"96b4b61\" data-element_type=\"widget\" data-widget_type=\"image.default\">\n\t\t\t\t<div class=\"elementor-widget-container\">\n\t\t\t\t\t\t\t\t\t\t\t\t\t<img fetchpriority=\"high\" decoding=\"async\" width=\"1024\" height=\"599\" src=\"https:\/\/www.ufsm.br\/app\/uploads\/sites\/364\/2018\/05\/Imagem-Bacia-Ibirapuit\u00e3-1024x599.jpg\" class=\"attachment-large size-large wp-image-124\" alt=\"\" srcset=\"https:\/\/www.ufsm.br\/app\/uploads\/sites\/364\/2018\/05\/Imagem-Bacia-Ibirapuit\u00e3-1024x599.jpg 1024w, https:\/\/www.ufsm.br\/app\/uploads\/sites\/364\/2018\/05\/Imagem-Bacia-Ibirapuit\u00e3-300x175.jpg 300w, https:\/\/www.ufsm.br\/app\/uploads\/sites\/364\/2018\/05\/Imagem-Bacia-Ibirapuit\u00e3-768x449.jpg 768w, https:\/\/www.ufsm.br\/app\/uploads\/sites\/364\/2018\/05\/Imagem-Bacia-Ibirapuit\u00e3.jpg 1920w\" sizes=\"(max-width: 1024px) 100vw, 1024px\" \/>\t\t\t\t\t\t\t\t\t\t\t\t\t<\/div>\n\t\t\t\t<\/div>\n\t\t\t\t\t<\/div>\n\t\t<\/div>\n\t\t\t\t\t<\/div>\n\t\t<\/section>\n\t\t\t\t<section class=\"elementor-section elementor-top-section elementor-element elementor-element-d401a71 elementor-section-boxed elementor-section-height-default elementor-section-height-default\" data-id=\"d401a71\" data-element_type=\"section\">\n\t\t\t\t\t\t<div class=\"elementor-container elementor-column-gap-default\">\n\t\t\t\t\t<div class=\"elementor-column elementor-col-100 elementor-top-column elementor-element elementor-element-14a25dd\" data-id=\"14a25dd\" data-element_type=\"column\">\n\t\t\t<div class=\"elementor-widget-wrap elementor-element-populated\">\n\t\t\t\t\t\t<div class=\"elementor-element elementor-element-2db58f2 elementor-widget elementor-widget-text-editor\" data-id=\"2db58f2\" data-element_type=\"widget\" data-widget_type=\"text-editor.default\">\n\t\t\t\t<div class=\"elementor-widget-container\">\n\t\t\t\t\t\t\t<p>Mapa de localiza\u00e7\u00e3o da bacia hidrogr\u00e1fica do Rio Ibirapuit\u00e3. (TRENTIN &amp; ROBAINA, 2016)<\/p>\t\t\t\t\t\t<\/div>\n\t\t\t\t<\/div>\n\t\t\t\t\t<\/div>\n\t\t<\/div>\n\t\t\t\t\t<\/div>\n\t\t<\/section>\n\t\t\t\t<\/div>\n\t\t","protected":false},"excerpt":{"rendered":"<p>Na bacia do Ibirapuit\u00e3 temos contemplados tr\u00eas situa\u00e7\u00f5es, na parte inicial da bacia permanece os sistemas pecu\u00e1rios, ao centro temos um grande aglomerado urbano e na parte final o cen\u00e1rio do uso intensivo do solo associando a produ\u00e7\u00e3o pecu\u00e1ria, mas tendo os cultivos como agentes principais deste uso. O projeto adota como metodologia uma abordagem [&hellip;]<\/p>\n","protected":false},"author":110,"featured_media":0,"parent":25,"menu_order":0,"comment_status":"closed","ping_status":"closed","template":"","meta":{"footnotes":""},"categories":[],"tags":[],"class_list":["post-30","page","type-page","status-publish","hentry"],"acf":[],"_links":{"self":[{"href":"https:\/\/www.ufsm.br\/grupos-de-pesquisa\/nexuspampa\/wp-json\/wp\/v2\/pages\/30","targetHints":{"allow":["GET"]}}],"collection":[{"href":"https:\/\/www.ufsm.br\/grupos-de-pesquisa\/nexuspampa\/wp-json\/wp\/v2\/pages"}],"about":[{"href":"https:\/\/www.ufsm.br\/grupos-de-pesquisa\/nexuspampa\/wp-json\/wp\/v2\/types\/page"}],"author":[{"embeddable":true,"href":"https:\/\/www.ufsm.br\/grupos-de-pesquisa\/nexuspampa\/wp-json\/wp\/v2\/users\/110"}],"replies":[{"embeddable":true,"href":"https:\/\/www.ufsm.br\/grupos-de-pesquisa\/nexuspampa\/wp-json\/wp\/v2\/comments?post=30"}],"version-history":[{"count":0,"href":"https:\/\/www.ufsm.br\/grupos-de-pesquisa\/nexuspampa\/wp-json\/wp\/v2\/pages\/30\/revisions"}],"up":[{"embeddable":true,"href":"https:\/\/www.ufsm.br\/grupos-de-pesquisa\/nexuspampa\/wp-json\/wp\/v2\/pages\/25"}],"wp:attachment":[{"href":"https:\/\/www.ufsm.br\/grupos-de-pesquisa\/nexuspampa\/wp-json\/wp\/v2\/media?parent=30"}],"wp:term":[{"taxonomy":"category","embeddable":true,"href":"https:\/\/www.ufsm.br\/grupos-de-pesquisa\/nexuspampa\/wp-json\/wp\/v2\/categories?post=30"},{"taxonomy":"post_tag","embeddable":true,"href":"https:\/\/www.ufsm.br\/grupos-de-pesquisa\/nexuspampa\/wp-json\/wp\/v2\/tags?post=30"}],"curies":[{"name":"wp","href":"https:\/\/api.w.org\/{rel}","templated":true}]}}