{"id":410,"date":"2021-04-30T14:41:57","date_gmt":"2021-04-30T17:41:57","guid":{"rendered":"https:\/\/www.ufsm.br\/grupos-de-pesquisa\/nexuspampa\/?page_id=410"},"modified":"2021-11-09T16:43:11","modified_gmt":"2021-11-09T19:43:11","slug":"dissertacoes","status":"publish","type":"page","link":"https:\/\/www.ufsm.br\/grupos-de-pesquisa\/nexuspampa\/dissertacoes","title":{"rendered":"Disserta\u00e7\u00f5es"},"content":{"rendered":"\n<ul>\n<li>BRUNA CORADINI NADER ADAM defendeu sua Disserta\u00e7\u00e3o intitulada\u00a0<a href=\"https:\/\/dspace.unipampa.edu.br\/handle\/riu\/5376\" target=\"_blank\" rel=\"noopener\">\u201cMUDAN\u00c7A INSTITUCIONAL ENQUANTO FATOR DE DESENVOLVIMENTO END\u00d3GENO: UMA AN\u00c1LISE EM SISTEMAS PECU\u00c1RIOS DA BACIA DO RIO IBIRAPUIT\u00c3 \u2013 RS\u201d;<\/a><\/li>\n<li>M\u00c1RCIO PEREIRA CORDEIRO defendeu sua disserta\u00e7\u00e3o intitulada: <a href=\"https:\/\/dspace.unipampa.edu.br\/handle\/riu\/5730\" target=\"_blank\" rel=\"noopener\">&#8220;MESO-INSTITUI\u00c7\u00d5ES E O DESEMPENHO DA CADEIA PRODUTIVA DO LEITE NA FRONTEIRA OESTE DO RIO GRANDE DO SUL&#8221; ;<\/a><\/li>\n<\/ul>\n","protected":false},"excerpt":{"rendered":"<p>BRUNA CORADINI NADER ADAM defendeu sua Disserta\u00e7\u00e3o intitulada\u00a0\u201cMUDAN\u00c7A INSTITUCIONAL ENQUANTO FATOR DE DESENVOLVIMENTO END\u00d3GENO: UMA AN\u00c1LISE EM SISTEMAS PECU\u00c1RIOS DA BACIA DO RIO IBIRAPUIT\u00c3 \u2013 RS\u201d; M\u00c1RCIO PEREIRA CORDEIRO defendeu sua disserta\u00e7\u00e3o intitulada: &#8220;MESO-INSTITUI\u00c7\u00d5ES E O DESEMPENHO DA CADEIA PRODUTIVA DO LEITE NA FRONTEIRA OESTE DO RIO GRANDE DO SUL&#8221; ;<\/p>\n","protected":false},"author":110,"featured_media":0,"parent":0,"menu_order":0,"comment_status":"closed","ping_status":"closed","template":"","meta":{"footnotes":""},"categories":[],"tags":[],"class_list":["post-410","page","type-page","status-publish","hentry"],"acf":[],"_links":{"self":[{"href":"https:\/\/www.ufsm.br\/grupos-de-pesquisa\/nexuspampa\/wp-json\/wp\/v2\/pages\/410","targetHints":{"allow":["GET"]}}],"collection":[{"href":"https:\/\/www.ufsm.br\/grupos-de-pesquisa\/nexuspampa\/wp-json\/wp\/v2\/pages"}],"about":[{"href":"https:\/\/www.ufsm.br\/grupos-de-pesquisa\/nexuspampa\/wp-json\/wp\/v2\/types\/page"}],"author":[{"embeddable":true,"href":"https:\/\/www.ufsm.br\/grupos-de-pesquisa\/nexuspampa\/wp-json\/wp\/v2\/users\/110"}],"replies":[{"embeddable":true,"href":"https:\/\/www.ufsm.br\/grupos-de-pesquisa\/nexuspampa\/wp-json\/wp\/v2\/comments?post=410"}],"version-history":[{"count":0,"href":"https:\/\/www.ufsm.br\/grupos-de-pesquisa\/nexuspampa\/wp-json\/wp\/v2\/pages\/410\/revisions"}],"wp:attachment":[{"href":"https:\/\/www.ufsm.br\/grupos-de-pesquisa\/nexuspampa\/wp-json\/wp\/v2\/media?parent=410"}],"wp:term":[{"taxonomy":"category","embeddable":true,"href":"https:\/\/www.ufsm.br\/grupos-de-pesquisa\/nexuspampa\/wp-json\/wp\/v2\/categories?post=410"},{"taxonomy":"post_tag","embeddable":true,"href":"https:\/\/www.ufsm.br\/grupos-de-pesquisa\/nexuspampa\/wp-json\/wp\/v2\/tags?post=410"}],"curies":[{"name":"wp","href":"https:\/\/api.w.org\/{rel}","templated":true}]}}