{"id":412,"date":"2021-04-30T14:42:37","date_gmt":"2021-04-30T17:42:37","guid":{"rendered":"https:\/\/www.ufsm.br\/grupos-de-pesquisa\/nexuspampa\/?page_id=412"},"modified":"2021-11-09T16:48:44","modified_gmt":"2021-11-09T19:48:44","slug":"teses","status":"publish","type":"page","link":"https:\/\/www.ufsm.br\/grupos-de-pesquisa\/nexuspampa\/teses","title":{"rendered":"Teses"},"content":{"rendered":"\n<ul>\n<li>TATIELLE BELEM LANGBECKER defendeu sua Tese intitulada \u201d\u00a0<a href=\"https:\/\/repositorio.ufsm.br\/handle\/1\/21655\" target=\"_blank\" rel=\"noopener\">TRAJET\u00d3RIAS E PROCESSOS INOVATIVOS: UM OLHAR EVOLUCION\u00c1RIO EM CASOS DA PECU\u00c1RIA FAMILIAR NA CAMPANHA GA\u00daCHA<\/a>\u201c<\/li>\n<\/ul>\n","protected":false},"excerpt":{"rendered":"<p>TATIELLE BELEM LANGBECKER defendeu sua Tese intitulada \u201d\u00a0TRAJET\u00d3RIAS E PROCESSOS INOVATIVOS: UM OLHAR EVOLUCION\u00c1RIO EM CASOS DA PECU\u00c1RIA FAMILIAR NA CAMPANHA GA\u00daCHA\u201c<\/p>\n","protected":false},"author":110,"featured_media":0,"parent":0,"menu_order":0,"comment_status":"closed","ping_status":"closed","template":"","meta":{"footnotes":""},"categories":[],"tags":[],"class_list":["post-412","page","type-page","status-publish","hentry"],"acf":[],"_links":{"self":[{"href":"https:\/\/www.ufsm.br\/grupos-de-pesquisa\/nexuspampa\/wp-json\/wp\/v2\/pages\/412","targetHints":{"allow":["GET"]}}],"collection":[{"href":"https:\/\/www.ufsm.br\/grupos-de-pesquisa\/nexuspampa\/wp-json\/wp\/v2\/pages"}],"about":[{"href":"https:\/\/www.ufsm.br\/grupos-de-pesquisa\/nexuspampa\/wp-json\/wp\/v2\/types\/page"}],"author":[{"embeddable":true,"href":"https:\/\/www.ufsm.br\/grupos-de-pesquisa\/nexuspampa\/wp-json\/wp\/v2\/users\/110"}],"replies":[{"embeddable":true,"href":"https:\/\/www.ufsm.br\/grupos-de-pesquisa\/nexuspampa\/wp-json\/wp\/v2\/comments?post=412"}],"version-history":[{"count":0,"href":"https:\/\/www.ufsm.br\/grupos-de-pesquisa\/nexuspampa\/wp-json\/wp\/v2\/pages\/412\/revisions"}],"wp:attachment":[{"href":"https:\/\/www.ufsm.br\/grupos-de-pesquisa\/nexuspampa\/wp-json\/wp\/v2\/media?parent=412"}],"wp:term":[{"taxonomy":"category","embeddable":true,"href":"https:\/\/www.ufsm.br\/grupos-de-pesquisa\/nexuspampa\/wp-json\/wp\/v2\/categories?post=412"},{"taxonomy":"post_tag","embeddable":true,"href":"https:\/\/www.ufsm.br\/grupos-de-pesquisa\/nexuspampa\/wp-json\/wp\/v2\/tags?post=412"}],"curies":[{"name":"wp","href":"https:\/\/api.w.org\/{rel}","templated":true}]}}