{"id":414,"date":"2021-04-30T14:43:39","date_gmt":"2021-04-30T17:43:39","guid":{"rendered":"https:\/\/www.ufsm.br\/grupos-de-pesquisa\/nexuspampa\/?page_id=414"},"modified":"2021-04-30T14:43:40","modified_gmt":"2021-04-30T17:43:40","slug":"trabalhos-de-conclusao-de-curso","status":"publish","type":"page","link":"https:\/\/www.ufsm.br\/grupos-de-pesquisa\/nexuspampa\/trabalhos-de-conclusao-de-curso","title":{"rendered":"Trabalhos de Conclus\u00e3o de Curso"},"content":{"rendered":"\n<ul>\n<li>YURI CAMARGO ANTUNES defendeu seu TC intitulado \u201c<a href=\"https:\/\/www.ufsm.br\/app\/uploads\/sites\/364\/2021\/04\/TC-Yuri-Camargo-Antunes.pdf\" target=\"_blank\" rel=\"noopener\">EXPANS\u00c3O DA SOJA E SEU IMPACTO NA PECU\u00c1RIA DE CORTE NO BIOMA PAMPA<\/a>\u201c;<\/li>\n<li>KELVIN DE SOUZA GUTEBIER defendeu seu TCC intitulado \u201c<a href=\"https:\/\/www.ufsm.br\/app\/uploads\/sites\/364\/2021\/04\/kelvin-TCC.pdf\" target=\"_blank\" rel=\"noopener\">SUSTENTABILIDADE H\u00cdDRICA, ENERG\u00c9TICA E DE PRODU\u00c7\u00c3O DE ALIMENTOS AVALIADA EM PROPRIEDADES COM PECU\u00c1RIA DE CORTE NA LOCALIDADE DO PASSO DA TAFONA NO MUNIC\u00cdPIO DE SANTANA DO LIVRAMENTO RS<\/a>\u201c;<\/li>\n<\/ul>\n","protected":false},"excerpt":{"rendered":"<p>YURI CAMARGO ANTUNES defendeu seu TC intitulado \u201cEXPANS\u00c3O DA SOJA E SEU IMPACTO NA PECU\u00c1RIA DE CORTE NO BIOMA PAMPA\u201c; KELVIN DE SOUZA GUTEBIER defendeu seu TCC intitulado \u201cSUSTENTABILIDADE H\u00cdDRICA, ENERG\u00c9TICA E DE PRODU\u00c7\u00c3O DE ALIMENTOS AVALIADA EM PROPRIEDADES COM PECU\u00c1RIA DE CORTE NA LOCALIDADE DO PASSO DA TAFONA NO MUNIC\u00cdPIO DE SANTANA DO LIVRAMENTO [&hellip;]<\/p>\n","protected":false},"author":110,"featured_media":0,"parent":0,"menu_order":0,"comment_status":"closed","ping_status":"closed","template":"","meta":{"footnotes":""},"categories":[],"tags":[],"class_list":["post-414","page","type-page","status-publish","hentry"],"acf":[],"_links":{"self":[{"href":"https:\/\/www.ufsm.br\/grupos-de-pesquisa\/nexuspampa\/wp-json\/wp\/v2\/pages\/414","targetHints":{"allow":["GET"]}}],"collection":[{"href":"https:\/\/www.ufsm.br\/grupos-de-pesquisa\/nexuspampa\/wp-json\/wp\/v2\/pages"}],"about":[{"href":"https:\/\/www.ufsm.br\/grupos-de-pesquisa\/nexuspampa\/wp-json\/wp\/v2\/types\/page"}],"author":[{"embeddable":true,"href":"https:\/\/www.ufsm.br\/grupos-de-pesquisa\/nexuspampa\/wp-json\/wp\/v2\/users\/110"}],"replies":[{"embeddable":true,"href":"https:\/\/www.ufsm.br\/grupos-de-pesquisa\/nexuspampa\/wp-json\/wp\/v2\/comments?post=414"}],"version-history":[{"count":0,"href":"https:\/\/www.ufsm.br\/grupos-de-pesquisa\/nexuspampa\/wp-json\/wp\/v2\/pages\/414\/revisions"}],"wp:attachment":[{"href":"https:\/\/www.ufsm.br\/grupos-de-pesquisa\/nexuspampa\/wp-json\/wp\/v2\/media?parent=414"}],"wp:term":[{"taxonomy":"category","embeddable":true,"href":"https:\/\/www.ufsm.br\/grupos-de-pesquisa\/nexuspampa\/wp-json\/wp\/v2\/categories?post=414"},{"taxonomy":"post_tag","embeddable":true,"href":"https:\/\/www.ufsm.br\/grupos-de-pesquisa\/nexuspampa\/wp-json\/wp\/v2\/tags?post=414"}],"curies":[{"name":"wp","href":"https:\/\/api.w.org\/{rel}","templated":true}]}}