{"id":432,"date":"2022-03-08T08:25:23","date_gmt":"2022-03-08T11:25:23","guid":{"rendered":"https:\/\/www.ufsm.br\/grupos-de-pesquisa\/nexuspampa\/?page_id=432"},"modified":"2022-03-08T08:25:24","modified_gmt":"2022-03-08T11:25:24","slug":"relatorio-de-estagio","status":"publish","type":"page","link":"https:\/\/www.ufsm.br\/grupos-de-pesquisa\/nexuspampa\/relatorio-de-estagio","title":{"rendered":"Relat\u00f3rio de Est\u00e1gio"},"content":{"rendered":"\n<ul>\n<li><a href=\"https:\/\/www.ufsm.br\/app\/uploads\/sites\/364\/2022\/03\/Relatorio-final-Mariana-Cardoso-Vogg-Finalizado.pdf\" target=\"_blank\" rel=\"noopener\">RELAT\u00d3RIO DE EST\u00c1GIO CURRICULAR SUPERVISIONADO EM MEDICINA VETERIN\u00c1RIA\u00a0<\/a> <em>(Mariana Cardoso Vogg &#8211; Curso de Gradua\u00e7\u00e3o em Medicina Veterin\u00e1ria, 2021)<\/em><\/li>\n<\/ul>\n","protected":false},"excerpt":{"rendered":"<p>RELAT\u00d3RIO DE EST\u00c1GIO CURRICULAR SUPERVISIONADO EM MEDICINA VETERIN\u00c1RIA\u00a0 (Mariana Cardoso Vogg &#8211; Curso de Gradua\u00e7\u00e3o em Medicina Veterin\u00e1ria, 2021)<\/p>\n","protected":false},"author":110,"featured_media":0,"parent":0,"menu_order":0,"comment_status":"closed","ping_status":"closed","template":"","meta":{"footnotes":""},"categories":[],"tags":[],"class_list":["post-432","page","type-page","status-publish","hentry"],"acf":[],"_links":{"self":[{"href":"https:\/\/www.ufsm.br\/grupos-de-pesquisa\/nexuspampa\/wp-json\/wp\/v2\/pages\/432","targetHints":{"allow":["GET"]}}],"collection":[{"href":"https:\/\/www.ufsm.br\/grupos-de-pesquisa\/nexuspampa\/wp-json\/wp\/v2\/pages"}],"about":[{"href":"https:\/\/www.ufsm.br\/grupos-de-pesquisa\/nexuspampa\/wp-json\/wp\/v2\/types\/page"}],"author":[{"embeddable":true,"href":"https:\/\/www.ufsm.br\/grupos-de-pesquisa\/nexuspampa\/wp-json\/wp\/v2\/users\/110"}],"replies":[{"embeddable":true,"href":"https:\/\/www.ufsm.br\/grupos-de-pesquisa\/nexuspampa\/wp-json\/wp\/v2\/comments?post=432"}],"version-history":[{"count":0,"href":"https:\/\/www.ufsm.br\/grupos-de-pesquisa\/nexuspampa\/wp-json\/wp\/v2\/pages\/432\/revisions"}],"wp:attachment":[{"href":"https:\/\/www.ufsm.br\/grupos-de-pesquisa\/nexuspampa\/wp-json\/wp\/v2\/media?parent=432"}],"wp:term":[{"taxonomy":"category","embeddable":true,"href":"https:\/\/www.ufsm.br\/grupos-de-pesquisa\/nexuspampa\/wp-json\/wp\/v2\/categories?post=432"},{"taxonomy":"post_tag","embeddable":true,"href":"https:\/\/www.ufsm.br\/grupos-de-pesquisa\/nexuspampa\/wp-json\/wp\/v2\/tags?post=432"}],"curies":[{"name":"wp","href":"https:\/\/api.w.org\/{rel}","templated":true}]}}