{"id":59,"date":"2018-04-26T14:22:32","date_gmt":"2018-04-26T17:22:32","guid":{"rendered":"https:\/\/www.ufsm.br\/grupos-de-pesquisa\/nexuspampa\/?page_id=59"},"modified":"2022-03-25T21:03:39","modified_gmt":"2022-03-26T00:03:39","slug":"livros","status":"publish","type":"page","link":"https:\/\/www.ufsm.br\/grupos-de-pesquisa\/nexuspampa\/publicacoes\/livros","title":{"rendered":"Livros"},"content":{"rendered":"\t\t<div data-elementor-type=\"wp-page\" data-elementor-id=\"59\" class=\"elementor elementor-59\">\n\t\t\t\t\t\t<section class=\"elementor-section elementor-top-section elementor-element elementor-element-61db255 elementor-section-boxed elementor-section-height-default elementor-section-height-default\" data-id=\"61db255\" data-element_type=\"section\">\n\t\t\t\t\t\t<div class=\"elementor-container elementor-column-gap-default\">\n\t\t\t\t\t<div class=\"elementor-column elementor-col-50 elementor-top-column elementor-element elementor-element-5f2bb3f\" data-id=\"5f2bb3f\" data-element_type=\"column\">\n\t\t\t<div class=\"elementor-widget-wrap elementor-element-populated\">\n\t\t\t\t\t\t<div class=\"elementor-element elementor-element-6b1ea3e elementor-widget elementor-widget-text-editor\" data-id=\"6b1ea3e\" data-element_type=\"widget\" data-widget_type=\"text-editor.default\">\n\t\t\t\t<div class=\"elementor-widget-container\">\n\t\t\t\t\t\t\t<p><a href=\"https:\/\/editoracrv.com.br\/livrosdigitais\/index.html\" target=\"_blank\" rel=\"noopener noreferrer\">OS SISTEMAS DE PRODU\u00c7\u00c3O PECU\u00c1RIOS NA BACIA DO RIO IBIRAPUIT\u00c3 E SUAS RELA\u00c7\u00d5ES COM \u00c1GUA E A ENERGIA NA PRODU\u00c7\u00c3O DE ALIMENTOS &#8211; NEXUS PAMPA<\/a><\/p><p><a href=\"https:\/\/www.researchgate.net\/publication\/343625021_OS_SISTEMAS_DE_PRODUCAO_PECUARIOS_NA_BACIA_DO_RIO_IBIRAPUITA_E_SUAS_RELACOES_COM_AGUA_E_A_ENERGIA_NA_PRODUCAO_DE_ALIMENTOS_-_NEXUS_PAMPA\">Vers\u00e3o PDF<\/a><\/p><p>\u00a0<\/p>\t\t\t\t\t\t<\/div>\n\t\t\t\t<\/div>\n\t\t\t\t\t<\/div>\n\t\t<\/div>\n\t\t\t\t<div class=\"elementor-column elementor-col-50 elementor-top-column elementor-element elementor-element-c3e7fae\" data-id=\"c3e7fae\" data-element_type=\"column\">\n\t\t\t<div class=\"elementor-widget-wrap elementor-element-populated\">\n\t\t\t\t\t\t<div class=\"elementor-element elementor-element-4e6ec2f elementor-widget elementor-widget-image\" data-id=\"4e6ec2f\" data-element_type=\"widget\" data-widget_type=\"image.default\">\n\t\t\t\t<div class=\"elementor-widget-container\">\n\t\t\t\t\t\t\t\t\t\t\t\t\t\t<a href=\"https:\/\/www.ufsm.br\/app\/uploads\/sites\/364\/2020\/08\/Capa-livro-Nexus-Pampa-scaled.jpg\" data-elementor-open-lightbox=\"yes\" data-elementor-lightbox-title=\"Capa livro Nexus Pampa\" data-e-action-hash=\"#elementor-action%3Aaction%3Dlightbox%26settings%3DeyJpZCI6IjM5OSIsInVybCI6Imh0dHBzOlwvXC93d3cudWZzbS5iclwvYXBwXC91cGxvYWRzXC9zaXRlc1wvMzY0XC8yMDIwXC8wOFwvQ2FwYS1saXZyby1OZXh1cy1QYW1wYS1zY2FsZWQuanBnIn0%3D\">\n\t\t\t\t\t\t\t<img fetchpriority=\"high\" decoding=\"async\" width=\"198\" height=\"300\" src=\"https:\/\/www.ufsm.br\/app\/uploads\/sites\/364\/2020\/08\/Capa-livro-Nexus-Pampa-198x300.jpg\" class=\"attachment-medium size-medium wp-image-399\" alt=\"\" srcset=\"https:\/\/www.ufsm.br\/app\/uploads\/sites\/364\/2020\/08\/Capa-livro-Nexus-Pampa-198x300.jpg 198w, https:\/\/www.ufsm.br\/app\/uploads\/sites\/364\/2020\/08\/Capa-livro-Nexus-Pampa-675x1024.jpg 675w, https:\/\/www.ufsm.br\/app\/uploads\/sites\/364\/2020\/08\/Capa-livro-Nexus-Pampa-768x1164.jpg 768w, https:\/\/www.ufsm.br\/app\/uploads\/sites\/364\/2020\/08\/Capa-livro-Nexus-Pampa-1013x1536.jpg 1013w, https:\/\/www.ufsm.br\/app\/uploads\/sites\/364\/2020\/08\/Capa-livro-Nexus-Pampa-1351x2048.jpg 1351w, https:\/\/www.ufsm.br\/app\/uploads\/sites\/364\/2020\/08\/Capa-livro-Nexus-Pampa-scaled.jpg 1689w\" sizes=\"(max-width: 198px) 100vw, 198px\" \/>\t\t\t\t\t\t\t\t<\/a>\n\t\t\t\t\t\t\t\t\t\t\t\t\t<\/div>\n\t\t\t\t<\/div>\n\t\t\t\t\t<\/div>\n\t\t<\/div>\n\t\t\t\t\t<\/div>\n\t\t<\/section>\n\t\t\t\t<section class=\"elementor-section elementor-top-section elementor-element elementor-element-90bbb79 elementor-section-boxed elementor-section-height-default elementor-section-height-default\" data-id=\"90bbb79\" data-element_type=\"section\">\n\t\t\t\t\t\t<div class=\"elementor-container elementor-column-gap-default\">\n\t\t\t\t\t<div class=\"elementor-column elementor-col-50 elementor-top-column elementor-element elementor-element-c324079\" data-id=\"c324079\" data-element_type=\"column\">\n\t\t\t<div class=\"elementor-widget-wrap elementor-element-populated\">\n\t\t\t\t\t\t<div class=\"elementor-element elementor-element-c9a5a12 elementor-widget elementor-widget-text-editor\" data-id=\"c9a5a12\" data-element_type=\"widget\" data-widget_type=\"text-editor.default\">\n\t\t\t\t<div class=\"elementor-widget-container\">\n\t\t\t\t\t\t\t<p><a href=\"https:\/\/www.editoracrv.com.br\/livrosdigitais\/index.html\">OS SISTEMAS DE PRODU\u00c7\u00c3O PECU\u00c1RIOS NA BACIA DO RIO IBIRAPUIT\u00c3 E SUAS RELA\u00c7\u00d5ES COM \u00c1GUA E A ENERGIA NA PRODU\u00c7\u00c3O DE ALIMENTOS &#8211; NEXUS PAMPA&nbsp;&#8211; Segunda Edi\u00e7\u00e3o.<\/a><\/p>\n<p><a href=\"https:\/\/www.researchgate.net\/publication\/358630325_OS_SISTEMAS_DE_PRODUCAO_PECUARIOS_NA_BACIA_DO_RIO_IBIRAPUITA_E_SUAS_RELACOES_COM_AGUA_E_A_ENERGIA_NA_PRODUCAO_DE_ALIMENTOS_-_NEXUS_PAMPA\">Vers\u00e3o PDF<\/a><\/p>\t\t\t\t\t\t<\/div>\n\t\t\t\t<\/div>\n\t\t\t\t\t<\/div>\n\t\t<\/div>\n\t\t\t\t<div class=\"elementor-column elementor-col-50 elementor-top-column elementor-element elementor-element-9d9a5a5\" data-id=\"9d9a5a5\" data-element_type=\"column\">\n\t\t\t<div class=\"elementor-widget-wrap elementor-element-populated\">\n\t\t\t\t\t\t<div class=\"elementor-element elementor-element-8cfc661 elementor-widget elementor-widget-text-editor\" data-id=\"8cfc661\" data-element_type=\"widget\" data-widget_type=\"text-editor.default\">\n\t\t\t\t<div class=\"elementor-widget-container\">\n\t\t\t\t\t\t\t<p><img decoding=\"async\" class=\"alignnone size-medium wp-image-434\" src=\"https:\/\/www.ufsm.br\/app\/uploads\/sites\/364\/2022\/03\/Capa-2ed-209x300.jpg\" alt=\"\" width=\"209\" height=\"300\" srcset=\"https:\/\/www.ufsm.br\/app\/uploads\/sites\/364\/2022\/03\/Capa-2ed-209x300.jpg 209w, https:\/\/www.ufsm.br\/app\/uploads\/sites\/364\/2022\/03\/Capa-2ed.jpg 349w\" sizes=\"(max-width: 209px) 100vw, 209px\" \/><\/p><p>\u00a0<\/p><p>\u00a0<\/p>\t\t\t\t\t\t<\/div>\n\t\t\t\t<\/div>\n\t\t\t\t\t<\/div>\n\t\t<\/div>\n\t\t\t\t\t<\/div>\n\t\t<\/section>\n\t\t\t\t<section class=\"elementor-section elementor-top-section elementor-element elementor-element-6a8956e elementor-section-boxed elementor-section-height-default elementor-section-height-default\" data-id=\"6a8956e\" data-element_type=\"section\">\n\t\t\t\t\t\t<div class=\"elementor-container elementor-column-gap-default\">\n\t\t\t\t\t<div class=\"elementor-column elementor-col-66 elementor-top-column elementor-element elementor-element-ed5fc29\" data-id=\"ed5fc29\" data-element_type=\"column\">\n\t\t\t<div class=\"elementor-widget-wrap elementor-element-populated\">\n\t\t\t\t\t\t<div class=\"elementor-element elementor-element-97b4c61 elementor-widget elementor-widget-text-editor\" data-id=\"97b4c61\" data-element_type=\"widget\" data-widget_type=\"text-editor.default\">\n\t\t\t\t<div class=\"elementor-widget-container\">\n\t\t\t\t\t\t\t<p><a href=\"https:\/\/www.editoracrv.com.br\/livrosdigitais\/index.html\">LIVESTOCK PRODUCTION SYSTEMS\u00a0<span style=\"color: #000000;font-size: 1rem;background-color: var(--bs-body-bg);text-align: var(--bs-body-text-align)\">IN THE IBIRAPUIT\u00c3 CATCHMENT\u00a0<\/span><span style=\"color: #000000;font-size: 1rem;background-color: var(--bs-body-bg);text-align: var(--bs-body-text-align)\">AND THEIR RELATIONS WITH\u00a0<\/span><span style=\"color: #000000;font-size: 1rem;background-color: var(--bs-body-bg);text-align: var(--bs-body-text-align)\">WATER AND ENERGY IN FOOD\u00a0<\/span><span style=\"color: #000000;font-size: 1rem;background-color: var(--bs-body-bg);text-align: var(--bs-body-text-align)\">PRODUCTION \u2013 NEXUS PAMPA<\/span><\/a><\/p><p><a href=\"https:\/\/www.researchgate.net\/publication\/359073784_LIVESTOCK_PRODUCTION_SYSTEMS_IN_THE_IBIRAPUITA_CATCHMENT_AND_THEIR_RELATIONS_WITH_WATER_AND_ENERGY_IN_FOOD_PRODUCTION_-_NEXUS_PAMPA\">PDF version<\/a><\/p>\t\t\t\t\t\t<\/div>\n\t\t\t\t<\/div>\n\t\t\t\t\t<\/div>\n\t\t<\/div>\n\t\t\t\t<div class=\"elementor-column elementor-col-33 elementor-top-column elementor-element elementor-element-70e81be\" data-id=\"70e81be\" data-element_type=\"column\">\n\t\t\t<div class=\"elementor-widget-wrap elementor-element-populated\">\n\t\t\t\t\t\t<div class=\"elementor-element elementor-element-70f0372 elementor-widget elementor-widget-image\" data-id=\"70f0372\" data-element_type=\"widget\" data-widget_type=\"image.default\">\n\t\t\t\t<div class=\"elementor-widget-container\">\n\t\t\t\t\t\t\t\t\t\t\t\t\t<img decoding=\"async\" width=\"724\" height=\"1024\" src=\"https:\/\/www.ufsm.br\/app\/uploads\/sites\/364\/2022\/03\/capa-ingles_page-0001-724x1024.jpg\" class=\"attachment-large size-large wp-image-438\" alt=\"\" srcset=\"https:\/\/www.ufsm.br\/app\/uploads\/sites\/364\/2022\/03\/capa-ingles_page-0001-724x1024.jpg 724w, https:\/\/www.ufsm.br\/app\/uploads\/sites\/364\/2022\/03\/capa-ingles_page-0001-212x300.jpg 212w, https:\/\/www.ufsm.br\/app\/uploads\/sites\/364\/2022\/03\/capa-ingles_page-0001-768x1086.jpg 768w, https:\/\/www.ufsm.br\/app\/uploads\/sites\/364\/2022\/03\/capa-ingles_page-0001-1086x1536.jpg 1086w, https:\/\/www.ufsm.br\/app\/uploads\/sites\/364\/2022\/03\/capa-ingles_page-0001.jpg 1241w\" sizes=\"(max-width: 724px) 100vw, 724px\" \/>\t\t\t\t\t\t\t\t\t\t\t\t\t<\/div>\n\t\t\t\t<\/div>\n\t\t\t\t\t<\/div>\n\t\t<\/div>\n\t\t\t\t\t<\/div>\n\t\t<\/section>\n\t\t\t\t<\/div>\n\t\t","protected":false},"excerpt":{"rendered":"<p>OS SISTEMAS DE PRODU\u00c7\u00c3O PECU\u00c1RIOS NA BACIA DO RIO IBIRAPUIT\u00c3 E SUAS RELA\u00c7\u00d5ES COM \u00c1GUA E A ENERGIA NA PRODU\u00c7\u00c3O DE ALIMENTOS &#8211; NEXUS PAMPA Vers\u00e3o PDF \u00a0 OS SISTEMAS DE PRODU\u00c7\u00c3O PECU\u00c1RIOS NA BACIA DO RIO IBIRAPUIT\u00c3 E SUAS RELA\u00c7\u00d5ES COM \u00c1GUA E A ENERGIA NA PRODU\u00c7\u00c3O DE ALIMENTOS &#8211; NEXUS PAMPA&nbsp;&#8211; Segunda Edi\u00e7\u00e3o. [&hellip;]<\/p>\n","protected":false},"author":110,"featured_media":0,"parent":57,"menu_order":0,"comment_status":"closed","ping_status":"closed","template":"","meta":{"footnotes":""},"categories":[],"tags":[],"class_list":["post-59","page","type-page","status-publish","hentry"],"acf":[],"_links":{"self":[{"href":"https:\/\/www.ufsm.br\/grupos-de-pesquisa\/nexuspampa\/wp-json\/wp\/v2\/pages\/59","targetHints":{"allow":["GET"]}}],"collection":[{"href":"https:\/\/www.ufsm.br\/grupos-de-pesquisa\/nexuspampa\/wp-json\/wp\/v2\/pages"}],"about":[{"href":"https:\/\/www.ufsm.br\/grupos-de-pesquisa\/nexuspampa\/wp-json\/wp\/v2\/types\/page"}],"author":[{"embeddable":true,"href":"https:\/\/www.ufsm.br\/grupos-de-pesquisa\/nexuspampa\/wp-json\/wp\/v2\/users\/110"}],"replies":[{"embeddable":true,"href":"https:\/\/www.ufsm.br\/grupos-de-pesquisa\/nexuspampa\/wp-json\/wp\/v2\/comments?post=59"}],"version-history":[{"count":0,"href":"https:\/\/www.ufsm.br\/grupos-de-pesquisa\/nexuspampa\/wp-json\/wp\/v2\/pages\/59\/revisions"}],"up":[{"embeddable":true,"href":"https:\/\/www.ufsm.br\/grupos-de-pesquisa\/nexuspampa\/wp-json\/wp\/v2\/pages\/57"}],"wp:attachment":[{"href":"https:\/\/www.ufsm.br\/grupos-de-pesquisa\/nexuspampa\/wp-json\/wp\/v2\/media?parent=59"}],"wp:term":[{"taxonomy":"category","embeddable":true,"href":"https:\/\/www.ufsm.br\/grupos-de-pesquisa\/nexuspampa\/wp-json\/wp\/v2\/categories?post=59"},{"taxonomy":"post_tag","embeddable":true,"href":"https:\/\/www.ufsm.br\/grupos-de-pesquisa\/nexuspampa\/wp-json\/wp\/v2\/tags?post=59"}],"curies":[{"name":"wp","href":"https:\/\/api.w.org\/{rel}","templated":true}]}}