{"id":26,"date":"2019-05-14T17:03:27","date_gmt":"2019-05-14T20:03:27","guid":{"rendered":"https:\/\/www.ufsm.br\/template-laboratprio\/?page_id=26"},"modified":"2019-12-04T10:40:40","modified_gmt":"2019-12-04T13:40:40","slug":"contato","status":"publish","type":"page","link":"https:\/\/www.ufsm.br\/laboratorios\/androlab\/contato","title":{"rendered":"Contato"},"content":{"rendered":"\n<p>O Androlab est\u00e1 localizado em anexo ao Hospital Veterin\u00e1rio Universit\u00e1rio &#8211; HVU, pr\u00e9dio 97, Universidade Federal de Santa Maria, RS.<br \/>Contatos:<br \/>Androlab: E-mail: androlabufsm@gmail.com<br \/>Professor Carlos Rossi, HVU, sala 303, fone ( 55) 3220 8818. E-mail: carlos.rossi.mv@gmail.com<br \/>Professor Marcelo Soares, HVU, sala 302, fone ( 55) 3220 8818. E-mail: marcello1646@gmail.com<\/p>\n","protected":false},"excerpt":{"rendered":"<p>O Androlab est\u00e1 localizado em anexo ao Hospital Veterin\u00e1rio Universit\u00e1rio &#8211; HVU, pr\u00e9dio 97, Universidade Federal de Santa Maria, RS.Contatos:Androlab: E-mail: androlabufsm@gmail.comProfessor Carlos Rossi, HVU, sala 303, fone ( 55) 3220 8818. E-mail: carlos.rossi.mv@gmail.comProfessor Marcelo Soares, HVU, sala 302, fone ( 55) 3220 8818. E-mail: marcello1646@gmail.com<\/p>\n","protected":false},"author":124,"featured_media":0,"parent":0,"menu_order":0,"comment_status":"closed","ping_status":"closed","template":"","meta":{"footnotes":""},"categories":[],"tags":[],"class_list":["post-26","page","type-page","status-publish","hentry"],"acf":[],"_links":{"self":[{"href":"https:\/\/www.ufsm.br\/laboratorios\/androlab\/wp-json\/wp\/v2\/pages\/26","targetHints":{"allow":["GET"]}}],"collection":[{"href":"https:\/\/www.ufsm.br\/laboratorios\/androlab\/wp-json\/wp\/v2\/pages"}],"about":[{"href":"https:\/\/www.ufsm.br\/laboratorios\/androlab\/wp-json\/wp\/v2\/types\/page"}],"author":[{"embeddable":true,"href":"https:\/\/www.ufsm.br\/laboratorios\/androlab\/wp-json\/wp\/v2\/users\/124"}],"replies":[{"embeddable":true,"href":"https:\/\/www.ufsm.br\/laboratorios\/androlab\/wp-json\/wp\/v2\/comments?post=26"}],"version-history":[{"count":0,"href":"https:\/\/www.ufsm.br\/laboratorios\/androlab\/wp-json\/wp\/v2\/pages\/26\/revisions"}],"wp:attachment":[{"href":"https:\/\/www.ufsm.br\/laboratorios\/androlab\/wp-json\/wp\/v2\/media?parent=26"}],"wp:term":[{"taxonomy":"category","embeddable":true,"href":"https:\/\/www.ufsm.br\/laboratorios\/androlab\/wp-json\/wp\/v2\/categories?post=26"},{"taxonomy":"post_tag","embeddable":true,"href":"https:\/\/www.ufsm.br\/laboratorios\/androlab\/wp-json\/wp\/v2\/tags?post=26"}],"curies":[{"name":"wp","href":"https:\/\/api.w.org\/{rel}","templated":true}]}}