{"id":150,"date":"2019-07-18T09:41:43","date_gmt":"2019-07-18T12:41:43","guid":{"rendered":"https:\/\/www.ufsm.br\/laboratorios\/bioex\/?page_id=150"},"modified":"2019-07-18T09:41:45","modified_gmt":"2019-07-18T12:41:45","slug":"links","status":"publish","type":"page","link":"https:\/\/www.ufsm.br\/laboratorios\/bioex\/links","title":{"rendered":"Links"},"content":{"rendered":"\n<ul class=\"menu\">\n<li class=\"item-177\"><a href=\"http:\/\/www.ncbi.nlm.nih.gov\/pubmed\" target=\"_blank\" rel=\"noopener noreferrer\">PubMed<\/a><\/li>\n<li class=\"item-178\"><a href=\"http:\/\/scholar.google.com.br\/\" target=\"_blank\" rel=\"noopener noreferrer\">Google Acad\u00eamico<\/a><\/li>\n<li class=\"item-179\"><a href=\"http:\/\/www.sbnec.org.br\/\" target=\"_blank\" rel=\"noopener noreferrer\">SBNeC<\/a><\/li>\n<li class=\"item-180\"><a href=\"http:\/\/www.sbfte.org.br\/\">SBFTE<\/a><\/li>\n<li class=\"item-181\"><a href=\"http:\/\/www.sbbq.org.br\/\" target=\"_blank\" rel=\"noopener noreferrer\">SBBq<\/a><\/li>\n<li class=\"item-205\"><a href=\"http:\/\/www-periodicos-capes-gov-br.ez47.periodicos.capes.gov.br\/index.php?option=com_phome\" target=\"_blank\" rel=\"noopener noreferrer\">Periodicos Capes<\/a><\/li>\n<li class=\"item-206\"><a href=\"http:\/\/lattes.cnpq.br\/\" target=\"_blank\" rel=\"noopener noreferrer\">Plataforma Lattes<\/a><\/li>\n<\/ul>\n<h5>P\u00c1GINAS UFSM<\/h5>\n<ul class=\"menu\">\n<li class=\"item-194\"><a href=\"http:\/\/portal.ufsm.br\/professor\/login.jsp\" target=\"_blank\" rel=\"noopener noreferrer\">Portal do Professor<\/a><\/li>\n<li class=\"item-193\"><a href=\"http:\/\/portal.ufsm.br\/aluno\/login.jsp\" target=\"_blank\" rel=\"noopener noreferrer\">Portal do Aluno<\/a><\/li>\n<li class=\"item-190\"><a href=\"http:\/\/portal.ufsm.br\/biblioteca\/pesquisa\/index.html\" target=\"_blank\" rel=\"noopener noreferrer\">Biblioteca<\/a><\/li>\n<li class=\"item-191\"><a href=\"http:\/\/www.ufsm.br\/ru\" target=\"_blank\" rel=\"noopener noreferrer\">Restaurante Universit\u00e1rio<\/a><\/li>\n<li class=\"item-192\"><a href=\"https:\/\/www.ufsm.br\/onibus\/\">Hor\u00e1rio de \u00d4nibus<\/a><\/li>\n<li class=\"item-231\"><a href=\"http:\/\/coral.ufsm.br\/posef\/\" target=\"_blank\" rel=\"noopener noreferrer\">PPGEF<\/a><\/li>\n<li class=\"item-232\"><a href=\"http:\/\/jararaca.ufsm.br\/websites\/pgfarm\/8d5ee7838e576262f933a59f29cd09f2.htm\" target=\"_blank\" rel=\"noopener noreferrer\">PPGF<\/a><\/li>\n<li class=\"item-233\"><a href=\"http:\/\/coral.ufsm.br\/ppgbtox\/\" target=\"_blank\" rel=\"noopener noreferrer\">PPGBT<\/a><\/li>\n<\/ul>\n<p>\u00a0<\/p>\n","protected":false},"excerpt":{"rendered":"<p>PubMed Google Acad\u00eamico SBNeC SBFTE SBBq Periodicos Capes Plataforma Lattes P\u00c1GINAS UFSM Portal do Professor Portal do Aluno Biblioteca Restaurante Universit\u00e1rio Hor\u00e1rio de \u00d4nibus PPGEF PPGF PPGBT \u00a0<\/p>\n","protected":false},"author":115,"featured_media":0,"parent":0,"menu_order":0,"comment_status":"closed","ping_status":"closed","template":"","meta":{"footnotes":""},"categories":[],"tags":[],"class_list":["post-150","page","type-page","status-publish","hentry"],"acf":[],"_links":{"self":[{"href":"https:\/\/www.ufsm.br\/laboratorios\/bioex\/wp-json\/wp\/v2\/pages\/150","targetHints":{"allow":["GET"]}}],"collection":[{"href":"https:\/\/www.ufsm.br\/laboratorios\/bioex\/wp-json\/wp\/v2\/pages"}],"about":[{"href":"https:\/\/www.ufsm.br\/laboratorios\/bioex\/wp-json\/wp\/v2\/types\/page"}],"author":[{"embeddable":true,"href":"https:\/\/www.ufsm.br\/laboratorios\/bioex\/wp-json\/wp\/v2\/users\/115"}],"replies":[{"embeddable":true,"href":"https:\/\/www.ufsm.br\/laboratorios\/bioex\/wp-json\/wp\/v2\/comments?post=150"}],"version-history":[{"count":0,"href":"https:\/\/www.ufsm.br\/laboratorios\/bioex\/wp-json\/wp\/v2\/pages\/150\/revisions"}],"wp:attachment":[{"href":"https:\/\/www.ufsm.br\/laboratorios\/bioex\/wp-json\/wp\/v2\/media?parent=150"}],"wp:term":[{"taxonomy":"category","embeddable":true,"href":"https:\/\/www.ufsm.br\/laboratorios\/bioex\/wp-json\/wp\/v2\/categories?post=150"},{"taxonomy":"post_tag","embeddable":true,"href":"https:\/\/www.ufsm.br\/laboratorios\/bioex\/wp-json\/wp\/v2\/tags?post=150"}],"curies":[{"name":"wp","href":"https:\/\/api.w.org\/{rel}","templated":true}]}}