{"id":154,"date":"2020-02-04T15:52:05","date_gmt":"2020-02-04T18:52:05","guid":{"rendered":"https:\/\/www.ufsm.br\/laboratorios\/bioex\/?page_id=154"},"modified":"2021-02-25T17:41:28","modified_gmt":"2021-02-25T20:41:28","slug":"agendamentos","status":"publish","type":"page","link":"https:\/\/www.ufsm.br\/laboratorios\/bioex\/agendamentos","title":{"rendered":"Agendamentos"},"content":{"rendered":"\n<p>Os agendamentos de salas e equipamentos devem ser feitos atrav\u00e9s do <a href=\"https:\/\/portal.ufsm.br\/agendamento\/index.html\">Portal de Agendamentos<\/a>, onde \u00e9 necess\u00e1rio realizar um login com a matr\u00edcula e senha do portal do aluno\/servidor.<\/p>\n<p>\u00c9 poss\u00edvel efetuar o agendamento de:<\/p>\n<ul>\n<li>Sala de Cirurgia;<\/li>\n<li>Sala de Comportamento;<\/li>\n<li>Piscinas.<\/li>\n<\/ul>\n","protected":false},"excerpt":{"rendered":"<p>Os agendamentos de salas e equipamentos devem ser feitos atrav\u00e9s do Portal de Agendamentos, onde \u00e9 necess\u00e1rio realizar um login com a matr\u00edcula e senha do portal do aluno\/servidor. \u00c9 poss\u00edvel efetuar o agendamento de: Sala de Cirurgia; Sala de Comportamento; Piscinas.<\/p>\n","protected":false},"author":2341,"featured_media":0,"parent":0,"menu_order":0,"comment_status":"closed","ping_status":"closed","template":"","meta":{"footnotes":""},"categories":[],"tags":[],"class_list":["post-154","page","type-page","status-publish","hentry"],"acf":[],"_links":{"self":[{"href":"https:\/\/www.ufsm.br\/laboratorios\/bioex\/wp-json\/wp\/v2\/pages\/154","targetHints":{"allow":["GET"]}}],"collection":[{"href":"https:\/\/www.ufsm.br\/laboratorios\/bioex\/wp-json\/wp\/v2\/pages"}],"about":[{"href":"https:\/\/www.ufsm.br\/laboratorios\/bioex\/wp-json\/wp\/v2\/types\/page"}],"author":[{"embeddable":true,"href":"https:\/\/www.ufsm.br\/laboratorios\/bioex\/wp-json\/wp\/v2\/users\/2341"}],"replies":[{"embeddable":true,"href":"https:\/\/www.ufsm.br\/laboratorios\/bioex\/wp-json\/wp\/v2\/comments?post=154"}],"version-history":[{"count":0,"href":"https:\/\/www.ufsm.br\/laboratorios\/bioex\/wp-json\/wp\/v2\/pages\/154\/revisions"}],"wp:attachment":[{"href":"https:\/\/www.ufsm.br\/laboratorios\/bioex\/wp-json\/wp\/v2\/media?parent=154"}],"wp:term":[{"taxonomy":"category","embeddable":true,"href":"https:\/\/www.ufsm.br\/laboratorios\/bioex\/wp-json\/wp\/v2\/categories?post=154"},{"taxonomy":"post_tag","embeddable":true,"href":"https:\/\/www.ufsm.br\/laboratorios\/bioex\/wp-json\/wp\/v2\/tags?post=154"}],"curies":[{"name":"wp","href":"https:\/\/api.w.org\/{rel}","templated":true}]}}