{"id":22,"date":"2019-05-14T17:01:42","date_gmt":"2019-05-14T20:01:42","guid":{"rendered":"https:\/\/www.ufsm.br\/template-laboratprio\/?page_id=22"},"modified":"2019-07-17T12:04:11","modified_gmt":"2019-07-17T15:04:11","slug":"informacoes-gerais","status":"publish","type":"page","link":"https:\/\/www.ufsm.br\/laboratorios\/bioex\/informacoes-gerais","title":{"rendered":"Sobre"},"content":{"rendered":"\n<p>A p\u00e1gina do Laborat\u00f3rio de Bioqu\u00edmica do Exerc\u00edcio &#8211; BioEx foi criada com o intuito de divulgar, compartilhar e disponibilizar seus trabalhos cient\u00edficos, mostrar sua equipe e o desenvolvimento intra e extra-laborat\u00f3rio de seus integrantes.<\/p>\n<p>Seja Bem-Vindo!<\/p>\n<p>&#8211;<\/p>\n<p>The page of the Exercise Biochemistry Laboratory &#8211; BioEx was created in order to disseminate, share and provide their scientific work, show your team and the intra and extra-development laboratory of its members.<\/p>\n<p>Welcome!<\/p>\n","protected":false},"excerpt":{"rendered":"<p>A p\u00e1gina do Laborat\u00f3rio de Bioqu\u00edmica do Exerc\u00edcio &#8211; BioEx foi criada com o intuito de divulgar, compartilhar e disponibilizar seus trabalhos cient\u00edficos, mostrar sua equipe e o desenvolvimento intra e extra-laborat\u00f3rio de seus integrantes. Seja Bem-Vindo! &#8211; The page of the Exercise Biochemistry Laboratory &#8211; BioEx was created in order to disseminate, share and [&hellip;]<\/p>\n","protected":false},"author":124,"featured_media":0,"parent":0,"menu_order":0,"comment_status":"closed","ping_status":"closed","template":"","meta":{"footnotes":""},"categories":[],"tags":[],"class_list":["post-22","page","type-page","status-publish","hentry"],"acf":[],"_links":{"self":[{"href":"https:\/\/www.ufsm.br\/laboratorios\/bioex\/wp-json\/wp\/v2\/pages\/22","targetHints":{"allow":["GET"]}}],"collection":[{"href":"https:\/\/www.ufsm.br\/laboratorios\/bioex\/wp-json\/wp\/v2\/pages"}],"about":[{"href":"https:\/\/www.ufsm.br\/laboratorios\/bioex\/wp-json\/wp\/v2\/types\/page"}],"author":[{"embeddable":true,"href":"https:\/\/www.ufsm.br\/laboratorios\/bioex\/wp-json\/wp\/v2\/users\/124"}],"replies":[{"embeddable":true,"href":"https:\/\/www.ufsm.br\/laboratorios\/bioex\/wp-json\/wp\/v2\/comments?post=22"}],"version-history":[{"count":0,"href":"https:\/\/www.ufsm.br\/laboratorios\/bioex\/wp-json\/wp\/v2\/pages\/22\/revisions"}],"wp:attachment":[{"href":"https:\/\/www.ufsm.br\/laboratorios\/bioex\/wp-json\/wp\/v2\/media?parent=22"}],"wp:term":[{"taxonomy":"category","embeddable":true,"href":"https:\/\/www.ufsm.br\/laboratorios\/bioex\/wp-json\/wp\/v2\/categories?post=22"},{"taxonomy":"post_tag","embeddable":true,"href":"https:\/\/www.ufsm.br\/laboratorios\/bioex\/wp-json\/wp\/v2\/tags?post=22"}],"curies":[{"name":"wp","href":"https:\/\/api.w.org\/{rel}","templated":true}]}}