{"id":23,"date":"2019-05-14T17:02:03","date_gmt":"2019-05-14T20:02:03","guid":{"rendered":"https:\/\/www.ufsm.br\/template-laboratprio\/?page_id=23"},"modified":"2024-03-14T13:59:00","modified_gmt":"2024-03-14T16:59:00","slug":"equipe","status":"publish","type":"page","link":"https:\/\/www.ufsm.br\/laboratorios\/bioex\/equipe","title":{"rendered":"Coordenadores"},"content":{"rendered":"\t\t<div data-elementor-type=\"wp-page\" data-elementor-id=\"23\" class=\"elementor elementor-23\">\n\t\t\t\t\t\t<section class=\"elementor-section elementor-top-section elementor-element elementor-element-21be119 elementor-section-boxed elementor-section-height-default elementor-section-height-default\" data-id=\"21be119\" data-element_type=\"section\">\n\t\t\t\t\t\t<div class=\"elementor-container elementor-column-gap-default\">\n\t\t\t\t\t<div class=\"elementor-column elementor-col-100 elementor-top-column elementor-element elementor-element-84f22c3\" data-id=\"84f22c3\" data-element_type=\"column\">\n\t\t\t<div class=\"elementor-widget-wrap elementor-element-populated\">\n\t\t\t\t\t\t<div class=\"elementor-element elementor-element-3399c19 elementor-widget elementor-widget-heading\" data-id=\"3399c19\" data-element_type=\"widget\" data-widget_type=\"heading.default\">\n\t\t\t\t<div class=\"elementor-widget-container\">\n\t\t\t<h2 class=\"elementor-heading-title elementor-size-default\">Orientadores:<\/h2>\t\t<\/div>\n\t\t\t\t<\/div>\n\t\t\t\t<div class=\"elementor-element elementor-element-c15dc70 elementor-widget elementor-widget-spacer\" data-id=\"c15dc70\" data-element_type=\"widget\" data-widget_type=\"spacer.default\">\n\t\t\t\t<div class=\"elementor-widget-container\">\n\t\t\t\t\t<div class=\"elementor-spacer\">\n\t\t\t<div class=\"elementor-spacer-inner\"><\/div>\n\t\t<\/div>\n\t\t\t\t<\/div>\n\t\t\t\t<\/div>\n\t\t\t\t<section class=\"elementor-section elementor-inner-section elementor-element elementor-element-4adf73d elementor-section-boxed elementor-section-height-default elementor-section-height-default\" data-id=\"4adf73d\" data-element_type=\"section\">\n\t\t\t\t\t\t<div class=\"elementor-container elementor-column-gap-default\">\n\t\t\t\t\t<div class=\"elementor-column elementor-col-50 elementor-inner-column elementor-element elementor-element-0c92e18\" data-id=\"0c92e18\" data-element_type=\"column\">\n\t\t\t<div class=\"elementor-widget-wrap elementor-element-populated\">\n\t\t\t\t\t\t<div class=\"elementor-element elementor-element-3b3b202 elementor-widget elementor-widget-image\" data-id=\"3b3b202\" data-element_type=\"widget\" data-widget_type=\"image.default\">\n\t\t\t\t<div class=\"elementor-widget-container\">\n\t\t\t\t\t\t\t\t\t\t\t\t\t<img decoding=\"async\" width=\"91\" height=\"173\" src=\"https:\/\/www.ufsm.br\/app\/uploads\/sites\/671\/2019\/07\/luiz.jpg\" class=\"attachment-large size-large wp-image-67\" alt=\"\" \/>\t\t\t\t\t\t\t\t\t\t\t\t\t<\/div>\n\t\t\t\t<\/div>\n\t\t\t\t\t<\/div>\n\t\t<\/div>\n\t\t\t\t<div class=\"elementor-column elementor-col-50 elementor-inner-column elementor-element elementor-element-dd34773\" data-id=\"dd34773\" data-element_type=\"column\">\n\t\t\t<div class=\"elementor-widget-wrap elementor-element-populated\">\n\t\t\t\t\t\t<div class=\"elementor-element elementor-element-fd26260 elementor-widget elementor-widget-text-editor\" data-id=\"fd26260\" data-element_type=\"widget\" data-widget_type=\"text-editor.default\">\n\t\t\t\t<div class=\"elementor-widget-container\">\n\t\t\t\t\t\t\t<p><strong>Prof. Dr. Luiz Fernando Freire Royes &#8211;\u00a0<\/strong><a href=\"http:\/\/buscatextual.cnpq.br\/buscatextual\/visualizacv.do?metodo=apresentar&amp;id=K4705849Y0\">Lattes<\/a><\/p>\n<ul>\n<li>\n<p>Graduado em Educa\u00e7\u00e3o F\u00edsica, 1999, Universidade Federal de Santa Maria, UFSM, Brasil.<\/p>\n<\/li>\n<li>\n<p>Mestrado em Ci\u00eancias Biol\u00f3gicas (Bioqu\u00edmica Toxicol\u00f3gica), 2002 &#8211; Universidade Federal de Santa Maria, UFSM, Brasil.<\/p>\n<\/li>\n<li>Doutorado em Ci\u00eancias Biol\u00f3gicas (Bioqu\u00edmica), 2006 &#8211; Universidade Federal do Rio Grande do Sul, UFRGS, Brasil<\/li>\n<li>P\u00f3s Doutorado na Universidade da California de Los Angeles (UCLA, USA)<\/li>\n<\/ul>\t\t\t\t\t\t<\/div>\n\t\t\t\t<\/div>\n\t\t\t\t\t<\/div>\n\t\t<\/div>\n\t\t\t\t\t<\/div>\n\t\t<\/section>\n\t\t\t\t<section class=\"elementor-section elementor-inner-section elementor-element elementor-element-22d377a elementor-section-boxed elementor-section-height-default elementor-section-height-default\" data-id=\"22d377a\" data-element_type=\"section\">\n\t\t\t\t\t\t<div class=\"elementor-container elementor-column-gap-default\">\n\t\t\t\t\t<div class=\"elementor-column elementor-col-50 elementor-inner-column elementor-element elementor-element-3c01d9a\" data-id=\"3c01d9a\" data-element_type=\"column\">\n\t\t\t<div class=\"elementor-widget-wrap elementor-element-populated\">\n\t\t\t\t\t\t<div class=\"elementor-element elementor-element-96bf826 elementor-widget elementor-widget-image\" data-id=\"96bf826\" data-element_type=\"widget\" data-widget_type=\"image.default\">\n\t\t\t\t<div class=\"elementor-widget-container\">\n\t\t\t\t\t\t\t\t\t\t\t\t\t<img fetchpriority=\"high\" decoding=\"async\" width=\"1572\" height=\"2048\" src=\"https:\/\/www.ufsm.br\/app\/uploads\/sites\/671\/2020\/07\/IMG_2810-1572x2048.jpg\" class=\"attachment-2048x2048 size-2048x2048 wp-image-164\" alt=\"\" srcset=\"https:\/\/www.ufsm.br\/app\/uploads\/sites\/671\/2020\/07\/IMG_2810-1572x2048.jpg 1572w, https:\/\/www.ufsm.br\/app\/uploads\/sites\/671\/2020\/07\/IMG_2810-230x300.jpg 230w, https:\/\/www.ufsm.br\/app\/uploads\/sites\/671\/2020\/07\/IMG_2810-786x1024.jpg 786w, https:\/\/www.ufsm.br\/app\/uploads\/sites\/671\/2020\/07\/IMG_2810-768x1000.jpg 768w, https:\/\/www.ufsm.br\/app\/uploads\/sites\/671\/2020\/07\/IMG_2810-1179x1536.jpg 1179w, https:\/\/www.ufsm.br\/app\/uploads\/sites\/671\/2020\/07\/IMG_2810.jpg 1649w\" sizes=\"(max-width: 1572px) 100vw, 1572px\" \/>\t\t\t\t\t\t\t\t\t\t\t\t\t<\/div>\n\t\t\t\t<\/div>\n\t\t\t\t\t<\/div>\n\t\t<\/div>\n\t\t\t\t<div class=\"elementor-column elementor-col-50 elementor-inner-column elementor-element elementor-element-7ea466c\" data-id=\"7ea466c\" data-element_type=\"column\">\n\t\t\t<div class=\"elementor-widget-wrap elementor-element-populated\">\n\t\t\t\t\t\t<div class=\"elementor-element elementor-element-71db704 elementor-widget elementor-widget-text-editor\" data-id=\"71db704\" data-element_type=\"widget\" data-widget_type=\"text-editor.default\">\n\t\t\t\t<div class=\"elementor-widget-container\">\n\t\t\t\t\t\t\t<p><strong>Prof.\u00aa Dr.\u00aa Michele Rechia Fighera &#8211; <\/strong><a href=\"http:\/\/lattes.cnpq.br\/8583392747509231\">Lattes<\/a><\/p>\n<ul>\n<li>\n<p>Gradua\u00e7\u00e3o em Medicina, 2003, Universidade Federal de Santa Maria, UFSM, Brasil.<\/p>\n<\/li>\n<li>Especializa\u00e7\u00e3o em Pediatria &#8211; Universidade Federal de Santa Maria, HUSM<\/li>\n<li>Especializa\u00e7\u00e3o em Neurologia: Neurologia infantil \u2013 Hospital S\u00e3o Lucas-PUCRS<\/li>\n<li>\n<p>Especializa\u00e7\u00e3o em Eletroencefalografia e Epilepsia- Hospital de Cl\u00ednicas de Porto Alegre<\/p>\n<\/li>\n<li>Doutorado em Ci\u00eancias Biol\u00f3gicas- atua\u00e7\u00e3o em Neuroci\u00eancias-UFSM<\/li>\n<li>P\u00f3s-Doutorado em Epilepsia- Universidade da Calif\u00f3rnia de Los Angeles\/EUA<\/li>\n<li>Prof\u00aa. Neurologia da Universidade Federal de Santa Maria, UFSM<\/li>\n<\/ul>\t\t\t\t\t\t<\/div>\n\t\t\t\t<\/div>\n\t\t\t\t\t<\/div>\n\t\t<\/div>\n\t\t\t\t\t<\/div>\n\t\t<\/section>\n\t\t\t\t\t<\/div>\n\t\t<\/div>\n\t\t\t\t\t<\/div>\n\t\t<\/section>\n\t\t\t\t<\/div>\n\t\t","protected":false},"excerpt":{"rendered":"<p>Orientadores: Prof. Dr. Luiz Fernando Freire Royes &#8211;\u00a0Lattes Graduado em Educa\u00e7\u00e3o F\u00edsica, 1999, Universidade Federal de Santa Maria, UFSM, Brasil. Mestrado em Ci\u00eancias Biol\u00f3gicas (Bioqu\u00edmica Toxicol\u00f3gica), 2002 &#8211; Universidade Federal de Santa Maria, UFSM, Brasil. Doutorado em Ci\u00eancias Biol\u00f3gicas (Bioqu\u00edmica), 2006 &#8211; Universidade Federal do Rio Grande do Sul, UFRGS, Brasil P\u00f3s Doutorado na Universidade [&hellip;]<\/p>\n","protected":false},"author":124,"featured_media":0,"parent":0,"menu_order":0,"comment_status":"closed","ping_status":"closed","template":"","meta":{"footnotes":""},"categories":[],"tags":[],"class_list":["post-23","page","type-page","status-publish","hentry"],"acf":[],"_links":{"self":[{"href":"https:\/\/www.ufsm.br\/laboratorios\/bioex\/wp-json\/wp\/v2\/pages\/23","targetHints":{"allow":["GET"]}}],"collection":[{"href":"https:\/\/www.ufsm.br\/laboratorios\/bioex\/wp-json\/wp\/v2\/pages"}],"about":[{"href":"https:\/\/www.ufsm.br\/laboratorios\/bioex\/wp-json\/wp\/v2\/types\/page"}],"author":[{"embeddable":true,"href":"https:\/\/www.ufsm.br\/laboratorios\/bioex\/wp-json\/wp\/v2\/users\/124"}],"replies":[{"embeddable":true,"href":"https:\/\/www.ufsm.br\/laboratorios\/bioex\/wp-json\/wp\/v2\/comments?post=23"}],"version-history":[{"count":0,"href":"https:\/\/www.ufsm.br\/laboratorios\/bioex\/wp-json\/wp\/v2\/pages\/23\/revisions"}],"wp:attachment":[{"href":"https:\/\/www.ufsm.br\/laboratorios\/bioex\/wp-json\/wp\/v2\/media?parent=23"}],"wp:term":[{"taxonomy":"category","embeddable":true,"href":"https:\/\/www.ufsm.br\/laboratorios\/bioex\/wp-json\/wp\/v2\/categories?post=23"},{"taxonomy":"post_tag","embeddable":true,"href":"https:\/\/www.ufsm.br\/laboratorios\/bioex\/wp-json\/wp\/v2\/tags?post=23"}],"curies":[{"name":"wp","href":"https:\/\/api.w.org\/{rel}","templated":true}]}}