{"id":26,"date":"2019-05-14T17:03:27","date_gmt":"2019-05-14T20:03:27","guid":{"rendered":"https:\/\/www.ufsm.br\/template-laboratprio\/?page_id=26"},"modified":"2020-03-03T15:30:22","modified_gmt":"2020-03-03T18:30:22","slug":"contato","status":"publish","type":"page","link":"https:\/\/www.ufsm.br\/laboratorios\/biorep\/contato","title":{"rendered":"Contatos e localiza\u00e7\u00e3o"},"content":{"rendered":"\n<h4><span style=\"text-decoration: underline\"><strong>Contatos<\/strong><\/span><\/h4>\n<p><strong>Telefones: (55) 3220 8585 \/ (55) 3220 8588<\/strong><br \/><strong>E-mail:\u00a0<span id=\"cloak437e2414bfef47f4eac4a82beafa7174\"><span id=\"cloak0fc7939bf4312e4ae9138e482f38d9f5\"><a style=\"background-color: transparent;color: #337ab7\" href=\"mailto:biorep@ufsm.br\">biorep@ufsm.br<\/a><\/span><\/span><\/strong><\/p>\n<p><strong>Hor\u00e1rio de atendimento:<\/strong> segunda a sexta-feira das 8h \u00e0s 12h e das 13h \u00e0s 17h<\/p>\n<p>\u00a0<\/p>\n<h4><strong><span style=\"text-decoration: underline\">Lozaliza\u00e7\u00e3o<\/span><\/strong><\/h4>\n<p>Pr\u00e9dio 63B do Parque de exposi\u00e7\u00f5es da UFSM (Rua Z)<\/p>\n<p><img fetchpriority=\"high\" decoding=\"async\" class=\"aligncenter wp-image-191 size-full\" src=\"https:\/\/www.ufsm.br\/laboratorios\/biorep\/wp-content\/uploads\/sites\/672\/2020\/03\/Maps-Biorep-1.jpg\" alt=\"\" width=\"1730\" height=\"890\" srcset=\"https:\/\/www.ufsm.br\/app\/uploads\/sites\/672\/2020\/03\/Maps-Biorep-1.jpg 1730w, https:\/\/www.ufsm.br\/app\/uploads\/sites\/672\/2020\/03\/Maps-Biorep-1-300x154.jpg 300w, https:\/\/www.ufsm.br\/app\/uploads\/sites\/672\/2020\/03\/Maps-Biorep-1-1024x527.jpg 1024w, https:\/\/www.ufsm.br\/app\/uploads\/sites\/672\/2020\/03\/Maps-Biorep-1-768x395.jpg 768w, https:\/\/www.ufsm.br\/app\/uploads\/sites\/672\/2020\/03\/Maps-Biorep-1-1536x790.jpg 1536w\" sizes=\"(max-width: 1730px) 100vw, 1730px\" \/><\/p>\n<p><img decoding=\"async\" class=\"aligncenter wp-image-192 size-full\" src=\"https:\/\/www.ufsm.br\/laboratorios\/biorep\/wp-content\/uploads\/sites\/672\/2020\/03\/Maps-Biorep2.jpg\" alt=\"\" width=\"1540\" height=\"894\" srcset=\"https:\/\/www.ufsm.br\/app\/uploads\/sites\/672\/2020\/03\/Maps-Biorep2.jpg 1540w, https:\/\/www.ufsm.br\/app\/uploads\/sites\/672\/2020\/03\/Maps-Biorep2-300x174.jpg 300w, https:\/\/www.ufsm.br\/app\/uploads\/sites\/672\/2020\/03\/Maps-Biorep2-1024x594.jpg 1024w, https:\/\/www.ufsm.br\/app\/uploads\/sites\/672\/2020\/03\/Maps-Biorep2-768x446.jpg 768w, https:\/\/www.ufsm.br\/app\/uploads\/sites\/672\/2020\/03\/Maps-Biorep2-1536x892.jpg 1536w\" sizes=\"(max-width: 1540px) 100vw, 1540px\" \/><\/p>\n","protected":false},"excerpt":{"rendered":"<p>Contatos Telefones: (55) 3220 8585 \/ (55) 3220 8588E-mail:\u00a0biorep@ufsm.br Hor\u00e1rio de atendimento: segunda a sexta-feira das 8h \u00e0s 12h e das 13h \u00e0s 17h \u00a0 Lozaliza\u00e7\u00e3o Pr\u00e9dio 63B do Parque de exposi\u00e7\u00f5es da UFSM (Rua Z)<\/p>\n","protected":false},"author":124,"featured_media":0,"parent":0,"menu_order":0,"comment_status":"closed","ping_status":"closed","template":"","meta":{"footnotes":""},"categories":[],"tags":[],"class_list":["post-26","page","type-page","status-publish","hentry"],"acf":[],"_links":{"self":[{"href":"https:\/\/www.ufsm.br\/laboratorios\/biorep\/wp-json\/wp\/v2\/pages\/26","targetHints":{"allow":["GET"]}}],"collection":[{"href":"https:\/\/www.ufsm.br\/laboratorios\/biorep\/wp-json\/wp\/v2\/pages"}],"about":[{"href":"https:\/\/www.ufsm.br\/laboratorios\/biorep\/wp-json\/wp\/v2\/types\/page"}],"author":[{"embeddable":true,"href":"https:\/\/www.ufsm.br\/laboratorios\/biorep\/wp-json\/wp\/v2\/users\/124"}],"replies":[{"embeddable":true,"href":"https:\/\/www.ufsm.br\/laboratorios\/biorep\/wp-json\/wp\/v2\/comments?post=26"}],"version-history":[{"count":0,"href":"https:\/\/www.ufsm.br\/laboratorios\/biorep\/wp-json\/wp\/v2\/pages\/26\/revisions"}],"wp:attachment":[{"href":"https:\/\/www.ufsm.br\/laboratorios\/biorep\/wp-json\/wp\/v2\/media?parent=26"}],"wp:term":[{"taxonomy":"category","embeddable":true,"href":"https:\/\/www.ufsm.br\/laboratorios\/biorep\/wp-json\/wp\/v2\/categories?post=26"},{"taxonomy":"post_tag","embeddable":true,"href":"https:\/\/www.ufsm.br\/laboratorios\/biorep\/wp-json\/wp\/v2\/tags?post=26"}],"curies":[{"name":"wp","href":"https:\/\/api.w.org\/{rel}","templated":true}]}}