{"id":73,"date":"2019-07-10T11:07:44","date_gmt":"2019-07-10T14:07:44","guid":{"rendered":"https:\/\/www.ufsm.br\/laboratorios\/biorep\/?page_id=73"},"modified":"2020-03-05T14:54:04","modified_gmt":"2020-03-05T17:54:04","slug":"pesquisa","status":"publish","type":"page","link":"https:\/\/www.ufsm.br\/laboratorios\/biorep\/pesquisa","title":{"rendered":"Linhas de pesquisa"},"content":{"rendered":"\t\t<div data-elementor-type=\"wp-post\" data-elementor-id=\"73\" class=\"elementor elementor-73\">\n\t\t\t\t\t\t<section class=\"elementor-section elementor-top-section elementor-element elementor-element-11e1bbe elementor-section-boxed elementor-section-height-default elementor-section-height-default\" data-id=\"11e1bbe\" data-element_type=\"section\">\n\t\t\t\t\t\t<div class=\"elementor-container elementor-column-gap-default\">\n\t\t\t\t\t<div class=\"elementor-column elementor-col-100 elementor-top-column elementor-element elementor-element-2fe905f\" data-id=\"2fe905f\" data-element_type=\"column\">\n\t\t\t<div class=\"elementor-widget-wrap elementor-element-populated\">\n\t\t\t\t\t\t<div class=\"elementor-element elementor-element-5753b41d elementor-widget elementor-widget-text-editor\" data-id=\"5753b41d\" data-element_type=\"widget\" data-widget_type=\"text-editor.default\">\n\t\t\t\t<div class=\"elementor-widget-container\">\n\t\t\t\t\t\t\t<p><!-- wp:tadv\/classic-paragraph --><\/p>\n<ul style=\"margin-bottom: 10px;color: #333333;font-family: 'Helvetica Neue', Helvetica, Arial, sans-serif;font-size: 14px\"><li class=\"western\" style=\"margin-bottom: 0cm\"><span lang=\"pt-BR\"><span style=\"font-weight: bold\">Biot\u00e9cnicas Aplicadas \u00e0 Reprodu\u00e7\u00e3o Animal<\/span><\/span>\n<ul>\n<li>\n<p style=\"margin-top: 0px;margin-bottom: 0cm\"><span lang=\"pt-BR\">Regula\u00e7\u00e3o e indu\u00e7\u00e3o do estro em vacas de corte no anestro p\u00f3s-parto;<\/span><\/p>\n<\/li>\n<li>\n<p style=\"margin-top: 0px;margin-bottom: 0cm\"><span lang=\"pt-BR\">Produ\u00e7\u00e3o&nbsp;<\/span><span lang=\"pt-BR\"><em>in vitro&nbsp;<\/em><\/span><span lang=\"pt-BR\">de Embri\u00f5es bovinos;<\/span><\/p>\n<\/li>\n<\/ul>\n<\/li>\n<\/ul>\n<ul style=\"margin-bottom: 10px;color: #333333;font-family: 'Helvetica Neue', Helvetica, Arial, sans-serif;font-size: 14px\">\n<li class=\"western\" style=\"margin-bottom: 0cm\"><span lang=\"pt-BR\"><span style=\"font-weight: bold\">Fisiologia e Patologia da Reprodu\u00e7\u00e3o Animal<\/span><\/span><\/li>\n<\/ul>\n<ul style=\"margin-bottom: 10px;color: #333333;font-family: 'Helvetica Neue', Helvetica, Arial, sans-serif;font-size: 14px\">\n<li style=\"list-style-type: none\">\n<ul>\n<li>\n<p style=\"margin-top: 0px;margin-bottom: 0cm\"><span lang=\"pt-BR\">Reconhecimento materno da gesta\u00e7\u00e3o em ruminantes;<\/span><\/p>\n<\/li>\n<li>\n<p style=\"margin-top: 0px;margin-bottom: 0cm\"><span lang=\"pt-BR\">Regula\u00e7\u00e3o e controle do desenvolvimento folicular e ovula\u00e7\u00e3o em mam\u00edferos;<\/span><\/p>\n<\/li>\n<li>\n<p style=\"margin-top: 0px;margin-bottom: 0cm\"><span lang=\"pt-BR\">Regula\u00e7\u00e3o do crescimento e matura\u00e7\u00e3o de o\u00f3citos bovinos.<\/span><\/p>\n<\/li>\n<\/ul>\n<\/li>\n<\/ul>\n<p><!-- \/wp:tadv\/classic-paragraph --><\/p>\t\t\t\t\t\t<\/div>\n\t\t\t\t<\/div>\n\t\t\t\t\t<\/div>\n\t\t<\/div>\n\t\t\t\t\t<\/div>\n\t\t<\/section>\n\t\t\t\t<\/div>\n\t\t","protected":false},"excerpt":{"rendered":"<p>Linhas de pesquisa: Biot\u00e9cnicas Aplicadas \u00e0 Reprodu\u00e7\u00e3o Animal Regula\u00e7\u00e3o e indu\u00e7\u00e3o do estro em vacas de corte no anestro p\u00f3s-parto; Produ\u00e7\u00e3o\u00a0in vitro\u00a0de Embri\u00f5es bovinos; Fisiologia e Patologia da Reprodu\u00e7\u00e3o Animal Reconhecimento materno da gesta\u00e7\u00e3o em ruminantes; Regula\u00e7\u00e3o e controle do desenvolvimento folicular e ovula\u00e7\u00e3o em mam\u00edferos; Regula\u00e7\u00e3o do crescimento e matura\u00e7\u00e3o de o\u00f3citos bovinos. \u00a0<\/p>\n","protected":false},"author":115,"featured_media":0,"parent":0,"menu_order":0,"comment_status":"closed","ping_status":"closed","template":"","meta":{"footnotes":""},"categories":[],"tags":[],"class_list":["post-73","page","type-page","status-publish","hentry"],"acf":[],"_links":{"self":[{"href":"https:\/\/www.ufsm.br\/laboratorios\/biorep\/wp-json\/wp\/v2\/pages\/73","targetHints":{"allow":["GET"]}}],"collection":[{"href":"https:\/\/www.ufsm.br\/laboratorios\/biorep\/wp-json\/wp\/v2\/pages"}],"about":[{"href":"https:\/\/www.ufsm.br\/laboratorios\/biorep\/wp-json\/wp\/v2\/types\/page"}],"author":[{"embeddable":true,"href":"https:\/\/www.ufsm.br\/laboratorios\/biorep\/wp-json\/wp\/v2\/users\/115"}],"replies":[{"embeddable":true,"href":"https:\/\/www.ufsm.br\/laboratorios\/biorep\/wp-json\/wp\/v2\/comments?post=73"}],"version-history":[{"count":0,"href":"https:\/\/www.ufsm.br\/laboratorios\/biorep\/wp-json\/wp\/v2\/pages\/73\/revisions"}],"wp:attachment":[{"href":"https:\/\/www.ufsm.br\/laboratorios\/biorep\/wp-json\/wp\/v2\/media?parent=73"}],"wp:term":[{"taxonomy":"category","embeddable":true,"href":"https:\/\/www.ufsm.br\/laboratorios\/biorep\/wp-json\/wp\/v2\/categories?post=73"},{"taxonomy":"post_tag","embeddable":true,"href":"https:\/\/www.ufsm.br\/laboratorios\/biorep\/wp-json\/wp\/v2\/tags?post=73"}],"curies":[{"name":"wp","href":"https:\/\/api.w.org\/{rel}","templated":true}]}}