{"id":79,"date":"2019-07-10T11:11:33","date_gmt":"2019-07-10T14:11:33","guid":{"rendered":"https:\/\/www.ufsm.br\/laboratorios\/biorep\/?page_id=79"},"modified":"2020-03-05T14:58:01","modified_gmt":"2020-03-05T17:58:01","slug":"parceiros","status":"publish","type":"page","link":"https:\/\/www.ufsm.br\/laboratorios\/biorep\/parceiros","title":{"rendered":"Parceiros"},"content":{"rendered":"\n<p class=\"western\">No sentido de resolver problemas cient\u00edficos e gerar conhecimento, o nosso grupo mant\u00e9m parcerias com universidades nacionais e internacionais, centros de pesquisas, setores p\u00fablicos e empresas privadas. Atualmente, temos conv\u00eanios atrav\u00e9s de projetos de pesquisa com diversas institui\u00e7\u00f5es de pesquisa, dentre elas:<\/p>\n<ul style=\"list-style-type: circle\">\n<li><a href=\"https:\/\/www.lfl.bayern.de\/verschiedenes\/en\/index.php\" target=\"_blank\" rel=\"noopener noreferrer\">Bavarian State Research Center of Agriculture<\/a>,\u00a0Alemanha, Laborat\u00f3rio do Dr. Horst-Dieter Reichenbach<\/li>\n<li>\u00a0<a href=\"http:\/\/www.niddk.nih.gov\/Pages\/default.aspx\" target=\"_blank\" rel=\"noopener noreferrer\">National Institute of Health\/NIDDK<\/a>, Estados Unidos, Laborat\u00f3rio do Dr. David Harlan<\/li>\n<li>\u00a0<a href=\"https:\/\/www.cornell.edu\/\" target=\"_blank\" rel=\"noopener noreferrer\">Universidade Cornell<\/a>,\u00a0Estados Unidos, Laborat\u00f3rio da Dra. Joanne Fortune<\/li>\n<li>\u00a0<a href=\"http:\/\/www.harvard.edu\/\" target=\"_blank\" rel=\"noopener noreferrer\">Universidade de Harvard<\/a>,\u00a0EUA, Laborat\u00f3rio do Dr. Jonathan L. Tilly e Dr. Bo Rueda<\/li>\n<li>\u00a0<a href=\"https:\/\/www.uillinois.edu\/\" target=\"_blank\" rel=\"noopener noreferrer\">Universidade de Illinois<\/a>, EUA, Laborat\u00f3rio da Dra. Janice Bahr<\/li>\n<li>\u00a0<a href=\"http:\/\/www.umontreal.ca\/\" target=\"_blank\" rel=\"noopener noreferrer\">Universidade de Montreal<\/a>,\u00a0Canad\u00e1, Laborat\u00f3rio do Dr. Christopher Price<\/li>\n<li>\u00a0<a href=\"http:\/\/www.colostate.edu\/\" target=\"_blank\" rel=\"noopener noreferrer\">Universidade Estadual do Colorado<\/a>,\u00a0Estados Unidos, Laborat\u00f3rio do Dr. Thomas R. Hansen<\/li>\n<li>\u00a0<a href=\"http:\/\/www.unesp.br\/\" target=\"_blank\" rel=\"noopener noreferrer\">Universidade do Estado de S\u00e3o Paulo<\/a>, Campus Botucatu, Laborat\u00f3rio do Dr. Jos\u00e9 Buratini Junior<\/li>\n<li>\u00a0<a href=\"http:\/\/www.uece.br\/uece\/\" target=\"_blank\" rel=\"noopener noreferrer\">Universidade Estadual do Cear\u00e1<\/a>, Laborat\u00f3rio do Dr. Ricardo Figueiredo<\/li>\n<li>\u00a0<a href=\"http:\/\/www.uel.br\/portal\/\" target=\"_blank\" rel=\"noopener noreferrer\">Universidade Estadual de Londrina<\/a>, Laborat\u00f3rio do Dr. Marcelo Seneda.<\/li>\n<li>\u00a0<a href=\"https:\/\/www.mcgill.ca\/\" target=\"_blank\" rel=\"noopener noreferrer\">Universidade McGill<\/a>, Canad\u00e1, Laborat\u00f3rio do Dr. Vilceu Bordignon<\/li>\n<\/ul>\n<p class=\"western\">\u00a0<\/p>\n<p class=\"western\">Para execu\u00e7\u00e3o dos experimentos com animais, o nosso laborat\u00f3rio tem conv\u00eanios com propriedades rurais, sendo salientado o conv\u00eanio com a Empresa Bertolini Empreendimentos Agropecu\u00e1rios, localizada no munic\u00edpio de Minas do Le\u00e3o-RS e com a Fazenda do CIBSB, em Ros\u00e1rio do Sul-RS, institui\u00e7\u00f5es dedicadas \u00e0 atividade de bovinocultura de corte. Salienta-se tamb\u00e9m a parceria estabelecida com o Friogor\u00edfico Silva, de Santa Maria &#8211; RS. As colabora\u00e7\u00f5es estabelecidas se refletem nas publica\u00e7\u00f5es apresentadas no Curr\u00edculo Lattes.<\/p>\n<p>\u00a0<\/p>\n<p><img fetchpriority=\"high\" decoding=\"async\" class=\"alignnone wp-image-80 size-full\" src=\"https:\/\/www.ufsm.br\/laboratorios\/biorep\/wp-content\/uploads\/sites\/672\/2019\/07\/logo.jpg\" alt=\"\" width=\"1920\" height=\"950\" srcset=\"https:\/\/www.ufsm.br\/app\/uploads\/sites\/672\/2019\/07\/logo.jpg 1920w, https:\/\/www.ufsm.br\/app\/uploads\/sites\/672\/2019\/07\/logo-300x148.jpg 300w, https:\/\/www.ufsm.br\/app\/uploads\/sites\/672\/2019\/07\/logo-768x380.jpg 768w, https:\/\/www.ufsm.br\/app\/uploads\/sites\/672\/2019\/07\/logo-1024x507.jpg 1024w\" sizes=\"(max-width: 1920px) 100vw, 1920px\" \/><\/p>\n","protected":false},"excerpt":{"rendered":"<p>No sentido de resolver problemas cient\u00edficos e gerar conhecimento, o nosso grupo mant\u00e9m parcerias com universidades nacionais e internacionais, centros de pesquisas, setores p\u00fablicos e empresas privadas. Atualmente, temos conv\u00eanios atrav\u00e9s de projetos de pesquisa com diversas institui\u00e7\u00f5es de pesquisa, dentre elas: Bavarian State Research Center of Agriculture,\u00a0Alemanha, Laborat\u00f3rio do Dr. Horst-Dieter Reichenbach \u00a0National Institute [&hellip;]<\/p>\n","protected":false},"author":115,"featured_media":0,"parent":0,"menu_order":0,"comment_status":"closed","ping_status":"closed","template":"","meta":{"footnotes":""},"categories":[],"tags":[],"class_list":["post-79","page","type-page","status-publish","hentry"],"acf":[],"_links":{"self":[{"href":"https:\/\/www.ufsm.br\/laboratorios\/biorep\/wp-json\/wp\/v2\/pages\/79","targetHints":{"allow":["GET"]}}],"collection":[{"href":"https:\/\/www.ufsm.br\/laboratorios\/biorep\/wp-json\/wp\/v2\/pages"}],"about":[{"href":"https:\/\/www.ufsm.br\/laboratorios\/biorep\/wp-json\/wp\/v2\/types\/page"}],"author":[{"embeddable":true,"href":"https:\/\/www.ufsm.br\/laboratorios\/biorep\/wp-json\/wp\/v2\/users\/115"}],"replies":[{"embeddable":true,"href":"https:\/\/www.ufsm.br\/laboratorios\/biorep\/wp-json\/wp\/v2\/comments?post=79"}],"version-history":[{"count":0,"href":"https:\/\/www.ufsm.br\/laboratorios\/biorep\/wp-json\/wp\/v2\/pages\/79\/revisions"}],"wp:attachment":[{"href":"https:\/\/www.ufsm.br\/laboratorios\/biorep\/wp-json\/wp\/v2\/media?parent=79"}],"wp:term":[{"taxonomy":"category","embeddable":true,"href":"https:\/\/www.ufsm.br\/laboratorios\/biorep\/wp-json\/wp\/v2\/categories?post=79"},{"taxonomy":"post_tag","embeddable":true,"href":"https:\/\/www.ufsm.br\/laboratorios\/biorep\/wp-json\/wp\/v2\/tags?post=79"}],"curies":[{"name":"wp","href":"https:\/\/api.w.org\/{rel}","templated":true}]}}