{"id":83,"date":"2019-07-10T12:05:41","date_gmt":"2019-07-10T15:05:41","guid":{"rendered":"https:\/\/www.ufsm.br\/laboratorios\/biorep\/?page_id=83"},"modified":"2023-05-03T16:25:53","modified_gmt":"2023-05-03T19:25:53","slug":"equipamentos","status":"publish","type":"page","link":"https:\/\/www.ufsm.br\/laboratorios\/biorep\/equipamentos","title":{"rendered":"Equipamentos multiusu\u00e1rio"},"content":{"rendered":"\t\t<div data-elementor-type=\"wp-page\" data-elementor-id=\"83\" class=\"elementor elementor-83\">\n\t\t\t\t\t\t<section class=\"elementor-section elementor-top-section elementor-element elementor-element-a4d57fd elementor-section-boxed elementor-section-height-default elementor-section-height-default\" data-id=\"a4d57fd\" data-element_type=\"section\">\n\t\t\t\t\t\t<div class=\"elementor-container elementor-column-gap-default\">\n\t\t\t\t\t<div class=\"elementor-column elementor-col-100 elementor-top-column elementor-element elementor-element-815b142\" data-id=\"815b142\" data-element_type=\"column\">\n\t\t\t<div class=\"elementor-widget-wrap elementor-element-populated\">\n\t\t\t\t\t\t<div class=\"elementor-element elementor-element-df122df elementor-widget elementor-widget-wp-widget-ufsm_noticias_widget\" data-id=\"df122df\" data-element_type=\"widget\" data-widget_type=\"wp-widget-ufsm_noticias_widget.default\">\n\t\t\t\t<div class=\"elementor-widget-container\">\n\t\t\t<h5 class='titulo-conteudos'>Clique para acessar as informa\u00e7\u00f5es e agenda<\/h5><div class='widget-noticias-inside'>\n                        <div class=\"row\">\n                                    <div class=\"col-12 col-lg-4 pb-4\">\n                                            <div class=\"noticias-widget-wrap\" style=\"height: 150px; overflow: hidden;\">\n                            <a title=\"\" href=\"https:\/\/www.ufsm.br\/laboratorios\/biorep\/2020\/02\/13\/capela-de-fluxo\">\n                                <span class=\"visually-hidden\">\n                                    Capela de fluxo                                <\/span>\n                                <div class=\"noticias-widget-thumbs h-100\">\n                                    <img decoding=\"async\" class=\"object-fit-cover h-100 w-100\" alt=\"\" srcset=\"https:\/\/www.ufsm.br\/app\/uploads\/sites\/672\/2019\/07\/Capela-300x225.jpg 300w, https:\/\/www.ufsm.br\/app\/uploads\/sites\/672\/2019\/07\/Capela-768x576.jpg 768w, https:\/\/www.ufsm.br\/app\/uploads\/sites\/672\/2019\/07\/Capela-1024x768.jpg 1024w, https:\/\/www.ufsm.br\/app\/uploads\/sites\/672\/2019\/07\/Capela.jpg 1632w\" src=\"https:\/\/www.ufsm.br\/app\/uploads\/sites\/672\/2019\/07\/Capela-1024x768.jpg\"><\/img>\n                                <\/div>\n                            <\/a>\n                        <\/div>\n                                        \n                                        \n                    \n                    <a class=\"noticias-widget-title d-block  m-0 \"  title=\"Capela de fluxo\" href=\"https:\/\/www.ufsm.br\/laboratorios\/biorep\/2020\/02\/13\/capela-de-fluxo\">\n                                                Capela de fluxo                    <\/a>\n                    \n                    \n                                        \n                                        \n                                        <\/div>\n                                    <div class=\"col-12 col-lg-4 pb-4\">\n                                            <div class=\"noticias-widget-wrap\" style=\"height: 150px; overflow: hidden;\">\n                            <a title=\"\" href=\"https:\/\/www.ufsm.br\/laboratorios\/biorep\/2020\/02\/13\/citometro-de-fluxo\">\n                                <span class=\"visually-hidden\">\n                                    Cit\u00f4metro de fluxo                                <\/span>\n                                <div class=\"noticias-widget-thumbs h-100\">\n                                    <img decoding=\"async\" class=\"object-fit-cover h-100 w-100\" alt=\"\" srcset=\"https:\/\/www.ufsm.br\/app\/uploads\/sites\/672\/2020\/02\/IMG_0786-300x200.jpg 300w, https:\/\/www.ufsm.br\/app\/uploads\/sites\/672\/2020\/02\/IMG_0786-768x512.jpg 768w, https:\/\/www.ufsm.br\/app\/uploads\/sites\/672\/2020\/02\/IMG_0786-272x182.jpg 272w, https:\/\/www.ufsm.br\/app\/uploads\/sites\/672\/2020\/02\/IMG_0786.jpg 833w\" src=\"https:\/\/www.ufsm.br\/app\/uploads\/sites\/672\/2020\/02\/IMG_0786.jpg\"><\/img>\n                                <\/div>\n                            <\/a>\n                        <\/div>\n                                        \n                                        \n                    \n                    <a class=\"noticias-widget-title d-block  m-0 \"  title=\"Cit\u00f4metro de fluxo\" href=\"https:\/\/www.ufsm.br\/laboratorios\/biorep\/2020\/02\/13\/citometro-de-fluxo\">\n                                                Cit\u00f4metro de fluxo                    <\/a>\n                    \n                    \n                                        \n                                        \n                                        <\/div>\n                                    <div class=\"col-12 col-lg-4 pb-4\">\n                                            <div class=\"noticias-widget-wrap\" style=\"height: 150px; overflow: hidden;\">\n                            <a title=\"\" href=\"https:\/\/www.ufsm.br\/laboratorios\/biorep\/2023\/05\/03\/citometro-de-fluxo-cell-sorter-bd-facsmelody\">\n                                <span class=\"visually-hidden\">\n                                    Cit\u00f4metro de fluxo Cell Sorter BD FACSMelody\u2122                                <\/span>\n                                <div class=\"noticias-widget-thumbs h-100\">\n                                    <img decoding=\"async\" class=\"object-fit-cover h-100 w-100\" alt=\"\" srcset=\"https:\/\/www.ufsm.br\/app\/uploads\/sites\/672\/2022\/02\/IMG_20211213_183920488-300x225.jpg 300w, https:\/\/www.ufsm.br\/app\/uploads\/sites\/672\/2022\/02\/IMG_20211213_183920488-1024x768.jpg 1024w, https:\/\/www.ufsm.br\/app\/uploads\/sites\/672\/2022\/02\/IMG_20211213_183920488-768x576.jpg 768w, https:\/\/www.ufsm.br\/app\/uploads\/sites\/672\/2022\/02\/IMG_20211213_183920488-1536x1152.jpg 1536w, https:\/\/www.ufsm.br\/app\/uploads\/sites\/672\/2022\/02\/IMG_20211213_183920488.jpg 1920w\" src=\"https:\/\/www.ufsm.br\/app\/uploads\/sites\/672\/2022\/02\/IMG_20211213_183920488-1024x768.jpg\"><\/img>\n                                <\/div>\n                            <\/a>\n                        <\/div>\n                                        \n                                        \n                    \n                    <a class=\"noticias-widget-title d-block  m-0 \"  title=\"Cit\u00f4metro de fluxo Cell Sorter BD FACSMelody\u2122\" href=\"https:\/\/www.ufsm.br\/laboratorios\/biorep\/2023\/05\/03\/citometro-de-fluxo-cell-sorter-bd-facsmelody\">\n                                                Cit\u00f4metro de fluxo Cell Sorter BD FACSMelody\u2122                    <\/a>\n                    \n                    \n                                        \n                                        \n                                        <\/div>\n                            <\/div>\n                    <div class=\"row\">\n                                    <div class=\"col-12 col-lg-4 pb-4\">\n                                            <div class=\"noticias-widget-wrap\" style=\"height: 150px; overflow: hidden;\">\n                            <a title=\"\" href=\"https:\/\/www.ufsm.br\/laboratorios\/biorep\/2020\/02\/13\/criostato\">\n                                <span class=\"visually-hidden\">\n                                    Criostato                                <\/span>\n                                <div class=\"noticias-widget-thumbs h-100\">\n                                    <img decoding=\"async\" class=\"object-fit-cover h-100 w-100\" alt=\"\" srcset=\"https:\/\/www.ufsm.br\/app\/uploads\/sites\/672\/2020\/02\/P6193499-300x225.jpeg 300w, https:\/\/www.ufsm.br\/app\/uploads\/sites\/672\/2020\/02\/P6193499-1024x768.jpeg 1024w, https:\/\/www.ufsm.br\/app\/uploads\/sites\/672\/2020\/02\/P6193499-768x576.jpeg 768w, https:\/\/www.ufsm.br\/app\/uploads\/sites\/672\/2020\/02\/P6193499-1536x1152.jpeg 1536w, https:\/\/www.ufsm.br\/app\/uploads\/sites\/672\/2020\/02\/P6193499.jpeg 1920w\" src=\"https:\/\/www.ufsm.br\/app\/uploads\/sites\/672\/2020\/02\/P6193499-1024x768.jpeg\"><\/img>\n                                <\/div>\n                            <\/a>\n                        <\/div>\n                                        \n                                        \n                    \n                    <a class=\"noticias-widget-title d-block  m-0 \"  title=\"Criostato\" href=\"https:\/\/www.ufsm.br\/laboratorios\/biorep\/2020\/02\/13\/criostato\">\n                                                Criostato                    <\/a>\n                    \n                    \n                                        \n                                        \n                                        <\/div>\n                                    <div class=\"col-12 col-lg-4 pb-4\">\n                                            <div class=\"noticias-widget-wrap\" style=\"height: 150px; overflow: hidden;\">\n                            <a title=\"ChemiDoc MP BioRad\" href=\"https:\/\/www.ufsm.br\/laboratorios\/biorep\/2020\/02\/13\/fotodocumentador-chemidoc\">\n                                <span class=\"visually-hidden\">\n                                    ChemiDoc MP BioRad                                <\/span>\n                                <div class=\"noticias-widget-thumbs h-100\">\n                                    <img decoding=\"async\" class=\"object-fit-cover h-100 w-100\" alt=\"\" srcset=\"https:\/\/www.ufsm.br\/app\/uploads\/sites\/672\/2019\/07\/P6193503-300x225.jpg 300w, https:\/\/www.ufsm.br\/app\/uploads\/sites\/672\/2019\/07\/P6193503-768x576.jpg 768w, https:\/\/www.ufsm.br\/app\/uploads\/sites\/672\/2019\/07\/P6193503-1024x768.jpg 1024w, https:\/\/www.ufsm.br\/app\/uploads\/sites\/672\/2019\/07\/P6193503.jpg 1920w\" src=\"https:\/\/www.ufsm.br\/app\/uploads\/sites\/672\/2019\/07\/P6193503-1024x768.jpg\"><\/img>\n                                <\/div>\n                            <\/a>\n                        <\/div>\n                                        \n                                        \n                    \n                    <a class=\"noticias-widget-title d-block  m-0 \"  title=\"Fotodocumentador ChemiDoc\" href=\"https:\/\/www.ufsm.br\/laboratorios\/biorep\/2020\/02\/13\/fotodocumentador-chemidoc\">\n                                                Fotodocumentador ChemiDoc                    <\/a>\n                    \n                    \n                                        \n                                        \n                                        <\/div>\n                                    <div class=\"col-12 col-lg-4 pb-4\">\n                                            <div class=\"noticias-widget-wrap\" style=\"height: 150px; overflow: hidden;\">\n                            <a title=\"Microsc\u00f3pio de Fluoresc\u00eancia LEICA DMI 4000B\" href=\"https:\/\/www.ufsm.br\/laboratorios\/biorep\/2020\/02\/13\/microscopio-de-fluorescencia\">\n                                <span class=\"visually-hidden\">\n                                    Microsc\u00f3pio de Fluoresc\u00eancia LEICA DMI 4000B                                <\/span>\n                                <div class=\"noticias-widget-thumbs h-100\">\n                                    <img decoding=\"async\" class=\"object-fit-cover h-100 w-100\" alt=\"\" srcset=\"https:\/\/www.ufsm.br\/app\/uploads\/sites\/672\/2020\/02\/P6193516-300x225.jpeg 300w, https:\/\/www.ufsm.br\/app\/uploads\/sites\/672\/2020\/02\/P6193516-1024x768.jpeg 1024w, https:\/\/www.ufsm.br\/app\/uploads\/sites\/672\/2020\/02\/P6193516-768x576.jpeg 768w, https:\/\/www.ufsm.br\/app\/uploads\/sites\/672\/2020\/02\/P6193516-1536x1152.jpeg 1536w, https:\/\/www.ufsm.br\/app\/uploads\/sites\/672\/2020\/02\/P6193516.jpeg 1920w\" src=\"https:\/\/www.ufsm.br\/app\/uploads\/sites\/672\/2020\/02\/P6193516-1024x768.jpeg\"><\/img>\n                                <\/div>\n                            <\/a>\n                        <\/div>\n                                        \n                                        \n                    \n                    <a class=\"noticias-widget-title d-block  m-0 \"  title=\"Microsc\u00f3pio de Fluoresc\u00eancia\" href=\"https:\/\/www.ufsm.br\/laboratorios\/biorep\/2020\/02\/13\/microscopio-de-fluorescencia\">\n                                                Microsc\u00f3pio de Fluoresc\u00eancia                    <\/a>\n                    \n                    \n                                        \n                                        \n                                        <\/div>\n                            <\/div>\n                    <div class=\"row\">\n                                    <div class=\"col-12 col-lg-4 pb-4\">\n                                            <div class=\"noticias-widget-wrap\" style=\"height: 150px; overflow: hidden;\">\n                            <a title=\"\" href=\"https:\/\/www.ufsm.br\/laboratorios\/biorep\/2023\/05\/03\/microscopio-de-microdisseccao-a-laser\">\n                                <span class=\"visually-hidden\">\n                                    Microsc\u00f3pio de microdissec\u00e7\u00e3o a laser                                <\/span>\n                                <div class=\"noticias-widget-thumbs h-100\">\n                                    <img decoding=\"async\" class=\"object-fit-cover h-100 w-100\" alt=\"\" srcset=\"https:\/\/www.ufsm.br\/app\/uploads\/sites\/672\/2022\/02\/IMG_1435-300x225.jpg 300w, https:\/\/www.ufsm.br\/app\/uploads\/sites\/672\/2022\/02\/IMG_1435-1024x768.jpg 1024w, https:\/\/www.ufsm.br\/app\/uploads\/sites\/672\/2022\/02\/IMG_1435-768x576.jpg 768w, https:\/\/www.ufsm.br\/app\/uploads\/sites\/672\/2022\/02\/IMG_1435-1536x1152.jpg 1536w, https:\/\/www.ufsm.br\/app\/uploads\/sites\/672\/2022\/02\/IMG_1435.jpg 1920w\" src=\"https:\/\/www.ufsm.br\/app\/uploads\/sites\/672\/2022\/02\/IMG_1435-1024x768.jpg\"><\/img>\n                                <\/div>\n                            <\/a>\n                        <\/div>\n                                        \n                                        \n                    \n                    <a class=\"noticias-widget-title d-block  m-0 \"  title=\"Microsc\u00f3pio de microdissec\u00e7\u00e3o a laser\" href=\"https:\/\/www.ufsm.br\/laboratorios\/biorep\/2023\/05\/03\/microscopio-de-microdisseccao-a-laser\">\n                                                Microsc\u00f3pio de microdissec\u00e7\u00e3o a laser                    <\/a>\n                    \n                    \n                                        \n                                        \n                                        <\/div>\n                                    <div class=\"col-12 col-lg-4 pb-4\">\n                                            <div class=\"noticias-widget-wrap\" style=\"height: 150px; overflow: hidden;\">\n                            <a title=\"Micr\u00f3tomo rotativo Leica RM2235\" href=\"https:\/\/www.ufsm.br\/laboratorios\/biorep\/2020\/02\/13\/microtomo\">\n                                <span class=\"visually-hidden\">\n                                    Micr\u00f3tomo rotativo Leica RM2235                                <\/span>\n                                <div class=\"noticias-widget-thumbs h-100\">\n                                    <img decoding=\"async\" class=\"object-fit-cover h-100 w-100\" alt=\"\" srcset=\"https:\/\/www.ufsm.br\/app\/uploads\/sites\/672\/2020\/02\/P6193506-300x225.jpeg 300w, https:\/\/www.ufsm.br\/app\/uploads\/sites\/672\/2020\/02\/P6193506-1024x768.jpeg 1024w, https:\/\/www.ufsm.br\/app\/uploads\/sites\/672\/2020\/02\/P6193506-768x576.jpeg 768w, https:\/\/www.ufsm.br\/app\/uploads\/sites\/672\/2020\/02\/P6193506-1536x1152.jpeg 1536w, https:\/\/www.ufsm.br\/app\/uploads\/sites\/672\/2020\/02\/P6193506.jpeg 1920w\" src=\"https:\/\/www.ufsm.br\/app\/uploads\/sites\/672\/2020\/02\/P6193506-1024x768.jpeg\"><\/img>\n                                <\/div>\n                            <\/a>\n                        <\/div>\n                                        \n                                        \n                    \n                    <a class=\"noticias-widget-title d-block  m-0 \"  title=\"Micr\u00f3tomo\" href=\"https:\/\/www.ufsm.br\/laboratorios\/biorep\/2020\/02\/13\/microtomo\">\n                                                Micr\u00f3tomo                    <\/a>\n                    \n                    \n                                        \n                                        \n                                        <\/div>\n                                    <div class=\"col-12 col-lg-4 pb-4\">\n                                            <div class=\"noticias-widget-wrap\" style=\"height: 150px; overflow: hidden;\">\n                            <a title=\"NanoDrop ND-1000 Thermo\" href=\"https:\/\/www.ufsm.br\/laboratorios\/biorep\/2020\/02\/17\/nanodrop\">\n                                <span class=\"visually-hidden\">\n                                    NanoDrop ND-1000 Thermo                                <\/span>\n                                <div class=\"noticias-widget-thumbs h-100\">\n                                    <img decoding=\"async\" class=\"object-fit-cover h-100 w-100\" alt=\"\" srcset=\"https:\/\/www.ufsm.br\/app\/uploads\/sites\/672\/2020\/02\/P6193509-300x225.jpg 300w, https:\/\/www.ufsm.br\/app\/uploads\/sites\/672\/2020\/02\/P6193509-1024x768.jpg 1024w, https:\/\/www.ufsm.br\/app\/uploads\/sites\/672\/2020\/02\/P6193509-768x576.jpg 768w, https:\/\/www.ufsm.br\/app\/uploads\/sites\/672\/2020\/02\/P6193509-1536x1152.jpg 1536w, https:\/\/www.ufsm.br\/app\/uploads\/sites\/672\/2020\/02\/P6193509.jpg 1920w\" src=\"https:\/\/www.ufsm.br\/app\/uploads\/sites\/672\/2020\/02\/P6193509-1024x768.jpg\"><\/img>\n                                <\/div>\n                            <\/a>\n                        <\/div>\n                                        \n                                        \n                    \n                    <a class=\"noticias-widget-title d-block  m-0 \"  title=\"Nanodrop\" href=\"https:\/\/www.ufsm.br\/laboratorios\/biorep\/2020\/02\/17\/nanodrop\">\n                                                Nanodrop                    <\/a>\n                    \n                    \n                                        \n                                        \n                                        <\/div>\n                            <\/div>\n                    <div class=\"row\">\n                                    <div class=\"col-12 col-lg-4 pb-4\">\n                                            <div class=\"noticias-widget-wrap\" style=\"height: 150px; overflow: hidden;\">\n                            <a title=\"PCR REAL TIME BIORAD CFX384\" href=\"https:\/\/www.ufsm.br\/laboratorios\/biorep\/2020\/02\/17\/real-time-pcr\">\n                                <span class=\"visually-hidden\">\n                                    PCR REAL TIME BIORAD CFX384                                <\/span>\n                                <div class=\"noticias-widget-thumbs h-100\">\n                                    <img decoding=\"async\" class=\"object-fit-cover h-100 w-100\" alt=\"\" srcset=\"https:\/\/www.ufsm.br\/app\/uploads\/sites\/672\/2020\/02\/P6193511-300x225.jpg 300w, https:\/\/www.ufsm.br\/app\/uploads\/sites\/672\/2020\/02\/P6193511-1024x768.jpg 1024w, https:\/\/www.ufsm.br\/app\/uploads\/sites\/672\/2020\/02\/P6193511-768x576.jpg 768w, https:\/\/www.ufsm.br\/app\/uploads\/sites\/672\/2020\/02\/P6193511-1536x1152.jpg 1536w, https:\/\/www.ufsm.br\/app\/uploads\/sites\/672\/2020\/02\/P6193511.jpg 1920w\" src=\"https:\/\/www.ufsm.br\/app\/uploads\/sites\/672\/2020\/02\/P6193511-1024x768.jpg\"><\/img>\n                                <\/div>\n                            <\/a>\n                        <\/div>\n                                        \n                                        \n                    \n                    <a class=\"noticias-widget-title d-block  m-0 \"  title=\"Real Time PCR\" href=\"https:\/\/www.ufsm.br\/laboratorios\/biorep\/2020\/02\/17\/real-time-pcr\">\n                                                Real Time PCR                    <\/a>\n                    \n                    \n                                        \n                                        \n                                        <\/div>\n                                    <div class=\"col-12 col-lg-4 pb-4\">\n                                            <div class=\"noticias-widget-wrap\" style=\"height: 150px; overflow: hidden;\">\n                            <a title=\"Sala de extra\u00e7\u00e3o (Capela + Centr\u00edfuga)\" href=\"https:\/\/www.ufsm.br\/laboratorios\/biorep\/2020\/02\/17\/sala-de-extracao\">\n                                <span class=\"visually-hidden\">\n                                    Sala de extra\u00e7\u00e3o (Capela + Centr\u00edfuga)                                <\/span>\n                                <div class=\"noticias-widget-thumbs h-100\">\n                                    <img decoding=\"async\" class=\"object-fit-cover h-100 w-100\" alt=\"\" srcset=\"https:\/\/www.ufsm.br\/app\/uploads\/sites\/672\/2020\/02\/P6193482-300x225.jpg 300w, https:\/\/www.ufsm.br\/app\/uploads\/sites\/672\/2020\/02\/P6193482-1024x768.jpg 1024w, https:\/\/www.ufsm.br\/app\/uploads\/sites\/672\/2020\/02\/P6193482-768x576.jpg 768w, https:\/\/www.ufsm.br\/app\/uploads\/sites\/672\/2020\/02\/P6193482-1536x1152.jpg 1536w, https:\/\/www.ufsm.br\/app\/uploads\/sites\/672\/2020\/02\/P6193482.jpg 1920w\" src=\"https:\/\/www.ufsm.br\/app\/uploads\/sites\/672\/2020\/02\/P6193482-1024x768.jpg\"><\/img>\n                                <\/div>\n                            <\/a>\n                        <\/div>\n                                        \n                                        \n                    \n                    <a class=\"noticias-widget-title d-block  m-0 \"  title=\"Sala de Extra\u00e7\u00e3o\" href=\"https:\/\/www.ufsm.br\/laboratorios\/biorep\/2020\/02\/17\/sala-de-extracao\">\n                                                Sala de Extra\u00e7\u00e3o                    <\/a>\n                    \n                    \n                                        \n                                        \n                                        <\/div>\n                                    <div class=\"col-12 col-lg-4 pb-4\">\n                                            <div class=\"noticias-widget-wrap\" style=\"height: 150px; overflow: hidden;\">\n                            <a title=\"\" href=\"https:\/\/www.ufsm.br\/laboratorios\/biorep\/2020\/02\/17\/termociclador\">\n                                <span class=\"visually-hidden\">\n                                    Termociclador                                <\/span>\n                                <div class=\"noticias-widget-thumbs h-100\">\n                                    <img decoding=\"async\" class=\"object-fit-cover h-100 w-100\" alt=\"\" srcset=\"https:\/\/www.ufsm.br\/app\/uploads\/sites\/672\/2019\/07\/P6193493-300x225.jpg 300w, https:\/\/www.ufsm.br\/app\/uploads\/sites\/672\/2019\/07\/P6193493-768x576.jpg 768w, https:\/\/www.ufsm.br\/app\/uploads\/sites\/672\/2019\/07\/P6193493-1024x768.jpg 1024w, https:\/\/www.ufsm.br\/app\/uploads\/sites\/672\/2019\/07\/P6193493.jpg 1920w\" src=\"https:\/\/www.ufsm.br\/app\/uploads\/sites\/672\/2019\/07\/P6193493-1024x768.jpg\"><\/img>\n                                <\/div>\n                            <\/a>\n                        <\/div>\n                                        \n                                        \n                    \n                    <a class=\"noticias-widget-title d-block  m-0 \"  title=\"Termociclador\" href=\"https:\/\/www.ufsm.br\/laboratorios\/biorep\/2020\/02\/17\/termociclador\">\n                                                Termociclador                    <\/a>\n                    \n                    \n                                        \n                                        \n                                        <\/div>\n                            <\/div>\n            <\/div>\n<div class=\"leia-mais p-1\">\n                <a href=\"https:\/\/www.ufsm.br\/laboratorios\/biorep\/busca\/?q=&area=post&orderby=title&sites%5B%5D=672\">\n            LEIA MAIS            <span class=\"icon-box\">\n                <span class=\"bg-ufsm-widget-icon\">\n                    <i class=\"fas fa-chevron-right\" aria-hidden=\"true\"><\/i>\n                <\/span>\n            <\/span>\n        <\/a>\n    <\/div>\n\t\t<\/div>\n\t\t\t\t<\/div>\n\t\t\t\t\t<\/div>\n\t\t<\/div>\n\t\t\t\t\t<\/div>\n\t\t<\/section>\n\t\t\t\t<\/div>\n\t\t","protected":false},"excerpt":{"rendered":"","protected":false},"author":115,"featured_media":0,"parent":0,"menu_order":0,"comment_status":"closed","ping_status":"closed","template":"","meta":{"footnotes":""},"categories":[],"tags":[],"class_list":["post-83","page","type-page","status-publish","hentry"],"acf":[],"_links":{"self":[{"href":"https:\/\/www.ufsm.br\/laboratorios\/biorep\/wp-json\/wp\/v2\/pages\/83","targetHints":{"allow":["GET"]}}],"collection":[{"href":"https:\/\/www.ufsm.br\/laboratorios\/biorep\/wp-json\/wp\/v2\/pages"}],"about":[{"href":"https:\/\/www.ufsm.br\/laboratorios\/biorep\/wp-json\/wp\/v2\/types\/page"}],"author":[{"embeddable":true,"href":"https:\/\/www.ufsm.br\/laboratorios\/biorep\/wp-json\/wp\/v2\/users\/115"}],"replies":[{"embeddable":true,"href":"https:\/\/www.ufsm.br\/laboratorios\/biorep\/wp-json\/wp\/v2\/comments?post=83"}],"version-history":[{"count":0,"href":"https:\/\/www.ufsm.br\/laboratorios\/biorep\/wp-json\/wp\/v2\/pages\/83\/revisions"}],"wp:attachment":[{"href":"https:\/\/www.ufsm.br\/laboratorios\/biorep\/wp-json\/wp\/v2\/media?parent=83"}],"wp:term":[{"taxonomy":"category","embeddable":true,"href":"https:\/\/www.ufsm.br\/laboratorios\/biorep\/wp-json\/wp\/v2\/categories?post=83"},{"taxonomy":"post_tag","embeddable":true,"href":"https:\/\/www.ufsm.br\/laboratorios\/biorep\/wp-json\/wp\/v2\/tags?post=83"}],"curies":[{"name":"wp","href":"https:\/\/api.w.org\/{rel}","templated":true}]}}