{"id":64,"date":"2024-11-13T16:58:13","date_gmt":"2024-11-13T19:58:13","guid":{"rendered":"https:\/\/www.ufsm.br\/laboratorios\/cads\/?page_id=64"},"modified":"2024-11-13T17:01:56","modified_gmt":"2024-11-13T20:01:56","slug":"sobre-2","status":"publish","type":"page","link":"https:\/\/www.ufsm.br\/laboratorios\/cads\/sobre-2","title":{"rendered":"Sobre"},"content":{"rendered":"\t\t<div data-elementor-type=\"wp-page\" data-elementor-id=\"64\" class=\"elementor elementor-64\">\n\t\t\t\t\t\t<section class=\"elementor-section elementor-top-section elementor-element elementor-element-58d66bb elementor-section-boxed elementor-section-height-default elementor-section-height-default\" data-id=\"58d66bb\" data-element_type=\"section\">\n\t\t\t\t\t\t<div class=\"elementor-container elementor-column-gap-default\">\n\t\t\t\t\t<div class=\"elementor-column elementor-col-100 elementor-top-column elementor-element elementor-element-c6acf0b\" data-id=\"c6acf0b\" data-element_type=\"column\">\n\t\t\t<div class=\"elementor-widget-wrap elementor-element-populated\">\n\t\t\t\t\t\t<div class=\"elementor-element elementor-element-b5a7d42 elementor-widget elementor-widget-image\" data-id=\"b5a7d42\" data-element_type=\"widget\" data-widget_type=\"image.default\">\n\t\t\t\t<div class=\"elementor-widget-container\">\n\t\t\t\t\t\t\t\t\t\t\t\t\t<img fetchpriority=\"high\" decoding=\"async\" width=\"1024\" height=\"256\" src=\"https:\/\/www.ufsm.br\/app\/uploads\/sites\/946\/2024\/11\/Central-Analitica-do-Departamento-de-Solos-1024x256.jpg\" class=\"attachment-large size-large wp-image-48\" alt=\"\" srcset=\"https:\/\/www.ufsm.br\/app\/uploads\/sites\/946\/2024\/11\/Central-Analitica-do-Departamento-de-Solos-1024x256.jpg 1024w, https:\/\/www.ufsm.br\/app\/uploads\/sites\/946\/2024\/11\/Central-Analitica-do-Departamento-de-Solos-300x75.jpg 300w, https:\/\/www.ufsm.br\/app\/uploads\/sites\/946\/2024\/11\/Central-Analitica-do-Departamento-de-Solos-768x192.jpg 768w, https:\/\/www.ufsm.br\/app\/uploads\/sites\/946\/2024\/11\/Central-Analitica-do-Departamento-de-Solos-1536x384.jpg 1536w, https:\/\/www.ufsm.br\/app\/uploads\/sites\/946\/2024\/11\/Central-Analitica-do-Departamento-de-Solos.jpg 1920w\" sizes=\"(max-width: 1024px) 100vw, 1024px\" \/>\t\t\t\t\t\t\t\t\t\t\t\t\t<\/div>\n\t\t\t\t<\/div>\n\t\t\t\t\t<\/div>\n\t\t<\/div>\n\t\t\t\t\t<\/div>\n\t\t<\/section>\n\t\t\t\t<section class=\"elementor-section elementor-top-section elementor-element elementor-element-6696b6c elementor-section-boxed elementor-section-height-default elementor-section-height-default\" data-id=\"6696b6c\" data-element_type=\"section\">\n\t\t\t\t\t\t<div class=\"elementor-container elementor-column-gap-default\">\n\t\t\t\t\t<div class=\"elementor-column elementor-col-100 elementor-top-column elementor-element elementor-element-454be09\" data-id=\"454be09\" data-element_type=\"column\">\n\t\t\t<div class=\"elementor-widget-wrap elementor-element-populated\">\n\t\t\t\t\t\t<div class=\"elementor-element elementor-element-c13d658 elementor-widget elementor-widget-text-editor\" data-id=\"c13d658\" data-element_type=\"widget\" data-widget_type=\"text-editor.default\">\n\t\t\t\t<div class=\"elementor-widget-container\">\n\t\t\t\t\t\t\t<p><span style=\"color: #000000;font-size: 16px;text-align: justify\">A Central Anal\u00edtica do Departamento de Solos (CADS-UFSM) tem como objetivo o compartilhamento de equipamentos multiusu\u00e1rios de m\u00e9dio e grande porte \u00e0 pesquisadores da UFSM e outras institui\u00e7\u00f5es com a finalidade de apoiar suas atividades de pesquisa cient\u00edfica e tecnol\u00f3gica e de ensino e extens\u00e3o. Aliado a isso, a CADS presta servi\u00e7os em an\u00e1lises \u00e0 comunidade cient\u00edfica e a empresas p\u00fablicas ou privadas. A CADS \u00e9 formada por Laborat\u00f3rios que re\u00fanem os equipamentos multiusu\u00e1rios de acordo com suas caracter\u00edsticas, especificidades e aplica\u00e7\u00e3o.<\/span><\/p>\t\t\t\t\t\t<\/div>\n\t\t\t\t<\/div>\n\t\t\t\t\t<\/div>\n\t\t<\/div>\n\t\t\t\t\t<\/div>\n\t\t<\/section>\n\t\t\t\t<\/div>\n\t\t","protected":false},"excerpt":{"rendered":"<p>A Central Anal\u00edtica do Departamento de Solos (CADS-UFSM) tem como objetivo o compartilhamento de equipamentos multiusu\u00e1rios de m\u00e9dio e grande porte \u00e0 pesquisadores da UFSM e outras institui\u00e7\u00f5es com a finalidade de apoiar suas atividades de pesquisa cient\u00edfica e tecnol\u00f3gica e de ensino e extens\u00e3o. Aliado a isso, a CADS presta servi\u00e7os em an\u00e1lises \u00e0 [&hellip;]<\/p>\n","protected":false},"author":6484,"featured_media":0,"parent":0,"menu_order":0,"comment_status":"closed","ping_status":"closed","template":"","meta":{"footnotes":""},"categories":[],"tags":[],"class_list":["post-64","page","type-page","status-publish","hentry"],"acf":[],"_links":{"self":[{"href":"https:\/\/www.ufsm.br\/laboratorios\/cads\/wp-json\/wp\/v2\/pages\/64","targetHints":{"allow":["GET"]}}],"collection":[{"href":"https:\/\/www.ufsm.br\/laboratorios\/cads\/wp-json\/wp\/v2\/pages"}],"about":[{"href":"https:\/\/www.ufsm.br\/laboratorios\/cads\/wp-json\/wp\/v2\/types\/page"}],"author":[{"embeddable":true,"href":"https:\/\/www.ufsm.br\/laboratorios\/cads\/wp-json\/wp\/v2\/users\/6484"}],"replies":[{"embeddable":true,"href":"https:\/\/www.ufsm.br\/laboratorios\/cads\/wp-json\/wp\/v2\/comments?post=64"}],"version-history":[{"count":0,"href":"https:\/\/www.ufsm.br\/laboratorios\/cads\/wp-json\/wp\/v2\/pages\/64\/revisions"}],"wp:attachment":[{"href":"https:\/\/www.ufsm.br\/laboratorios\/cads\/wp-json\/wp\/v2\/media?parent=64"}],"wp:term":[{"taxonomy":"category","embeddable":true,"href":"https:\/\/www.ufsm.br\/laboratorios\/cads\/wp-json\/wp\/v2\/categories?post=64"},{"taxonomy":"post_tag","embeddable":true,"href":"https:\/\/www.ufsm.br\/laboratorios\/cads\/wp-json\/wp\/v2\/tags?post=64"}],"curies":[{"name":"wp","href":"https:\/\/api.w.org\/{rel}","templated":true}]}}