{"id":68,"date":"2024-11-13T17:10:36","date_gmt":"2024-11-13T20:10:36","guid":{"rendered":"https:\/\/www.ufsm.br\/laboratorios\/cads\/?page_id=68"},"modified":"2026-01-15T15:59:10","modified_gmt":"2026-01-15T18:59:10","slug":"https-www-ufsm-br-laboratorios-cads-agendamento-2","status":"publish","type":"page","link":"https:\/\/www.ufsm.br\/laboratorios\/cads\/https-www-ufsm-br-laboratorios-cads-agendamento-2","title":{"rendered":"Agendamento"},"content":{"rendered":"\t\t<div data-elementor-type=\"wp-page\" data-elementor-id=\"68\" class=\"elementor elementor-68\">\n\t\t\t\t\t\t<section class=\"elementor-section elementor-top-section elementor-element elementor-element-5fc449a elementor-section-boxed elementor-section-height-default elementor-section-height-default\" data-id=\"5fc449a\" data-element_type=\"section\">\n\t\t\t\t\t\t<div class=\"elementor-container elementor-column-gap-default\">\n\t\t\t\t\t<div class=\"elementor-column elementor-col-100 elementor-top-column elementor-element elementor-element-55964cc\" data-id=\"55964cc\" data-element_type=\"column\">\n\t\t\t<div class=\"elementor-widget-wrap elementor-element-populated\">\n\t\t\t\t\t\t<div class=\"elementor-element elementor-element-19e853d elementor-widget elementor-widget-text-editor\" data-id=\"19e853d\" data-element_type=\"widget\" data-widget_type=\"text-editor.default\">\n\t\t\t\t<div class=\"elementor-widget-container\">\n\t\t\t\t\t\t\t<p>O agendamento de an\u00e1lises \u00e9 realizado via formul\u00e1rio. Para acessar o formul\u00e1rio clique no nome do Laborat\u00f3rio de interesse. No formul\u00e1rio voc\u00ea vai inserir suas informa\u00e7\u00f5es e selecionar a an\u00e1lise (equipamento) que voc\u00ea necessita. Os formul\u00e1rios ser\u00e3o enviados automaticamente ao e-mail da CADS e ser\u00e3o processados pelos T\u00e9cnicos da CADS.<\/p>\t\t\t\t\t\t<\/div>\n\t\t\t\t<\/div>\n\t\t\t\t<div class=\"elementor-element elementor-element-3576ccd elementor-widget elementor-widget-text-editor\" data-id=\"3576ccd\" data-element_type=\"widget\" data-widget_type=\"text-editor.default\">\n\t\t\t\t<div class=\"elementor-widget-container\">\n\t\t\t\t\t\t\t<div class=\"elementor-element elementor-element-edit-mode elementor-element-a5a4d66 elementor-element--toggle-edit-tools elementor-widget elementor-widget-text-editor ui-resizable\" data-id=\"a5a4d66\" data-element_type=\"widget\" data-model-cid=\"c37\" data-widget_type=\"text-editor.default\">\n<div class=\"elementor-widget-container\">\n<div class=\"elementor-text-editor elementor-clearfix elementor-inline-editing\" data-elementor-setting-key=\"editor\" data-elementor-inline-editing-toolbar=\"advanced\">\n<table>\n<tbody>\n<tr>\n<td width=\"211\">\n<p><strong>Pr\u00e9dio 42 (CCR)<\/strong><\/p>\n<\/td>\n<td width=\"211\">\n<p><strong>Pr\u00e9dio 43 (CCR)<\/strong><\/p>\n<\/td>\n<td width=\"211\">\n<p><strong>Pr\u00e9dio 44L<\/strong><\/p>\n<\/td>\n<\/tr>\n<tr>\n<td width=\"211\">\n<p><a href=\"https:\/\/docs.google.com\/forms\/d\/1w0_GjlVkwNthg9lPmgKGs-UtkN7_hzsVct4flbhTBM8\/preview\"><strong>Laborat\u00f3rio de Biologia do Solo<\/strong><\/a><\/p>\n<p>\u00b7&nbsp;&nbsp;&nbsp;&nbsp;&nbsp;&nbsp;&nbsp;&nbsp; Liofilizador de Culturas Microbianas<\/p>\n<p>\u00b7&nbsp;&nbsp;&nbsp;&nbsp;&nbsp;&nbsp;&nbsp;&nbsp; Termociclador Real-Time PCR<\/p>\n<p>\u00b7&nbsp;&nbsp;&nbsp;&nbsp;&nbsp;&nbsp;&nbsp;&nbsp; Ultra Freezer<\/p>\n<p>\u00b7&nbsp;&nbsp;&nbsp;&nbsp;&nbsp;&nbsp;&nbsp;&nbsp; Casa de Vegeta\u00e7\u00e3o<\/p>\n<p>T\u00e9c. Ant\u00f4nio Carlos Bassaco<\/p>\n<\/td>\n<td width=\"211\">\n<p><a href=\"https:\/\/docs.google.com\/forms\/d\/1dePy6FcXRusRYYdH3LDY9Yqcvl1b8PPEAmm03BLhNFo\/\"><strong>Laborat\u00f3rio de Qu\u00edmica e Fertilidade do Solo, e Nutri\u00e7\u00e3o Mineral de plantas<\/strong><\/a><\/p>\n<p>\u00b7&nbsp;&nbsp;&nbsp;&nbsp;&nbsp;&nbsp;&nbsp;&nbsp; Absor\u00e7\u00e3o At\u00f4mica<\/p>\n<p>\u00b7&nbsp;&nbsp;&nbsp;&nbsp;&nbsp;&nbsp;&nbsp;&nbsp; Espectr\u00f4metro de Emiss\u00e3o At\u00f4mica com Plasma Indutivamente Acoplado (ICP-OES)<\/p>\n<p>T\u00e9c. Elci Gubiani<\/p>\n<\/td>\n<td width=\"211\">\n<p><a href=\"https:\/\/docs.google.com\/forms\/d\/1GUKkVvb7rZY19PZxHWoMRkKGYlPtrC8pVcws5ZA3pYg\/\"><strong>Laborat\u00f3rio de Biogeoqu\u00edmica de Carbono e Nitrog\u00eanio<\/strong><\/a><\/p>\n<p>\u00b7&nbsp;&nbsp;&nbsp;&nbsp;&nbsp;&nbsp;&nbsp;&nbsp; Analisador Elementar de CN<\/p>\n<p>\u00b7&nbsp;&nbsp;&nbsp;&nbsp;&nbsp;&nbsp;&nbsp;&nbsp; Espectr\u00f4metro de Massas de Raz\u00e3o Isot\u00f3pica 13C e 15N<\/p>\n<p>\u00b7&nbsp;&nbsp;&nbsp;&nbsp;&nbsp;&nbsp;&nbsp;&nbsp; Cromat\u00f3grafo Gasoso Greenhouse<\/p>\n<p>T\u00e9c. Douglas Leandro Scheid<\/p>\n<\/td>\n<\/tr>\n<tr>\n<td width=\"211\">\n<p><a href=\"https:\/\/docs.google.com\/forms\/d\/1b8r1pS74ZY8c8Zv4jc6ZnoZwuwvN4Cxl9ZF9kMqviOg\/\"><strong>Laborat\u00f3rio de F\u00edsica do Solo<\/strong><\/a><\/p>\n<p>\u00b7&nbsp;&nbsp;&nbsp;&nbsp;&nbsp;&nbsp;&nbsp;&nbsp; Tom\u00f3grafo<\/p>\n<p>\u00b7&nbsp;&nbsp;&nbsp;&nbsp;&nbsp;&nbsp;&nbsp;&nbsp; Re\u00f4metro<\/p>\n<p>T\u00e9c. Fl\u00e1vio Fontinelli<\/p>\n<\/td>\n<td width=\"211\">&nbsp;<\/td>\n<td width=\"211\">\n<p><a href=\"https:\/\/docs.google.com\/forms\/d\/1facY6fpMVVzB2Nv7BEjpOq44_0ihH3d0qJ3NiozZBd4\/\"><strong>Laborat\u00f3rio de Pesquisa em Eros\u00e3o e Hidrologia de Superf\u00edcie<\/strong><\/a><\/p>\n<p>\u00b7&nbsp;&nbsp;&nbsp;&nbsp;&nbsp;&nbsp;&nbsp;&nbsp; Amostrador Autom\u00e1tico de Sedimento em Suspens\u00e3o<\/p>\n<p>\u00b7&nbsp;&nbsp;&nbsp;&nbsp;&nbsp;&nbsp;&nbsp;&nbsp; Processador Ultrass\u00f4nico de Part\u00edculas em Meio Fluido<\/p>\n<p>T\u00e9c. Paulo Barrios<\/p>\n<\/td>\n<\/tr>\n<tr>\n<td width=\"211\">\n<p><a href=\"https:\/\/docs.google.com\/forms\/d\/1zpnQU6s4TVQeuhj9orXRusPNm6Do0cgHw8LaW70-daA\/\"><strong>Laborat\u00f3rio de Pedologia<\/strong><\/a><\/p>\n<p>\u00b7&nbsp;&nbsp;&nbsp;&nbsp;&nbsp;&nbsp;&nbsp;&nbsp; Difrat\u00f4metro&nbsp;de&nbsp;Raio X<\/p>\n<p>\u00b7&nbsp;&nbsp;&nbsp;&nbsp;&nbsp;&nbsp;&nbsp;&nbsp; Espectroradi\u00f4metro VIS-NIR-SWIR<\/p>\n<p>\u00b7&nbsp;&nbsp;&nbsp;&nbsp;&nbsp;&nbsp;&nbsp;&nbsp; Analisador t\u00e9rmico<\/p>\n<p>Tec. M\u00e1rio Andr\u00e9 Marangoni<\/p>\n<\/td>\n<td width=\"211\">&nbsp;<\/td>\n<td width=\"211\">&nbsp;<\/td>\n<\/tr>\n<\/tbody>\n<\/table>\n<\/div>\n<\/div>\n<div class=\"ui-resizable-handle ui-resizable-e\">&nbsp;<\/div>\n<div class=\"ui-resizable-handle ui-resizable-w\">&nbsp;<\/div>\n<\/div>\n<div class=\"elementor-element elementor-element-edit-mode elementor-element-20d08d3 elementor-element--toggle-edit-tools elementor-widget elementor-widget-text-editor ui-resizable\" data-id=\"20d08d3\" data-element_type=\"widget\" data-model-cid=\"c40\" data-widget_type=\"text-editor.default\">\n<div class=\"elementor-element-overlay\">\n<ul class=\"elementor-editor-element-settings elementor-editor-widget-settings\">\n<li class=\"elementor-editor-element-setting elementor-editor-element-edit elementor-active\" title=\"Edit Texto\">&nbsp;<\/li>\n<\/ul>\n<\/div>\n<\/div>\t\t\t\t\t\t<\/div>\n\t\t\t\t<\/div>\n\t\t\t\t<div class=\"elementor-element elementor-element-365a454 elementor-widget elementor-widget-text-editor\" data-id=\"365a454\" data-element_type=\"widget\" data-widget_type=\"text-editor.default\">\n\t\t\t\t<div class=\"elementor-widget-container\">\n\t\t\t\t\t\t\t<p>\u00a0<\/p><p>Maiores informa\u00e7\u00f5es podem ser obtidas presencialmente ou via o e-mail: <a href=\"mailto:cads@ufsm.br\">cads@ufsm.br<\/a>\u00a0<\/p>\t\t\t\t\t\t<\/div>\n\t\t\t\t<\/div>\n\t\t\t\t\t<\/div>\n\t\t<\/div>\n\t\t\t\t\t<\/div>\n\t\t<\/section>\n\t\t\t\t<section class=\"elementor-section elementor-top-section elementor-element elementor-element-a72312f elementor-section-boxed elementor-section-height-default elementor-section-height-default\" data-id=\"a72312f\" data-element_type=\"section\">\n\t\t\t\t\t\t<div class=\"elementor-container elementor-column-gap-default\">\n\t\t\t\t\t<div class=\"elementor-column elementor-col-100 elementor-top-column elementor-element elementor-element-f259a1a\" data-id=\"f259a1a\" data-element_type=\"column\">\n\t\t\t<div class=\"elementor-widget-wrap\">\n\t\t\t\t\t\t\t<\/div>\n\t\t<\/div>\n\t\t\t\t\t<\/div>\n\t\t<\/section>\n\t\t\t\t<\/div>\n\t\t","protected":false},"excerpt":{"rendered":"<p>O agendamento de an\u00e1lises \u00e9 realizado via formul\u00e1rio. Para acessar o formul\u00e1rio clique no nome do Laborat\u00f3rio de interesse. No formul\u00e1rio voc\u00ea vai inserir suas informa\u00e7\u00f5es e selecionar a an\u00e1lise (equipamento) que voc\u00ea necessita. Os formul\u00e1rios ser\u00e3o enviados automaticamente ao e-mail da CADS e ser\u00e3o processados pelos T\u00e9cnicos da CADS. Pr\u00e9dio 42 (CCR) Pr\u00e9dio 43 [&hellip;]<\/p>\n","protected":false},"author":6484,"featured_media":0,"parent":0,"menu_order":0,"comment_status":"closed","ping_status":"closed","template":"","meta":{"footnotes":""},"categories":[],"tags":[],"class_list":["post-68","page","type-page","status-publish","hentry"],"acf":[],"_links":{"self":[{"href":"https:\/\/www.ufsm.br\/laboratorios\/cads\/wp-json\/wp\/v2\/pages\/68","targetHints":{"allow":["GET"]}}],"collection":[{"href":"https:\/\/www.ufsm.br\/laboratorios\/cads\/wp-json\/wp\/v2\/pages"}],"about":[{"href":"https:\/\/www.ufsm.br\/laboratorios\/cads\/wp-json\/wp\/v2\/types\/page"}],"author":[{"embeddable":true,"href":"https:\/\/www.ufsm.br\/laboratorios\/cads\/wp-json\/wp\/v2\/users\/6484"}],"replies":[{"embeddable":true,"href":"https:\/\/www.ufsm.br\/laboratorios\/cads\/wp-json\/wp\/v2\/comments?post=68"}],"version-history":[{"count":0,"href":"https:\/\/www.ufsm.br\/laboratorios\/cads\/wp-json\/wp\/v2\/pages\/68\/revisions"}],"wp:attachment":[{"href":"https:\/\/www.ufsm.br\/laboratorios\/cads\/wp-json\/wp\/v2\/media?parent=68"}],"wp:term":[{"taxonomy":"category","embeddable":true,"href":"https:\/\/www.ufsm.br\/laboratorios\/cads\/wp-json\/wp\/v2\/categories?post=68"},{"taxonomy":"post_tag","embeddable":true,"href":"https:\/\/www.ufsm.br\/laboratorios\/cads\/wp-json\/wp\/v2\/tags?post=68"}],"curies":[{"name":"wp","href":"https:\/\/api.w.org\/{rel}","templated":true}]}}