{"id":90,"date":"2025-03-06T20:04:31","date_gmt":"2025-03-06T23:04:31","guid":{"rendered":"https:\/\/www.ufsm.br\/laboratorios\/cads\/?page_id=90"},"modified":"2025-03-14T12:26:32","modified_gmt":"2025-03-14T15:26:32","slug":"agendamento-2","status":"publish","type":"page","link":"https:\/\/www.ufsm.br\/laboratorios\/cads\/agendamento-2","title":{"rendered":"Agendamento"},"content":{"rendered":"\t\t<div data-elementor-type=\"wp-page\" data-elementor-id=\"90\" class=\"elementor elementor-90\">\n\t\t\t\t\t\t<section class=\"elementor-section elementor-top-section elementor-element elementor-element-39bd596 elementor-section-boxed elementor-section-height-default elementor-section-height-default\" data-id=\"39bd596\" data-element_type=\"section\">\n\t\t\t\t\t\t<div class=\"elementor-container elementor-column-gap-default\">\n\t\t\t\t\t<div class=\"elementor-column elementor-col-100 elementor-top-column elementor-element elementor-element-f43ea63\" data-id=\"f43ea63\" data-element_type=\"column\">\n\t\t\t<div class=\"elementor-widget-wrap elementor-element-populated\">\n\t\t\t\t\t\t<div class=\"elementor-element elementor-element-52a0952 elementor-widget elementor-widget-text-editor\" data-id=\"52a0952\" data-element_type=\"widget\" data-widget_type=\"text-editor.default\">\n\t\t\t\t<div class=\"elementor-widget-container\">\n\t\t\t\t\t\t\t<p>O agendamento de an\u00e1lises \u00e9 realizado via formul\u00e1rio. Para acessar o formul\u00e1rio clique no nome do Laborat\u00f3rio de interesse. No formul\u00e1rio voc\u00ea vai inserir suas informa\u00e7\u00f5es e selecionar a an\u00e1lise (equipamento) que voc\u00ea necessita. Os formul\u00e1rios ser\u00e3o enviados automaticamente ao e-mail da CADS e ser\u00e3o processados pelos T\u00e9cnicos da CADS.<\/p>\t\t\t\t\t\t<\/div>\n\t\t\t\t<\/div>\n\t\t\t\t\t<\/div>\n\t\t<\/div>\n\t\t\t\t\t<\/div>\n\t\t<\/section>\n\t\t\t\t<section class=\"elementor-section elementor-top-section elementor-element elementor-element-da5f6c0 elementor-section-boxed elementor-section-height-default elementor-section-height-default\" data-id=\"da5f6c0\" data-element_type=\"section\">\n\t\t\t\t\t\t<div class=\"elementor-container elementor-column-gap-default\">\n\t\t\t\t\t<div class=\"elementor-column elementor-col-100 elementor-top-column elementor-element elementor-element-d8f3461\" data-id=\"d8f3461\" data-element_type=\"column\">\n\t\t\t<div class=\"elementor-widget-wrap elementor-element-populated\">\n\t\t\t\t\t\t<div class=\"elementor-element elementor-element-a5a4d66 elementor-widget elementor-widget-text-editor\" data-id=\"a5a4d66\" data-element_type=\"widget\" data-widget_type=\"text-editor.default\">\n\t\t\t\t<div class=\"elementor-widget-container\">\n\t\t\t\t\t\t\t<p>\u00a0<\/p><table style=\"width: 190%\"><tbody><tr><td style=\"width: 33.5078%\" width=\"211\"><p><strong>Pr\u00e9dio 42 (CCR)<\/strong><\/p><\/td><td style=\"width: 35.3403%\" width=\"211\"><p><strong>Pr\u00e9dio 43 (CCR)<\/strong><\/p><\/td><td style=\"width: 28.534%\" width=\"211\"><p><strong>Pr\u00e9dio 44L<\/strong><\/p><\/td><\/tr><tr><td style=\"width: 33.5078%\" width=\"211\"><p><a href=\"https:\/\/docs.google.com\/forms\/d\/1w0_GjlVkwNthg9lPmgKGs-UtkN7_hzsVct4flbhTBM8\/preview\"><strong>Laborat\u00f3rio de Biologia do Solo<\/strong><\/a><\/p><p>\u00b7\u00a0\u00a0\u00a0\u00a0\u00a0\u00a0\u00a0\u00a0 Liofilizador de Culturas Microbianas<\/p><p>\u00b7\u00a0\u00a0\u00a0\u00a0\u00a0\u00a0\u00a0\u00a0 Termociclador Real-Time PCR<\/p><p>\u00b7\u00a0\u00a0\u00a0\u00a0\u00a0\u00a0\u00a0\u00a0 Ultra Freezer<\/p><p>\u00b7\u00a0\u00a0\u00a0\u00a0\u00a0\u00a0\u00a0\u00a0 Casa de Vegeta\u00e7\u00e3o<\/p><p>T\u00e9c. Ant\u00f4nio Carlos Bassaco<\/p><\/td><td style=\"width: 35.3403%\" width=\"211\"><p><a href=\"https:\/\/docs.google.com\/forms\/d\/1dePy6FcXRusRYYdH3LDY9Yqcvl1b8PPEAmm03BLhNFo\/\"><strong>Laborat\u00f3rio de Qu\u00edmica e Fertilidade do Solo, e Nutri\u00e7\u00e3o Mineral de plantas<\/strong><\/a><\/p><p>\u00b7\u00a0\u00a0\u00a0\u00a0\u00a0\u00a0\u00a0\u00a0 Absor\u00e7\u00e3o At\u00f4mica<\/p><p>\u00b7\u00a0\u00a0\u00a0\u00a0\u00a0\u00a0\u00a0\u00a0 Espectr\u00f4metro de Emiss\u00e3o At\u00f4mica com Plasma Indutivamente Acoplado (ICP-OES)<\/p><p>T\u00e9c. Elci Gubiani<\/p><\/td><td style=\"width: 28.534%\" width=\"211\"><p><a href=\"https:\/\/docs.google.com\/forms\/d\/1GUKkVvb7rZY19PZxHWoMRkKGYlPtrC8pVcws5ZA3pYg\/\"><strong>Laborat\u00f3rio de An\u00e1lises de Carbono e Nitrog\u00eanio<\/strong><\/a><\/p><p>\u00b7\u00a0\u00a0\u00a0\u00a0\u00a0\u00a0\u00a0\u00a0 Analisador Elementar de CN<\/p><p>\u00b7\u00a0\u00a0\u00a0\u00a0\u00a0\u00a0\u00a0\u00a0 Espectr\u00f4metro de Massas de Raz\u00e3o Isot\u00f3pica 13C e 15N<\/p><p>\u00b7\u00a0\u00a0\u00a0\u00a0\u00a0\u00a0\u00a0\u00a0 Cromat\u00f3grafo Gasoso Greenhouse<\/p><p>T\u00e9c. Douglas Leandro Scheid<\/p><\/td><\/tr><tr><td style=\"width: 33.5078%\" width=\"211\"><p><a href=\"https:\/\/docs.google.com\/forms\/d\/1b8r1pS74ZY8c8Zv4jc6ZnoZwuwvN4Cxl9ZF9kMqviOg\/\"><strong>Laborat\u00f3rio de F\u00edsica do Solo<\/strong><\/a><\/p><p>\u00b7\u00a0\u00a0\u00a0\u00a0\u00a0\u00a0\u00a0\u00a0 Tom\u00f3grafo<\/p><p>\u00b7\u00a0\u00a0\u00a0\u00a0\u00a0\u00a0\u00a0\u00a0 Re\u00f4metro<\/p><p>T\u00e9c. Fl\u00e1vio Fontinelli<\/p><\/td><td style=\"width: 35.3403%\" width=\"211\">\u00a0<\/td><td style=\"width: 28.534%\" width=\"211\"><p><a href=\"https:\/\/docs.google.com\/forms\/d\/1facY6fpMVVzB2Nv7BEjpOq44_0ihH3d0qJ3NiozZBd4\/\"><strong>Laborat\u00f3rio de Pesquisa em Eros\u00e3o e Hidrologia de Superf\u00edcie<\/strong><\/a><\/p><p>\u00b7\u00a0\u00a0\u00a0\u00a0\u00a0\u00a0\u00a0\u00a0 Amostrador Autom\u00e1tico de Sedimento em Suspens\u00e3o<\/p><p>\u00b7\u00a0\u00a0\u00a0\u00a0\u00a0\u00a0\u00a0\u00a0 Processador Ultrass\u00f4nico de Part\u00edculas em Meio Fluido<\/p><p>T\u00e9c. Paulo Barrios<\/p><\/td><\/tr><tr><td style=\"width: 33.5078%\" width=\"211\"><p><a href=\"https:\/\/docs.google.com\/forms\/d\/1zpnQU6s4TVQeuhj9orXRusPNm6Do0cgHw8LaW70-daA\/\"><strong>Laborat\u00f3rio de Pedologia<\/strong><\/a><\/p><p>\u00b7\u00a0\u00a0\u00a0\u00a0\u00a0\u00a0\u00a0\u00a0 Difrat\u00f4metro\u00a0de\u00a0Raio X<\/p><p>\u00b7\u00a0\u00a0\u00a0\u00a0\u00a0\u00a0\u00a0\u00a0 Espectroradi\u00f4metro VIS-NIR-SWIR<\/p><p>\u00b7\u00a0\u00a0\u00a0\u00a0\u00a0\u00a0\u00a0\u00a0 Analisador t\u00e9rmico<\/p><p>Tec. M\u00e1rio Andr\u00e9 Marangoni<\/p><\/td><td style=\"width: 35.3403%\" width=\"211\">\u00a0<\/td><td style=\"width: 28.534%\" width=\"211\">\u00a0<\/td><\/tr><\/tbody><\/table>\t\t\t\t\t\t<\/div>\n\t\t\t\t<\/div>\n\t\t\t\t<div class=\"elementor-element elementor-element-20d08d3 elementor-widget elementor-widget-text-editor\" data-id=\"20d08d3\" data-element_type=\"widget\" data-widget_type=\"text-editor.default\">\n\t\t\t\t<div class=\"elementor-widget-container\">\n\t\t\t\t\t\t\t<p>\u00a0<\/p><p>Maiores informa\u00e7\u00f5es podem ser obtidas presencialmente ou via o e-mail: <a href=\"mailto:cads@ufsm.br\">cads@ufsm.br<\/a>\u00a0<\/p>\t\t\t\t\t\t<\/div>\n\t\t\t\t<\/div>\n\t\t\t\t\t<\/div>\n\t\t<\/div>\n\t\t\t\t\t<\/div>\n\t\t<\/section>\n\t\t\t\t<\/div>\n\t\t","protected":false},"excerpt":{"rendered":"<p>O agendamento de an\u00e1lises \u00e9 realizado via formul\u00e1rio. Para acessar o formul\u00e1rio clique no nome do Laborat\u00f3rio de interesse. No formul\u00e1rio voc\u00ea vai inserir suas informa\u00e7\u00f5es e selecionar a an\u00e1lise (equipamento) que voc\u00ea necessita. Os formul\u00e1rios ser\u00e3o enviados automaticamente ao e-mail da CADS e ser\u00e3o processados pelos T\u00e9cnicos da CADS. \u00a0 Pr\u00e9dio 42 (CCR) Pr\u00e9dio [&hellip;]<\/p>\n","protected":false},"author":6484,"featured_media":0,"parent":0,"menu_order":0,"comment_status":"closed","ping_status":"closed","template":"","meta":{"footnotes":""},"categories":[],"tags":[],"class_list":["post-90","page","type-page","status-publish","hentry"],"acf":[],"_links":{"self":[{"href":"https:\/\/www.ufsm.br\/laboratorios\/cads\/wp-json\/wp\/v2\/pages\/90","targetHints":{"allow":["GET"]}}],"collection":[{"href":"https:\/\/www.ufsm.br\/laboratorios\/cads\/wp-json\/wp\/v2\/pages"}],"about":[{"href":"https:\/\/www.ufsm.br\/laboratorios\/cads\/wp-json\/wp\/v2\/types\/page"}],"author":[{"embeddable":true,"href":"https:\/\/www.ufsm.br\/laboratorios\/cads\/wp-json\/wp\/v2\/users\/6484"}],"replies":[{"embeddable":true,"href":"https:\/\/www.ufsm.br\/laboratorios\/cads\/wp-json\/wp\/v2\/comments?post=90"}],"version-history":[{"count":0,"href":"https:\/\/www.ufsm.br\/laboratorios\/cads\/wp-json\/wp\/v2\/pages\/90\/revisions"}],"wp:attachment":[{"href":"https:\/\/www.ufsm.br\/laboratorios\/cads\/wp-json\/wp\/v2\/media?parent=90"}],"wp:term":[{"taxonomy":"category","embeddable":true,"href":"https:\/\/www.ufsm.br\/laboratorios\/cads\/wp-json\/wp\/v2\/categories?post=90"},{"taxonomy":"post_tag","embeddable":true,"href":"https:\/\/www.ufsm.br\/laboratorios\/cads\/wp-json\/wp\/v2\/tags?post=90"}],"curies":[{"name":"wp","href":"https:\/\/api.w.org\/{rel}","templated":true}]}}