{"id":40,"date":"2019-12-17T10:00:12","date_gmt":"2019-12-17T13:00:12","guid":{"rendered":"https:\/\/www.ufsm.br\/laboratorios\/corpus\/?page_id=40"},"modified":"2021-10-22T18:54:48","modified_gmt":"2021-10-22T21:54:48","slug":"producao-cientifica","status":"publish","type":"page","link":"https:\/\/www.ufsm.br\/laboratorios\/corpus\/producao-cientifica","title":{"rendered":"Produ\u00e7\u00e3o Cient\u00edfica"},"content":{"rendered":"\n<h2>PET Letras: um percurso, muitas hist\u00f3rias<\/h2>\n<div>\n<p><img fetchpriority=\"high\" decoding=\"async\" class=\"\" src=\"https:\/\/www.ufsm.br\/laboratorios\/corpus\/wp-content\/uploads\/sites\/771\/2019\/12\/capa.jpeg\" width=\"199\" height=\"284\" \/><\/p>\n<div><strong>T\u00edtulo da obra:<\/strong>\u00a0PET Letras: um percurso, muitas hist\u00f3rias.<\/div>\n<div><strong>Organizadoras:<\/strong>\u00a0Ta\u00eds Martins e Verli Petri<\/div>\n<div><strong>Editora:<\/strong>\u00a0Oliveira Casa Editorial<\/div>\n<div><strong>Ano de publica\u00e7\u00e3o:<\/strong>\u00a02017<\/div>\n<div><strong>ISBN do ebook:<\/strong>\u00a0978-85-94092-08-3<\/div>\n<div>\u00a0<\/div>\n<div><a href=\"https:\/\/www.ufsm.br\/app\/uploads\/sites\/771\/2021\/10\/PET-Letras-um-percurso-muitas-historias-1.pdf\" target=\"_blank\" rel=\"noopener\">Acesse a publica\u00e7\u00e3o aqui<\/a>.<\/div>\n<div>\u00a0<\/div>\n<div>\u00a0<\/div>\n<div>\n<h2>Laborat\u00f3rios em Rede<\/h2>\n<\/div>\n<\/div>\n<div><img decoding=\"async\" class=\"\" src=\"https:\/\/www.ufsm.br\/laboratorios\/corpus\/wp-content\/uploads\/sites\/771\/2019\/12\/livro_laborat%C3%B3rios_em_rede_capa_site.jpg\" width=\"186\" height=\"263\" \/><\/div>\n<div>\u00a0<\/div>\n<div><strong>T\u00edtulo da obra:<\/strong>\u00a0Laborat\u00f3rios em Rede<\/div>\n<div><strong>Organizadoras:<\/strong>\u00a0Simone Oliveira, Z\u00e9lia Maria Viana Paim e Ana Paula El-Jaick<\/div>\n<div><strong>Editora:<\/strong>\u00a0PPGL\/UFSM<\/div>\n<div><strong>Ano de publica\u00e7\u00e3o:<\/strong>\u00a02015<\/div>\n<div><strong>ISBN:<\/strong>\u00a0978-85-99527-37-5<\/div>\n<div>\u00a0<\/div>\n<div><a href=\"https:\/\/www.ufsm.br\/app\/uploads\/sites\/771\/2021\/10\/Laboratorios-em-Rede.pdf\" target=\"_blank\" rel=\"noopener\">Acesse a publica\u00e7\u00e3o aqui<\/a>.<\/div>\n<div>\u00a0<\/div>\n<div>\u00a0<\/div>\n<div>\n<h2>Mem\u00f3ria e Cultura Makuxi<\/h2>\n<p><img decoding=\"async\" src=\"https:\/\/www.ufsm.br\/laboratorios\/corpus\/wp-content\/uploads\/sites\/771\/2019\/12\/capalivro_macuxi-213x300-1.jpg\" \/><\/p>\n<div><strong>T\u00edtulo da obra:<\/strong>\u00a0Mem\u00f3ria e Cultura Makuxi<\/div>\n<div><strong>Autor:<\/strong>\u00a0Jaider Esbell<\/div>\n<div><strong>Editora:<\/strong>\u00a0PPGL\/UFSM<\/div>\n<div><strong>Ano de publica\u00e7\u00e3o:<\/strong>\u00a02014<\/div>\n<div><strong>ISBN:<\/strong>\u00a0978-85-99527-36-8<\/div>\n<\/div>\n<div>\u00a0<\/div>\n<div><a href=\"https:\/\/www.ufsm.br\/app\/uploads\/sites\/771\/2021\/10\/Memoria-e-Cultura-Makuxi.pdf\" target=\"_blank\" rel=\"noopener\">Acesse a publica\u00e7\u00e3o aqui<\/a>.<\/div>\n<div>\u00a0<\/div>\n<div>\u00a0<\/div>\n<div>\n<h2>Neusa Carson: L\u00edngua e Mem\u00f3ria<\/h2>\n<h2><img decoding=\"async\" src=\"https:\/\/www.ufsm.br\/laboratorios\/corpus\/wp-content\/uploads\/sites\/771\/2019\/12\/catalogo7-251x300-1.jpg\" \/><\/h2>\n<div><strong>T\u00edtulo da obra:<\/strong>\u00a0Neusa Carson: L\u00edngua e Mem\u00f3ria<\/div>\n<div><strong>Organizadoras:<\/strong>\u00a0Amanda Eloina Scherer e Simone de Mello de Oliveira<\/div>\n<div><strong>Editora:<\/strong>\u00a0PPGL\/UFSM e PE.com<\/div>\n<div><strong>Ano de publica\u00e7\u00e3o:<\/strong>\u00a02013<\/div>\n<\/div>\n<div>\u00a0<\/div>\n<div>\u00a0<\/div>\n<div>\n<h2>Tecnologias de linguagem e produ\u00e7\u00e3o do conhecimento<\/h2>\n<p><img decoding=\"async\" src=\"https:\/\/www.ufsm.br\/laboratorios\/corpus\/wp-content\/uploads\/sites\/771\/2019\/12\/HiperSaberes2.jpg\" \/><\/p>\n<div><strong>T\u00edtulo da obra:<\/strong>\u00a0Tecnologias de linguagem e produ\u00e7\u00e3o do conhecimento<\/div>\n<div><strong>Cole\u00e7\u00e3o:\u00a0<\/strong>HiperS@beres &#8211; V. II<\/div>\n<div><strong>Organizadoras:<\/strong>\u00a0Amanda Eloina Scherer, Verli Petri, Cristiane Dias<\/div>\n<div><strong>Editora:<\/strong>\u00a0PPGL\/UFSM<\/div>\n<div><strong>Ano de publica\u00e7\u00e3o:<\/strong>\u00a02009<\/div>\n<\/div>\n<div>\u00a0<\/div>\n<div>Para mais informa\u00e7\u00f5es, <a href=\"http:\/\/w3.ufsm.br\/hipersaberes\/volumeII\/\">clique aqui<\/a>.<\/div>\n<div>\u00a0<\/div>\n<div>\u00a0<\/div>\n<div>\n<h2>XX Semin\u00e1rio Corpus e I Semin\u00e1rio do GRPESQ Linguagem, Sentido e Mem\u00f3ria<\/h2>\n<p><img decoding=\"async\" src=\"https:\/\/www.ufsm.br\/laboratorios\/corpus\/wp-content\/uploads\/sites\/771\/2019\/12\/CAPA1-663x10242-194x300-1.jpg\" \/><\/p>\n<div><strong>T\u00edtulo da obra:<\/strong>\u00a0Caderno de Resumos do XX Semin\u00e1rio Corpus e I Simp\u00f3sio do GRPESQ Linguagem, Sentido e Mem\u00f3ria (CNPQ)<\/div>\n<div><strong>Organizadoras:<\/strong>\u00a0Viviane Biacchi Brust e Kelly Fernanda Guasso da Silv<\/div>\n<div><strong>Editora:<\/strong>\u00a0PPGL\/UFSM<\/div>\n<div><strong>Ano de publica\u00e7\u00e3o:<\/strong>\u00a02013<\/div>\n<\/div>\n<div>\u00a0<\/div>\n<div>Para acessar a publica\u00e7\u00e3o, <a href=\"https:\/\/issuu.com\/labcorpus\/docs\/xxsc5\">clique aqui<\/a>.<\/div>\n<div>\u00a0<\/div>\n<div>\u00a0<\/div>\n<div>\n<h2>Manuscritos de Linguistas e Gen\u00e9tica Textual<\/h2>\n<p><img decoding=\"async\" src=\"https:\/\/www.ufsm.br\/laboratorios\/corpus\/wp-content\/uploads\/sites\/771\/2019\/12\/jjj22-188x300-1.jpg\" \/><\/p>\n<div><strong>T\u00edtulo da obra:<\/strong>\u00a0Manuscritos de Linguistas e Gen\u00e9tica Textual: Quais os desafios para as ci\u00eancias da linguagem: exemplos atrav\u00e9s dos &#8220;papiers&#8221; de Benveniste<\/div>\n<div><strong>Autora:<\/strong>\u00a0Ir\u00e8ne Fenoglio<\/div>\n<div><strong>Tradu\u00e7\u00e3o:\u00a0<\/strong>Simone Oliveira, Verli Petri e Z\u00e9lia Paim<\/div>\n<div><strong>Editora:<\/strong>\u00a0PPGL\/UFSM<\/div>\n<div><strong>Ano de publica\u00e7\u00e3o:<\/strong>\u00a02013<\/div>\n<\/div>\n<div>\u00a0<\/div>\n<div><a href=\"https:\/\/www.ufsm.br\/app\/uploads\/sites\/771\/2021\/10\/Manuscritos-de-Linguistas-e-Genetica-Textual.pdf\" target=\"_blank\" rel=\"noopener\">Acesse a publica\u00e7\u00e3o aqui<\/a><span style=\"color: initial\">.<\/span><\/div>\n<div>\u00a0<\/div>\n<div>\u00a0<\/div>\n<div>\n<div>\n<h2>Enlace entre Laborat\u00f3rios<\/h2>\n<\/div>\n<div><img decoding=\"async\" src=\"https:\/\/www.ufsm.br\/laboratorios\/corpus\/wp-content\/uploads\/sites\/771\/2019\/12\/enlace2-211x300-1.jpg\" \/><\/div>\n<div>\n<div>\u00a0<\/div>\n<div><strong>T\u00edtulo da obra:<\/strong>\u00a0Enlace entre Laborat\u00f3rios: LAS, CORPUS e EL@DIS<\/div>\n<div><strong>Autoras:\u00a0<\/strong>Ana Paula El-Jaick, Simone Oliveira e Viviane Brust<\/div>\n<div><strong>Editora:\u00a0<\/strong>PPGL\/UFSM<\/div>\n<div><b>Ano de publica\u00e7\u00e3o:\u00a0<\/b>2012<\/div>\n<\/div>\n<\/div>\n<div>\u00a0<\/div>\n<div><a href=\"https:\/\/www.ufsm.br\/app\/uploads\/sites\/771\/2021\/10\/Enlace-entre-Laboratorios.pdf\" target=\"_blank\" rel=\"noopener\">Acesse a publica\u00e7\u00e3o aqui<\/a>.<\/div>\n","protected":false},"excerpt":{"rendered":"<p>PET Letras: um percurso, muitas hist\u00f3rias T\u00edtulo da obra:\u00a0PET Letras: um percurso, muitas hist\u00f3rias. Organizadoras:\u00a0Ta\u00eds Martins e Verli Petri Editora:\u00a0Oliveira Casa Editorial Ano de publica\u00e7\u00e3o:\u00a02017 ISBN do ebook:\u00a0978-85-94092-08-3 \u00a0 Acesse a publica\u00e7\u00e3o aqui. \u00a0 \u00a0 Laborat\u00f3rios em Rede \u00a0 T\u00edtulo da obra:\u00a0Laborat\u00f3rios em Rede Organizadoras:\u00a0Simone Oliveira, Z\u00e9lia Maria Viana Paim e Ana Paula El-Jaick Editora:\u00a0PPGL\/UFSM [&hellip;]<\/p>\n","protected":false},"author":8,"featured_media":0,"parent":0,"menu_order":0,"comment_status":"closed","ping_status":"closed","template":"","meta":{"footnotes":""},"categories":[],"tags":[],"class_list":["post-40","page","type-page","status-publish","hentry"],"acf":[],"_links":{"self":[{"href":"https:\/\/www.ufsm.br\/laboratorios\/corpus\/wp-json\/wp\/v2\/pages\/40","targetHints":{"allow":["GET"]}}],"collection":[{"href":"https:\/\/www.ufsm.br\/laboratorios\/corpus\/wp-json\/wp\/v2\/pages"}],"about":[{"href":"https:\/\/www.ufsm.br\/laboratorios\/corpus\/wp-json\/wp\/v2\/types\/page"}],"author":[{"embeddable":true,"href":"https:\/\/www.ufsm.br\/laboratorios\/corpus\/wp-json\/wp\/v2\/users\/8"}],"replies":[{"embeddable":true,"href":"https:\/\/www.ufsm.br\/laboratorios\/corpus\/wp-json\/wp\/v2\/comments?post=40"}],"version-history":[{"count":0,"href":"https:\/\/www.ufsm.br\/laboratorios\/corpus\/wp-json\/wp\/v2\/pages\/40\/revisions"}],"wp:attachment":[{"href":"https:\/\/www.ufsm.br\/laboratorios\/corpus\/wp-json\/wp\/v2\/media?parent=40"}],"wp:term":[{"taxonomy":"category","embeddable":true,"href":"https:\/\/www.ufsm.br\/laboratorios\/corpus\/wp-json\/wp\/v2\/categories?post=40"},{"taxonomy":"post_tag","embeddable":true,"href":"https:\/\/www.ufsm.br\/laboratorios\/corpus\/wp-json\/wp\/v2\/tags?post=40"}],"curies":[{"name":"wp","href":"https:\/\/api.w.org\/{rel}","templated":true}]}}