{"id":437,"date":"2020-01-06T11:22:04","date_gmt":"2020-01-06T14:22:04","guid":{"rendered":"https:\/\/www.ufsm.br\/laboratorios\/corpus\/?page_id=437"},"modified":"2020-01-06T11:24:51","modified_gmt":"2020-01-06T14:24:51","slug":"inauguracao-do-laboratorio-corpus","status":"publish","type":"page","link":"https:\/\/www.ufsm.br\/laboratorios\/corpus\/inauguracao-do-laboratorio-corpus","title":{"rendered":"Inaugura\u00e7\u00e3o do Laborat\u00f3rio Corpus"},"content":{"rendered":"\t\t<div data-elementor-type=\"wp-page\" data-elementor-id=\"437\" class=\"elementor elementor-437\">\n\t\t\t\t\t\t<section class=\"elementor-section elementor-top-section elementor-element elementor-element-b051b08 elementor-section-boxed elementor-section-height-default elementor-section-height-default\" data-id=\"b051b08\" data-element_type=\"section\">\n\t\t\t\t\t\t<div class=\"elementor-container elementor-column-gap-default\">\n\t\t\t\t\t<div class=\"elementor-column elementor-col-100 elementor-top-column elementor-element elementor-element-4cf2a26\" data-id=\"4cf2a26\" data-element_type=\"column\">\n\t\t\t<div class=\"elementor-widget-wrap elementor-element-populated\">\n\t\t\t\t\t\t<div class=\"elementor-element elementor-element-0ec665e elementor-arrows-position-inside elementor-pagination-position-outside elementor-widget elementor-widget-image-carousel\" data-id=\"0ec665e\" data-element_type=\"widget\" data-settings=\"{&quot;slides_to_show&quot;:&quot;6&quot;,&quot;navigation&quot;:&quot;both&quot;,&quot;autoplay&quot;:&quot;yes&quot;,&quot;pause_on_hover&quot;:&quot;yes&quot;,&quot;pause_on_interaction&quot;:&quot;yes&quot;,&quot;autoplay_speed&quot;:5000,&quot;infinite&quot;:&quot;yes&quot;,&quot;speed&quot;:500}\" data-widget_type=\"image-carousel.default\">\n\t\t\t\t<div class=\"elementor-widget-container\">\n\t\t\t\t\t<div class=\"elementor-image-carousel-wrapper swiper\" dir=\"ltr\">\n\t\t\t<div class=\"elementor-image-carousel swiper-wrapper\" aria-live=\"off\">\n\t\t\t\t\t\t\t\t<div class=\"swiper-slide\" role=\"group\" aria-roledescription=\"slide\" aria-label=\"1 of 16\"><a data-elementor-open-lightbox=\"yes\" data-elementor-lightbox-slideshow=\"0ec665e\" data-elementor-lightbox-title=\"foto18\" data-e-action-hash=\"#elementor-action%3Aaction%3Dlightbox%26settings%3DeyJpZCI6MzM5LCJ1cmwiOiJodHRwczpcL1wvd3d3LnVmc20uYnJcL2FwcFwvdXBsb2Fkc1wvc2l0ZXNcLzc3MVwvMjAxOVwvMTJcL2ZvdG8xOC5qcGciLCJzbGlkZXNob3ciOiIwZWM2NjVlIn0%3D\" href=\"https:\/\/www.ufsm.br\/app\/uploads\/sites\/771\/2019\/12\/foto18.jpg\"><figure class=\"swiper-slide-inner\"><img decoding=\"async\" class=\"swiper-slide-image\" src=\"https:\/\/www.ufsm.br\/app\/uploads\/sites\/771\/2019\/12\/foto18-150x150.jpg\" alt=\"foto18\" \/><\/figure><\/a><\/div><div class=\"swiper-slide\" role=\"group\" aria-roledescription=\"slide\" aria-label=\"2 of 16\"><a data-elementor-open-lightbox=\"yes\" data-elementor-lightbox-slideshow=\"0ec665e\" data-elementor-lightbox-title=\"foto17\" data-e-action-hash=\"#elementor-action%3Aaction%3Dlightbox%26settings%3DeyJpZCI6MzM4LCJ1cmwiOiJodHRwczpcL1wvd3d3LnVmc20uYnJcL2FwcFwvdXBsb2Fkc1wvc2l0ZXNcLzc3MVwvMjAxOVwvMTJcL2ZvdG8xNy5qcGciLCJzbGlkZXNob3ciOiIwZWM2NjVlIn0%3D\" href=\"https:\/\/www.ufsm.br\/app\/uploads\/sites\/771\/2019\/12\/foto17.jpg\"><figure class=\"swiper-slide-inner\"><img decoding=\"async\" class=\"swiper-slide-image\" src=\"https:\/\/www.ufsm.br\/app\/uploads\/sites\/771\/2019\/12\/foto17-150x150.jpg\" alt=\"foto17\" \/><\/figure><\/a><\/div><div class=\"swiper-slide\" role=\"group\" aria-roledescription=\"slide\" aria-label=\"3 of 16\"><a data-elementor-open-lightbox=\"yes\" data-elementor-lightbox-slideshow=\"0ec665e\" data-elementor-lightbox-title=\"foto16\" data-e-action-hash=\"#elementor-action%3Aaction%3Dlightbox%26settings%3DeyJpZCI6MzM3LCJ1cmwiOiJodHRwczpcL1wvd3d3LnVmc20uYnJcL2FwcFwvdXBsb2Fkc1wvc2l0ZXNcLzc3MVwvMjAxOVwvMTJcL2ZvdG8xNi5qcGciLCJzbGlkZXNob3ciOiIwZWM2NjVlIn0%3D\" href=\"https:\/\/www.ufsm.br\/app\/uploads\/sites\/771\/2019\/12\/foto16.jpg\"><figure class=\"swiper-slide-inner\"><img decoding=\"async\" class=\"swiper-slide-image\" src=\"https:\/\/www.ufsm.br\/app\/uploads\/sites\/771\/2019\/12\/foto16-150x150.jpg\" alt=\"foto16\" \/><\/figure><\/a><\/div><div class=\"swiper-slide\" role=\"group\" aria-roledescription=\"slide\" aria-label=\"4 of 16\"><a data-elementor-open-lightbox=\"yes\" data-elementor-lightbox-slideshow=\"0ec665e\" data-elementor-lightbox-title=\"foto14\" data-e-action-hash=\"#elementor-action%3Aaction%3Dlightbox%26settings%3DeyJpZCI6MzM2LCJ1cmwiOiJodHRwczpcL1wvd3d3LnVmc20uYnJcL2FwcFwvdXBsb2Fkc1wvc2l0ZXNcLzc3MVwvMjAxOVwvMTJcL2ZvdG8xNC5qcGciLCJzbGlkZXNob3ciOiIwZWM2NjVlIn0%3D\" href=\"https:\/\/www.ufsm.br\/app\/uploads\/sites\/771\/2019\/12\/foto14.jpg\"><figure class=\"swiper-slide-inner\"><img decoding=\"async\" class=\"swiper-slide-image\" src=\"https:\/\/www.ufsm.br\/app\/uploads\/sites\/771\/2019\/12\/foto14-150x150.jpg\" alt=\"foto14\" \/><\/figure><\/a><\/div><div class=\"swiper-slide\" role=\"group\" aria-roledescription=\"slide\" aria-label=\"5 of 16\"><a data-elementor-open-lightbox=\"yes\" data-elementor-lightbox-slideshow=\"0ec665e\" data-elementor-lightbox-title=\"foto13\" data-e-action-hash=\"#elementor-action%3Aaction%3Dlightbox%26settings%3DeyJpZCI6MzM1LCJ1cmwiOiJodHRwczpcL1wvd3d3LnVmc20uYnJcL2FwcFwvdXBsb2Fkc1wvc2l0ZXNcLzc3MVwvMjAxOVwvMTJcL2ZvdG8xMy0xLmpwZyIsInNsaWRlc2hvdyI6IjBlYzY2NWUifQ%3D%3D\" href=\"https:\/\/www.ufsm.br\/app\/uploads\/sites\/771\/2019\/12\/foto13-1.jpg\"><figure class=\"swiper-slide-inner\"><img decoding=\"async\" class=\"swiper-slide-image\" src=\"https:\/\/www.ufsm.br\/app\/uploads\/sites\/771\/2019\/12\/foto13-1-150x150.jpg\" alt=\"foto13\" \/><\/figure><\/a><\/div><div class=\"swiper-slide\" role=\"group\" aria-roledescription=\"slide\" aria-label=\"6 of 16\"><a data-elementor-open-lightbox=\"yes\" data-elementor-lightbox-slideshow=\"0ec665e\" data-elementor-lightbox-title=\"foto12\" data-e-action-hash=\"#elementor-action%3Aaction%3Dlightbox%26settings%3DeyJpZCI6MzM0LCJ1cmwiOiJodHRwczpcL1wvd3d3LnVmc20uYnJcL2FwcFwvdXBsb2Fkc1wvc2l0ZXNcLzc3MVwvMjAxOVwvMTJcL2ZvdG8xMi0xLmpwZyIsInNsaWRlc2hvdyI6IjBlYzY2NWUifQ%3D%3D\" href=\"https:\/\/www.ufsm.br\/app\/uploads\/sites\/771\/2019\/12\/foto12-1.jpg\"><figure class=\"swiper-slide-inner\"><img decoding=\"async\" class=\"swiper-slide-image\" src=\"https:\/\/www.ufsm.br\/app\/uploads\/sites\/771\/2019\/12\/foto12-1-150x150.jpg\" alt=\"foto12\" \/><\/figure><\/a><\/div><div class=\"swiper-slide\" role=\"group\" aria-roledescription=\"slide\" aria-label=\"7 of 16\"><a data-elementor-open-lightbox=\"yes\" data-elementor-lightbox-slideshow=\"0ec665e\" data-elementor-lightbox-title=\"foto10\" data-e-action-hash=\"#elementor-action%3Aaction%3Dlightbox%26settings%3DeyJpZCI6MzMzLCJ1cmwiOiJodHRwczpcL1wvd3d3LnVmc20uYnJcL2FwcFwvdXBsb2Fkc1wvc2l0ZXNcLzc3MVwvMjAxOVwvMTJcL2ZvdG8xMC0xLmpwZyIsInNsaWRlc2hvdyI6IjBlYzY2NWUifQ%3D%3D\" href=\"https:\/\/www.ufsm.br\/app\/uploads\/sites\/771\/2019\/12\/foto10-1.jpg\"><figure class=\"swiper-slide-inner\"><img decoding=\"async\" class=\"swiper-slide-image\" src=\"https:\/\/www.ufsm.br\/app\/uploads\/sites\/771\/2019\/12\/foto10-1-150x150.jpg\" alt=\"foto10\" \/><\/figure><\/a><\/div><div class=\"swiper-slide\" role=\"group\" aria-roledescription=\"slide\" aria-label=\"8 of 16\"><a data-elementor-open-lightbox=\"yes\" data-elementor-lightbox-slideshow=\"0ec665e\" data-elementor-lightbox-title=\"foto09\" data-e-action-hash=\"#elementor-action%3Aaction%3Dlightbox%26settings%3DeyJpZCI6MzMyLCJ1cmwiOiJodHRwczpcL1wvd3d3LnVmc20uYnJcL2FwcFwvdXBsb2Fkc1wvc2l0ZXNcLzc3MVwvMjAxOVwvMTJcL2ZvdG8wOS5qcGciLCJzbGlkZXNob3ciOiIwZWM2NjVlIn0%3D\" href=\"https:\/\/www.ufsm.br\/app\/uploads\/sites\/771\/2019\/12\/foto09.jpg\"><figure class=\"swiper-slide-inner\"><img decoding=\"async\" class=\"swiper-slide-image\" src=\"https:\/\/www.ufsm.br\/app\/uploads\/sites\/771\/2019\/12\/foto09-150x150.jpg\" alt=\"foto09\" \/><\/figure><\/a><\/div><div class=\"swiper-slide\" role=\"group\" aria-roledescription=\"slide\" aria-label=\"9 of 16\"><a data-elementor-open-lightbox=\"yes\" data-elementor-lightbox-slideshow=\"0ec665e\" data-elementor-lightbox-title=\"foto08\" data-e-action-hash=\"#elementor-action%3Aaction%3Dlightbox%26settings%3DeyJpZCI6MzMxLCJ1cmwiOiJodHRwczpcL1wvd3d3LnVmc20uYnJcL2FwcFwvdXBsb2Fkc1wvc2l0ZXNcLzc3MVwvMjAxOVwvMTJcL2ZvdG8wOC5qcGciLCJzbGlkZXNob3ciOiIwZWM2NjVlIn0%3D\" href=\"https:\/\/www.ufsm.br\/app\/uploads\/sites\/771\/2019\/12\/foto08.jpg\"><figure class=\"swiper-slide-inner\"><img decoding=\"async\" class=\"swiper-slide-image\" src=\"https:\/\/www.ufsm.br\/app\/uploads\/sites\/771\/2019\/12\/foto08-150x150.jpg\" alt=\"foto08\" \/><\/figure><\/a><\/div><div class=\"swiper-slide\" role=\"group\" aria-roledescription=\"slide\" aria-label=\"10 of 16\"><a data-elementor-open-lightbox=\"yes\" data-elementor-lightbox-slideshow=\"0ec665e\" data-elementor-lightbox-title=\"foto07\" data-e-action-hash=\"#elementor-action%3Aaction%3Dlightbox%26settings%3DeyJpZCI6MzMwLCJ1cmwiOiJodHRwczpcL1wvd3d3LnVmc20uYnJcL2FwcFwvdXBsb2Fkc1wvc2l0ZXNcLzc3MVwvMjAxOVwvMTJcL2ZvdG8wNy5qcGciLCJzbGlkZXNob3ciOiIwZWM2NjVlIn0%3D\" href=\"https:\/\/www.ufsm.br\/app\/uploads\/sites\/771\/2019\/12\/foto07.jpg\"><figure class=\"swiper-slide-inner\"><img decoding=\"async\" class=\"swiper-slide-image\" src=\"https:\/\/www.ufsm.br\/app\/uploads\/sites\/771\/2019\/12\/foto07-150x150.jpg\" alt=\"foto07\" \/><\/figure><\/a><\/div><div class=\"swiper-slide\" role=\"group\" aria-roledescription=\"slide\" aria-label=\"11 of 16\"><a data-elementor-open-lightbox=\"yes\" data-elementor-lightbox-slideshow=\"0ec665e\" data-elementor-lightbox-title=\"foto06\" data-e-action-hash=\"#elementor-action%3Aaction%3Dlightbox%26settings%3DeyJpZCI6MzI5LCJ1cmwiOiJodHRwczpcL1wvd3d3LnVmc20uYnJcL2FwcFwvdXBsb2Fkc1wvc2l0ZXNcLzc3MVwvMjAxOVwvMTJcL2ZvdG8wNi0xLmpwZyIsInNsaWRlc2hvdyI6IjBlYzY2NWUifQ%3D%3D\" href=\"https:\/\/www.ufsm.br\/app\/uploads\/sites\/771\/2019\/12\/foto06-1.jpg\"><figure class=\"swiper-slide-inner\"><img decoding=\"async\" class=\"swiper-slide-image\" src=\"https:\/\/www.ufsm.br\/app\/uploads\/sites\/771\/2019\/12\/foto06-1-150x150.jpg\" alt=\"foto06\" \/><\/figure><\/a><\/div><div class=\"swiper-slide\" role=\"group\" aria-roledescription=\"slide\" aria-label=\"12 of 16\"><a data-elementor-open-lightbox=\"yes\" data-elementor-lightbox-slideshow=\"0ec665e\" data-elementor-lightbox-title=\"foto05\" data-e-action-hash=\"#elementor-action%3Aaction%3Dlightbox%26settings%3DeyJpZCI6MzI4LCJ1cmwiOiJodHRwczpcL1wvd3d3LnVmc20uYnJcL2FwcFwvdXBsb2Fkc1wvc2l0ZXNcLzc3MVwvMjAxOVwvMTJcL2ZvdG8wNS0yLmpwZyIsInNsaWRlc2hvdyI6IjBlYzY2NWUifQ%3D%3D\" href=\"https:\/\/www.ufsm.br\/app\/uploads\/sites\/771\/2019\/12\/foto05-2.jpg\"><figure class=\"swiper-slide-inner\"><img decoding=\"async\" class=\"swiper-slide-image\" src=\"https:\/\/www.ufsm.br\/app\/uploads\/sites\/771\/2019\/12\/foto05-2-150x150.jpg\" alt=\"foto05\" \/><\/figure><\/a><\/div><div class=\"swiper-slide\" role=\"group\" aria-roledescription=\"slide\" aria-label=\"13 of 16\"><a data-elementor-open-lightbox=\"yes\" data-elementor-lightbox-slideshow=\"0ec665e\" data-elementor-lightbox-title=\"foto04\" data-e-action-hash=\"#elementor-action%3Aaction%3Dlightbox%26settings%3DeyJpZCI6MzI3LCJ1cmwiOiJodHRwczpcL1wvd3d3LnVmc20uYnJcL2FwcFwvdXBsb2Fkc1wvc2l0ZXNcLzc3MVwvMjAxOVwvMTJcL2ZvdG8wNC0yLmpwZyIsInNsaWRlc2hvdyI6IjBlYzY2NWUifQ%3D%3D\" href=\"https:\/\/www.ufsm.br\/app\/uploads\/sites\/771\/2019\/12\/foto04-2.jpg\"><figure class=\"swiper-slide-inner\"><img decoding=\"async\" class=\"swiper-slide-image\" src=\"https:\/\/www.ufsm.br\/app\/uploads\/sites\/771\/2019\/12\/foto04-2-150x150.jpg\" alt=\"foto04\" \/><\/figure><\/a><\/div><div class=\"swiper-slide\" role=\"group\" aria-roledescription=\"slide\" aria-label=\"14 of 16\"><a data-elementor-open-lightbox=\"yes\" data-elementor-lightbox-slideshow=\"0ec665e\" data-elementor-lightbox-title=\"foto03\" data-e-action-hash=\"#elementor-action%3Aaction%3Dlightbox%26settings%3DeyJpZCI6MzI2LCJ1cmwiOiJodHRwczpcL1wvd3d3LnVmc20uYnJcL2FwcFwvdXBsb2Fkc1wvc2l0ZXNcLzc3MVwvMjAxOVwvMTJcL2ZvdG8wMy0yLmpwZyIsInNsaWRlc2hvdyI6IjBlYzY2NWUifQ%3D%3D\" href=\"https:\/\/www.ufsm.br\/app\/uploads\/sites\/771\/2019\/12\/foto03-2.jpg\"><figure class=\"swiper-slide-inner\"><img decoding=\"async\" class=\"swiper-slide-image\" src=\"https:\/\/www.ufsm.br\/app\/uploads\/sites\/771\/2019\/12\/foto03-2-150x150.jpg\" alt=\"foto03\" \/><\/figure><\/a><\/div><div class=\"swiper-slide\" role=\"group\" aria-roledescription=\"slide\" aria-label=\"15 of 16\"><a data-elementor-open-lightbox=\"yes\" data-elementor-lightbox-slideshow=\"0ec665e\" data-elementor-lightbox-title=\"foto02\" data-e-action-hash=\"#elementor-action%3Aaction%3Dlightbox%26settings%3DeyJpZCI6MzI1LCJ1cmwiOiJodHRwczpcL1wvd3d3LnVmc20uYnJcL2FwcFwvdXBsb2Fkc1wvc2l0ZXNcLzc3MVwvMjAxOVwvMTJcL2ZvdG8wMi0yLmpwZyIsInNsaWRlc2hvdyI6IjBlYzY2NWUifQ%3D%3D\" href=\"https:\/\/www.ufsm.br\/app\/uploads\/sites\/771\/2019\/12\/foto02-2.jpg\"><figure class=\"swiper-slide-inner\"><img decoding=\"async\" class=\"swiper-slide-image\" src=\"https:\/\/www.ufsm.br\/app\/uploads\/sites\/771\/2019\/12\/foto02-2-150x150.jpg\" alt=\"foto02\" \/><\/figure><\/a><\/div><div class=\"swiper-slide\" role=\"group\" aria-roledescription=\"slide\" aria-label=\"16 of 16\"><a data-elementor-open-lightbox=\"yes\" data-elementor-lightbox-slideshow=\"0ec665e\" data-elementor-lightbox-title=\"foto01\" data-e-action-hash=\"#elementor-action%3Aaction%3Dlightbox%26settings%3DeyJpZCI6MzI0LCJ1cmwiOiJodHRwczpcL1wvd3d3LnVmc20uYnJcL2FwcFwvdXBsb2Fkc1wvc2l0ZXNcLzc3MVwvMjAxOVwvMTJcL2ZvdG8wMS0yLmpwZyIsInNsaWRlc2hvdyI6IjBlYzY2NWUifQ%3D%3D\" href=\"https:\/\/www.ufsm.br\/app\/uploads\/sites\/771\/2019\/12\/foto01-2.jpg\"><figure class=\"swiper-slide-inner\"><img decoding=\"async\" class=\"swiper-slide-image\" src=\"https:\/\/www.ufsm.br\/app\/uploads\/sites\/771\/2019\/12\/foto01-2-150x150.jpg\" alt=\"foto01\" \/><\/figure><\/a><\/div>\t\t\t<\/div>\n\t\t\t\t\t\t\t\t\t\t\t\t<div class=\"elementor-swiper-button elementor-swiper-button-prev\" role=\"button\" tabindex=\"0\">\n\t\t\t\t\t\t<i aria-hidden=\"true\" class=\"eicon-chevron-left\"><\/i>\t\t\t\t\t<\/div>\n\t\t\t\t\t<div class=\"elementor-swiper-button elementor-swiper-button-next\" role=\"button\" tabindex=\"0\">\n\t\t\t\t\t\t<i aria-hidden=\"true\" class=\"eicon-chevron-right\"><\/i>\t\t\t\t\t<\/div>\n\t\t\t\t\n\t\t\t\t\t\t\t\t\t<div class=\"swiper-pagination\"><\/div>\n\t\t\t\t\t\t\t\t\t<\/div>\n\t\t\t\t<\/div>\n\t\t\t\t<\/div>\n\t\t\t\t\t<\/div>\n\t\t<\/div>\n\t\t\t\t\t<\/div>\n\t\t<\/section>\n\t\t\t\t<\/div>\n\t\t","protected":false},"excerpt":{"rendered":"<p>Anterior Pr\u00f3ximo<\/p>\n","protected":false},"author":8,"featured_media":0,"parent":0,"menu_order":0,"comment_status":"closed","ping_status":"closed","template":"","meta":{"footnotes":""},"categories":[],"tags":[],"class_list":["post-437","page","type-page","status-publish","hentry"],"acf":[],"_links":{"self":[{"href":"https:\/\/www.ufsm.br\/laboratorios\/corpus\/wp-json\/wp\/v2\/pages\/437","targetHints":{"allow":["GET"]}}],"collection":[{"href":"https:\/\/www.ufsm.br\/laboratorios\/corpus\/wp-json\/wp\/v2\/pages"}],"about":[{"href":"https:\/\/www.ufsm.br\/laboratorios\/corpus\/wp-json\/wp\/v2\/types\/page"}],"author":[{"embeddable":true,"href":"https:\/\/www.ufsm.br\/laboratorios\/corpus\/wp-json\/wp\/v2\/users\/8"}],"replies":[{"embeddable":true,"href":"https:\/\/www.ufsm.br\/laboratorios\/corpus\/wp-json\/wp\/v2\/comments?post=437"}],"version-history":[{"count":0,"href":"https:\/\/www.ufsm.br\/laboratorios\/corpus\/wp-json\/wp\/v2\/pages\/437\/revisions"}],"wp:attachment":[{"href":"https:\/\/www.ufsm.br\/laboratorios\/corpus\/wp-json\/wp\/v2\/media?parent=437"}],"wp:term":[{"taxonomy":"category","embeddable":true,"href":"https:\/\/www.ufsm.br\/laboratorios\/corpus\/wp-json\/wp\/v2\/categories?post=437"},{"taxonomy":"post_tag","embeddable":true,"href":"https:\/\/www.ufsm.br\/laboratorios\/corpus\/wp-json\/wp\/v2\/tags?post=437"}],"curies":[{"name":"wp","href":"https:\/\/api.w.org\/{rel}","templated":true}]}}