{"id":22,"date":"2019-05-14T17:01:42","date_gmt":"2019-05-14T20:01:42","guid":{"rendered":"https:\/\/www.ufsm.br\/template-laboratprio\/?page_id=22"},"modified":"2020-03-11T17:13:29","modified_gmt":"2020-03-11T20:13:29","slug":"informacoes-gerais","status":"publish","type":"page","link":"https:\/\/www.ufsm.br\/laboratorios\/embryolab\/informacoes-gerais","title":{"rendered":"Sobre"},"content":{"rendered":"\t\t<div data-elementor-type=\"wp-page\" data-elementor-id=\"22\" class=\"elementor elementor-22\">\n\t\t\t\t\t\t<section class=\"elementor-section elementor-top-section elementor-element elementor-element-d4752bb elementor-section-boxed elementor-section-height-default elementor-section-height-default\" data-id=\"d4752bb\" data-element_type=\"section\">\n\t\t\t\t\t\t<div class=\"elementor-container elementor-column-gap-default\">\n\t\t\t\t\t<div class=\"elementor-column elementor-col-100 elementor-top-column elementor-element elementor-element-a525f80\" data-id=\"a525f80\" data-element_type=\"column\">\n\t\t\t<div class=\"elementor-widget-wrap elementor-element-populated\">\n\t\t\t\t\t\t<div class=\"elementor-element elementor-element-a22d59a elementor-widget elementor-widget-text-editor\" data-id=\"a22d59a\" data-element_type=\"widget\" data-widget_type=\"text-editor.default\">\n\t\t\t\t<div class=\"elementor-widget-container\">\n\t\t\t\t\t\t\t<p style=\"font-weight: 400\"><b>Miss\u00e3o<\/b><\/p><p style=\"font-weight: 400\">Fomentar a pesquisa nas esp\u00e9cies bovina e eq\u00fcina com recursos do meio cient\u00edfico-tecnol\u00f3gico para atender os criadores. Proporcionar melhor aproveitamento do material gen\u00e9tico animal, identificar problemas reprodutivos e apoiar o diagn\u00f3stico de enfermidades neo-natais nas esp\u00e9cies bovina e eq\u00fcina, visando o acesso da sociedade \u00e0 biotecnologia.<\/p><p style=\"font-weight: 400\"><b>Valores<\/b><\/p><ul><li style=\"font-weight: 400\">Crescimento intelectual e interpessoal continuado, alicer\u00e7ado no respeito ao colega e a valoriza\u00e7\u00e3o do trabalho coletivo;<\/li><li style=\"font-weight: 400\">Comprometimento da equipe com a miss\u00e3o;<\/li><li style=\"font-weight: 400\">Uso de padr\u00f5es de excel\u00eancia em todas atividades atendendo as estrat\u00e9gias do Embryolab<\/li><\/ul><p style=\"font-weight: 400\"><b>Vis\u00e3o<\/b><\/p><p style=\"font-weight: 400\">Ser reconhecido como laborat\u00f3rio de refer\u00eancia na Regi\u00e3o Sul do Brasil como provedor de atividades biotecnol\u00f3gicas para a pecu\u00e1ria bovina e eq\u00fcina.<\/p><p style=\"font-weight: 400\"><b>Quali<\/b><b>dade e ob<\/b><b>jetivos<\/b><\/p><ul><li style=\"font-weight: 400\">Oferecer qualidade dos servi\u00e7os prestados atrav\u00e9s das boas pr\u00e1ticas laboratoriais;<\/li><li style=\"font-weight: 400\">Desenvolver o mercado da TE e OPU;<\/li><li style=\"font-weight: 400\">Oferecer servi\u00e7os de apoio aos programas de TE\/OPU;<\/li><li style=\"font-weight: 400\">Implementar a divulga\u00e7\u00e3o do TSZ em eq\u00fcinos e estender seu uso aos criat\u00f3rios bovinos;<\/li><li style=\"font-weight: 400\">Prospectar novos clientes e manter a satisfa\u00e7\u00e3o dos clientes atuais;<\/li><li style=\"font-weight: 400\">Desenvolver um relacionamento com os clientes, buscando oportunidades de novos neg\u00f3cios.=<\/li><\/ul>\t\t\t\t\t\t<\/div>\n\t\t\t\t<\/div>\n\t\t\t\t\t<\/div>\n\t\t<\/div>\n\t\t\t\t\t<\/div>\n\t\t<\/section>\n\t\t\t\t<section class=\"elementor-section elementor-top-section elementor-element elementor-element-2563de4 elementor-section-boxed elementor-section-height-default elementor-section-height-default\" data-id=\"2563de4\" data-element_type=\"section\">\n\t\t\t\t\t\t<div class=\"elementor-container elementor-column-gap-default\">\n\t\t\t\t\t<div class=\"elementor-column elementor-col-100 elementor-top-column elementor-element elementor-element-aebd225\" data-id=\"aebd225\" data-element_type=\"column\">\n\t\t\t<div class=\"elementor-widget-wrap elementor-element-populated\">\n\t\t\t\t\t\t<div class=\"elementor-element elementor-element-108ff33 elementor-widget elementor-widget-text-editor\" data-id=\"108ff33\" data-element_type=\"widget\" data-widget_type=\"text-editor.default\">\n\t\t\t\t<div class=\"elementor-widget-container\">\n\t\t\t\t\t\t\t<p style=\"text-align: left\" align=\"center\"><b>Endere\u00e7o<\/b><\/p><p align=\"left\"><span style=\"font-family: Arial\">Universidade Federal de Santa Maria<\/span><\/p><p align=\"left\"><span style=\"font-family: Arial\">Laborat\u00f3rio de Embriologia Animal &#8211; Embryolab<\/span><\/p><p align=\"left\"><span style=\"font-family: Arial\">Hospital Veterin\u00e1rio universit\u00e1rio, bloco 4, Ala sul, Sala 429<\/span><\/p><p align=\"left\"><span style=\"font-family: Arial\">Avenida Roraima, 1000, Cidade Universit\u00e1ria<\/span><\/p><p align=\"left\"><span style=\"font-family: Arial\">Camobi, CEP- 97105-900<\/span><\/p><p align=\"left\"><span style=\"font-family: Arial\">Santa Maria-RS, Brasil<\/span><\/p><p align=\"left\"><strong>Contato:<\/strong><\/p><p align=\"left\"><span style=\"font-family: Arial\">Telefone:<b>55\u00a0 55 3220 8501<\/b><\/span><\/p><p align=\"left\"><span style=\"font-family: Arial\">Cel:55 55 9978 1725\u00a0\u00a0\u00a0\u00a0<\/span><\/p><p align=\"left\"><span style=\"font-family: Arial\">e-mail:\u00a0<a href=\"mailto:embryolab@yahoo.com.br\">embryolab@yahoo.com.br<\/a><\/span><\/p>\t\t\t\t\t\t<\/div>\n\t\t\t\t<\/div>\n\t\t\t\t\t<\/div>\n\t\t<\/div>\n\t\t\t\t\t<\/div>\n\t\t<\/section>\n\t\t\t\t<\/div>\n\t\t","protected":false},"excerpt":{"rendered":"<p>Miss\u00e3o Fomentar a pesquisa nas esp\u00e9cies bovina e eq\u00fcina com recursos do meio cient\u00edfico-tecnol\u00f3gico para atender os criadores. Proporcionar melhor aproveitamento do material gen\u00e9tico animal, identificar problemas reprodutivos e apoiar o diagn\u00f3stico de enfermidades neo-natais nas esp\u00e9cies bovina e eq\u00fcina, visando o acesso da sociedade \u00e0 biotecnologia. Valores Crescimento intelectual e interpessoal continuado, alicer\u00e7ado no [&hellip;]<\/p>\n","protected":false},"author":8,"featured_media":0,"parent":0,"menu_order":0,"comment_status":"closed","ping_status":"closed","template":"","meta":{"footnotes":""},"categories":[],"tags":[],"class_list":["post-22","page","type-page","status-publish","hentry"],"acf":[],"_links":{"self":[{"href":"https:\/\/www.ufsm.br\/laboratorios\/embryolab\/wp-json\/wp\/v2\/pages\/22","targetHints":{"allow":["GET"]}}],"collection":[{"href":"https:\/\/www.ufsm.br\/laboratorios\/embryolab\/wp-json\/wp\/v2\/pages"}],"about":[{"href":"https:\/\/www.ufsm.br\/laboratorios\/embryolab\/wp-json\/wp\/v2\/types\/page"}],"author":[{"embeddable":true,"href":"https:\/\/www.ufsm.br\/laboratorios\/embryolab\/wp-json\/wp\/v2\/users\/8"}],"replies":[{"embeddable":true,"href":"https:\/\/www.ufsm.br\/laboratorios\/embryolab\/wp-json\/wp\/v2\/comments?post=22"}],"version-history":[{"count":0,"href":"https:\/\/www.ufsm.br\/laboratorios\/embryolab\/wp-json\/wp\/v2\/pages\/22\/revisions"}],"wp:attachment":[{"href":"https:\/\/www.ufsm.br\/laboratorios\/embryolab\/wp-json\/wp\/v2\/media?parent=22"}],"wp:term":[{"taxonomy":"category","embeddable":true,"href":"https:\/\/www.ufsm.br\/laboratorios\/embryolab\/wp-json\/wp\/v2\/categories?post=22"},{"taxonomy":"post_tag","embeddable":true,"href":"https:\/\/www.ufsm.br\/laboratorios\/embryolab\/wp-json\/wp\/v2\/tags?post=22"}],"curies":[{"name":"wp","href":"https:\/\/api.w.org\/{rel}","templated":true}]}}