{"id":26,"date":"2019-05-14T17:03:27","date_gmt":"2019-05-14T20:03:27","guid":{"rendered":"https:\/\/www.ufsm.br\/template-laboratprio\/?page_id=26"},"modified":"2023-05-02T12:42:03","modified_gmt":"2023-05-02T15:42:03","slug":"contato","status":"publish","type":"page","link":"https:\/\/www.ufsm.br\/laboratorios\/embryolab\/contato","title":{"rendered":"Contato"},"content":{"rendered":"\t\t<div data-elementor-type=\"wp-page\" data-elementor-id=\"26\" class=\"elementor elementor-26\">\n\t\t\t\t\t\t<section class=\"elementor-section elementor-top-section elementor-element elementor-element-92d83c3 elementor-section-boxed elementor-section-height-default elementor-section-height-default\" data-id=\"92d83c3\" data-element_type=\"section\">\n\t\t\t\t\t\t<div class=\"elementor-container elementor-column-gap-default\">\n\t\t\t\t\t<div class=\"elementor-column elementor-col-100 elementor-top-column elementor-element elementor-element-d72a81b\" data-id=\"d72a81b\" data-element_type=\"column\">\n\t\t\t<div class=\"elementor-widget-wrap elementor-element-populated\">\n\t\t\t\t\t\t<div class=\"elementor-element elementor-element-4ddade1 elementor-widget elementor-widget-text-editor\" data-id=\"4ddade1\" data-element_type=\"widget\" data-widget_type=\"text-editor.default\">\n\t\t\t\t<div class=\"elementor-widget-container\">\n\t\t\t\t\t\t\t<p align=\"left\"><span style=\"font-family: Arial\">Telefone e Whats app:\u00a0<b>55\u00a0 55 3220 8501<\/b><\/span><\/p><p align=\"left\"><span style=\"font-family: Arial\">\u00a0\u00a0<\/span><span style=\"font-family: Arial;font-weight: var( --e-global-typography-text-font-weight );text-align: var(--bs-body-text-align)\">e-mail:\u00a0<\/span><a style=\"font-family: Arial;font-weight: var( --e-global-typography-text-font-weight );text-align: var(--bs-body-text-align)\" href=\"mailto:embryolab@yahoo.com.br\">embryolab@yahoo.com.br<\/a><\/p><p align=\"left\"><a href=\"embryolabufsm@gmail.com\">embryolabufsm@gmail.com<\/a><\/p><p align=\"left\">\u00a0<\/p><p align=\"left\">Instagran: @embryolabufsm<\/p><p align=\"left\">\u00a0<\/p><p align=\"left\"><strong><span style=\"font-family: Arial\">Endere\u00e7o:<\/span><\/strong><\/p><p align=\"left\"><span style=\"font-family: Arial\">Universidade Federal de Santa Maria<\/span><\/p><p align=\"left\"><span style=\"font-family: Arial\">Laborat\u00f3rio de Embriologia Animal &#8211; Embryolab<\/span><\/p><p align=\"left\"><span style=\"font-family: Arial\">Hospital Veterin\u00e1rio universit\u00e1rio, bloco 4, Ala sul, Sala 429<\/span><\/p><p align=\"left\"><span style=\"font-family: Arial\">Avenida Roraima, 1000, Cidade Universit\u00e1ria<\/span><\/p><p align=\"left\"><span style=\"font-family: Arial\">Camobi, CEP- 97105-900<\/span><\/p><p align=\"left\"><span style=\"font-family: Arial\">Santa Maria-RS, Brasil<\/span><\/p>\t\t\t\t\t\t<\/div>\n\t\t\t\t<\/div>\n\t\t\t\t\t<\/div>\n\t\t<\/div>\n\t\t\t\t\t<\/div>\n\t\t<\/section>\n\t\t\t\t<\/div>\n\t\t","protected":false},"excerpt":{"rendered":"<p>Telefone e Whats app:\u00a055\u00a0 55 3220 8501 \u00a0\u00a0e-mail:\u00a0embryolab@yahoo.com.br embryolabufsm@gmail.com \u00a0 Instagran: @embryolabufsm \u00a0 Endere\u00e7o: Universidade Federal de Santa Maria Laborat\u00f3rio de Embriologia Animal &#8211; Embryolab Hospital Veterin\u00e1rio universit\u00e1rio, bloco 4, Ala sul, Sala 429 Avenida Roraima, 1000, Cidade Universit\u00e1ria Camobi, CEP- 97105-900 Santa Maria-RS, Brasil<\/p>\n","protected":false},"author":124,"featured_media":0,"parent":0,"menu_order":0,"comment_status":"closed","ping_status":"closed","template":"","meta":{"footnotes":""},"categories":[],"tags":[],"class_list":["post-26","page","type-page","status-publish","hentry"],"acf":[],"_links":{"self":[{"href":"https:\/\/www.ufsm.br\/laboratorios\/embryolab\/wp-json\/wp\/v2\/pages\/26","targetHints":{"allow":["GET"]}}],"collection":[{"href":"https:\/\/www.ufsm.br\/laboratorios\/embryolab\/wp-json\/wp\/v2\/pages"}],"about":[{"href":"https:\/\/www.ufsm.br\/laboratorios\/embryolab\/wp-json\/wp\/v2\/types\/page"}],"author":[{"embeddable":true,"href":"https:\/\/www.ufsm.br\/laboratorios\/embryolab\/wp-json\/wp\/v2\/users\/124"}],"replies":[{"embeddable":true,"href":"https:\/\/www.ufsm.br\/laboratorios\/embryolab\/wp-json\/wp\/v2\/comments?post=26"}],"version-history":[{"count":0,"href":"https:\/\/www.ufsm.br\/laboratorios\/embryolab\/wp-json\/wp\/v2\/pages\/26\/revisions"}],"wp:attachment":[{"href":"https:\/\/www.ufsm.br\/laboratorios\/embryolab\/wp-json\/wp\/v2\/media?parent=26"}],"wp:term":[{"taxonomy":"category","embeddable":true,"href":"https:\/\/www.ufsm.br\/laboratorios\/embryolab\/wp-json\/wp\/v2\/categories?post=26"},{"taxonomy":"post_tag","embeddable":true,"href":"https:\/\/www.ufsm.br\/laboratorios\/embryolab\/wp-json\/wp\/v2\/tags?post=26"}],"curies":[{"name":"wp","href":"https:\/\/api.w.org\/{rel}","templated":true}]}}