{"id":56,"date":"2020-03-11T16:31:40","date_gmt":"2020-03-11T19:31:40","guid":{"rendered":"https:\/\/www.ufsm.br\/laboratorios\/embryolab\/?page_id=56"},"modified":"2020-05-23T10:31:53","modified_gmt":"2020-05-23T13:31:53","slug":"material-complementar-de-estudo","status":"publish","type":"page","link":"https:\/\/www.ufsm.br\/laboratorios\/embryolab\/material-complementar-de-estudo","title":{"rendered":"Material Complementar de estudo"},"content":{"rendered":"\t\t<div data-elementor-type=\"wp-page\" data-elementor-id=\"56\" class=\"elementor elementor-56\">\n\t\t\t\t\t\t<section class=\"elementor-section elementor-top-section elementor-element elementor-element-60a8c52 elementor-section-boxed elementor-section-height-default elementor-section-height-default\" data-id=\"60a8c52\" data-element_type=\"section\">\n\t\t\t\t\t\t<div class=\"elementor-container elementor-column-gap-default\">\n\t\t\t\t\t<div class=\"elementor-column elementor-col-100 elementor-top-column elementor-element elementor-element-9de1ab4\" data-id=\"9de1ab4\" data-element_type=\"column\">\n\t\t\t<div class=\"elementor-widget-wrap elementor-element-populated\">\n\t\t\t\t\t\t<div class=\"elementor-element elementor-element-0ad2e9e elementor-widget elementor-widget-text-editor\" data-id=\"0ad2e9e\" data-element_type=\"widget\" data-widget_type=\"text-editor.default\">\n\t\t\t\t<div class=\"elementor-widget-container\">\n\t\t\t\t\t\t\t<ul>\n<li><b>CGA 1505 &#8211; EFICI\u00caNCIA REPRODUTIVA DE REBANHOS<\/b><\/li>\n<\/ul>\n<p><b>Respons\u00e1vel: Prof. Gilson Antonio Pessoa&nbsp;<\/b><\/p>\n<p>EMENTA:<a href=\"https:\/\/drive.google.com\/open?id=1JQ7G2FF3GQCUHG6hfATjaFRIjPvgnbA9\">https:\/\/drive.google.com\/open?id=1JQ7G2FF3GQCUHG6hfATjaFRIjPvgnbA9<\/a><\/p>\n<p>Aula 1 &#8211;&nbsp;<a href=\"https:\/\/drive.google.com\/open?id=1BGUt564KcHWh3zNDxHBST3rFxT_A5h1b\">https:\/\/drive.google.com\/open?id=1BGUt564KcHWh3zNDxHBST3rFxT_A5h1b<\/a><\/p>\n<p>Aula 2 &#8211;&nbsp;<a href=\"https:\/\/drive.google.com\/open?id=1TNjJhFO3-60urnKj2jsI9gweBw_DiuZN\">https:\/\/drive.google.com\/open?id=1TNjJhFO3-60urnKj2jsI9gweBw_DiuZN<\/a><\/p>\n<p><\/p>\n<p><b><span style=\"font-size: x-large\">&nbsp;<\/span><\/b><\/p>\n<p><b><span style=\"font-size: x-large\">&nbsp;<\/span><\/b><\/p>\n<p><span style=\"font-size: 14pt;line-height: 115%;font-family: 'Times New Roman', serif;color: #008080\"><b>CGA 1504 GINECOLOGIA VETERIN\u00c1RIA &#8211; A<\/b><\/span><b><span style=\"font-size: x-large\"><br><\/span><\/b><\/p>\n<p><b><span style=\"font-size: x-large\">&nbsp;Parte 2: Prof. Respons\u00e1vel &#8211; Gilson Antonio Pessoa<\/span><\/b><\/p>\n<ol>\n<li><span style=\"font-size: x-large\">Aula 9 e 10 &#8211;<\/span><a href=\"https:\/\/drive.google.com\/drive\/folders\/1ulukOIKBQk3QS7Mj5iQW6H3xQGTeNWnw?usp=sharing\" target=\"_blank\" rel=\"noopener\">Anestro e puberdade na f\u00eamea bovina e equina&nbsp;<\/a>\/&nbsp;Manipula\u00e7\u00e3o do ciclo estral na f\u00eamea bovina&nbsp;<\/li>\n<li><span style=\"color: black;font-size: x-large\">Aula 11-&nbsp;<\/span><span style=\"color: black;font-size: 1rem\">Exame ginecol\u00f3gico,Fisiologia do ciclo estral na \u00e9gua\/ Manipula\u00e7\u00e3o do ciclo estral na \u00e9gua&nbsp;<\/span><\/li>\n<li><span style=\"font-size: x-large\">Aula 12 &#8211;<\/span>Diagn\u00f3stico de gesta\u00e7\u00e3o na vaca e na \u00e9gua&nbsp;<\/li>\n<li><span style=\"font-size: x-large\">Aula 13-&nbsp;<\/span>Altera\u00e7\u00f5es da gesta\u00e7\u00e3o e Puerp\u00e9rio na vaca e na \u00e9gua\/Altera\u00e7\u00f5es reprodutivas com sede no \u00fatero da \u00e9gua e da vaca<\/li>\n<li><span style=\"font-size: x-large\">Aula 14 &#8211;<\/span>Altera\u00e7\u00f5es reprodutivas com sede nos ov\u00e1rios, tubas uterinas, c\u00e9rvix e vagina na \u00e9gua e na vaca&nbsp;<\/li>\n<li><span style=\"font-size: x-large\">Aula 15-&nbsp;<\/span>Reprodu\u00e7\u00e3o na cadela e na gata<\/li>\n<\/ol>\n<div>&nbsp;<\/div>\n<div>&nbsp;<\/div>\n<div><b>CGA 1008 &#8211; BIOT\u00c9CNICAS DA REPRODU\u00c7\u00c3O<\/b><br><a href=\"https:\/\/drive.google.com\/file\/d\/1gl3WNM6kUM7z-J5gW0LOfEv1YLYO1Ghr\/view?usp=sharing\" target=\"_blank\">Programa da disciplina<\/a><br><a href=\"https:\/\/drive.google.com\/drive\/folders\/17CMaoccZKJLFKcfgDzLZLZ2_LAbL_aU6?usp=sharing\" target=\"_blank\">Material<\/a><br><\/div>\n<p><b><span style=\"font-size: x-large\">&nbsp;<\/span><\/b><\/p>\n<p><b><span style=\"font-size: x-large\">&nbsp;<\/span><\/b><\/p>\n<p><b><span style=\"font-size: x-large\">&nbsp;<\/span><\/b><\/p>\n<p><b><span style=\"font-size: x-large\">&nbsp;<\/span><\/b><\/p>\n<p><b><span style=\"font-size: x-large\">&nbsp;<\/span><\/b><\/p>\n<p><b><span style=\"font-size: x-large\">Endometrites<\/span><\/b><\/p>\n<ul>\n<li>\n<p>Endom 1 A comparison of diagnostic techniques for postpartum.pdf<\/p>\n<\/li>\n<li>\n<p>Endom 2 Defining postpartum uterine disease in cattle.pdf<\/p>\n<\/li>\n<li>\n<p>Endom 3 Postpartum uterine health in cattle.pdf<\/p>\n<\/li>\n<li>\n<p>Endom 4 Bacterial Lipopolysaccharide Induces an Endocrine.PDF<\/p>\n<\/li>\n<li>\n<p>Endom 5 efeito da administracao de ocitocina no pos parto de vacas leiteiras vet rec 2009.pdf<\/p>\n<\/li>\n<li>\n<p>Endom 6 Risk factors for clinical endometritis in postpartum dairy cattle.PDF<\/p>\n<\/li>\n<li>\n<p>Endom 7 ceftiour and ECP in retentium secundarium.pdf<\/p>\n<\/li>\n<li>\n<p>Endom 8 Endometrial cytology and ultrasonography.PDF<\/p>\n<\/li>\n<li>\n<p>Endom 9 Spontaneous recovery or persistence of postpartum endometritis and.PDF<\/p>\n<\/li>\n<li>\n<p>Endom 10 Defining Postpartum Uterine Disease and the Mechanisms of Infection and Immunity.PDF<\/p>\n<\/li>\n<li>\n<p>Endom 11 persisitencia endometrite postpartum in dairy cows.PDF<\/p>\n<\/li>\n<li>\n<p>Endom 12 Uterine Involution and Fertility of Holstein Cows Subsequent.PDF<\/p>\n<\/li>\n<\/ul>\t\t\t\t\t\t<\/div>\n\t\t\t\t<\/div>\n\t\t\t\t\t<\/div>\n\t\t<\/div>\n\t\t\t\t\t<\/div>\n\t\t<\/section>\n\t\t\t\t<section class=\"elementor-section elementor-top-section elementor-element elementor-element-d511f88 elementor-section-boxed elementor-section-height-default elementor-section-height-default\" data-id=\"d511f88\" data-element_type=\"section\">\n\t\t\t\t\t\t<div class=\"elementor-container elementor-column-gap-default\">\n\t\t\t\t\t<div class=\"elementor-column elementor-col-100 elementor-top-column elementor-element elementor-element-a3fc26f\" data-id=\"a3fc26f\" data-element_type=\"column\">\n\t\t\t<div class=\"elementor-widget-wrap elementor-element-populated\">\n\t\t\t\t\t\t<div class=\"elementor-element elementor-element-32d2408 elementor-widget elementor-widget-text-editor\" data-id=\"32d2408\" data-element_type=\"widget\" data-widget_type=\"text-editor.default\">\n\t\t\t\t<div class=\"elementor-widget-container\">\n\t\t\t\t\t\t\t<p><b><span style=\"font-size: x-large\">Ginecologia e biot\u00e9cnicas<\/span><\/b><\/p><ul><li><p>Repro 1 Aspectos morfologicos, celulares e moleculares da imunidade da glandula mamaria de bufalas.pdf<\/p><\/li><li><p>Repro 2 Effect of synchronizing ovulation in cattle administered a norgestomet ear implant in.pdf<\/p><\/li><li><p>Repro 3 Manejo reprodutivo da femea leiteira.pdf<\/p><\/li><li><p>Repro 4 Semen sexado inseminacaoo artificial e transferencia de embrioes.pdf<\/p><\/li><li><p>Repro 5 Control of ovarian function for assisted reproductive technologies in cattle.pdf<\/p><\/li><li><p>Repro 6 Eosinophils and mast cells in the oviduct of heifers under natural.PDF<\/p><\/li><li><p>Repro 7 Manejo reprodutivo da vaca de corte.pdf<\/p><\/li><li><p>Repro 8 Sistemas alternativos de incubacao e meios de cultivo para PIV.pdf<\/p><\/li><li><p>Repro 9 Controle endocrino e local da foliculogenese em bovinos.pdf<\/p><\/li><li><p>Repro 10 Factors influencing in vitro embryo production.pdf<\/p><\/li><li><p>Repro 11 Maturacao citoplasmatica de oocitos bovinos.PDF<\/p><\/li><li><p>Repro 12 The periovulatory period in cattle progesterone, prostaglandins.pdf<\/p><\/li><li><p>Repro 13 Developmental problems during pregnancy after in vitro embryo manipulations.pdf<\/p><\/li><li><p>Repro 14 Luteolysis in the cow.PDF<\/p><\/li><li><p>Repro 15 Procedimentos para exportacao e importacao de material genetico pelo Brasil.pdf<\/p><\/li><li><p>Repro 16 The uterine tubal fluid secretion, composition and biological effects.pdf<\/p><\/li><\/ul>\t\t\t\t\t\t<\/div>\n\t\t\t\t<\/div>\n\t\t\t\t\t<\/div>\n\t\t<\/div>\n\t\t\t\t\t<\/div>\n\t\t<\/section>\n\t\t\t\t<\/div>\n\t\t","protected":false},"excerpt":{"rendered":"<p>CGA 1505 &#8211; EFICI\u00caNCIA REPRODUTIVA DE REBANHOS Respons\u00e1vel: Prof. Gilson Antonio Pessoa&nbsp; EMENTA:https:\/\/drive.google.com\/open?id=1JQ7G2FF3GQCUHG6hfATjaFRIjPvgnbA9 Aula 1 &#8211;&nbsp;https:\/\/drive.google.com\/open?id=1BGUt564KcHWh3zNDxHBST3rFxT_A5h1b Aula 2 &#8211;&nbsp;https:\/\/drive.google.com\/open?id=1TNjJhFO3-60urnKj2jsI9gweBw_DiuZN &nbsp; &nbsp; CGA 1504 GINECOLOGIA VETERIN\u00c1RIA &#8211; A &nbsp;Parte 2: Prof. Respons\u00e1vel &#8211; Gilson Antonio Pessoa Aula 9 e 10 &#8211;Anestro e puberdade na f\u00eamea bovina e equina&nbsp;\/&nbsp;Manipula\u00e7\u00e3o do ciclo estral na f\u00eamea bovina&nbsp; Aula 11-&nbsp;Exame [&hellip;]<\/p>\n","protected":false},"author":2492,"featured_media":0,"parent":0,"menu_order":0,"comment_status":"closed","ping_status":"closed","template":"","meta":{"footnotes":""},"categories":[],"tags":[],"class_list":["post-56","page","type-page","status-publish","hentry"],"acf":[],"_links":{"self":[{"href":"https:\/\/www.ufsm.br\/laboratorios\/embryolab\/wp-json\/wp\/v2\/pages\/56","targetHints":{"allow":["GET"]}}],"collection":[{"href":"https:\/\/www.ufsm.br\/laboratorios\/embryolab\/wp-json\/wp\/v2\/pages"}],"about":[{"href":"https:\/\/www.ufsm.br\/laboratorios\/embryolab\/wp-json\/wp\/v2\/types\/page"}],"author":[{"embeddable":true,"href":"https:\/\/www.ufsm.br\/laboratorios\/embryolab\/wp-json\/wp\/v2\/users\/2492"}],"replies":[{"embeddable":true,"href":"https:\/\/www.ufsm.br\/laboratorios\/embryolab\/wp-json\/wp\/v2\/comments?post=56"}],"version-history":[{"count":0,"href":"https:\/\/www.ufsm.br\/laboratorios\/embryolab\/wp-json\/wp\/v2\/pages\/56\/revisions"}],"wp:attachment":[{"href":"https:\/\/www.ufsm.br\/laboratorios\/embryolab\/wp-json\/wp\/v2\/media?parent=56"}],"wp:term":[{"taxonomy":"category","embeddable":true,"href":"https:\/\/www.ufsm.br\/laboratorios\/embryolab\/wp-json\/wp\/v2\/categories?post=56"},{"taxonomy":"post_tag","embeddable":true,"href":"https:\/\/www.ufsm.br\/laboratorios\/embryolab\/wp-json\/wp\/v2\/tags?post=56"}],"curies":[{"name":"wp","href":"https:\/\/api.w.org\/{rel}","templated":true}]}}