{"id":69,"date":"2020-03-11T17:32:49","date_gmt":"2020-03-11T20:32:49","guid":{"rendered":"https:\/\/www.ufsm.br\/laboratorios\/embryolab\/?page_id=69"},"modified":"2020-03-11T17:49:54","modified_gmt":"2020-03-11T20:49:54","slug":"parcerias","status":"publish","type":"page","link":"https:\/\/www.ufsm.br\/laboratorios\/embryolab\/parcerias","title":{"rendered":"Parcerias"},"content":{"rendered":"\t\t<div data-elementor-type=\"wp-page\" data-elementor-id=\"69\" class=\"elementor elementor-69\">\n\t\t\t\t\t\t<section class=\"elementor-section elementor-top-section elementor-element elementor-element-08419cc elementor-section-boxed elementor-section-height-default elementor-section-height-default\" data-id=\"08419cc\" data-element_type=\"section\">\n\t\t\t\t\t\t<div class=\"elementor-container elementor-column-gap-default\">\n\t\t\t\t\t<div class=\"elementor-column elementor-col-100 elementor-top-column elementor-element elementor-element-bcd5bf1\" data-id=\"bcd5bf1\" data-element_type=\"column\">\n\t\t\t<div class=\"elementor-widget-wrap elementor-element-populated\">\n\t\t\t\t\t\t<div class=\"elementor-element elementor-element-02bc5b6 elementor-widget elementor-widget-text-editor\" data-id=\"02bc5b6\" data-element_type=\"widget\" data-widget_type=\"text-editor.default\">\n\t\t\t\t<div class=\"elementor-widget-container\">\n\t\t\t\t\t\t\t<p><strong>Nossas pesquisas e cursos recebem o apoio das <\/strong><strong>seguintes empresas:<\/strong><\/p><ul><li>\u00a0B &amp; M Consultoria Veterin\u00e1ria &#8211; Cascavel PR<\/li><li style=\"font-weight: 400\">\u00a0Intermaq &#8211; Sistemas de Ordenha Ltda Porto Alegre RS<\/li><li style=\"font-weight: 400\">Frigor\u00edfico Silva,\u00a0Santa Maria RS<\/li><li style=\"font-weight: 400\"><a href=\"http:\/\/www.tortuga.com.br\/\">Tortuga<\/a><\/li><li style=\"font-weight: 400\">Pfizer<\/li><li style=\"font-weight: 400\">Beraca<\/li><li style=\"font-weight: 400\">Calier do Brasil Ltda<\/li><li style=\"font-weight: 400\">WTA<\/li><li style=\"font-weight: 400\"><a href=\"https:\/\/www.ourofinosaudeanimal.com\/\">Ouro Fino Sa\u00fade Animal<\/a><\/li><li style=\"font-weight: 400\"><a href=\"http:\/\/www.minitube.com\/\">MINITUB do Brasil Ltda<\/a><\/li><li style=\"font-weight: 400\">TECNOPEC<\/li><li style=\"font-weight: 400\"><a href=\"http:\/\/www.nutricell.com.br\/\">Nutricell<\/a><\/li><li style=\"font-weight: 400\">Nutrientes Celulares Ltda<\/li><li style=\"font-weight: 400\">Intervet<\/li><li style=\"font-weight: 400\">Cultilab<\/li><li style=\"font-weight: 400\">Sperandio Agropecu\u00e1ria Ltda<\/li><li style=\"font-weight: 400\"><a href=\"http:\/\/www.semeia.com.br\/\">Semeia\u00a0Gen\u00e9tica Animal<\/a>,\u00a0<a href=\"http:\/\/www.abspecplan.com.br\/\">Pecplan ABS<\/a><\/li><li style=\"font-weight: 400\"><a style=\"background-color: #ffffff\" href=\"http:\/\/www.lagoa.com.br\/\">CRV Lagoa<\/a><\/li><li style=\"font-weight: 400\"><strong><em><a href=\"http:\/\/www.lamic.ufsm.br\/\">LAMIC\u00a0<\/a><\/em><\/strong><\/li><li style=\"font-weight: 400\"><strong><em><a href=\"http:\/\/w3.ufsm.br\/zootecnia\/\">Depto de Zootecnia da UFSM<\/a><\/em><\/strong><\/li><\/ul><p style=\"text-align: left\" align=\"center\"><span lang=\"PT-BR\">A Empresa Tortuga apoia as atividades do Departamento de Clinica de Grandes Animais com ra\u00e7\u00e3o bovina h\u00e1 mais de 2 anos.<\/span><\/p><p style=\"text-align: left\" align=\"center\"><span lang=\"PT-BR\">A equipe do Embryolab agradece a iniciativa em prol dos acad\u00eamicos da UFSM.<\/span><\/p>\t\t\t\t\t\t<\/div>\n\t\t\t\t<\/div>\n\t\t\t\t\t<\/div>\n\t\t<\/div>\n\t\t\t\t\t<\/div>\n\t\t<\/section>\n\t\t\t\t<\/div>\n\t\t","protected":false},"excerpt":{"rendered":"<p>Nossas pesquisas e cursos recebem o apoio das seguintes empresas: \u00a0B &amp; M Consultoria Veterin\u00e1ria &#8211; Cascavel PR \u00a0Intermaq &#8211; Sistemas de Ordenha Ltda Porto Alegre RS Frigor\u00edfico Silva,\u00a0Santa Maria RS Tortuga Pfizer Beraca Calier do Brasil Ltda WTA Ouro Fino Sa\u00fade Animal MINITUB do Brasil Ltda TECNOPEC Nutricell Nutrientes Celulares Ltda Intervet Cultilab Sperandio [&hellip;]<\/p>\n","protected":false},"author":2492,"featured_media":0,"parent":0,"menu_order":0,"comment_status":"closed","ping_status":"closed","template":"","meta":{"footnotes":""},"categories":[],"tags":[],"class_list":["post-69","page","type-page","status-publish","hentry"],"acf":[],"_links":{"self":[{"href":"https:\/\/www.ufsm.br\/laboratorios\/embryolab\/wp-json\/wp\/v2\/pages\/69","targetHints":{"allow":["GET"]}}],"collection":[{"href":"https:\/\/www.ufsm.br\/laboratorios\/embryolab\/wp-json\/wp\/v2\/pages"}],"about":[{"href":"https:\/\/www.ufsm.br\/laboratorios\/embryolab\/wp-json\/wp\/v2\/types\/page"}],"author":[{"embeddable":true,"href":"https:\/\/www.ufsm.br\/laboratorios\/embryolab\/wp-json\/wp\/v2\/users\/2492"}],"replies":[{"embeddable":true,"href":"https:\/\/www.ufsm.br\/laboratorios\/embryolab\/wp-json\/wp\/v2\/comments?post=69"}],"version-history":[{"count":0,"href":"https:\/\/www.ufsm.br\/laboratorios\/embryolab\/wp-json\/wp\/v2\/pages\/69\/revisions"}],"wp:attachment":[{"href":"https:\/\/www.ufsm.br\/laboratorios\/embryolab\/wp-json\/wp\/v2\/media?parent=69"}],"wp:term":[{"taxonomy":"category","embeddable":true,"href":"https:\/\/www.ufsm.br\/laboratorios\/embryolab\/wp-json\/wp\/v2\/categories?post=69"},{"taxonomy":"post_tag","embeddable":true,"href":"https:\/\/www.ufsm.br\/laboratorios\/embryolab\/wp-json\/wp\/v2\/tags?post=69"}],"curies":[{"name":"wp","href":"https:\/\/api.w.org\/{rel}","templated":true}]}}