{"id":26,"date":"2019-05-14T17:03:27","date_gmt":"2019-05-14T20:03:27","guid":{"rendered":"https:\/\/www.ufsm.br\/template-laboratprio\/?page_id=26"},"modified":"2020-01-28T10:04:53","modified_gmt":"2020-01-28T13:04:53","slug":"contato","status":"publish","type":"page","link":"https:\/\/www.ufsm.br\/laboratorios\/estudio21\/contato","title":{"rendered":"Contato"},"content":{"rendered":"\n<p>Laborat\u00f3rio de Pesquisa e Produ\u00e7\u00e3o Eletr\u00f4nica \u2013 Est\u00fadio 21<\/p>\n<p>Av. Roraima, 1000 \u2013 Pr\u00e9dio 21, sala 5140<\/p>\n<p>Bairro Camobi, Santa Maria, RS<\/p>\n<p>CEP: 97105-900<\/p>\n<p>Telefone: +55 55 3220-8489<\/p>\n<p>E-mail:\u00a0<span id=\"cloak185e57d393f1d590ba6c08a02264548a\"><a href=\"mailto:facos.estudio.21@gmail.com\">facos.estudio.21@gmail.com<\/a><\/span><\/p>\n","protected":false},"excerpt":{"rendered":"<p>Laborat\u00f3rio de Pesquisa e Produ\u00e7\u00e3o Eletr\u00f4nica \u2013 Est\u00fadio 21 Av. Roraima, 1000 \u2013 Pr\u00e9dio 21, sala 5140 Bairro Camobi, Santa Maria, RS CEP: 97105-900 Telefone: +55 55 3220-8489 E-mail:\u00a0facos.estudio.21@gmail.com<\/p>\n","protected":false},"author":124,"featured_media":0,"parent":0,"menu_order":0,"comment_status":"closed","ping_status":"closed","template":"","meta":{"footnotes":""},"categories":[],"tags":[],"class_list":["post-26","page","type-page","status-publish","hentry"],"acf":[],"_links":{"self":[{"href":"https:\/\/www.ufsm.br\/laboratorios\/estudio21\/wp-json\/wp\/v2\/pages\/26","targetHints":{"allow":["GET"]}}],"collection":[{"href":"https:\/\/www.ufsm.br\/laboratorios\/estudio21\/wp-json\/wp\/v2\/pages"}],"about":[{"href":"https:\/\/www.ufsm.br\/laboratorios\/estudio21\/wp-json\/wp\/v2\/types\/page"}],"author":[{"embeddable":true,"href":"https:\/\/www.ufsm.br\/laboratorios\/estudio21\/wp-json\/wp\/v2\/users\/124"}],"replies":[{"embeddable":true,"href":"https:\/\/www.ufsm.br\/laboratorios\/estudio21\/wp-json\/wp\/v2\/comments?post=26"}],"version-history":[{"count":0,"href":"https:\/\/www.ufsm.br\/laboratorios\/estudio21\/wp-json\/wp\/v2\/pages\/26\/revisions"}],"wp:attachment":[{"href":"https:\/\/www.ufsm.br\/laboratorios\/estudio21\/wp-json\/wp\/v2\/media?parent=26"}],"wp:term":[{"taxonomy":"category","embeddable":true,"href":"https:\/\/www.ufsm.br\/laboratorios\/estudio21\/wp-json\/wp\/v2\/categories?post=26"},{"taxonomy":"post_tag","embeddable":true,"href":"https:\/\/www.ufsm.br\/laboratorios\/estudio21\/wp-json\/wp\/v2\/tags?post=26"}],"curies":[{"name":"wp","href":"https:\/\/api.w.org\/{rel}","templated":true}]}}